{"id":56029,"date":"2021-09-20T20:24:47","date_gmt":"2021-09-20T20:24:47","guid":{"rendered":"https:\/\/aaknives.eu\/product\/lettisk-fallkniv-lachplesis-3-smidd-i-rostfritt-stal\/"},"modified":"2024-08-28T15:11:24","modified_gmt":"2024-08-28T15:11:24","slug":"lettisk-fallkniv-lachplesis-3-smidd-i-rostfritt-stal","status":"publish","type":"product","link":"https:\/\/aaknives.eu\/sv\/product\/lettisk-fallkniv-lachplesis-3-smidd-i-rostfritt-stal\/","title":{"rendered":"Lettisk f\u00e4llkniv &#8221;LACHPLESIS-3&#8221;, smidd i rostfritt st\u00e5l"},"content":{"rendered":"<p>JUMIS &#8211; BRUNNSSKYLT &#8211; USINSH &#8211; MARAS KORS &#8211; \u00c5SKANS KORS &#8211; AUSTRA TR\u00c4D &#8211; AUSEKLIS &#8211; HUGGORM<\/p>\n<p>Specifikationer f\u00f6r kniven: &#8221;LACHPLESIS-3&#8221; (Bj\u00f6rnd\u00f6daren)<br \/>\nSt\u00e5l: smidd rostfritt st\u00e5l 12C27<br \/>\nH\u00e5rdhet: 57-58 HRC<br \/>\nBladets l\u00e4ngd (mm): 127 \/ 5 tum<br \/>\nBladets tjocklek (mm): 3 \/0,12 tum<br \/>\nBladbredd (mm): 32 \/1,26 tum<br \/>\nHandtag: Afrikansk Bubinga-tr\u00e4<br \/>\nTotal l\u00e4ngd (mm): 250 \/ 9,84<\/p>\n<p>&nbsp;<\/p>\n<div class=\"_1i6a\">\n<div class=\"_4po3 _4poa\">\n<div class=\"_4po5\">\n<div class=\"_4po8\">\n<div class=\"_4po9\">\n<div>\n<div>\n<div class=\"_4tdt _ua1\">\n<div class=\"_ua2\">\n<div class=\"_4tdv\">\n<div class=\"_5wd4 _1nc7\">\n<div class=\"._1dlq _h8t\">\n<div class=\"_5wd9 direction_ltr clearfix\">\n<div class=\"_1e-x _n4o\">\n<div class=\"_3_bl\">\n<div class=\"_5w1r _3_om _5wdf\">\n<div class=\"_4gx_\">\n<div class=\"_1aa6\">\n<div class=\"\"><span class=\"_5yl5\">\u00c4ven om Lettlands 101-\u00e5rsdag har passerat \u00e4r det fortfarande v\u00e4rt att dr\u00f6ja vid de k\u00e4nslor som var och en av oss kommer att minnas, eftersom den f\u00f6rsta hundra\u00e5rsdagen \u00e4r speciell och ocks\u00e5 en m\u00f6jlighet att leva i sin tid, men v\u00e5r nations r\u00f6tter g\u00e5r l\u00e5ngt bortom det f\u00f6rflutna. Tiderna f\u00f6r\u00e4ndras, m\u00e4nniskor f\u00f6r\u00e4ndras, men det finns saker som har blivit n\u00e4stan sj\u00e4lvklara med tiden eftersom de \u00e4r en del av v\u00e5r identitet. Lettiska tecken. V\u00e4vda i b\u00e4lten, stickade i handskar, ingraverade i stenar och vapen, s\u00e5 att deras n\u00e4rvaro skyddar mot olycka, ger lycka, framg\u00e5ng, h\u00e4lsa och v\u00e4lst\u00e5nd. Varje j\u00e4gare f\u00f6rbereder sig f\u00f6r jakt och tar med sig sina b\u00e4sta jaktverktyg, men vilda djur skapar ibland situationer d\u00e4r \u00e4ven utm\u00e4rkt kunskap och \u00e5r av erfarenhet uppv\u00e4gs av vanlig tur, som intr\u00e4ffar f\u00f6r n\u00e5gon oftare och f\u00f6r andra mer s\u00e4llan, s\u00e5 det kan vara v\u00e4rt att t\u00e4nka p\u00e5 v\u00e4rden som ans\u00e5gs vara tur av v\u00e5ra f\u00f6rf\u00e4der. AAKnives erbjuder en mycket speciell knivserie -&#8221; Lettland 100&#8221;. Genom att kombinera handgjorda knivar av h\u00f6g kvalitet och dekorativa lettiska makttecken p\u00e5 handtaget f\u00e5r \u00e4garen inte bara en visuellt vacker kniv, som blir ett bra tillskott till samlingen, utan ocks\u00e5 ett utm\u00e4rkt arbetsredskap . Vackert balanserade former, tr\u00e4pinnar i naturliga toner och olika lettiska krafttecken f\u00f6r alla smaker.  <\/span><\/div>\n<div class=\"\"><span class=\"_5yl5\">Det finns m\u00e5nga olika lettiska tecken p\u00e5 knivhandtagen, till exempel -.<\/span><\/div>\n<div class=\"\"><span class=\"_5yl5\">  JUMIS, som symboliserar liv, rikedom, dubbel tur, fertilitet och v\u00e4lst\u00e5nd.  <\/span><\/div>\n<div class=\"\"><span class=\"_5yl5\">AKA &#8211; brunnens tecken. Symbol f\u00f6r solen och jorden, som skyddar sin \u00e4gare fr\u00e5n misslyckande, skyddar familj och hem, symboliserar en viss ordning och en ny b\u00f6rjan.  <\/span><\/div>\n<div class=\"\"><span class=\"_5yl5\">ZALKTIS &#8211; (orm) \u00e4r en symbol f\u00f6r visdom, kunskap och hemskydd. Energi f\u00f6r liv och f\u00f6rnyelse.  <\/span><\/div>\n<div class=\"\"><span class=\"_5yl5\">AUSEKLIS &#8211; M\u00e4nnens beskyddare. Ljusets seger \u00f6ver m\u00f6rkret. Skyddar mot ondska.  <\/span><\/div>\n<div class=\"\"><span class=\"_5yl5\">MARA Cross, som p\u00e5 grund av sin positiva energi ofta avbildas p\u00e5 br\u00f6d, ger lycka och god h\u00e4lsa, skyddar mot olycka. Mara \u00e4r moderskapets h\u00f6gsta gudomlighet. Uppl\u00f6sning och fullst\u00e4ndighet.  <\/span><\/div>\n<div class=\"\"><span class=\"_5yl5\">Kniven \u00e4r ocks\u00e5 en bra och omt\u00e4nksam present till en v\u00e4n eller \u00e4lskad, men kom ih\u00e5g att mottagaren av g\u00e5van m\u00e5ste ge ett mynt i utbyte &#8211; det \u00e4r ett gammalt lettiskt tales\u00e4tt! <\/span><\/div>\n<\/div>\n<\/div>\n<\/div>\n<\/div>\n<p>&nbsp;<\/p>\n<\/div>\n<\/div>\n<\/div>\n<div class=\"_40qi\"><\/div>\n<\/div>\n<\/div>\n<\/div>\n<\/div>\n<\/div>\n<\/div>\n<div class=\"_4gd0\">\n<div><\/div>\n<\/div>\n<div class=\"_4gd0\">\n<div class=\"_510g\"><\/div>\n<\/div>\n<\/div>\n<\/div>\n<\/div>\n<\/div>\n<\/div>\n<div class=\"fbNubFlyoutFooter\" data-testid=\"composer_root\">\n<div class=\"_1d4_\" role=\"presentation\">\n<div class=\"_552h\">\n<div class=\"\">\n<div tabindex=\"-1\">\n<div class=\"_5rp7 _5rp8\">\n<div class=\"_5rpb\">\n<div class=\"notranslate _5rpu\" role=\"combobox\" contenteditable=\"true\" spellcheck=\"true\" aria-autocomplete=\"list\" aria-controls=\"js_46\" aria-describedby=\"placeholder-fb8dt\" aria-expanded=\"false\">\n<div data-contents=\"true\">\n<div data-block=\"true\" data-editor=\"fb8dt\" data-offset-key=\"9l77l-0-0\"><\/div>\n<\/div>\n<\/div>\n<\/div>\n<\/div>\n<\/div>\n<\/div>\n<\/div>\n<\/div>\n<\/div>\n","protected":false},"excerpt":{"rendered":"<p>JUMIS &#8211; BRUNNSSKYLT &#8211; USINSH &#8211; MARAS KORS &#8211; \u00c5SKANS KORS &#8211; AUSTRA TR\u00c4D &#8211; AUSEKLIS &#8211; HUGGORM Specifikationer f\u00f6r kniven: &#8221;LACHPLESIS-3&#8221; (Bj\u00f6rnd\u00f6daren) St\u00e5l: smidd rostfritt st\u00e5l 12C27 H\u00e5rdhet: 57-58 HRC Bladets l\u00e4ngd (mm): 127 \/ 5 tum Bladets tjocklek (mm): 3 \/0,12 tum Bladbredd (mm): 32 \/1,26 tum Handtag: Afrikansk Bubinga-tr\u00e4 Total l\u00e4ngd (mm): 250 \/ 9,84 &nbsp; \u00c4ven om Lettlands 101-\u00e5rsdag har passerat \u00e4r det fortfarande v\u00e4rt att dr\u00f6ja vid de k\u00e4nslor som var och en av oss kommer att minnas, eftersom den f\u00f6rsta hundra\u00e5rsdagen \u00e4r speciell och ocks\u00e5 en m\u00f6jlighet att leva i sin tid, men v\u00e5r&hellip;<\/p>\n","protected":false},"featured_media":67962,"template":"","meta":{"_themeisle_gutenberg_block_has_review":false},"product_brand":[],"product_cat":[422,414,413,435],"product_tag":[],"class_list":{"0":"post-56029","1":"product","2":"type-product","3":"status-publish","4":"has-post-thumbnail","6":"product_cat-fiskeknivar","7":"product_cat-jaktknivar","8":"product_cat-knivar-for-utomhusbruk","9":"product_cat-lettiska-kraftknivar","11":"first","12":"instock","13":"shipping-taxable","14":"purchasable","15":"product-type-simple"},"yoast_head":"<!-- This site is optimized with the Yoast SEO plugin v27.3 - https:\/\/yoast.com\/product\/yoast-seo-wordpress\/ -->\n<title>Lettisk f\u00e4llkniv &#039;&#039;LACHPLESIS-3&#039;&#039;, smidd i rostfritt st\u00e5l - AAKnives<\/title>\n<meta name=\"robots\" content=\"index, follow, max-snippet:-1, max-image-preview:large, max-video-preview:-1\" \/>\n<link rel=\"canonical\" href=\"https:\/\/aaknives.eu\/sv\/product\/lettisk-fallkniv-lachplesis-3-smidd-i-rostfritt-stal\/\" \/>\n<meta property=\"og:locale\" content=\"sv_SE\" \/>\n<meta property=\"og:type\" content=\"article\" \/>\n<meta property=\"og:title\" content=\"Lettisk f\u00e4llkniv &#039;&#039;LACHPLESIS-3&#039;&#039;, smidd i rostfritt st\u00e5l - AAKnives\" \/>\n<meta property=\"og:description\" content=\"JUMIS &#8211; BRUNNSSKYLT &#8211; USINSH &#8211; MARAS KORS &#8211; \u00c5SKANS KORS &#8211; AUSTRA TR\u00c4D &#8211; AUSEKLIS &#8211; HUGGORM Specifikationer f\u00f6r kniven: &#8221;LACHPLESIS-3&#8221; (Bj\u00f6rnd\u00f6daren) St\u00e5l: smidd rostfritt st\u00e5l 12C27 H\u00e5rdhet: 57-58 HRC Bladets l\u00e4ngd (mm): 127 \/ 5 tum Bladets tjocklek (mm): 3 \/0,12 tum Bladbredd (mm): 32 \/1,26 tum Handtag: Afrikansk Bubinga-tr\u00e4 Total l\u00e4ngd (mm): 250 \/ 9,84 &nbsp; \u00c4ven om Lettlands 101-\u00e5rsdag har passerat \u00e4r det fortfarande v\u00e4rt att dr\u00f6ja vid de k\u00e4nslor som var och en av oss kommer att minnas, eftersom den f\u00f6rsta hundra\u00e5rsdagen \u00e4r speciell och ocks\u00e5 en m\u00f6jlighet att leva i sin tid, men v\u00e5r&hellip;\" \/>\n<meta property=\"og:url\" content=\"https:\/\/aaknives.eu\/sv\/product\/lettisk-fallkniv-lachplesis-3-smidd-i-rostfritt-stal\/\" \/>\n<meta property=\"og:site_name\" content=\"AAKnives\" \/>\n<meta property=\"article:publisher\" content=\"https:\/\/www.facebook.com\/aaknives.eu\/\" \/>\n<meta property=\"article:modified_time\" content=\"2024-08-28T15:11:24+00:00\" \/>\n<meta property=\"og:image\" content=\"https:\/\/aaknives.eu\/wp-content\/uploads\/2021\/09\/aaknives-hand-forged-dabascus-steel-blade-knife-handmade-custom-made-knife-handcrafted-knives-autinetools-northmen-26.2-3.jpg\" \/>\n\t<meta property=\"og:image:width\" content=\"1020\" \/>\n\t<meta property=\"og:image:height\" content=\"880\" \/>\n\t<meta property=\"og:image:type\" content=\"image\/jpeg\" \/>\n<meta name=\"twitter:card\" content=\"summary_large_image\" \/>\n<meta name=\"twitter:label1\" content=\"Ber\u00e4knad l\u00e4stid\" \/>\n\t<meta name=\"twitter:data1\" content=\"2 minuter\" \/>\n<script type=\"application\/ld+json\" class=\"yoast-schema-graph\">{\"@context\":\"https:\\\/\\\/schema.org\",\"@graph\":[{\"@type\":\"WebPage\",\"@id\":\"https:\\\/\\\/aaknives.eu\\\/sv\\\/product\\\/lettisk-fallkniv-lachplesis-3-smidd-i-rostfritt-stal\\\/\",\"url\":\"https:\\\/\\\/aaknives.eu\\\/sv\\\/product\\\/lettisk-fallkniv-lachplesis-3-smidd-i-rostfritt-stal\\\/\",\"name\":\"Lettisk f\u00e4llkniv ''LACHPLESIS-3'', smidd i rostfritt st\u00e5l - AAKnives\",\"isPartOf\":{\"@id\":\"https:\\\/\\\/aaknives.eu\\\/sv\\\/#website\"},\"primaryImageOfPage\":{\"@id\":\"https:\\\/\\\/aaknives.eu\\\/sv\\\/product\\\/lettisk-fallkniv-lachplesis-3-smidd-i-rostfritt-stal\\\/#primaryimage\"},\"image\":{\"@id\":\"https:\\\/\\\/aaknives.eu\\\/sv\\\/product\\\/lettisk-fallkniv-lachplesis-3-smidd-i-rostfritt-stal\\\/#primaryimage\"},\"thumbnailUrl\":\"https:\\\/\\\/aaknives.eu\\\/wp-content\\\/uploads\\\/2021\\\/09\\\/aaknives-hand-forged-dabascus-steel-blade-knife-handmade-custom-made-knife-handcrafted-knives-autinetools-northmen-26.2-3.jpg\",\"datePublished\":\"2021-09-20T20:24:47+00:00\",\"dateModified\":\"2024-08-28T15:11:24+00:00\",\"breadcrumb\":{\"@id\":\"https:\\\/\\\/aaknives.eu\\\/sv\\\/product\\\/lettisk-fallkniv-lachplesis-3-smidd-i-rostfritt-stal\\\/#breadcrumb\"},\"inLanguage\":\"sv-SE\",\"potentialAction\":[{\"@type\":\"ReadAction\",\"target\":[\"https:\\\/\\\/aaknives.eu\\\/sv\\\/product\\\/lettisk-fallkniv-lachplesis-3-smidd-i-rostfritt-stal\\\/\"]}]},{\"@type\":\"ImageObject\",\"inLanguage\":\"sv-SE\",\"@id\":\"https:\\\/\\\/aaknives.eu\\\/sv\\\/product\\\/lettisk-fallkniv-lachplesis-3-smidd-i-rostfritt-stal\\\/#primaryimage\",\"url\":\"https:\\\/\\\/aaknives.eu\\\/wp-content\\\/uploads\\\/2021\\\/09\\\/aaknives-hand-forged-dabascus-steel-blade-knife-handmade-custom-made-knife-handcrafted-knives-autinetools-northmen-26.2-3.jpg\",\"contentUrl\":\"https:\\\/\\\/aaknives.eu\\\/wp-content\\\/uploads\\\/2021\\\/09\\\/aaknives-hand-forged-dabascus-steel-blade-knife-handmade-custom-made-knife-handcrafted-knives-autinetools-northmen-26.2-3.jpg\",\"width\":1020,\"height\":880},{\"@type\":\"BreadcrumbList\",\"@id\":\"https:\\\/\\\/aaknives.eu\\\/sv\\\/product\\\/lettisk-fallkniv-lachplesis-3-smidd-i-rostfritt-stal\\\/#breadcrumb\",\"itemListElement\":[{\"@type\":\"ListItem\",\"position\":1,\"name\":\"Home\",\"item\":\"https:\\\/\\\/aaknives.eu\\\/sv\\\/\"},{\"@type\":\"ListItem\",\"position\":2,\"name\":\"Butik\",\"item\":\"https:\\\/\\\/aaknives.eu\\\/butik\\\/\"},{\"@type\":\"ListItem\",\"position\":3,\"name\":\"Lettisk f\u00e4llkniv &#8221;LACHPLESIS-3&#8221;, smidd i rostfritt st\u00e5l\"}]},{\"@type\":\"WebSite\",\"@id\":\"https:\\\/\\\/aaknives.eu\\\/sv\\\/#website\",\"url\":\"https:\\\/\\\/aaknives.eu\\\/sv\\\/\",\"name\":\"AAKnives\",\"description\":\"Handmade knives\",\"publisher\":{\"@id\":\"https:\\\/\\\/aaknives.eu\\\/sv\\\/#organization\"},\"potentialAction\":[{\"@type\":\"SearchAction\",\"target\":{\"@type\":\"EntryPoint\",\"urlTemplate\":\"https:\\\/\\\/aaknives.eu\\\/sv\\\/?s={search_term_string}\"},\"query-input\":{\"@type\":\"PropertyValueSpecification\",\"valueRequired\":true,\"valueName\":\"search_term_string\"}}],\"inLanguage\":\"sv-SE\"},{\"@type\":\"Organization\",\"@id\":\"https:\\\/\\\/aaknives.eu\\\/sv\\\/#organization\",\"name\":\"AAKnives\",\"url\":\"https:\\\/\\\/aaknives.eu\\\/sv\\\/\",\"logo\":{\"@type\":\"ImageObject\",\"inLanguage\":\"sv-SE\",\"@id\":\"https:\\\/\\\/aaknives.eu\\\/sv\\\/#\\\/schema\\\/logo\\\/image\\\/\",\"url\":\"https:\\\/\\\/aaknives.eu\\\/wp-content\\\/uploads\\\/2021\\\/10\\\/AAknives_Logo_Green.png\",\"contentUrl\":\"https:\\\/\\\/aaknives.eu\\\/wp-content\\\/uploads\\\/2021\\\/10\\\/AAknives_Logo_Green.png\",\"width\":1768,\"height\":1768,\"caption\":\"AAKnives\"},\"image\":{\"@id\":\"https:\\\/\\\/aaknives.eu\\\/sv\\\/#\\\/schema\\\/logo\\\/image\\\/\"},\"sameAs\":[\"https:\\\/\\\/www.facebook.com\\\/aaknives.eu\\\/\",\"https:\\\/\\\/www.instagram.com\\\/aaknives\\\/\",\"https:\\\/\\\/www.pinterest.com\\\/aa_knives\\\/\",\"https:\\\/\\\/www.youtube.com\\\/channel\\\/UCHOQFjrOkgT6s4FIw9LDKyw\\\/featured\"]}]}<\/script>\n<!-- \/ Yoast SEO plugin. -->","yoast_head_json":{"title":"Lettisk f\u00e4llkniv ''LACHPLESIS-3'', smidd i rostfritt st\u00e5l - AAKnives","robots":{"index":"index","follow":"follow","max-snippet":"max-snippet:-1","max-image-preview":"max-image-preview:large","max-video-preview":"max-video-preview:-1"},"canonical":"https:\/\/aaknives.eu\/sv\/product\/lettisk-fallkniv-lachplesis-3-smidd-i-rostfritt-stal\/","og_locale":"sv_SE","og_type":"article","og_title":"Lettisk f\u00e4llkniv ''LACHPLESIS-3'', smidd i rostfritt st\u00e5l - AAKnives","og_description":"JUMIS &#8211; BRUNNSSKYLT &#8211; USINSH &#8211; MARAS KORS &#8211; \u00c5SKANS KORS &#8211; AUSTRA TR\u00c4D &#8211; AUSEKLIS &#8211; HUGGORM Specifikationer f\u00f6r kniven: &#8221;LACHPLESIS-3&#8221; (Bj\u00f6rnd\u00f6daren) St\u00e5l: smidd rostfritt st\u00e5l 12C27 H\u00e5rdhet: 57-58 HRC Bladets l\u00e4ngd (mm): 127 \/ 5 tum Bladets tjocklek (mm): 3 \/0,12 tum Bladbredd (mm): 32 \/1,26 tum Handtag: Afrikansk Bubinga-tr\u00e4 Total l\u00e4ngd (mm): 250 \/ 9,84 &nbsp; \u00c4ven om Lettlands 101-\u00e5rsdag har passerat \u00e4r det fortfarande v\u00e4rt att dr\u00f6ja vid de k\u00e4nslor som var och en av oss kommer att minnas, eftersom den f\u00f6rsta hundra\u00e5rsdagen \u00e4r speciell och ocks\u00e5 en m\u00f6jlighet att leva i sin tid, men v\u00e5r&hellip;","og_url":"https:\/\/aaknives.eu\/sv\/product\/lettisk-fallkniv-lachplesis-3-smidd-i-rostfritt-stal\/","og_site_name":"AAKnives","article_publisher":"https:\/\/www.facebook.com\/aaknives.eu\/","article_modified_time":"2024-08-28T15:11:24+00:00","og_image":[{"width":1020,"height":880,"url":"https:\/\/aaknives.eu\/wp-content\/uploads\/2021\/09\/aaknives-hand-forged-dabascus-steel-blade-knife-handmade-custom-made-knife-handcrafted-knives-autinetools-northmen-26.2-3.jpg","type":"image\/jpeg"}],"twitter_card":"summary_large_image","twitter_misc":{"Ber\u00e4knad l\u00e4stid":"2 minuter"},"schema":{"@context":"https:\/\/schema.org","@graph":[{"@type":"WebPage","@id":"https:\/\/aaknives.eu\/sv\/product\/lettisk-fallkniv-lachplesis-3-smidd-i-rostfritt-stal\/","url":"https:\/\/aaknives.eu\/sv\/product\/lettisk-fallkniv-lachplesis-3-smidd-i-rostfritt-stal\/","name":"Lettisk f\u00e4llkniv ''LACHPLESIS-3'', smidd i rostfritt st\u00e5l - AAKnives","isPartOf":{"@id":"https:\/\/aaknives.eu\/sv\/#website"},"primaryImageOfPage":{"@id":"https:\/\/aaknives.eu\/sv\/product\/lettisk-fallkniv-lachplesis-3-smidd-i-rostfritt-stal\/#primaryimage"},"image":{"@id":"https:\/\/aaknives.eu\/sv\/product\/lettisk-fallkniv-lachplesis-3-smidd-i-rostfritt-stal\/#primaryimage"},"thumbnailUrl":"https:\/\/aaknives.eu\/wp-content\/uploads\/2021\/09\/aaknives-hand-forged-dabascus-steel-blade-knife-handmade-custom-made-knife-handcrafted-knives-autinetools-northmen-26.2-3.jpg","datePublished":"2021-09-20T20:24:47+00:00","dateModified":"2024-08-28T15:11:24+00:00","breadcrumb":{"@id":"https:\/\/aaknives.eu\/sv\/product\/lettisk-fallkniv-lachplesis-3-smidd-i-rostfritt-stal\/#breadcrumb"},"inLanguage":"sv-SE","potentialAction":[{"@type":"ReadAction","target":["https:\/\/aaknives.eu\/sv\/product\/lettisk-fallkniv-lachplesis-3-smidd-i-rostfritt-stal\/"]}]},{"@type":"ImageObject","inLanguage":"sv-SE","@id":"https:\/\/aaknives.eu\/sv\/product\/lettisk-fallkniv-lachplesis-3-smidd-i-rostfritt-stal\/#primaryimage","url":"https:\/\/aaknives.eu\/wp-content\/uploads\/2021\/09\/aaknives-hand-forged-dabascus-steel-blade-knife-handmade-custom-made-knife-handcrafted-knives-autinetools-northmen-26.2-3.jpg","contentUrl":"https:\/\/aaknives.eu\/wp-content\/uploads\/2021\/09\/aaknives-hand-forged-dabascus-steel-blade-knife-handmade-custom-made-knife-handcrafted-knives-autinetools-northmen-26.2-3.jpg","width":1020,"height":880},{"@type":"BreadcrumbList","@id":"https:\/\/aaknives.eu\/sv\/product\/lettisk-fallkniv-lachplesis-3-smidd-i-rostfritt-stal\/#breadcrumb","itemListElement":[{"@type":"ListItem","position":1,"name":"Home","item":"https:\/\/aaknives.eu\/sv\/"},{"@type":"ListItem","position":2,"name":"Butik","item":"https:\/\/aaknives.eu\/butik\/"},{"@type":"ListItem","position":3,"name":"Lettisk f\u00e4llkniv &#8221;LACHPLESIS-3&#8221;, smidd i rostfritt st\u00e5l"}]},{"@type":"WebSite","@id":"https:\/\/aaknives.eu\/sv\/#website","url":"https:\/\/aaknives.eu\/sv\/","name":"AAKnives","description":"Handmade knives","publisher":{"@id":"https:\/\/aaknives.eu\/sv\/#organization"},"potentialAction":[{"@type":"SearchAction","target":{"@type":"EntryPoint","urlTemplate":"https:\/\/aaknives.eu\/sv\/?s={search_term_string}"},"query-input":{"@type":"PropertyValueSpecification","valueRequired":true,"valueName":"search_term_string"}}],"inLanguage":"sv-SE"},{"@type":"Organization","@id":"https:\/\/aaknives.eu\/sv\/#organization","name":"AAKnives","url":"https:\/\/aaknives.eu\/sv\/","logo":{"@type":"ImageObject","inLanguage":"sv-SE","@id":"https:\/\/aaknives.eu\/sv\/#\/schema\/logo\/image\/","url":"https:\/\/aaknives.eu\/wp-content\/uploads\/2021\/10\/AAknives_Logo_Green.png","contentUrl":"https:\/\/aaknives.eu\/wp-content\/uploads\/2021\/10\/AAknives_Logo_Green.png","width":1768,"height":1768,"caption":"AAKnives"},"image":{"@id":"https:\/\/aaknives.eu\/sv\/#\/schema\/logo\/image\/"},"sameAs":["https:\/\/www.facebook.com\/aaknives.eu\/","https:\/\/www.instagram.com\/aaknives\/","https:\/\/www.pinterest.com\/aa_knives\/","https:\/\/www.youtube.com\/channel\/UCHOQFjrOkgT6s4FIw9LDKyw\/featured"]}]}},"_links":{"self":[{"href":"https:\/\/aaknives.eu\/sv\/wp-json\/wp\/v2\/product\/56029","targetHints":{"allow":["GET"]}}],"collection":[{"href":"https:\/\/aaknives.eu\/sv\/wp-json\/wp\/v2\/product"}],"about":[{"href":"https:\/\/aaknives.eu\/sv\/wp-json\/wp\/v2\/types\/product"}],"wp:featuredmedia":[{"embeddable":true,"href":"https:\/\/aaknives.eu\/sv\/wp-json\/wp\/v2\/media\/67962"}],"wp:attachment":[{"href":"https:\/\/aaknives.eu\/sv\/wp-json\/wp\/v2\/media?parent=56029"}],"wp:term":[{"taxonomy":"product_brand","embeddable":true,"href":"https:\/\/aaknives.eu\/sv\/wp-json\/wp\/v2\/product_brand?post=56029"},{"taxonomy":"product_cat","embeddable":true,"href":"https:\/\/aaknives.eu\/sv\/wp-json\/wp\/v2\/product_cat?post=56029"},{"taxonomy":"product_tag","embeddable":true,"href":"https:\/\/aaknives.eu\/sv\/wp-json\/wp\/v2\/product_tag?post=56029"}],"curies":[{"name":"wp","href":"https:\/\/api.w.org\/{rel}","templated":true}]}}