{"id":56200,"date":"2021-09-20T20:18:18","date_gmt":"2021-09-20T20:18:18","guid":{"rendered":"https:\/\/aaknives.eu\/product\/small-viking-ax-mycket-bra-smidd-kolstal-9hs\/"},"modified":"2026-01-20T18:25:33","modified_gmt":"2026-01-20T18:25:33","slug":"historical-latvian-ax-mycket-bra-smidd-kolstal-9hs","status":"publish","type":"product","link":"https:\/\/aaknives.eu\/sv\/product\/historical-latvian-ax-mycket-bra-smidd-kolstal-9hs\/","title":{"rendered":"HISTORICAL LATVIAN AX &#8211; Mycket bra Smidd Kolst\u00e5l 9HS"},"content":{"rendered":"<p>Yxans specifikationer: \u201dHISTORICAL LATVIAN AX\u201d<br \/>\nSt\u00e5l: smidd kolst\u00e5l 9HS (9XC) med smidesm\u00e4rken<br \/>\nH\u00e5rdhet: 59 HRC<br \/>\nBladl\u00e4ngd (mm): 105 \/ 4,13 tum<br \/>\nBladtjocklek (mm): 3-10 \/ 0,11 \u2013 0,39 tum<br \/>\nBladbredd (mm): 133 \/ 5,23 tum<br \/>\nSkaft: tr\u00e4 \u2013 Ask<br \/>\nTotall\u00e4ngd (mm): 450 \/ 17,71 tum<br \/>\nKnivtyp: jakt, friluftsliv<br \/>\nF\u00f6rpackning: yxa, l\u00e4derslida<\/p>\n","protected":false},"excerpt":{"rendered":"<p>Yxans specifikationer: \u201dHISTORICAL LATVIAN AX\u201d St\u00e5l: smidd kolst\u00e5l 9HS (9XC) med smidesm\u00e4rken H\u00e5rdhet: 59 HRC Bladl\u00e4ngd (mm): 105 \/ 4,13 tum Bladtjocklek (mm): 3-10 \/ 0,11 \u2013 0,39 tum Bladbredd (mm): 133 \/ 5,23 tum Skaft: tr\u00e4 \u2013 Ask Totall\u00e4ngd (mm): 450 \/ 17,71 tum Knivtyp: jakt, friluftsliv F\u00f6rpackning: yxa, l\u00e4derslida<\/p>\n","protected":false},"featured_media":106605,"template":"","meta":{"_themeisle_gutenberg_block_has_review":false},"product_brand":[],"product_cat":[440,421],"product_tag":[],"class_list":{"0":"post-56200","1":"product","2":"type-product","3":"status-publish","4":"has-post-thumbnail","6":"product_cat-andra-produkter","7":"product_cat-axlar","9":"first","10":"instock","11":"shipping-taxable","12":"purchasable","13":"product-type-simple"},"yoast_head":"<!-- This site is optimized with the Yoast SEO plugin v27.5 - https:\/\/yoast.com\/product\/yoast-seo-wordpress\/ -->\n<title>HISTORICAL LATVIAN AX - Mycket bra Smidd Kolst\u00e5l 9HS - AAKnives<\/title>\n<meta name=\"description\" content=\"HISTORISK LETTISK YXA - Mycket bra Smidd Kolst\u00e5l 9HS knivar yxa jaktyxa handgjord yxa specialtillverkad yxa vikingayxa handgjord yxa\" \/>\n<meta name=\"robots\" content=\"index, follow, max-snippet:-1, max-image-preview:large, max-video-preview:-1\" \/>\n<link rel=\"canonical\" href=\"https:\/\/aaknives.eu\/sv\/product\/historical-latvian-ax-mycket-bra-smidd-kolstal-9hs\/\" \/>\n<meta property=\"og:locale\" content=\"sv_SE\" \/>\n<meta property=\"og:type\" content=\"article\" \/>\n<meta property=\"og:title\" content=\"HISTORICAL LATVIAN AX - Mycket bra Smidd Kolst\u00e5l 9HS - AAKnives\" \/>\n<meta property=\"og:description\" content=\"HISTORISK LETTISK YXA - Mycket bra Smidd Kolst\u00e5l 9HS knivar yxa jaktyxa handgjord yxa specialtillverkad yxa vikingayxa handgjord yxa\" \/>\n<meta property=\"og:url\" content=\"https:\/\/aaknives.eu\/sv\/product\/historical-latvian-ax-mycket-bra-smidd-kolstal-9hs\/\" \/>\n<meta property=\"og:site_name\" content=\"AAKnives\" \/>\n<meta property=\"article:publisher\" content=\"https:\/\/www.facebook.com\/aaknives.eu\/\" \/>\n<meta property=\"article:modified_time\" content=\"2026-01-20T18:25:33+00:00\" \/>\n<meta property=\"og:image\" content=\"https:\/\/aaknives.eu\/wp-content\/uploads\/2021\/09\/aaknives-hand-forged-damascus-steel-blade-knife-handmade-custom-made-knife-handcrafted-knives-autinetools-northmen-1-12-2.jpg\" \/>\n\t<meta property=\"og:image:width\" content=\"1020\" \/>\n\t<meta property=\"og:image:height\" content=\"880\" \/>\n\t<meta property=\"og:image:type\" content=\"image\/jpeg\" \/>\n<meta name=\"twitter:card\" content=\"summary_large_image\" \/>\n<script type=\"application\/ld+json\" class=\"yoast-schema-graph\">{\"@context\":\"https:\\\/\\\/schema.org\",\"@graph\":[{\"@type\":\"WebPage\",\"@id\":\"https:\\\/\\\/aaknives.eu\\\/sv\\\/product\\\/historical-latvian-ax-mycket-bra-smidd-kolstal-9hs\\\/\",\"url\":\"https:\\\/\\\/aaknives.eu\\\/sv\\\/product\\\/historical-latvian-ax-mycket-bra-smidd-kolstal-9hs\\\/\",\"name\":\"HISTORICAL LATVIAN AX - Mycket bra Smidd Kolst\u00e5l 9HS - AAKnives\",\"isPartOf\":{\"@id\":\"https:\\\/\\\/aaknives.eu\\\/sv\\\/#website\"},\"primaryImageOfPage\":{\"@id\":\"https:\\\/\\\/aaknives.eu\\\/sv\\\/product\\\/historical-latvian-ax-mycket-bra-smidd-kolstal-9hs\\\/#primaryimage\"},\"image\":{\"@id\":\"https:\\\/\\\/aaknives.eu\\\/sv\\\/product\\\/historical-latvian-ax-mycket-bra-smidd-kolstal-9hs\\\/#primaryimage\"},\"thumbnailUrl\":\"https:\\\/\\\/aaknives.eu\\\/wp-content\\\/uploads\\\/2021\\\/09\\\/aaknives-hand-forged-damascus-steel-blade-knife-handmade-custom-made-knife-handcrafted-knives-autinetools-northmen-1-12-2.jpg\",\"datePublished\":\"2021-09-20T20:18:18+00:00\",\"dateModified\":\"2026-01-20T18:25:33+00:00\",\"description\":\"HISTORISK LETTISK YXA - Mycket bra Smidd Kolst\u00e5l 9HS knivar yxa jaktyxa handgjord yxa specialtillverkad yxa vikingayxa handgjord yxa\",\"breadcrumb\":{\"@id\":\"https:\\\/\\\/aaknives.eu\\\/sv\\\/product\\\/historical-latvian-ax-mycket-bra-smidd-kolstal-9hs\\\/#breadcrumb\"},\"inLanguage\":\"sv-SE\",\"potentialAction\":[{\"@type\":\"ReadAction\",\"target\":[\"https:\\\/\\\/aaknives.eu\\\/sv\\\/product\\\/historical-latvian-ax-mycket-bra-smidd-kolstal-9hs\\\/\"]}]},{\"@type\":\"ImageObject\",\"inLanguage\":\"sv-SE\",\"@id\":\"https:\\\/\\\/aaknives.eu\\\/sv\\\/product\\\/historical-latvian-ax-mycket-bra-smidd-kolstal-9hs\\\/#primaryimage\",\"url\":\"https:\\\/\\\/aaknives.eu\\\/wp-content\\\/uploads\\\/2021\\\/09\\\/aaknives-hand-forged-damascus-steel-blade-knife-handmade-custom-made-knife-handcrafted-knives-autinetools-northmen-1-12-2.jpg\",\"contentUrl\":\"https:\\\/\\\/aaknives.eu\\\/wp-content\\\/uploads\\\/2021\\\/09\\\/aaknives-hand-forged-damascus-steel-blade-knife-handmade-custom-made-knife-handcrafted-knives-autinetools-northmen-1-12-2.jpg\",\"width\":1020,\"height\":880},{\"@type\":\"BreadcrumbList\",\"@id\":\"https:\\\/\\\/aaknives.eu\\\/sv\\\/product\\\/historical-latvian-ax-mycket-bra-smidd-kolstal-9hs\\\/#breadcrumb\",\"itemListElement\":[{\"@type\":\"ListItem\",\"position\":1,\"name\":\"Home\",\"item\":\"https:\\\/\\\/aaknives.eu\\\/sv\\\/\"},{\"@type\":\"ListItem\",\"position\":2,\"name\":\"Butik\",\"item\":\"https:\\\/\\\/aaknives.eu\\\/butik\\\/\"},{\"@type\":\"ListItem\",\"position\":3,\"name\":\"HISTORICAL LATVIAN AX &#8211; Mycket bra Smidd Kolst\u00e5l 9HS\"}]},{\"@type\":\"WebSite\",\"@id\":\"https:\\\/\\\/aaknives.eu\\\/sv\\\/#website\",\"url\":\"https:\\\/\\\/aaknives.eu\\\/sv\\\/\",\"name\":\"AAKnives\",\"description\":\"Handmade knives\",\"publisher\":{\"@id\":\"https:\\\/\\\/aaknives.eu\\\/sv\\\/#organization\"},\"alternateName\":\"Anri Ananin Knives\",\"potentialAction\":[{\"@type\":\"SearchAction\",\"target\":{\"@type\":\"EntryPoint\",\"urlTemplate\":\"https:\\\/\\\/aaknives.eu\\\/sv\\\/?s={search_term_string}\"},\"query-input\":{\"@type\":\"PropertyValueSpecification\",\"valueRequired\":true,\"valueName\":\"search_term_string\"}}],\"inLanguage\":\"sv-SE\"},{\"@type\":\"Organization\",\"@id\":\"https:\\\/\\\/aaknives.eu\\\/sv\\\/#organization\",\"name\":\"AAKnives\",\"url\":\"https:\\\/\\\/aaknives.eu\\\/sv\\\/\",\"logo\":{\"@type\":\"ImageObject\",\"inLanguage\":\"sv-SE\",\"@id\":\"https:\\\/\\\/aaknives.eu\\\/sv\\\/#\\\/schema\\\/logo\\\/image\\\/\",\"url\":\"https:\\\/\\\/aaknives.eu\\\/wp-content\\\/uploads\\\/2021\\\/10\\\/AAknives_Logo_Green.png\",\"contentUrl\":\"https:\\\/\\\/aaknives.eu\\\/wp-content\\\/uploads\\\/2021\\\/10\\\/AAknives_Logo_Green.png\",\"width\":1768,\"height\":1768,\"caption\":\"AAKnives\"},\"image\":{\"@id\":\"https:\\\/\\\/aaknives.eu\\\/sv\\\/#\\\/schema\\\/logo\\\/image\\\/\"},\"sameAs\":[\"https:\\\/\\\/www.facebook.com\\\/aaknives.eu\\\/\",\"https:\\\/\\\/www.instagram.com\\\/aaknives\\\/\",\"https:\\\/\\\/www.pinterest.com\\\/aa_knives\\\/\",\"https:\\\/\\\/www.youtube.com\\\/@aaknives9518\"]}]}<\/script>\n<!-- \/ Yoast SEO plugin. -->","yoast_head_json":{"title":"HISTORICAL LATVIAN AX - Mycket bra Smidd Kolst\u00e5l 9HS - AAKnives","description":"HISTORISK LETTISK YXA - Mycket bra Smidd Kolst\u00e5l 9HS knivar yxa jaktyxa handgjord yxa specialtillverkad yxa vikingayxa handgjord yxa","robots":{"index":"index","follow":"follow","max-snippet":"max-snippet:-1","max-image-preview":"max-image-preview:large","max-video-preview":"max-video-preview:-1"},"canonical":"https:\/\/aaknives.eu\/sv\/product\/historical-latvian-ax-mycket-bra-smidd-kolstal-9hs\/","og_locale":"sv_SE","og_type":"article","og_title":"HISTORICAL LATVIAN AX - Mycket bra Smidd Kolst\u00e5l 9HS - AAKnives","og_description":"HISTORISK LETTISK YXA - Mycket bra Smidd Kolst\u00e5l 9HS knivar yxa jaktyxa handgjord yxa specialtillverkad yxa vikingayxa handgjord yxa","og_url":"https:\/\/aaknives.eu\/sv\/product\/historical-latvian-ax-mycket-bra-smidd-kolstal-9hs\/","og_site_name":"AAKnives","article_publisher":"https:\/\/www.facebook.com\/aaknives.eu\/","article_modified_time":"2026-01-20T18:25:33+00:00","og_image":[{"width":1020,"height":880,"url":"https:\/\/aaknives.eu\/wp-content\/uploads\/2021\/09\/aaknives-hand-forged-damascus-steel-blade-knife-handmade-custom-made-knife-handcrafted-knives-autinetools-northmen-1-12-2.jpg","type":"image\/jpeg"}],"twitter_card":"summary_large_image","schema":{"@context":"https:\/\/schema.org","@graph":[{"@type":"WebPage","@id":"https:\/\/aaknives.eu\/sv\/product\/historical-latvian-ax-mycket-bra-smidd-kolstal-9hs\/","url":"https:\/\/aaknives.eu\/sv\/product\/historical-latvian-ax-mycket-bra-smidd-kolstal-9hs\/","name":"HISTORICAL LATVIAN AX - Mycket bra Smidd Kolst\u00e5l 9HS - AAKnives","isPartOf":{"@id":"https:\/\/aaknives.eu\/sv\/#website"},"primaryImageOfPage":{"@id":"https:\/\/aaknives.eu\/sv\/product\/historical-latvian-ax-mycket-bra-smidd-kolstal-9hs\/#primaryimage"},"image":{"@id":"https:\/\/aaknives.eu\/sv\/product\/historical-latvian-ax-mycket-bra-smidd-kolstal-9hs\/#primaryimage"},"thumbnailUrl":"https:\/\/aaknives.eu\/wp-content\/uploads\/2021\/09\/aaknives-hand-forged-damascus-steel-blade-knife-handmade-custom-made-knife-handcrafted-knives-autinetools-northmen-1-12-2.jpg","datePublished":"2021-09-20T20:18:18+00:00","dateModified":"2026-01-20T18:25:33+00:00","description":"HISTORISK LETTISK YXA - Mycket bra Smidd Kolst\u00e5l 9HS knivar yxa jaktyxa handgjord yxa specialtillverkad yxa vikingayxa handgjord yxa","breadcrumb":{"@id":"https:\/\/aaknives.eu\/sv\/product\/historical-latvian-ax-mycket-bra-smidd-kolstal-9hs\/#breadcrumb"},"inLanguage":"sv-SE","potentialAction":[{"@type":"ReadAction","target":["https:\/\/aaknives.eu\/sv\/product\/historical-latvian-ax-mycket-bra-smidd-kolstal-9hs\/"]}]},{"@type":"ImageObject","inLanguage":"sv-SE","@id":"https:\/\/aaknives.eu\/sv\/product\/historical-latvian-ax-mycket-bra-smidd-kolstal-9hs\/#primaryimage","url":"https:\/\/aaknives.eu\/wp-content\/uploads\/2021\/09\/aaknives-hand-forged-damascus-steel-blade-knife-handmade-custom-made-knife-handcrafted-knives-autinetools-northmen-1-12-2.jpg","contentUrl":"https:\/\/aaknives.eu\/wp-content\/uploads\/2021\/09\/aaknives-hand-forged-damascus-steel-blade-knife-handmade-custom-made-knife-handcrafted-knives-autinetools-northmen-1-12-2.jpg","width":1020,"height":880},{"@type":"BreadcrumbList","@id":"https:\/\/aaknives.eu\/sv\/product\/historical-latvian-ax-mycket-bra-smidd-kolstal-9hs\/#breadcrumb","itemListElement":[{"@type":"ListItem","position":1,"name":"Home","item":"https:\/\/aaknives.eu\/sv\/"},{"@type":"ListItem","position":2,"name":"Butik","item":"https:\/\/aaknives.eu\/butik\/"},{"@type":"ListItem","position":3,"name":"HISTORICAL LATVIAN AX &#8211; Mycket bra Smidd Kolst\u00e5l 9HS"}]},{"@type":"WebSite","@id":"https:\/\/aaknives.eu\/sv\/#website","url":"https:\/\/aaknives.eu\/sv\/","name":"AAKnives","description":"Handmade knives","publisher":{"@id":"https:\/\/aaknives.eu\/sv\/#organization"},"alternateName":"Anri Ananin Knives","potentialAction":[{"@type":"SearchAction","target":{"@type":"EntryPoint","urlTemplate":"https:\/\/aaknives.eu\/sv\/?s={search_term_string}"},"query-input":{"@type":"PropertyValueSpecification","valueRequired":true,"valueName":"search_term_string"}}],"inLanguage":"sv-SE"},{"@type":"Organization","@id":"https:\/\/aaknives.eu\/sv\/#organization","name":"AAKnives","url":"https:\/\/aaknives.eu\/sv\/","logo":{"@type":"ImageObject","inLanguage":"sv-SE","@id":"https:\/\/aaknives.eu\/sv\/#\/schema\/logo\/image\/","url":"https:\/\/aaknives.eu\/wp-content\/uploads\/2021\/10\/AAknives_Logo_Green.png","contentUrl":"https:\/\/aaknives.eu\/wp-content\/uploads\/2021\/10\/AAknives_Logo_Green.png","width":1768,"height":1768,"caption":"AAKnives"},"image":{"@id":"https:\/\/aaknives.eu\/sv\/#\/schema\/logo\/image\/"},"sameAs":["https:\/\/www.facebook.com\/aaknives.eu\/","https:\/\/www.instagram.com\/aaknives\/","https:\/\/www.pinterest.com\/aa_knives\/","https:\/\/www.youtube.com\/@aaknives9518"]}]}},"_links":{"self":[{"href":"https:\/\/aaknives.eu\/sv\/wp-json\/wp\/v2\/product\/56200","targetHints":{"allow":["GET"]}}],"collection":[{"href":"https:\/\/aaknives.eu\/sv\/wp-json\/wp\/v2\/product"}],"about":[{"href":"https:\/\/aaknives.eu\/sv\/wp-json\/wp\/v2\/types\/product"}],"wp:featuredmedia":[{"embeddable":true,"href":"https:\/\/aaknives.eu\/sv\/wp-json\/wp\/v2\/media\/106605"}],"wp:attachment":[{"href":"https:\/\/aaknives.eu\/sv\/wp-json\/wp\/v2\/media?parent=56200"}],"wp:term":[{"taxonomy":"product_brand","embeddable":true,"href":"https:\/\/aaknives.eu\/sv\/wp-json\/wp\/v2\/product_brand?post=56200"},{"taxonomy":"product_cat","embeddable":true,"href":"https:\/\/aaknives.eu\/sv\/wp-json\/wp\/v2\/product_cat?post=56200"},{"taxonomy":"product_tag","embeddable":true,"href":"https:\/\/aaknives.eu\/sv\/wp-json\/wp\/v2\/product_tag?post=56200"}],"curies":[{"name":"wp","href":"https:\/\/api.w.org\/{rel}","templated":true}]}}