{"id":56356,"date":"2021-09-20T20:15:29","date_gmt":"2021-09-20T20:15:29","guid":{"rendered":"https:\/\/aaknives.eu\/product\/kniv-hook-damaskusstal-skaft-i-stabiliserad-karelsk-bjork\/"},"modified":"2021-09-20T20:15:29","modified_gmt":"2021-09-20T20:15:29","slug":"kniv-hook-damaskusstal-skaft-i-stabiliserad-karelsk-bjork","status":"publish","type":"product","link":"https:\/\/aaknives.eu\/sv\/product\/kniv-hook-damaskusstal-skaft-i-stabiliserad-karelsk-bjork\/","title":{"rendered":"Kniv &#8221;HOOK&#8221; (Damaskusst\u00e5l), skaft i stabiliserad karelsk bj\u00f6rk"},"content":{"rendered":"<table border=\"0\" width=\"496\" cellspacing=\"0\" cellpadding=\"0\">\n<tbody>\n<tr>\n<td class=\"product_properties_value\" align=\"left\" valign=\"middle\">Specifikationer f\u00f6r kniv: &#8221;HOOK&#8221;<br \/>\nSt\u00e5l: Damaskus (HVG, U10, ShH15)<br \/>\nH\u00e5rdhet: 60-62 HRC<br \/>\nBladets l\u00e4ngd (mm): 95 \/ 3,74 tum<br \/>\nBladets tjocklek (mm): 3 \/ 0,11 tum<br \/>\nBladbredd (mm): 37 \/ 1,45 tum<br \/>\nHandtag: stabiliserad karelsk bj\u00f6rk<br \/>\nTotal l\u00e4ngd (mm): 220 \/ 8,66 tum<\/td>\n<\/tr>\n<\/tbody>\n<\/table>\n","protected":false},"excerpt":{"rendered":"<p>Specifikationer f\u00f6r kniv: &#8221;HOOK&#8221; St\u00e5l: Damaskus (HVG, U10, ShH15) H\u00e5rdhet: 60-62 HRC Bladets l\u00e4ngd (mm): 95 \/ 3,74 tum Bladets tjocklek (mm): 3 \/ 0,11 tum Bladbredd (mm): 37 \/ 1,45 tum Handtag: stabiliserad karelsk bj\u00f6rk Total l\u00e4ngd (mm): 220 \/ 8,66 tum<\/p>\n","protected":false},"featured_media":68720,"template":"","meta":{"_themeisle_gutenberg_block_has_review":false},"product_brand":[],"product_cat":[440,414],"product_tag":[],"class_list":{"0":"post-56356","1":"product","2":"type-product","3":"status-publish","4":"has-post-thumbnail","6":"product_cat-andra-produkter","7":"product_cat-jaktknivar","9":"first","10":"instock","11":"shipping-taxable","12":"purchasable","13":"product-type-simple"},"yoast_head":"<!-- This site is optimized with the Yoast SEO plugin v27.3 - https:\/\/yoast.com\/product\/yoast-seo-wordpress\/ -->\n<title>Kniv &#039;&#039;HOOK&#039;&#039; (Damaskusst\u00e5l), skaft i stabiliserad karelsk bj\u00f6rk - AAKnives<\/title>\n<meta name=\"robots\" content=\"index, follow, max-snippet:-1, max-image-preview:large, max-video-preview:-1\" \/>\n<link rel=\"canonical\" href=\"https:\/\/aaknives.eu\/sv\/product\/kniv-hook-damaskusstal-skaft-i-stabiliserad-karelsk-bjork\/\" \/>\n<meta property=\"og:locale\" content=\"sv_SE\" \/>\n<meta property=\"og:type\" content=\"article\" \/>\n<meta property=\"og:title\" content=\"Kniv &#039;&#039;HOOK&#039;&#039; (Damaskusst\u00e5l), skaft i stabiliserad karelsk bj\u00f6rk - AAKnives\" \/>\n<meta property=\"og:description\" content=\"Specifikationer f\u00f6r kniv: &#8221;HOOK&#8221; St\u00e5l: Damaskus (HVG, U10, ShH15) H\u00e5rdhet: 60-62 HRC Bladets l\u00e4ngd (mm): 95 \/ 3,74 tum Bladets tjocklek (mm): 3 \/ 0,11 tum Bladbredd (mm): 37 \/ 1,45 tum Handtag: stabiliserad karelsk bj\u00f6rk Total l\u00e4ngd (mm): 220 \/ 8,66 tum\" \/>\n<meta property=\"og:url\" content=\"https:\/\/aaknives.eu\/sv\/product\/kniv-hook-damaskusstal-skaft-i-stabiliserad-karelsk-bjork\/\" \/>\n<meta property=\"og:site_name\" content=\"AAKnives\" \/>\n<meta property=\"article:publisher\" content=\"https:\/\/www.facebook.com\/aaknives.eu\/\" \/>\n<meta property=\"og:image\" content=\"https:\/\/aaknives.eu\/wp-content\/uploads\/2021\/09\/aaknives-hand-forged-dabascus-steel-blade-knife-handmade-custom-made-knife-handcrafted-knives-autinetools-northmen-30-1-4.jpg\" \/>\n\t<meta property=\"og:image:width\" content=\"800\" \/>\n\t<meta property=\"og:image:height\" content=\"600\" \/>\n\t<meta property=\"og:image:type\" content=\"image\/jpeg\" \/>\n<meta name=\"twitter:card\" content=\"summary_large_image\" \/>\n<script type=\"application\/ld+json\" class=\"yoast-schema-graph\">{\"@context\":\"https:\\\/\\\/schema.org\",\"@graph\":[{\"@type\":\"WebPage\",\"@id\":\"https:\\\/\\\/aaknives.eu\\\/sv\\\/product\\\/kniv-hook-damaskusstal-skaft-i-stabiliserad-karelsk-bjork\\\/\",\"url\":\"https:\\\/\\\/aaknives.eu\\\/sv\\\/product\\\/kniv-hook-damaskusstal-skaft-i-stabiliserad-karelsk-bjork\\\/\",\"name\":\"Kniv ''HOOK'' (Damaskusst\u00e5l), skaft i stabiliserad karelsk bj\u00f6rk - AAKnives\",\"isPartOf\":{\"@id\":\"https:\\\/\\\/aaknives.eu\\\/sv\\\/#website\"},\"primaryImageOfPage\":{\"@id\":\"https:\\\/\\\/aaknives.eu\\\/sv\\\/product\\\/kniv-hook-damaskusstal-skaft-i-stabiliserad-karelsk-bjork\\\/#primaryimage\"},\"image\":{\"@id\":\"https:\\\/\\\/aaknives.eu\\\/sv\\\/product\\\/kniv-hook-damaskusstal-skaft-i-stabiliserad-karelsk-bjork\\\/#primaryimage\"},\"thumbnailUrl\":\"https:\\\/\\\/aaknives.eu\\\/wp-content\\\/uploads\\\/2021\\\/09\\\/aaknives-hand-forged-dabascus-steel-blade-knife-handmade-custom-made-knife-handcrafted-knives-autinetools-northmen-35.2-3.jpg\",\"datePublished\":\"2021-09-20T20:15:29+00:00\",\"breadcrumb\":{\"@id\":\"https:\\\/\\\/aaknives.eu\\\/sv\\\/product\\\/kniv-hook-damaskusstal-skaft-i-stabiliserad-karelsk-bjork\\\/#breadcrumb\"},\"inLanguage\":\"sv-SE\",\"potentialAction\":[{\"@type\":\"ReadAction\",\"target\":[\"https:\\\/\\\/aaknives.eu\\\/sv\\\/product\\\/kniv-hook-damaskusstal-skaft-i-stabiliserad-karelsk-bjork\\\/\"]}]},{\"@type\":\"ImageObject\",\"inLanguage\":\"sv-SE\",\"@id\":\"https:\\\/\\\/aaknives.eu\\\/sv\\\/product\\\/kniv-hook-damaskusstal-skaft-i-stabiliserad-karelsk-bjork\\\/#primaryimage\",\"url\":\"https:\\\/\\\/aaknives.eu\\\/wp-content\\\/uploads\\\/2021\\\/09\\\/aaknives-hand-forged-dabascus-steel-blade-knife-handmade-custom-made-knife-handcrafted-knives-autinetools-northmen-35.2-3.jpg\",\"contentUrl\":\"https:\\\/\\\/aaknives.eu\\\/wp-content\\\/uploads\\\/2021\\\/09\\\/aaknives-hand-forged-dabascus-steel-blade-knife-handmade-custom-made-knife-handcrafted-knives-autinetools-northmen-35.2-3.jpg\",\"width\":1020,\"height\":880},{\"@type\":\"BreadcrumbList\",\"@id\":\"https:\\\/\\\/aaknives.eu\\\/sv\\\/product\\\/kniv-hook-damaskusstal-skaft-i-stabiliserad-karelsk-bjork\\\/#breadcrumb\",\"itemListElement\":[{\"@type\":\"ListItem\",\"position\":1,\"name\":\"Home\",\"item\":\"https:\\\/\\\/aaknives.eu\\\/sv\\\/\"},{\"@type\":\"ListItem\",\"position\":2,\"name\":\"Butik\",\"item\":\"https:\\\/\\\/aaknives.eu\\\/butik\\\/\"},{\"@type\":\"ListItem\",\"position\":3,\"name\":\"Kniv &#8221;HOOK&#8221; (Damaskusst\u00e5l), skaft i stabiliserad karelsk bj\u00f6rk\"}]},{\"@type\":\"WebSite\",\"@id\":\"https:\\\/\\\/aaknives.eu\\\/sv\\\/#website\",\"url\":\"https:\\\/\\\/aaknives.eu\\\/sv\\\/\",\"name\":\"AAKnives\",\"description\":\"Handmade knives\",\"publisher\":{\"@id\":\"https:\\\/\\\/aaknives.eu\\\/sv\\\/#organization\"},\"potentialAction\":[{\"@type\":\"SearchAction\",\"target\":{\"@type\":\"EntryPoint\",\"urlTemplate\":\"https:\\\/\\\/aaknives.eu\\\/sv\\\/?s={search_term_string}\"},\"query-input\":{\"@type\":\"PropertyValueSpecification\",\"valueRequired\":true,\"valueName\":\"search_term_string\"}}],\"inLanguage\":\"sv-SE\"},{\"@type\":\"Organization\",\"@id\":\"https:\\\/\\\/aaknives.eu\\\/sv\\\/#organization\",\"name\":\"AAKnives\",\"url\":\"https:\\\/\\\/aaknives.eu\\\/sv\\\/\",\"logo\":{\"@type\":\"ImageObject\",\"inLanguage\":\"sv-SE\",\"@id\":\"https:\\\/\\\/aaknives.eu\\\/sv\\\/#\\\/schema\\\/logo\\\/image\\\/\",\"url\":\"https:\\\/\\\/aaknives.eu\\\/wp-content\\\/uploads\\\/2021\\\/10\\\/AAknives_Logo_Green.png\",\"contentUrl\":\"https:\\\/\\\/aaknives.eu\\\/wp-content\\\/uploads\\\/2021\\\/10\\\/AAknives_Logo_Green.png\",\"width\":1768,\"height\":1768,\"caption\":\"AAKnives\"},\"image\":{\"@id\":\"https:\\\/\\\/aaknives.eu\\\/sv\\\/#\\\/schema\\\/logo\\\/image\\\/\"},\"sameAs\":[\"https:\\\/\\\/www.facebook.com\\\/aaknives.eu\\\/\",\"https:\\\/\\\/www.instagram.com\\\/aaknives\\\/\",\"https:\\\/\\\/www.pinterest.com\\\/aa_knives\\\/\",\"https:\\\/\\\/www.youtube.com\\\/channel\\\/UCHOQFjrOkgT6s4FIw9LDKyw\\\/featured\"]}]}<\/script>\n<!-- \/ Yoast SEO plugin. -->","yoast_head_json":{"title":"Kniv ''HOOK'' (Damaskusst\u00e5l), skaft i stabiliserad karelsk bj\u00f6rk - AAKnives","robots":{"index":"index","follow":"follow","max-snippet":"max-snippet:-1","max-image-preview":"max-image-preview:large","max-video-preview":"max-video-preview:-1"},"canonical":"https:\/\/aaknives.eu\/sv\/product\/kniv-hook-damaskusstal-skaft-i-stabiliserad-karelsk-bjork\/","og_locale":"sv_SE","og_type":"article","og_title":"Kniv ''HOOK'' (Damaskusst\u00e5l), skaft i stabiliserad karelsk bj\u00f6rk - AAKnives","og_description":"Specifikationer f\u00f6r kniv: &#8221;HOOK&#8221; St\u00e5l: Damaskus (HVG, U10, ShH15) H\u00e5rdhet: 60-62 HRC Bladets l\u00e4ngd (mm): 95 \/ 3,74 tum Bladets tjocklek (mm): 3 \/ 0,11 tum Bladbredd (mm): 37 \/ 1,45 tum Handtag: stabiliserad karelsk bj\u00f6rk Total l\u00e4ngd (mm): 220 \/ 8,66 tum","og_url":"https:\/\/aaknives.eu\/sv\/product\/kniv-hook-damaskusstal-skaft-i-stabiliserad-karelsk-bjork\/","og_site_name":"AAKnives","article_publisher":"https:\/\/www.facebook.com\/aaknives.eu\/","og_image":[{"width":800,"height":600,"url":"https:\/\/aaknives.eu\/wp-content\/uploads\/2021\/09\/aaknives-hand-forged-dabascus-steel-blade-knife-handmade-custom-made-knife-handcrafted-knives-autinetools-northmen-30-1-4.jpg","type":"image\/jpeg"}],"twitter_card":"summary_large_image","schema":{"@context":"https:\/\/schema.org","@graph":[{"@type":"WebPage","@id":"https:\/\/aaknives.eu\/sv\/product\/kniv-hook-damaskusstal-skaft-i-stabiliserad-karelsk-bjork\/","url":"https:\/\/aaknives.eu\/sv\/product\/kniv-hook-damaskusstal-skaft-i-stabiliserad-karelsk-bjork\/","name":"Kniv ''HOOK'' (Damaskusst\u00e5l), skaft i stabiliserad karelsk bj\u00f6rk - AAKnives","isPartOf":{"@id":"https:\/\/aaknives.eu\/sv\/#website"},"primaryImageOfPage":{"@id":"https:\/\/aaknives.eu\/sv\/product\/kniv-hook-damaskusstal-skaft-i-stabiliserad-karelsk-bjork\/#primaryimage"},"image":{"@id":"https:\/\/aaknives.eu\/sv\/product\/kniv-hook-damaskusstal-skaft-i-stabiliserad-karelsk-bjork\/#primaryimage"},"thumbnailUrl":"https:\/\/aaknives.eu\/wp-content\/uploads\/2021\/09\/aaknives-hand-forged-dabascus-steel-blade-knife-handmade-custom-made-knife-handcrafted-knives-autinetools-northmen-35.2-3.jpg","datePublished":"2021-09-20T20:15:29+00:00","breadcrumb":{"@id":"https:\/\/aaknives.eu\/sv\/product\/kniv-hook-damaskusstal-skaft-i-stabiliserad-karelsk-bjork\/#breadcrumb"},"inLanguage":"sv-SE","potentialAction":[{"@type":"ReadAction","target":["https:\/\/aaknives.eu\/sv\/product\/kniv-hook-damaskusstal-skaft-i-stabiliserad-karelsk-bjork\/"]}]},{"@type":"ImageObject","inLanguage":"sv-SE","@id":"https:\/\/aaknives.eu\/sv\/product\/kniv-hook-damaskusstal-skaft-i-stabiliserad-karelsk-bjork\/#primaryimage","url":"https:\/\/aaknives.eu\/wp-content\/uploads\/2021\/09\/aaknives-hand-forged-dabascus-steel-blade-knife-handmade-custom-made-knife-handcrafted-knives-autinetools-northmen-35.2-3.jpg","contentUrl":"https:\/\/aaknives.eu\/wp-content\/uploads\/2021\/09\/aaknives-hand-forged-dabascus-steel-blade-knife-handmade-custom-made-knife-handcrafted-knives-autinetools-northmen-35.2-3.jpg","width":1020,"height":880},{"@type":"BreadcrumbList","@id":"https:\/\/aaknives.eu\/sv\/product\/kniv-hook-damaskusstal-skaft-i-stabiliserad-karelsk-bjork\/#breadcrumb","itemListElement":[{"@type":"ListItem","position":1,"name":"Home","item":"https:\/\/aaknives.eu\/sv\/"},{"@type":"ListItem","position":2,"name":"Butik","item":"https:\/\/aaknives.eu\/butik\/"},{"@type":"ListItem","position":3,"name":"Kniv &#8221;HOOK&#8221; (Damaskusst\u00e5l), skaft i stabiliserad karelsk bj\u00f6rk"}]},{"@type":"WebSite","@id":"https:\/\/aaknives.eu\/sv\/#website","url":"https:\/\/aaknives.eu\/sv\/","name":"AAKnives","description":"Handmade knives","publisher":{"@id":"https:\/\/aaknives.eu\/sv\/#organization"},"potentialAction":[{"@type":"SearchAction","target":{"@type":"EntryPoint","urlTemplate":"https:\/\/aaknives.eu\/sv\/?s={search_term_string}"},"query-input":{"@type":"PropertyValueSpecification","valueRequired":true,"valueName":"search_term_string"}}],"inLanguage":"sv-SE"},{"@type":"Organization","@id":"https:\/\/aaknives.eu\/sv\/#organization","name":"AAKnives","url":"https:\/\/aaknives.eu\/sv\/","logo":{"@type":"ImageObject","inLanguage":"sv-SE","@id":"https:\/\/aaknives.eu\/sv\/#\/schema\/logo\/image\/","url":"https:\/\/aaknives.eu\/wp-content\/uploads\/2021\/10\/AAknives_Logo_Green.png","contentUrl":"https:\/\/aaknives.eu\/wp-content\/uploads\/2021\/10\/AAknives_Logo_Green.png","width":1768,"height":1768,"caption":"AAKnives"},"image":{"@id":"https:\/\/aaknives.eu\/sv\/#\/schema\/logo\/image\/"},"sameAs":["https:\/\/www.facebook.com\/aaknives.eu\/","https:\/\/www.instagram.com\/aaknives\/","https:\/\/www.pinterest.com\/aa_knives\/","https:\/\/www.youtube.com\/channel\/UCHOQFjrOkgT6s4FIw9LDKyw\/featured"]}]}},"_links":{"self":[{"href":"https:\/\/aaknives.eu\/sv\/wp-json\/wp\/v2\/product\/56356","targetHints":{"allow":["GET"]}}],"collection":[{"href":"https:\/\/aaknives.eu\/sv\/wp-json\/wp\/v2\/product"}],"about":[{"href":"https:\/\/aaknives.eu\/sv\/wp-json\/wp\/v2\/types\/product"}],"wp:featuredmedia":[{"embeddable":true,"href":"https:\/\/aaknives.eu\/sv\/wp-json\/wp\/v2\/media\/68720"}],"wp:attachment":[{"href":"https:\/\/aaknives.eu\/sv\/wp-json\/wp\/v2\/media?parent=56356"}],"wp:term":[{"taxonomy":"product_brand","embeddable":true,"href":"https:\/\/aaknives.eu\/sv\/wp-json\/wp\/v2\/product_brand?post=56356"},{"taxonomy":"product_cat","embeddable":true,"href":"https:\/\/aaknives.eu\/sv\/wp-json\/wp\/v2\/product_cat?post=56356"},{"taxonomy":"product_tag","embeddable":true,"href":"https:\/\/aaknives.eu\/sv\/wp-json\/wp\/v2\/product_tag?post=56356"}],"curies":[{"name":"wp","href":"https:\/\/api.w.org\/{rel}","templated":true}]}}