{"id":56549,"date":"2021-09-20T20:13:51","date_gmt":"2021-09-20T20:13:51","guid":{"rendered":"https:\/\/aaknives.eu\/product\/kniv-scandinavian-tillverkad-av-bra-smidd-rostfritt-stal\/"},"modified":"2021-09-20T20:13:51","modified_gmt":"2021-09-20T20:13:51","slug":"kniv-scandinavian-tillverkad-av-bra-smidd-rostfritt-stal","status":"publish","type":"product","link":"https:\/\/aaknives.eu\/sv\/product\/kniv-scandinavian-tillverkad-av-bra-smidd-rostfritt-stal\/","title":{"rendered":"Kniv &#8221;SCANDINAVIAN&#8221; tillverkad av bra smidd rostfritt st\u00e5l"},"content":{"rendered":"<p>Specifikationer f\u00f6r kniven: &#8221;SKANDINAVISK&#8221;<br \/>\nSt\u00e5l: smidd rostfritt st\u00e5l Sandvik 12C27<br \/>\nH\u00e5rdhet: 56-58 HRC<br \/>\nBladets l\u00e4ngd (mm): 133 \/ 5,23 tum<br \/>\nBladets tjocklek (mm): 4 \/ 0,15 tum<br \/>\nBladbredd (mm): 28 \/ 1,10 tum<br \/>\nHandtag: Afrikanskt Venge-tr\u00e4<br \/>\nTotal l\u00e4ngd (mm): 256 \/ 10,07 tum<\/p>\n<p>65\u00d713 \u00e4r en h\u00f6gkvalitativ legering av rostfritt st\u00e5l. Detta st\u00e5l anses vara ett universalst\u00e5l, som anv\u00e4nds till en m\u00e4ngd olika knivar. Denna typ av st\u00e5l \u00e4r l\u00e4ttare \u00e4n andra och rostbest\u00e4ndigt, vilket \u00e4r mycket viktigt f\u00f6r knivar som anv\u00e4nds i olika v\u00e4derf\u00f6rh\u00e5llanden. Oftast anv\u00e4nds detta st\u00e5l till mindre och medelstora knivar. Knivar av denna typ av st\u00e5l beh\u00e5ller bladets sk\u00e4rpa mycket bra, \u00e4r flexibla och slitstarka. De \u00e4r l\u00e4tta att v\u00e4ssa och kr\u00e4ver ingen extra sk\u00f6tsel f\u00f6r att h\u00e5lla l\u00e4nge. 65\u00d713-st\u00e5l \u00e4r v\u00e4l l\u00e4mpat f\u00f6r jakt, fiske och svampplockning.<\/p>\n","protected":false},"excerpt":{"rendered":"<p>Specifikationer f\u00f6r kniven: &#8221;SKANDINAVISK&#8221; St\u00e5l: smidd rostfritt st\u00e5l Sandvik 12C27 H\u00e5rdhet: 56-58 HRC Bladets l\u00e4ngd (mm): 133 \/ 5,23 tum Bladets tjocklek (mm): 4 \/ 0,15 tum Bladbredd (mm): 28 \/ 1,10 tum Handtag: Afrikanskt Venge-tr\u00e4 Total l\u00e4ngd (mm): 256 \/ 10,07 tum 65\u00d713 \u00e4r en h\u00f6gkvalitativ legering av rostfritt st\u00e5l. Detta st\u00e5l anses vara ett universalst\u00e5l, som anv\u00e4nds till en m\u00e4ngd olika knivar. Denna typ av st\u00e5l \u00e4r l\u00e4ttare \u00e4n andra och rostbest\u00e4ndigt, vilket \u00e4r mycket viktigt f\u00f6r knivar som anv\u00e4nds i olika v\u00e4derf\u00f6rh\u00e5llanden. Oftast anv\u00e4nds detta st\u00e5l till mindre och medelstora knivar. Knivar av denna typ av st\u00e5l&hellip;<\/p>\n","protected":false},"featured_media":56550,"template":"","meta":{"_themeisle_gutenberg_block_has_review":false},"product_brand":[],"product_cat":[422,414,413],"product_tag":[],"class_list":{"0":"post-56549","1":"product","2":"type-product","3":"status-publish","4":"has-post-thumbnail","6":"product_cat-fiskeknivar","7":"product_cat-jaktknivar","8":"product_cat-knivar-for-utomhusbruk","10":"first","11":"instock","12":"shipping-taxable","13":"purchasable","14":"product-type-simple"},"yoast_head":"<!-- This site is optimized with the Yoast SEO plugin v27.3 - https:\/\/yoast.com\/product\/yoast-seo-wordpress\/ -->\n<title>Kniv &#039;&#039;SCANDINAVIAN&#039;&#039; tillverkad av bra smidd rostfritt st\u00e5l - AAKnives<\/title>\n<meta name=\"description\" content=\"Kniv &#039;&#039;SCANDINAVIAN&#039;&#039; tillverkad av bra smidd rostfritt st\u00e5l\" \/>\n<meta name=\"robots\" content=\"index, follow, max-snippet:-1, max-image-preview:large, max-video-preview:-1\" \/>\n<link rel=\"canonical\" href=\"https:\/\/aaknives.eu\/sv\/product\/kniv-scandinavian-tillverkad-av-bra-smidd-rostfritt-stal\/\" \/>\n<meta property=\"og:locale\" content=\"sv_SE\" \/>\n<meta property=\"og:type\" content=\"article\" \/>\n<meta property=\"og:title\" content=\"Kniv &#039;&#039;SCANDINAVIAN&#039;&#039; tillverkad av bra smidd rostfritt st\u00e5l - AAKnives\" \/>\n<meta property=\"og:description\" content=\"Kniv &#039;&#039;SCANDINAVIAN&#039;&#039; tillverkad av bra smidd rostfritt st\u00e5l\" \/>\n<meta property=\"og:url\" content=\"https:\/\/aaknives.eu\/sv\/product\/kniv-scandinavian-tillverkad-av-bra-smidd-rostfritt-stal\/\" \/>\n<meta property=\"og:site_name\" content=\"AAKnives\" \/>\n<meta property=\"article:publisher\" content=\"https:\/\/www.facebook.com\/aaknives.eu\/\" \/>\n<meta property=\"og:image\" content=\"https:\/\/aaknives.eu\/wp-content\/uploads\/2021\/09\/aaknives-hand-forged-dabascus-steel-blade-knife-handmade-custom-made-knife-handcrafted-knives-autinetools-northmen-9-2-18.jpg\" \/>\n\t<meta property=\"og:image:width\" content=\"1020\" \/>\n\t<meta property=\"og:image:height\" content=\"880\" \/>\n\t<meta property=\"og:image:type\" content=\"image\/jpeg\" \/>\n<meta name=\"twitter:card\" content=\"summary_large_image\" \/>\n<meta name=\"twitter:label1\" content=\"Ber\u00e4knad l\u00e4stid\" \/>\n\t<meta name=\"twitter:data1\" content=\"1 minut\" \/>\n<script type=\"application\/ld+json\" class=\"yoast-schema-graph\">{\"@context\":\"https:\\\/\\\/schema.org\",\"@graph\":[{\"@type\":\"WebPage\",\"@id\":\"https:\\\/\\\/aaknives.eu\\\/sv\\\/product\\\/kniv-scandinavian-tillverkad-av-bra-smidd-rostfritt-stal\\\/\",\"url\":\"https:\\\/\\\/aaknives.eu\\\/sv\\\/product\\\/kniv-scandinavian-tillverkad-av-bra-smidd-rostfritt-stal\\\/\",\"name\":\"Kniv ''SCANDINAVIAN'' tillverkad av bra smidd rostfritt st\u00e5l - AAKnives\",\"isPartOf\":{\"@id\":\"https:\\\/\\\/aaknives.eu\\\/sv\\\/#website\"},\"primaryImageOfPage\":{\"@id\":\"https:\\\/\\\/aaknives.eu\\\/sv\\\/product\\\/kniv-scandinavian-tillverkad-av-bra-smidd-rostfritt-stal\\\/#primaryimage\"},\"image\":{\"@id\":\"https:\\\/\\\/aaknives.eu\\\/sv\\\/product\\\/kniv-scandinavian-tillverkad-av-bra-smidd-rostfritt-stal\\\/#primaryimage\"},\"thumbnailUrl\":\"https:\\\/\\\/aaknives.eu\\\/wp-content\\\/uploads\\\/2021\\\/09\\\/aaknives-hand-forged-dabascus-steel-blade-knife-handmade-custom-made-knife-handcrafted-knives-autinetools-northmen-9-2-18.jpg\",\"datePublished\":\"2021-09-20T20:13:51+00:00\",\"description\":\"Kniv ''SCANDINAVIAN'' tillverkad av bra smidd rostfritt st\u00e5l\",\"breadcrumb\":{\"@id\":\"https:\\\/\\\/aaknives.eu\\\/sv\\\/product\\\/kniv-scandinavian-tillverkad-av-bra-smidd-rostfritt-stal\\\/#breadcrumb\"},\"inLanguage\":\"sv-SE\",\"potentialAction\":[{\"@type\":\"ReadAction\",\"target\":[\"https:\\\/\\\/aaknives.eu\\\/sv\\\/product\\\/kniv-scandinavian-tillverkad-av-bra-smidd-rostfritt-stal\\\/\"]}]},{\"@type\":\"ImageObject\",\"inLanguage\":\"sv-SE\",\"@id\":\"https:\\\/\\\/aaknives.eu\\\/sv\\\/product\\\/kniv-scandinavian-tillverkad-av-bra-smidd-rostfritt-stal\\\/#primaryimage\",\"url\":\"https:\\\/\\\/aaknives.eu\\\/wp-content\\\/uploads\\\/2021\\\/09\\\/aaknives-hand-forged-dabascus-steel-blade-knife-handmade-custom-made-knife-handcrafted-knives-autinetools-northmen-9-2-18.jpg\",\"contentUrl\":\"https:\\\/\\\/aaknives.eu\\\/wp-content\\\/uploads\\\/2021\\\/09\\\/aaknives-hand-forged-dabascus-steel-blade-knife-handmade-custom-made-knife-handcrafted-knives-autinetools-northmen-9-2-18.jpg\",\"width\":1020,\"height\":880,\"caption\":\"aaknives hand forged dabascus steel blade knife handmade custom made knife handcrafted knives autinetools northmen 9 2 18\"},{\"@type\":\"BreadcrumbList\",\"@id\":\"https:\\\/\\\/aaknives.eu\\\/sv\\\/product\\\/kniv-scandinavian-tillverkad-av-bra-smidd-rostfritt-stal\\\/#breadcrumb\",\"itemListElement\":[{\"@type\":\"ListItem\",\"position\":1,\"name\":\"Home\",\"item\":\"https:\\\/\\\/aaknives.eu\\\/sv\\\/\"},{\"@type\":\"ListItem\",\"position\":2,\"name\":\"Butik\",\"item\":\"https:\\\/\\\/aaknives.eu\\\/butik\\\/\"},{\"@type\":\"ListItem\",\"position\":3,\"name\":\"Kniv &#8221;SCANDINAVIAN&#8221; tillverkad av bra smidd rostfritt st\u00e5l\"}]},{\"@type\":\"WebSite\",\"@id\":\"https:\\\/\\\/aaknives.eu\\\/sv\\\/#website\",\"url\":\"https:\\\/\\\/aaknives.eu\\\/sv\\\/\",\"name\":\"AAKnives\",\"description\":\"Handmade knives\",\"publisher\":{\"@id\":\"https:\\\/\\\/aaknives.eu\\\/sv\\\/#organization\"},\"potentialAction\":[{\"@type\":\"SearchAction\",\"target\":{\"@type\":\"EntryPoint\",\"urlTemplate\":\"https:\\\/\\\/aaknives.eu\\\/sv\\\/?s={search_term_string}\"},\"query-input\":{\"@type\":\"PropertyValueSpecification\",\"valueRequired\":true,\"valueName\":\"search_term_string\"}}],\"inLanguage\":\"sv-SE\"},{\"@type\":\"Organization\",\"@id\":\"https:\\\/\\\/aaknives.eu\\\/sv\\\/#organization\",\"name\":\"AAKnives\",\"url\":\"https:\\\/\\\/aaknives.eu\\\/sv\\\/\",\"logo\":{\"@type\":\"ImageObject\",\"inLanguage\":\"sv-SE\",\"@id\":\"https:\\\/\\\/aaknives.eu\\\/sv\\\/#\\\/schema\\\/logo\\\/image\\\/\",\"url\":\"https:\\\/\\\/aaknives.eu\\\/wp-content\\\/uploads\\\/2021\\\/10\\\/AAknives_Logo_Green.png\",\"contentUrl\":\"https:\\\/\\\/aaknives.eu\\\/wp-content\\\/uploads\\\/2021\\\/10\\\/AAknives_Logo_Green.png\",\"width\":1768,\"height\":1768,\"caption\":\"AAKnives\"},\"image\":{\"@id\":\"https:\\\/\\\/aaknives.eu\\\/sv\\\/#\\\/schema\\\/logo\\\/image\\\/\"},\"sameAs\":[\"https:\\\/\\\/www.facebook.com\\\/aaknives.eu\\\/\",\"https:\\\/\\\/www.instagram.com\\\/aaknives\\\/\",\"https:\\\/\\\/www.pinterest.com\\\/aa_knives\\\/\",\"https:\\\/\\\/www.youtube.com\\\/channel\\\/UCHOQFjrOkgT6s4FIw9LDKyw\\\/featured\"]}]}<\/script>\n<!-- \/ Yoast SEO plugin. -->","yoast_head_json":{"title":"Kniv ''SCANDINAVIAN'' tillverkad av bra smidd rostfritt st\u00e5l - AAKnives","description":"Kniv ''SCANDINAVIAN'' tillverkad av bra smidd rostfritt st\u00e5l","robots":{"index":"index","follow":"follow","max-snippet":"max-snippet:-1","max-image-preview":"max-image-preview:large","max-video-preview":"max-video-preview:-1"},"canonical":"https:\/\/aaknives.eu\/sv\/product\/kniv-scandinavian-tillverkad-av-bra-smidd-rostfritt-stal\/","og_locale":"sv_SE","og_type":"article","og_title":"Kniv ''SCANDINAVIAN'' tillverkad av bra smidd rostfritt st\u00e5l - AAKnives","og_description":"Kniv ''SCANDINAVIAN'' tillverkad av bra smidd rostfritt st\u00e5l","og_url":"https:\/\/aaknives.eu\/sv\/product\/kniv-scandinavian-tillverkad-av-bra-smidd-rostfritt-stal\/","og_site_name":"AAKnives","article_publisher":"https:\/\/www.facebook.com\/aaknives.eu\/","og_image":[{"width":1020,"height":880,"url":"https:\/\/aaknives.eu\/wp-content\/uploads\/2021\/09\/aaknives-hand-forged-dabascus-steel-blade-knife-handmade-custom-made-knife-handcrafted-knives-autinetools-northmen-9-2-18.jpg","type":"image\/jpeg"}],"twitter_card":"summary_large_image","twitter_misc":{"Ber\u00e4knad l\u00e4stid":"1 minut"},"schema":{"@context":"https:\/\/schema.org","@graph":[{"@type":"WebPage","@id":"https:\/\/aaknives.eu\/sv\/product\/kniv-scandinavian-tillverkad-av-bra-smidd-rostfritt-stal\/","url":"https:\/\/aaknives.eu\/sv\/product\/kniv-scandinavian-tillverkad-av-bra-smidd-rostfritt-stal\/","name":"Kniv ''SCANDINAVIAN'' tillverkad av bra smidd rostfritt st\u00e5l - AAKnives","isPartOf":{"@id":"https:\/\/aaknives.eu\/sv\/#website"},"primaryImageOfPage":{"@id":"https:\/\/aaknives.eu\/sv\/product\/kniv-scandinavian-tillverkad-av-bra-smidd-rostfritt-stal\/#primaryimage"},"image":{"@id":"https:\/\/aaknives.eu\/sv\/product\/kniv-scandinavian-tillverkad-av-bra-smidd-rostfritt-stal\/#primaryimage"},"thumbnailUrl":"https:\/\/aaknives.eu\/wp-content\/uploads\/2021\/09\/aaknives-hand-forged-dabascus-steel-blade-knife-handmade-custom-made-knife-handcrafted-knives-autinetools-northmen-9-2-18.jpg","datePublished":"2021-09-20T20:13:51+00:00","description":"Kniv ''SCANDINAVIAN'' tillverkad av bra smidd rostfritt st\u00e5l","breadcrumb":{"@id":"https:\/\/aaknives.eu\/sv\/product\/kniv-scandinavian-tillverkad-av-bra-smidd-rostfritt-stal\/#breadcrumb"},"inLanguage":"sv-SE","potentialAction":[{"@type":"ReadAction","target":["https:\/\/aaknives.eu\/sv\/product\/kniv-scandinavian-tillverkad-av-bra-smidd-rostfritt-stal\/"]}]},{"@type":"ImageObject","inLanguage":"sv-SE","@id":"https:\/\/aaknives.eu\/sv\/product\/kniv-scandinavian-tillverkad-av-bra-smidd-rostfritt-stal\/#primaryimage","url":"https:\/\/aaknives.eu\/wp-content\/uploads\/2021\/09\/aaknives-hand-forged-dabascus-steel-blade-knife-handmade-custom-made-knife-handcrafted-knives-autinetools-northmen-9-2-18.jpg","contentUrl":"https:\/\/aaknives.eu\/wp-content\/uploads\/2021\/09\/aaknives-hand-forged-dabascus-steel-blade-knife-handmade-custom-made-knife-handcrafted-knives-autinetools-northmen-9-2-18.jpg","width":1020,"height":880,"caption":"aaknives hand forged dabascus steel blade knife handmade custom made knife handcrafted knives autinetools northmen 9 2 18"},{"@type":"BreadcrumbList","@id":"https:\/\/aaknives.eu\/sv\/product\/kniv-scandinavian-tillverkad-av-bra-smidd-rostfritt-stal\/#breadcrumb","itemListElement":[{"@type":"ListItem","position":1,"name":"Home","item":"https:\/\/aaknives.eu\/sv\/"},{"@type":"ListItem","position":2,"name":"Butik","item":"https:\/\/aaknives.eu\/butik\/"},{"@type":"ListItem","position":3,"name":"Kniv &#8221;SCANDINAVIAN&#8221; tillverkad av bra smidd rostfritt st\u00e5l"}]},{"@type":"WebSite","@id":"https:\/\/aaknives.eu\/sv\/#website","url":"https:\/\/aaknives.eu\/sv\/","name":"AAKnives","description":"Handmade knives","publisher":{"@id":"https:\/\/aaknives.eu\/sv\/#organization"},"potentialAction":[{"@type":"SearchAction","target":{"@type":"EntryPoint","urlTemplate":"https:\/\/aaknives.eu\/sv\/?s={search_term_string}"},"query-input":{"@type":"PropertyValueSpecification","valueRequired":true,"valueName":"search_term_string"}}],"inLanguage":"sv-SE"},{"@type":"Organization","@id":"https:\/\/aaknives.eu\/sv\/#organization","name":"AAKnives","url":"https:\/\/aaknives.eu\/sv\/","logo":{"@type":"ImageObject","inLanguage":"sv-SE","@id":"https:\/\/aaknives.eu\/sv\/#\/schema\/logo\/image\/","url":"https:\/\/aaknives.eu\/wp-content\/uploads\/2021\/10\/AAknives_Logo_Green.png","contentUrl":"https:\/\/aaknives.eu\/wp-content\/uploads\/2021\/10\/AAknives_Logo_Green.png","width":1768,"height":1768,"caption":"AAKnives"},"image":{"@id":"https:\/\/aaknives.eu\/sv\/#\/schema\/logo\/image\/"},"sameAs":["https:\/\/www.facebook.com\/aaknives.eu\/","https:\/\/www.instagram.com\/aaknives\/","https:\/\/www.pinterest.com\/aa_knives\/","https:\/\/www.youtube.com\/channel\/UCHOQFjrOkgT6s4FIw9LDKyw\/featured"]}]}},"_links":{"self":[{"href":"https:\/\/aaknives.eu\/sv\/wp-json\/wp\/v2\/product\/56549","targetHints":{"allow":["GET"]}}],"collection":[{"href":"https:\/\/aaknives.eu\/sv\/wp-json\/wp\/v2\/product"}],"about":[{"href":"https:\/\/aaknives.eu\/sv\/wp-json\/wp\/v2\/types\/product"}],"wp:featuredmedia":[{"embeddable":true,"href":"https:\/\/aaknives.eu\/sv\/wp-json\/wp\/v2\/media\/56550"}],"wp:attachment":[{"href":"https:\/\/aaknives.eu\/sv\/wp-json\/wp\/v2\/media?parent=56549"}],"wp:term":[{"taxonomy":"product_brand","embeddable":true,"href":"https:\/\/aaknives.eu\/sv\/wp-json\/wp\/v2\/product_brand?post=56549"},{"taxonomy":"product_cat","embeddable":true,"href":"https:\/\/aaknives.eu\/sv\/wp-json\/wp\/v2\/product_cat?post=56549"},{"taxonomy":"product_tag","embeddable":true,"href":"https:\/\/aaknives.eu\/sv\/wp-json\/wp\/v2\/product_tag?post=56549"}],"curies":[{"name":"wp","href":"https:\/\/api.w.org\/{rel}","templated":true}]}}