{"id":65351,"date":"2024-07-03T15:23:38","date_gmt":"2024-07-03T15:23:38","guid":{"rendered":"https:\/\/aaknives.eu\/?post_type=product&#038;p=65351"},"modified":"2025-10-22T17:30:43","modified_gmt":"2025-10-22T17:30:43","slug":"kniv-shark-handsmidd-svenskt-stal-uddeholm-elmax-superclean-2","status":"publish","type":"product","link":"https:\/\/aaknives.eu\/sv\/product\/kniv-shark-handsmidd-svenskt-stal-uddeholm-elmax-superclean-2\/","title":{"rendered":"Kniv &#8221;SHARK&#8221;, handsmidd svenskt st\u00e5l Uddeholm \u201dElmax\u201d SuperClean"},"content":{"rendered":"<p>Knivspecifikationer: SHARK<br \/>\nSt\u00e5l: Svenskt st\u00e5l Uddeholm \u201dElmax\u201d SuperClean<br \/>\nH\u00e5rdhet: 60 HRC<br \/>\nBladl\u00e4ngd (mm): 110 \/ 4,33 tum<br \/>\nBladtjocklek (mm): 4 \/ 0,15 tum<br \/>\nBladbredd (mm): 32 \/ 1,25 tum<br \/>\nHandtag: Stabiliserad karelsk bj\u00f6rk<br \/>\nTotal l\u00e4ngd (mm): 240 \/ 9,44 tum<\/p>\n<p>Elmax \u00e4r ett av de vanligaste pulverst\u00e5len. D\u00e4rf\u00f6r, f\u00f6r att grovt f\u00f6rst\u00e5 vilka mirakel en &#8220;pulver&#8221; -kniv kan, kommer det att r\u00e4cka f\u00f6r att studera egenskaperna hos Elmax-st\u00e5l. Den viktigaste faktorn som p\u00e5verkar egenskaperna hos ett st\u00e5l, och d\u00e4rmed den kniv som tillverkas av det, \u00e4r ligaturen. Det \u00e4r de kemiska elementen i st\u00e5lets sammans\u00e4ttning som ger det vissa egenskaper, oavsett om det handlar om h\u00e5llfasthet, korrosionsbest\u00e4ndighet, slagseghet, sk\u00e4rbest\u00e4ndighet och s\u00e5 vidare. Elmax-st\u00e5l k\u00e4nnetecknas av f\u00f6ljande sammans\u00e4ttning: 1,7% kol, vilket g\u00f6r att st\u00e5let kan klassificeras som h\u00f6gkolhaltigt och ger det \u00f6kad h\u00e5rdhet och styrka. 18% krom, som ger exceptionell korrosionsbest\u00e4ndighet och \u00f6kar st\u00e5lets h\u00e5llfasthet, samt seghet med elasticitet. 3% vanadin, som f\u00f6rb\u00e4ttrar st\u00e5lets struktur, g\u00f6r det t\u00e4tare och ger det h\u00e5rdhet och styrka. 1% molybden, vilket \u00f6kar korrosionsbest\u00e4ndigheten n\u00e5got, liksom h\u00e5llfasthetsegenskaperna, inklusive elasticitet. 0,3% mangan, vilket ocks\u00e5 har en positiv inverkan p\u00e5 st\u00e5lets h\u00e5llfasthet, slitstyrka och h\u00e5rdhet, samtidigt som det inte minskar duktiliteten.<\/p>\n<p>Knivar fr\u00e5n Elmax \u00e4r inte ben\u00e4gna att korrosion, och n\u00e4stan helt. Blad av detta st\u00e5l \u00e4r mycket motst\u00e5ndskraftiga mot sidobelastning och b\u00f6jning. Pulverst\u00e5l har en n\u00e4stan perfekt inre struktur. Absolut rening fr\u00e5n skadliga f\u00f6roreningar. Enast\u00e5ende eggh\u00e5llfasthet och relativt l\u00e4tt att slipa med bra slipstenar. St\u00e5let \u00e4r v\u00e4lpolerat och \u00e4ven polerat utan att m\u00f6nstret syns. Det \u00e4r m\u00f6jligt att uppn\u00e5 en helt spegelblank yta.<\/p>\n<p>Sammanfattningsvis kan vi konstatera att Elmax-st\u00e5l med r\u00e4tta \u00e4r erk\u00e4nt som ett av de b\u00e4sta knivst\u00e5len idag. Om du l\u00e4nge har funderat p\u00e5 att ta en kniv fr\u00e5n detta material \u00e4r det dags att best\u00e4mma dig. Den kommer att tj\u00e4na dig l\u00e4nge och troget.<\/p>\n","protected":false},"excerpt":{"rendered":"<p>ELMAX rostfritt pulververktygsst\u00e5l \u00e4r tillverkat i Sverige. Tillverkaren \u00e4r UDDEHOLM. Knivar i Elmax-st\u00e5l \u00e4r popul\u00e4ra \u00f6ver hela v\u00e4rlden. Elmax-st\u00e5l \u00e4r mycket slitstarkt och korrosionsbest\u00e4ndigt tack vare den h\u00f6ga halten av krom, vanadin och molybden. Ultrah\u00e5rd sk\u00e4rkant. H\u00e5rdhet 62 enheter p\u00e5 Rockwell-skalan. B\u00e4ttre duktilitet (brotth\u00e5llfasthet). Bladet av ELMAX-st\u00e5l l\u00e4mpar sig v\u00e4l f\u00f6r polering, vilket resulterar i att ytan blir spegelblank.<\/p>\n","protected":false},"featured_media":102630,"template":"","meta":{"_themeisle_gutenberg_block_has_review":false},"product_brand":[],"product_cat":[422,414,413],"product_tag":[],"class_list":{"0":"post-65351","1":"product","2":"type-product","3":"status-publish","4":"has-post-thumbnail","6":"product_cat-fiskeknivar","7":"product_cat-jaktknivar","8":"product_cat-knivar-for-utomhusbruk","10":"first","11":"instock","12":"shipping-taxable","13":"purchasable","14":"product-type-simple"},"yoast_head":"<!-- This site is optimized with the Yoast SEO plugin v27.3 - https:\/\/yoast.com\/product\/yoast-seo-wordpress\/ -->\n<title>Kniv &#039;&#039;SHARK&#039;&#039;, handsmidd svenskt st\u00e5l Uddeholm \u201dElmax\u201d SuperClean - AAKnives<\/title>\n<meta name=\"description\" content=\"Kniv &#039;&#039;SHARK&#039;&#039;, handsmidd svenskt st\u00e5l Uddeholm \u201dElmax\u201d SuperClean, jaktkniv, friluftskniv, handgjord kniv\" \/>\n<meta name=\"robots\" content=\"index, follow, max-snippet:-1, max-image-preview:large, max-video-preview:-1\" \/>\n<link rel=\"canonical\" href=\"https:\/\/aaknives.eu\/sv\/product\/kniv-shark-handsmidd-svenskt-stal-uddeholm-elmax-superclean-2\/\" \/>\n<meta property=\"og:locale\" content=\"sv_SE\" \/>\n<meta property=\"og:type\" content=\"article\" \/>\n<meta property=\"og:title\" content=\"Kniv &#039;&#039;SHARK&#039;&#039;, handsmidd svenskt st\u00e5l Uddeholm \u201dElmax\u201d SuperClean - AAKnives\" \/>\n<meta property=\"og:description\" content=\"Kniv &#039;&#039;SHARK&#039;&#039;, handsmidd svenskt st\u00e5l Uddeholm \u201dElmax\u201d SuperClean, jaktkniv, friluftskniv, handgjord kniv\" \/>\n<meta property=\"og:url\" content=\"https:\/\/aaknives.eu\/sv\/product\/kniv-shark-handsmidd-svenskt-stal-uddeholm-elmax-superclean-2\/\" \/>\n<meta property=\"og:site_name\" content=\"AAKnives\" \/>\n<meta property=\"article:publisher\" content=\"https:\/\/www.facebook.com\/aaknives.eu\/\" \/>\n<meta property=\"article:modified_time\" content=\"2025-10-22T17:30:43+00:00\" \/>\n<meta property=\"og:image\" content=\"https:\/\/aaknives.eu\/wp-content\/uploads\/2024\/07\/aaknives-hand-forged-damascus-steel-blade-knife-handmade-custom-made-knife-handcrafted-knives-autinetools-northmen-1-67.jpg\" \/>\n\t<meta property=\"og:image:width\" content=\"1020\" \/>\n\t<meta property=\"og:image:height\" content=\"880\" \/>\n\t<meta property=\"og:image:type\" content=\"image\/jpeg\" \/>\n<meta name=\"twitter:card\" content=\"summary_large_image\" \/>\n<meta name=\"twitter:label1\" content=\"Ber\u00e4knad l\u00e4stid\" \/>\n\t<meta name=\"twitter:data1\" content=\"2 minuter\" \/>\n<script type=\"application\/ld+json\" class=\"yoast-schema-graph\">{\"@context\":\"https:\\\/\\\/schema.org\",\"@graph\":[{\"@type\":\"WebPage\",\"@id\":\"https:\\\/\\\/aaknives.eu\\\/sv\\\/product\\\/kniv-shark-handsmidd-svenskt-stal-uddeholm-elmax-superclean-2\\\/\",\"url\":\"https:\\\/\\\/aaknives.eu\\\/sv\\\/product\\\/kniv-shark-handsmidd-svenskt-stal-uddeholm-elmax-superclean-2\\\/\",\"name\":\"Kniv ''SHARK'', handsmidd svenskt st\u00e5l Uddeholm \u201dElmax\u201d SuperClean - AAKnives\",\"isPartOf\":{\"@id\":\"https:\\\/\\\/aaknives.eu\\\/sv\\\/#website\"},\"primaryImageOfPage\":{\"@id\":\"https:\\\/\\\/aaknives.eu\\\/sv\\\/product\\\/kniv-shark-handsmidd-svenskt-stal-uddeholm-elmax-superclean-2\\\/#primaryimage\"},\"image\":{\"@id\":\"https:\\\/\\\/aaknives.eu\\\/sv\\\/product\\\/kniv-shark-handsmidd-svenskt-stal-uddeholm-elmax-superclean-2\\\/#primaryimage\"},\"thumbnailUrl\":\"https:\\\/\\\/aaknives.eu\\\/wp-content\\\/uploads\\\/2024\\\/07\\\/aaknives-hand-forged-damascus-steel-blade-knife-handmade-custom-made-knife-handcrafted-knives-autinetools-northmen-1-67.jpg\",\"datePublished\":\"2024-07-03T15:23:38+00:00\",\"dateModified\":\"2025-10-22T17:30:43+00:00\",\"description\":\"Kniv ''SHARK'', handsmidd svenskt st\u00e5l Uddeholm \u201dElmax\u201d SuperClean, jaktkniv, friluftskniv, handgjord kniv\",\"breadcrumb\":{\"@id\":\"https:\\\/\\\/aaknives.eu\\\/sv\\\/product\\\/kniv-shark-handsmidd-svenskt-stal-uddeholm-elmax-superclean-2\\\/#breadcrumb\"},\"inLanguage\":\"sv-SE\",\"potentialAction\":[{\"@type\":\"ReadAction\",\"target\":[\"https:\\\/\\\/aaknives.eu\\\/sv\\\/product\\\/kniv-shark-handsmidd-svenskt-stal-uddeholm-elmax-superclean-2\\\/\"]}]},{\"@type\":\"ImageObject\",\"inLanguage\":\"sv-SE\",\"@id\":\"https:\\\/\\\/aaknives.eu\\\/sv\\\/product\\\/kniv-shark-handsmidd-svenskt-stal-uddeholm-elmax-superclean-2\\\/#primaryimage\",\"url\":\"https:\\\/\\\/aaknives.eu\\\/wp-content\\\/uploads\\\/2024\\\/07\\\/aaknives-hand-forged-damascus-steel-blade-knife-handmade-custom-made-knife-handcrafted-knives-autinetools-northmen-1-67.jpg\",\"contentUrl\":\"https:\\\/\\\/aaknives.eu\\\/wp-content\\\/uploads\\\/2024\\\/07\\\/aaknives-hand-forged-damascus-steel-blade-knife-handmade-custom-made-knife-handcrafted-knives-autinetools-northmen-1-67.jpg\",\"width\":1020,\"height\":880},{\"@type\":\"BreadcrumbList\",\"@id\":\"https:\\\/\\\/aaknives.eu\\\/sv\\\/product\\\/kniv-shark-handsmidd-svenskt-stal-uddeholm-elmax-superclean-2\\\/#breadcrumb\",\"itemListElement\":[{\"@type\":\"ListItem\",\"position\":1,\"name\":\"Home\",\"item\":\"https:\\\/\\\/aaknives.eu\\\/sv\\\/\"},{\"@type\":\"ListItem\",\"position\":2,\"name\":\"Butik\",\"item\":\"https:\\\/\\\/aaknives.eu\\\/butik\\\/\"},{\"@type\":\"ListItem\",\"position\":3,\"name\":\"Kniv &#8221;SHARK&#8221;, handsmidd svenskt st\u00e5l Uddeholm \u201dElmax\u201d SuperClean\"}]},{\"@type\":\"WebSite\",\"@id\":\"https:\\\/\\\/aaknives.eu\\\/sv\\\/#website\",\"url\":\"https:\\\/\\\/aaknives.eu\\\/sv\\\/\",\"name\":\"AAKnives\",\"description\":\"Handmade knives\",\"publisher\":{\"@id\":\"https:\\\/\\\/aaknives.eu\\\/sv\\\/#organization\"},\"potentialAction\":[{\"@type\":\"SearchAction\",\"target\":{\"@type\":\"EntryPoint\",\"urlTemplate\":\"https:\\\/\\\/aaknives.eu\\\/sv\\\/?s={search_term_string}\"},\"query-input\":{\"@type\":\"PropertyValueSpecification\",\"valueRequired\":true,\"valueName\":\"search_term_string\"}}],\"inLanguage\":\"sv-SE\"},{\"@type\":\"Organization\",\"@id\":\"https:\\\/\\\/aaknives.eu\\\/sv\\\/#organization\",\"name\":\"AAKnives\",\"url\":\"https:\\\/\\\/aaknives.eu\\\/sv\\\/\",\"logo\":{\"@type\":\"ImageObject\",\"inLanguage\":\"sv-SE\",\"@id\":\"https:\\\/\\\/aaknives.eu\\\/sv\\\/#\\\/schema\\\/logo\\\/image\\\/\",\"url\":\"https:\\\/\\\/aaknives.eu\\\/wp-content\\\/uploads\\\/2021\\\/10\\\/AAknives_Logo_Green.png\",\"contentUrl\":\"https:\\\/\\\/aaknives.eu\\\/wp-content\\\/uploads\\\/2021\\\/10\\\/AAknives_Logo_Green.png\",\"width\":1768,\"height\":1768,\"caption\":\"AAKnives\"},\"image\":{\"@id\":\"https:\\\/\\\/aaknives.eu\\\/sv\\\/#\\\/schema\\\/logo\\\/image\\\/\"},\"sameAs\":[\"https:\\\/\\\/www.facebook.com\\\/aaknives.eu\\\/\",\"https:\\\/\\\/www.instagram.com\\\/aaknives\\\/\",\"https:\\\/\\\/www.pinterest.com\\\/aa_knives\\\/\",\"https:\\\/\\\/www.youtube.com\\\/channel\\\/UCHOQFjrOkgT6s4FIw9LDKyw\\\/featured\"]}]}<\/script>\n<!-- \/ Yoast SEO plugin. -->","yoast_head_json":{"title":"Kniv ''SHARK'', handsmidd svenskt st\u00e5l Uddeholm \u201dElmax\u201d SuperClean - AAKnives","description":"Kniv ''SHARK'', handsmidd svenskt st\u00e5l Uddeholm \u201dElmax\u201d SuperClean, jaktkniv, friluftskniv, handgjord kniv","robots":{"index":"index","follow":"follow","max-snippet":"max-snippet:-1","max-image-preview":"max-image-preview:large","max-video-preview":"max-video-preview:-1"},"canonical":"https:\/\/aaknives.eu\/sv\/product\/kniv-shark-handsmidd-svenskt-stal-uddeholm-elmax-superclean-2\/","og_locale":"sv_SE","og_type":"article","og_title":"Kniv ''SHARK'', handsmidd svenskt st\u00e5l Uddeholm \u201dElmax\u201d SuperClean - AAKnives","og_description":"Kniv ''SHARK'', handsmidd svenskt st\u00e5l Uddeholm \u201dElmax\u201d SuperClean, jaktkniv, friluftskniv, handgjord kniv","og_url":"https:\/\/aaknives.eu\/sv\/product\/kniv-shark-handsmidd-svenskt-stal-uddeholm-elmax-superclean-2\/","og_site_name":"AAKnives","article_publisher":"https:\/\/www.facebook.com\/aaknives.eu\/","article_modified_time":"2025-10-22T17:30:43+00:00","og_image":[{"width":1020,"height":880,"url":"https:\/\/aaknives.eu\/wp-content\/uploads\/2024\/07\/aaknives-hand-forged-damascus-steel-blade-knife-handmade-custom-made-knife-handcrafted-knives-autinetools-northmen-1-67.jpg","type":"image\/jpeg"}],"twitter_card":"summary_large_image","twitter_misc":{"Ber\u00e4knad l\u00e4stid":"2 minuter"},"schema":{"@context":"https:\/\/schema.org","@graph":[{"@type":"WebPage","@id":"https:\/\/aaknives.eu\/sv\/product\/kniv-shark-handsmidd-svenskt-stal-uddeholm-elmax-superclean-2\/","url":"https:\/\/aaknives.eu\/sv\/product\/kniv-shark-handsmidd-svenskt-stal-uddeholm-elmax-superclean-2\/","name":"Kniv ''SHARK'', handsmidd svenskt st\u00e5l Uddeholm \u201dElmax\u201d SuperClean - AAKnives","isPartOf":{"@id":"https:\/\/aaknives.eu\/sv\/#website"},"primaryImageOfPage":{"@id":"https:\/\/aaknives.eu\/sv\/product\/kniv-shark-handsmidd-svenskt-stal-uddeholm-elmax-superclean-2\/#primaryimage"},"image":{"@id":"https:\/\/aaknives.eu\/sv\/product\/kniv-shark-handsmidd-svenskt-stal-uddeholm-elmax-superclean-2\/#primaryimage"},"thumbnailUrl":"https:\/\/aaknives.eu\/wp-content\/uploads\/2024\/07\/aaknives-hand-forged-damascus-steel-blade-knife-handmade-custom-made-knife-handcrafted-knives-autinetools-northmen-1-67.jpg","datePublished":"2024-07-03T15:23:38+00:00","dateModified":"2025-10-22T17:30:43+00:00","description":"Kniv ''SHARK'', handsmidd svenskt st\u00e5l Uddeholm \u201dElmax\u201d SuperClean, jaktkniv, friluftskniv, handgjord kniv","breadcrumb":{"@id":"https:\/\/aaknives.eu\/sv\/product\/kniv-shark-handsmidd-svenskt-stal-uddeholm-elmax-superclean-2\/#breadcrumb"},"inLanguage":"sv-SE","potentialAction":[{"@type":"ReadAction","target":["https:\/\/aaknives.eu\/sv\/product\/kniv-shark-handsmidd-svenskt-stal-uddeholm-elmax-superclean-2\/"]}]},{"@type":"ImageObject","inLanguage":"sv-SE","@id":"https:\/\/aaknives.eu\/sv\/product\/kniv-shark-handsmidd-svenskt-stal-uddeholm-elmax-superclean-2\/#primaryimage","url":"https:\/\/aaknives.eu\/wp-content\/uploads\/2024\/07\/aaknives-hand-forged-damascus-steel-blade-knife-handmade-custom-made-knife-handcrafted-knives-autinetools-northmen-1-67.jpg","contentUrl":"https:\/\/aaknives.eu\/wp-content\/uploads\/2024\/07\/aaknives-hand-forged-damascus-steel-blade-knife-handmade-custom-made-knife-handcrafted-knives-autinetools-northmen-1-67.jpg","width":1020,"height":880},{"@type":"BreadcrumbList","@id":"https:\/\/aaknives.eu\/sv\/product\/kniv-shark-handsmidd-svenskt-stal-uddeholm-elmax-superclean-2\/#breadcrumb","itemListElement":[{"@type":"ListItem","position":1,"name":"Home","item":"https:\/\/aaknives.eu\/sv\/"},{"@type":"ListItem","position":2,"name":"Butik","item":"https:\/\/aaknives.eu\/butik\/"},{"@type":"ListItem","position":3,"name":"Kniv &#8221;SHARK&#8221;, handsmidd svenskt st\u00e5l Uddeholm \u201dElmax\u201d SuperClean"}]},{"@type":"WebSite","@id":"https:\/\/aaknives.eu\/sv\/#website","url":"https:\/\/aaknives.eu\/sv\/","name":"AAKnives","description":"Handmade knives","publisher":{"@id":"https:\/\/aaknives.eu\/sv\/#organization"},"potentialAction":[{"@type":"SearchAction","target":{"@type":"EntryPoint","urlTemplate":"https:\/\/aaknives.eu\/sv\/?s={search_term_string}"},"query-input":{"@type":"PropertyValueSpecification","valueRequired":true,"valueName":"search_term_string"}}],"inLanguage":"sv-SE"},{"@type":"Organization","@id":"https:\/\/aaknives.eu\/sv\/#organization","name":"AAKnives","url":"https:\/\/aaknives.eu\/sv\/","logo":{"@type":"ImageObject","inLanguage":"sv-SE","@id":"https:\/\/aaknives.eu\/sv\/#\/schema\/logo\/image\/","url":"https:\/\/aaknives.eu\/wp-content\/uploads\/2021\/10\/AAknives_Logo_Green.png","contentUrl":"https:\/\/aaknives.eu\/wp-content\/uploads\/2021\/10\/AAknives_Logo_Green.png","width":1768,"height":1768,"caption":"AAKnives"},"image":{"@id":"https:\/\/aaknives.eu\/sv\/#\/schema\/logo\/image\/"},"sameAs":["https:\/\/www.facebook.com\/aaknives.eu\/","https:\/\/www.instagram.com\/aaknives\/","https:\/\/www.pinterest.com\/aa_knives\/","https:\/\/www.youtube.com\/channel\/UCHOQFjrOkgT6s4FIw9LDKyw\/featured"]}]}},"_links":{"self":[{"href":"https:\/\/aaknives.eu\/sv\/wp-json\/wp\/v2\/product\/65351","targetHints":{"allow":["GET"]}}],"collection":[{"href":"https:\/\/aaknives.eu\/sv\/wp-json\/wp\/v2\/product"}],"about":[{"href":"https:\/\/aaknives.eu\/sv\/wp-json\/wp\/v2\/types\/product"}],"wp:featuredmedia":[{"embeddable":true,"href":"https:\/\/aaknives.eu\/sv\/wp-json\/wp\/v2\/media\/102630"}],"wp:attachment":[{"href":"https:\/\/aaknives.eu\/sv\/wp-json\/wp\/v2\/media?parent=65351"}],"wp:term":[{"taxonomy":"product_brand","embeddable":true,"href":"https:\/\/aaknives.eu\/sv\/wp-json\/wp\/v2\/product_brand?post=65351"},{"taxonomy":"product_cat","embeddable":true,"href":"https:\/\/aaknives.eu\/sv\/wp-json\/wp\/v2\/product_cat?post=65351"},{"taxonomy":"product_tag","embeddable":true,"href":"https:\/\/aaknives.eu\/sv\/wp-json\/wp\/v2\/product_tag?post=65351"}],"curies":[{"name":"wp","href":"https:\/\/api.w.org\/{rel}","templated":true}]}}