{"id":89995,"date":"2024-10-29T02:13:39","date_gmt":"2024-10-29T02:13:39","guid":{"rendered":"https:\/\/aaknives.eu\/?post_type=product&#038;p=89995"},"modified":"2024-10-29T02:58:20","modified_gmt":"2024-10-29T02:58:20","slug":"kniv-werewolf-handsmidd-i-damaskusstal-kniv-i-premiumklass-3","status":"publish","type":"product","link":"https:\/\/aaknives.eu\/sv\/product\/kniv-werewolf-handsmidd-i-damaskusstal-kniv-i-premiumklass-3\/","title":{"rendered":"Kniv &#8220;WEREWOLF&#8221; &#8211; handsmidd i Damaskusst\u00e5l Kniv i premiumklass"},"content":{"rendered":"<p>Specifikationer f\u00f6r kniv &#8211; WEREWOLF<br \/>\nSt\u00e5l: Jaktkniv i Damaskusst\u00e5l, (HVG, U10, ShH15), 800 lager<br \/>\nH\u00e5rdhet: 60-62 HRC<br \/>\nBladets l\u00e4ngd (mm): 120 \/ 4,72 tum<br \/>\nBladets tjocklek (mm): 3 \/ 0,11 tum<br \/>\nBladbredd (mm): 34 \/ 1,33 tum<br \/>\nHandtag: Afrikanskt tr\u00e4 &#8211; Wenge, pressat l\u00e4der brun f\u00e4rg<br \/>\nTotal l\u00e4ngd (mm): 248 \/ 9,76 tum<\/p>\n<p>Design: KD<br \/>\nBlad: Smidd speciellt f\u00f6r AA-knivar<br \/>\nHandtag: Tillverkad av AA Knives i Lettland, Europa<br \/>\nSlipning: AAknivar<\/p>\n<p>Handsmidd klinga i Damaskusst\u00e5l som skapats av ett paket st\u00e5l med olika h\u00e5rdhet och viskositet, som i en specifik ordning viks ihop till en platta. D\u00e4refter smids plattan om upprepade g\u00e5nger, tack vare vilka lager och ett unikt m\u00f6nster bildas.<br \/>\nEn sv\u00e5r teknisk process g\u00f6rs manuellt. St\u00e5l som erh\u00e5lls p\u00e5 detta s\u00e4tt k\u00e4nnetecknas av \u00f6kad h\u00e5llfasthet, h\u00f6g h\u00e5rdhet, utm\u00e4rkta sk\u00e4regenskaper och sk\u00f6nhet.<br \/>\nDamaskusblad med mer \u00e4n 800 lager.<br \/>\nPaket Damaskusst\u00e5l blad ShH15 + HVG + U10 A, termiskt uttryck 860 \u00b0 C<\/p>\n<p>F\u00f6rdelarna med knivar med Damaskusblad:<br \/>\n\u00d6kad styrka<br \/>\nH\u00f6g h\u00e5rdhet<br \/>\nUtm\u00e4rkta sk\u00e4regenskaper<br \/>\nVacker design<br \/>\nL\u00e5ngvarig sk\u00e4rpa<\/p>\n<p>Bladets h\u00e5rdhet 60-62 HRC.<\/p>\n","protected":false},"excerpt":{"rendered":"<p>Specifikationer f\u00f6r kniv &#8211; WEREWOLF St\u00e5l: Jaktkniv i Damaskusst\u00e5l, (HVG, U10, ShH15), 800 lager H\u00e5rdhet: 60-62 HRC Bladets l\u00e4ngd (mm): 120 \/ 4,72 tum Bladets tjocklek (mm): 3 \/ 0,11 tum Bladbredd (mm): 34 \/ 1,33 tum Handtag: Afrikanskt tr\u00e4 &#8211; Wenge, pressat l\u00e4der brun f\u00e4rg Total l\u00e4ngd (mm): 248 \/ 9,76 tum Design: KD Blad: Smidd speciellt f\u00f6r AA-knivar Handtag: Tillverkad av AA Knives i Lettland, Europa Slipning: AAknivar Handsmidd klinga i Damaskusst\u00e5l som skapats av ett paket st\u00e5l med olika h\u00e5rdhet och viskositet, som i en specifik ordning viks ihop till en platta. D\u00e4refter smids plattan om upprepade&hellip;<\/p>\n","protected":false},"featured_media":78275,"template":"","meta":{"_themeisle_gutenberg_block_has_review":false},"product_brand":[],"product_cat":[422,414,413,418],"product_tag":[],"class_list":{"0":"post-89995","1":"product","2":"type-product","3":"status-publish","4":"has-post-thumbnail","6":"product_cat-fiskeknivar","7":"product_cat-jaktknivar","8":"product_cat-knivar-for-utomhusbruk","9":"product_cat-premium-och-exklusiva-knivar","11":"first","12":"instock","13":"featured","14":"shipping-taxable","15":"purchasable","16":"product-type-simple"},"yoast_head":"<!-- This site is optimized with the Yoast SEO plugin v27.3 - https:\/\/yoast.com\/product\/yoast-seo-wordpress\/ -->\n<title>Kniv &quot;WEREWOLF&quot; - handsmidd i Damaskusst\u00e5l Kniv i premiumklass - AAKnives<\/title>\n<meta name=\"description\" content=\"handsmidd kniv i Damaskusst\u00e5l av h\u00f6gsta klass. Specialkniv, handgjord kniv, handsmidd kniv, handsmidd blad. B\u00e4sta jaktkniven. Blad av damaskus\" \/>\n<meta name=\"robots\" content=\"index, follow, max-snippet:-1, max-image-preview:large, max-video-preview:-1\" \/>\n<link rel=\"canonical\" href=\"https:\/\/aaknives.eu\/sv\/product\/kniv-werewolf-handsmidd-i-damaskusstal-kniv-i-premiumklass-3\/\" \/>\n<meta property=\"og:locale\" content=\"sv_SE\" \/>\n<meta property=\"og:type\" content=\"article\" \/>\n<meta property=\"og:title\" content=\"Kniv &quot;WEREWOLF&quot; - handsmidd i Damaskusst\u00e5l Kniv i premiumklass - AAKnives\" \/>\n<meta property=\"og:description\" content=\"handsmidd kniv i Damaskusst\u00e5l av h\u00f6gsta klass. Specialkniv, handgjord kniv, handsmidd kniv, handsmidd blad. B\u00e4sta jaktkniven. Blad av damaskus\" \/>\n<meta property=\"og:url\" content=\"https:\/\/aaknives.eu\/sv\/product\/kniv-werewolf-handsmidd-i-damaskusstal-kniv-i-premiumklass-3\/\" \/>\n<meta property=\"og:site_name\" content=\"AAKnives\" \/>\n<meta property=\"article:publisher\" content=\"https:\/\/www.facebook.com\/aaknives.eu\/\" \/>\n<meta property=\"article:modified_time\" content=\"2024-10-29T02:58:20+00:00\" \/>\n<meta property=\"og:image\" content=\"https:\/\/aaknives.eu\/wp-content\/uploads\/2024\/10\/aaknives-hand-forged-dabascus-steel-blade-knife-handmade-custom-made-knife-handcrafted-knives-autinetools-northmen-11-2.jpg\" \/>\n\t<meta property=\"og:image:width\" content=\"1020\" \/>\n\t<meta property=\"og:image:height\" content=\"880\" \/>\n\t<meta property=\"og:image:type\" content=\"image\/jpeg\" \/>\n<meta name=\"twitter:card\" content=\"summary_large_image\" \/>\n<meta name=\"twitter:label1\" content=\"Ber\u00e4knad l\u00e4stid\" \/>\n\t<meta name=\"twitter:data1\" content=\"1 minut\" \/>\n<script type=\"application\/ld+json\" class=\"yoast-schema-graph\">{\"@context\":\"https:\\\/\\\/schema.org\",\"@graph\":[{\"@type\":\"WebPage\",\"@id\":\"https:\\\/\\\/aaknives.eu\\\/sv\\\/product\\\/kniv-werewolf-handsmidd-i-damaskusstal-kniv-i-premiumklass-3\\\/\",\"url\":\"https:\\\/\\\/aaknives.eu\\\/sv\\\/product\\\/kniv-werewolf-handsmidd-i-damaskusstal-kniv-i-premiumklass-3\\\/\",\"name\":\"Kniv \\\"WEREWOLF\\\" - handsmidd i Damaskusst\u00e5l Kniv i premiumklass - AAKnives\",\"isPartOf\":{\"@id\":\"https:\\\/\\\/aaknives.eu\\\/sv\\\/#website\"},\"primaryImageOfPage\":{\"@id\":\"https:\\\/\\\/aaknives.eu\\\/sv\\\/product\\\/kniv-werewolf-handsmidd-i-damaskusstal-kniv-i-premiumklass-3\\\/#primaryimage\"},\"image\":{\"@id\":\"https:\\\/\\\/aaknives.eu\\\/sv\\\/product\\\/kniv-werewolf-handsmidd-i-damaskusstal-kniv-i-premiumklass-3\\\/#primaryimage\"},\"thumbnailUrl\":\"https:\\\/\\\/aaknives.eu\\\/wp-content\\\/uploads\\\/2024\\\/10\\\/aaknives-hand-forged-dabascus-steel-blade-knife-handmade-custom-made-knife-handcrafted-knives-autinetools-northmen-11-2.jpg\",\"datePublished\":\"2024-10-29T02:13:39+00:00\",\"dateModified\":\"2024-10-29T02:58:20+00:00\",\"description\":\"handsmidd kniv i Damaskusst\u00e5l av h\u00f6gsta klass. Specialkniv, handgjord kniv, handsmidd kniv, handsmidd blad. B\u00e4sta jaktkniven. Blad av damaskus\",\"breadcrumb\":{\"@id\":\"https:\\\/\\\/aaknives.eu\\\/sv\\\/product\\\/kniv-werewolf-handsmidd-i-damaskusstal-kniv-i-premiumklass-3\\\/#breadcrumb\"},\"inLanguage\":\"sv-SE\",\"potentialAction\":[{\"@type\":\"ReadAction\",\"target\":[\"https:\\\/\\\/aaknives.eu\\\/sv\\\/product\\\/kniv-werewolf-handsmidd-i-damaskusstal-kniv-i-premiumklass-3\\\/\"]}]},{\"@type\":\"ImageObject\",\"inLanguage\":\"sv-SE\",\"@id\":\"https:\\\/\\\/aaknives.eu\\\/sv\\\/product\\\/kniv-werewolf-handsmidd-i-damaskusstal-kniv-i-premiumklass-3\\\/#primaryimage\",\"url\":\"https:\\\/\\\/aaknives.eu\\\/wp-content\\\/uploads\\\/2024\\\/10\\\/aaknives-hand-forged-dabascus-steel-blade-knife-handmade-custom-made-knife-handcrafted-knives-autinetools-northmen-11-2.jpg\",\"contentUrl\":\"https:\\\/\\\/aaknives.eu\\\/wp-content\\\/uploads\\\/2024\\\/10\\\/aaknives-hand-forged-dabascus-steel-blade-knife-handmade-custom-made-knife-handcrafted-knives-autinetools-northmen-11-2.jpg\",\"width\":1020,\"height\":880},{\"@type\":\"BreadcrumbList\",\"@id\":\"https:\\\/\\\/aaknives.eu\\\/sv\\\/product\\\/kniv-werewolf-handsmidd-i-damaskusstal-kniv-i-premiumklass-3\\\/#breadcrumb\",\"itemListElement\":[{\"@type\":\"ListItem\",\"position\":1,\"name\":\"Home\",\"item\":\"https:\\\/\\\/aaknives.eu\\\/sv\\\/\"},{\"@type\":\"ListItem\",\"position\":2,\"name\":\"Butik\",\"item\":\"https:\\\/\\\/aaknives.eu\\\/butik\\\/\"},{\"@type\":\"ListItem\",\"position\":3,\"name\":\"Kniv &#8220;WEREWOLF&#8221; &#8211; handsmidd i Damaskusst\u00e5l Kniv i premiumklass\"}]},{\"@type\":\"WebSite\",\"@id\":\"https:\\\/\\\/aaknives.eu\\\/sv\\\/#website\",\"url\":\"https:\\\/\\\/aaknives.eu\\\/sv\\\/\",\"name\":\"AAKnives\",\"description\":\"Handmade knives\",\"publisher\":{\"@id\":\"https:\\\/\\\/aaknives.eu\\\/sv\\\/#organization\"},\"potentialAction\":[{\"@type\":\"SearchAction\",\"target\":{\"@type\":\"EntryPoint\",\"urlTemplate\":\"https:\\\/\\\/aaknives.eu\\\/sv\\\/?s={search_term_string}\"},\"query-input\":{\"@type\":\"PropertyValueSpecification\",\"valueRequired\":true,\"valueName\":\"search_term_string\"}}],\"inLanguage\":\"sv-SE\"},{\"@type\":\"Organization\",\"@id\":\"https:\\\/\\\/aaknives.eu\\\/sv\\\/#organization\",\"name\":\"AAKnives\",\"url\":\"https:\\\/\\\/aaknives.eu\\\/sv\\\/\",\"logo\":{\"@type\":\"ImageObject\",\"inLanguage\":\"sv-SE\",\"@id\":\"https:\\\/\\\/aaknives.eu\\\/sv\\\/#\\\/schema\\\/logo\\\/image\\\/\",\"url\":\"https:\\\/\\\/aaknives.eu\\\/wp-content\\\/uploads\\\/2021\\\/10\\\/AAknives_Logo_Green.png\",\"contentUrl\":\"https:\\\/\\\/aaknives.eu\\\/wp-content\\\/uploads\\\/2021\\\/10\\\/AAknives_Logo_Green.png\",\"width\":1768,\"height\":1768,\"caption\":\"AAKnives\"},\"image\":{\"@id\":\"https:\\\/\\\/aaknives.eu\\\/sv\\\/#\\\/schema\\\/logo\\\/image\\\/\"},\"sameAs\":[\"https:\\\/\\\/www.facebook.com\\\/aaknives.eu\\\/\",\"https:\\\/\\\/www.instagram.com\\\/aaknives\\\/\",\"https:\\\/\\\/www.pinterest.com\\\/aa_knives\\\/\",\"https:\\\/\\\/www.youtube.com\\\/channel\\\/UCHOQFjrOkgT6s4FIw9LDKyw\\\/featured\"]}]}<\/script>\n<!-- \/ Yoast SEO plugin. -->","yoast_head_json":{"title":"Kniv \"WEREWOLF\" - handsmidd i Damaskusst\u00e5l Kniv i premiumklass - AAKnives","description":"handsmidd kniv i Damaskusst\u00e5l av h\u00f6gsta klass. Specialkniv, handgjord kniv, handsmidd kniv, handsmidd blad. B\u00e4sta jaktkniven. Blad av damaskus","robots":{"index":"index","follow":"follow","max-snippet":"max-snippet:-1","max-image-preview":"max-image-preview:large","max-video-preview":"max-video-preview:-1"},"canonical":"https:\/\/aaknives.eu\/sv\/product\/kniv-werewolf-handsmidd-i-damaskusstal-kniv-i-premiumklass-3\/","og_locale":"sv_SE","og_type":"article","og_title":"Kniv \"WEREWOLF\" - handsmidd i Damaskusst\u00e5l Kniv i premiumklass - AAKnives","og_description":"handsmidd kniv i Damaskusst\u00e5l av h\u00f6gsta klass. Specialkniv, handgjord kniv, handsmidd kniv, handsmidd blad. B\u00e4sta jaktkniven. Blad av damaskus","og_url":"https:\/\/aaknives.eu\/sv\/product\/kniv-werewolf-handsmidd-i-damaskusstal-kniv-i-premiumklass-3\/","og_site_name":"AAKnives","article_publisher":"https:\/\/www.facebook.com\/aaknives.eu\/","article_modified_time":"2024-10-29T02:58:20+00:00","og_image":[{"width":1020,"height":880,"url":"https:\/\/aaknives.eu\/wp-content\/uploads\/2024\/10\/aaknives-hand-forged-dabascus-steel-blade-knife-handmade-custom-made-knife-handcrafted-knives-autinetools-northmen-11-2.jpg","type":"image\/jpeg"}],"twitter_card":"summary_large_image","twitter_misc":{"Ber\u00e4knad l\u00e4stid":"1 minut"},"schema":{"@context":"https:\/\/schema.org","@graph":[{"@type":"WebPage","@id":"https:\/\/aaknives.eu\/sv\/product\/kniv-werewolf-handsmidd-i-damaskusstal-kniv-i-premiumklass-3\/","url":"https:\/\/aaknives.eu\/sv\/product\/kniv-werewolf-handsmidd-i-damaskusstal-kniv-i-premiumklass-3\/","name":"Kniv \"WEREWOLF\" - handsmidd i Damaskusst\u00e5l Kniv i premiumklass - AAKnives","isPartOf":{"@id":"https:\/\/aaknives.eu\/sv\/#website"},"primaryImageOfPage":{"@id":"https:\/\/aaknives.eu\/sv\/product\/kniv-werewolf-handsmidd-i-damaskusstal-kniv-i-premiumklass-3\/#primaryimage"},"image":{"@id":"https:\/\/aaknives.eu\/sv\/product\/kniv-werewolf-handsmidd-i-damaskusstal-kniv-i-premiumklass-3\/#primaryimage"},"thumbnailUrl":"https:\/\/aaknives.eu\/wp-content\/uploads\/2024\/10\/aaknives-hand-forged-dabascus-steel-blade-knife-handmade-custom-made-knife-handcrafted-knives-autinetools-northmen-11-2.jpg","datePublished":"2024-10-29T02:13:39+00:00","dateModified":"2024-10-29T02:58:20+00:00","description":"handsmidd kniv i Damaskusst\u00e5l av h\u00f6gsta klass. Specialkniv, handgjord kniv, handsmidd kniv, handsmidd blad. B\u00e4sta jaktkniven. Blad av damaskus","breadcrumb":{"@id":"https:\/\/aaknives.eu\/sv\/product\/kniv-werewolf-handsmidd-i-damaskusstal-kniv-i-premiumklass-3\/#breadcrumb"},"inLanguage":"sv-SE","potentialAction":[{"@type":"ReadAction","target":["https:\/\/aaknives.eu\/sv\/product\/kniv-werewolf-handsmidd-i-damaskusstal-kniv-i-premiumklass-3\/"]}]},{"@type":"ImageObject","inLanguage":"sv-SE","@id":"https:\/\/aaknives.eu\/sv\/product\/kniv-werewolf-handsmidd-i-damaskusstal-kniv-i-premiumklass-3\/#primaryimage","url":"https:\/\/aaknives.eu\/wp-content\/uploads\/2024\/10\/aaknives-hand-forged-dabascus-steel-blade-knife-handmade-custom-made-knife-handcrafted-knives-autinetools-northmen-11-2.jpg","contentUrl":"https:\/\/aaknives.eu\/wp-content\/uploads\/2024\/10\/aaknives-hand-forged-dabascus-steel-blade-knife-handmade-custom-made-knife-handcrafted-knives-autinetools-northmen-11-2.jpg","width":1020,"height":880},{"@type":"BreadcrumbList","@id":"https:\/\/aaknives.eu\/sv\/product\/kniv-werewolf-handsmidd-i-damaskusstal-kniv-i-premiumklass-3\/#breadcrumb","itemListElement":[{"@type":"ListItem","position":1,"name":"Home","item":"https:\/\/aaknives.eu\/sv\/"},{"@type":"ListItem","position":2,"name":"Butik","item":"https:\/\/aaknives.eu\/butik\/"},{"@type":"ListItem","position":3,"name":"Kniv &#8220;WEREWOLF&#8221; &#8211; handsmidd i Damaskusst\u00e5l Kniv i premiumklass"}]},{"@type":"WebSite","@id":"https:\/\/aaknives.eu\/sv\/#website","url":"https:\/\/aaknives.eu\/sv\/","name":"AAKnives","description":"Handmade knives","publisher":{"@id":"https:\/\/aaknives.eu\/sv\/#organization"},"potentialAction":[{"@type":"SearchAction","target":{"@type":"EntryPoint","urlTemplate":"https:\/\/aaknives.eu\/sv\/?s={search_term_string}"},"query-input":{"@type":"PropertyValueSpecification","valueRequired":true,"valueName":"search_term_string"}}],"inLanguage":"sv-SE"},{"@type":"Organization","@id":"https:\/\/aaknives.eu\/sv\/#organization","name":"AAKnives","url":"https:\/\/aaknives.eu\/sv\/","logo":{"@type":"ImageObject","inLanguage":"sv-SE","@id":"https:\/\/aaknives.eu\/sv\/#\/schema\/logo\/image\/","url":"https:\/\/aaknives.eu\/wp-content\/uploads\/2021\/10\/AAknives_Logo_Green.png","contentUrl":"https:\/\/aaknives.eu\/wp-content\/uploads\/2021\/10\/AAknives_Logo_Green.png","width":1768,"height":1768,"caption":"AAKnives"},"image":{"@id":"https:\/\/aaknives.eu\/sv\/#\/schema\/logo\/image\/"},"sameAs":["https:\/\/www.facebook.com\/aaknives.eu\/","https:\/\/www.instagram.com\/aaknives\/","https:\/\/www.pinterest.com\/aa_knives\/","https:\/\/www.youtube.com\/channel\/UCHOQFjrOkgT6s4FIw9LDKyw\/featured"]}]}},"_links":{"self":[{"href":"https:\/\/aaknives.eu\/sv\/wp-json\/wp\/v2\/product\/89995","targetHints":{"allow":["GET"]}}],"collection":[{"href":"https:\/\/aaknives.eu\/sv\/wp-json\/wp\/v2\/product"}],"about":[{"href":"https:\/\/aaknives.eu\/sv\/wp-json\/wp\/v2\/types\/product"}],"wp:featuredmedia":[{"embeddable":true,"href":"https:\/\/aaknives.eu\/sv\/wp-json\/wp\/v2\/media\/78275"}],"wp:attachment":[{"href":"https:\/\/aaknives.eu\/sv\/wp-json\/wp\/v2\/media?parent=89995"}],"wp:term":[{"taxonomy":"product_brand","embeddable":true,"href":"https:\/\/aaknives.eu\/sv\/wp-json\/wp\/v2\/product_brand?post=89995"},{"taxonomy":"product_cat","embeddable":true,"href":"https:\/\/aaknives.eu\/sv\/wp-json\/wp\/v2\/product_cat?post=89995"},{"taxonomy":"product_tag","embeddable":true,"href":"https:\/\/aaknives.eu\/sv\/wp-json\/wp\/v2\/product_tag?post=89995"}],"curies":[{"name":"wp","href":"https:\/\/api.w.org\/{rel}","templated":true}]}}