{"id":89998,"date":"2024-10-29T02:13:41","date_gmt":"2024-10-29T02:13:41","guid":{"rendered":"https:\/\/aaknives.eu\/?post_type=product&#038;p=89998"},"modified":"2026-04-29T16:08:46","modified_gmt":"2026-04-29T16:08:46","slug":"kniv-magnum-smidd-kniv-i-mosaikdamaskusstal-handtag-av-stabiliserad-mammutbete-3","status":"publish","type":"product","link":"https:\/\/aaknives.eu\/sv\/product\/kniv-magnum-smidd-kniv-i-mosaikdamaskusstal-handtag-av-stabiliserad-mammutbete-3\/","title":{"rendered":"Kniv &#8220;MAGNUM&#8221;, smidd kniv i mosaikdamaskusst\u00e5l, handtag av stabiliserad mammutbete"},"content":{"rendered":"<p>Specifikationer f\u00f6r kniv: &#8220;MAGNUM&#8221;<br \/>\nSt\u00e5l: handsmidd Mosaic Damascus-st\u00e5l<br \/>\nH\u00e5rdhet: 60-62 HRC<br \/>\nBladl\u00e4ngd (mm): 114 \/ 4,48 tum<br \/>\nBladtjocklek (mm): 3 \/ 0,11 tum<br \/>\nBladbredd (mm): 28 \/ 1,10 tum<br \/>\nHandtag: stabiliserad karelsk bj\u00f6rk, stabiliserad mammutbete<br \/>\nTotal l\u00e4ngd (mm): 236 \/ 9,29 tum<br \/>\nKnivtyp: jakt, utomhusbruk<br \/>\nF\u00f6rpackning: kniv, l\u00e4derh\u00f6lje<\/p>\n<p>&nbsp;<\/p>\n<p>Det h\u00e4r \u00e4r s\u00e4llsynta modeller med en unik, noggrant utformad design. F\u00f6rutom den exklusiva designen har s\u00e5dana dyra knivar h\u00f6g kvalitet, h\u00e5llbarhet och tillf\u00f6rlitlighet.<br \/>\n&#8211; Dyra st\u00e5ltyper anv\u00e4nds vid tillverkningen &#8211; diamant, pulver, damast etc.<br \/>\n&#8211; Handtaget p\u00e5 dessa knivar \u00e4r tillverkat av material med h\u00f6gt pris och inte l\u00e4gre kvalitet &#8211; naturliga ben, horn, s\u00e4llsynta tr\u00e4darter, kol, etc.<\/p>\n<p>Exklusiva knivar skiljer sig inte bara i utseende. Manuell tillverkning garanterar precision och kvalitet, och materialen v\u00e4ljs lika vackert och h\u00e5llbart.<br \/>\nUnikhet \u00e4r den st\u00f6rsta f\u00f6rdelen med s\u00e5dana knivsamlare. Exklusiva knivar \u00e4r det perfekta komplementet till vapensamlingen. Om du ska anv\u00e4nda en exklusiv kniv vid behov blir den inte bara ett p\u00e5litligt verktyg, utan hj\u00e4lper dig ocks\u00e5 att g\u00f6ra ett gott intryck.<\/p>\n","protected":false},"excerpt":{"rendered":"<p>Specifikationer f\u00f6r kniv: &#8220;MAGNUM&#8221; St\u00e5l: handsmidd Mosaic Damascus-st\u00e5l H\u00e5rdhet: 60-62 HRC Bladl\u00e4ngd (mm): 114 \/ 4,48 tum Bladtjocklek (mm): 3 \/ 0,11 tum Bladbredd (mm): 28 \/ 1,10 tum Handtag: stabiliserad karelsk bj\u00f6rk, stabiliserad mammutbete Total l\u00e4ngd (mm): 236 \/ 9,29 tum Knivtyp: jakt, utomhusbruk F\u00f6rpackning: kniv, l\u00e4derh\u00f6lje &nbsp; Det h\u00e4r \u00e4r s\u00e4llsynta modeller med en unik, noggrant utformad design. F\u00f6rutom den exklusiva designen har s\u00e5dana dyra knivar h\u00f6g kvalitet, h\u00e5llbarhet och tillf\u00f6rlitlighet. &#8211; Dyra st\u00e5ltyper anv\u00e4nds vid tillverkningen &#8211; diamant, pulver, damast etc. &#8211; Handtaget p\u00e5 dessa knivar \u00e4r tillverkat av material med h\u00f6gt pris och inte l\u00e4gre kvalitet&hellip;<\/p>\n","protected":false},"featured_media":109291,"template":"","meta":{"_themeisle_gutenberg_block_has_review":false},"product_brand":[],"product_cat":[418],"product_tag":[],"class_list":{"0":"post-89998","1":"product","2":"type-product","3":"status-publish","4":"has-post-thumbnail","6":"product_cat-premium-och-exklusiva-knivar","8":"first","9":"instock","10":"shipping-taxable","11":"purchasable","12":"product-type-simple"},"yoast_head":"<!-- This site is optimized with the Yoast SEO plugin v27.5 - https:\/\/yoast.com\/product\/yoast-seo-wordpress\/ -->\n<title>Kniv &quot;MAGNUM&quot;, smidd kniv i mosaikdamaskusst\u00e5l, handtag av stabiliserad mammutbete - AAKnives<\/title>\n<meta name=\"description\" content=\"Detta \u00e4r s\u00e4llsynta modeller med en unik, noggrant utformad design. F\u00f6rutom den exklusiva designen har s\u00e5dana dyra knivar h\u00f6g kvalitet och h\u00e5llbarhet.\" \/>\n<meta name=\"robots\" content=\"index, follow, max-snippet:-1, max-image-preview:large, max-video-preview:-1\" \/>\n<link rel=\"canonical\" href=\"https:\/\/aaknives.eu\/sv\/product\/kniv-magnum-smidd-kniv-i-mosaikdamaskusstal-handtag-av-stabiliserad-mammutbete-3\/\" \/>\n<meta property=\"og:locale\" content=\"sv_SE\" \/>\n<meta property=\"og:type\" content=\"article\" \/>\n<meta property=\"og:title\" content=\"Kniv &quot;MAGNUM&quot;, smidd kniv i mosaikdamaskusst\u00e5l, handtag av stabiliserad mammutbete - AAKnives\" \/>\n<meta property=\"og:description\" content=\"Detta \u00e4r s\u00e4llsynta modeller med en unik, noggrant utformad design. F\u00f6rutom den exklusiva designen har s\u00e5dana dyra knivar h\u00f6g kvalitet och h\u00e5llbarhet.\" \/>\n<meta property=\"og:url\" content=\"https:\/\/aaknives.eu\/sv\/product\/kniv-magnum-smidd-kniv-i-mosaikdamaskusstal-handtag-av-stabiliserad-mammutbete-3\/\" \/>\n<meta property=\"og:site_name\" content=\"AAKnives\" \/>\n<meta property=\"article:publisher\" content=\"https:\/\/www.facebook.com\/aaknives.eu\/\" \/>\n<meta property=\"article:modified_time\" content=\"2026-04-29T16:08:46+00:00\" \/>\n<meta property=\"og:image\" content=\"https:\/\/aaknives.eu\/wp-content\/uploads\/2024\/10\/aaknives-hand-forged-damascus-steel-blade-knife-handmade-custom-made-knife-handcrafted-knives-autinetools-northmen-100.jpg\" \/>\n\t<meta property=\"og:image:width\" content=\"1020\" \/>\n\t<meta property=\"og:image:height\" content=\"880\" \/>\n\t<meta property=\"og:image:type\" content=\"image\/jpeg\" \/>\n<meta name=\"twitter:card\" content=\"summary_large_image\" \/>\n<meta name=\"twitter:label1\" content=\"Ber\u00e4knad l\u00e4stid\" \/>\n\t<meta name=\"twitter:data1\" content=\"1 minut\" \/>\n<script type=\"application\/ld+json\" class=\"yoast-schema-graph\">{\"@context\":\"https:\\\/\\\/schema.org\",\"@graph\":[{\"@type\":\"WebPage\",\"@id\":\"https:\\\/\\\/aaknives.eu\\\/sv\\\/product\\\/kniv-magnum-smidd-kniv-i-mosaikdamaskusstal-handtag-av-stabiliserad-mammutbete-3\\\/\",\"url\":\"https:\\\/\\\/aaknives.eu\\\/sv\\\/product\\\/kniv-magnum-smidd-kniv-i-mosaikdamaskusstal-handtag-av-stabiliserad-mammutbete-3\\\/\",\"name\":\"Kniv \\\"MAGNUM\\\", smidd kniv i mosaikdamaskusst\u00e5l, handtag av stabiliserad mammutbete - AAKnives\",\"isPartOf\":{\"@id\":\"https:\\\/\\\/aaknives.eu\\\/sv\\\/#website\"},\"primaryImageOfPage\":{\"@id\":\"https:\\\/\\\/aaknives.eu\\\/sv\\\/product\\\/kniv-magnum-smidd-kniv-i-mosaikdamaskusstal-handtag-av-stabiliserad-mammutbete-3\\\/#primaryimage\"},\"image\":{\"@id\":\"https:\\\/\\\/aaknives.eu\\\/sv\\\/product\\\/kniv-magnum-smidd-kniv-i-mosaikdamaskusstal-handtag-av-stabiliserad-mammutbete-3\\\/#primaryimage\"},\"thumbnailUrl\":\"https:\\\/\\\/aaknives.eu\\\/wp-content\\\/uploads\\\/2024\\\/10\\\/aaknives-hand-forged-damascus-steel-blade-knife-handmade-custom-made-knife-handcrafted-knives-autinetools-northmen-100.jpg\",\"datePublished\":\"2024-10-29T02:13:41+00:00\",\"dateModified\":\"2026-04-29T16:08:46+00:00\",\"description\":\"Detta \u00e4r s\u00e4llsynta modeller med en unik, noggrant utformad design. F\u00f6rutom den exklusiva designen har s\u00e5dana dyra knivar h\u00f6g kvalitet och h\u00e5llbarhet.\",\"breadcrumb\":{\"@id\":\"https:\\\/\\\/aaknives.eu\\\/sv\\\/product\\\/kniv-magnum-smidd-kniv-i-mosaikdamaskusstal-handtag-av-stabiliserad-mammutbete-3\\\/#breadcrumb\"},\"inLanguage\":\"sv-SE\",\"potentialAction\":[{\"@type\":\"ReadAction\",\"target\":[\"https:\\\/\\\/aaknives.eu\\\/sv\\\/product\\\/kniv-magnum-smidd-kniv-i-mosaikdamaskusstal-handtag-av-stabiliserad-mammutbete-3\\\/\"]}]},{\"@type\":\"ImageObject\",\"inLanguage\":\"sv-SE\",\"@id\":\"https:\\\/\\\/aaknives.eu\\\/sv\\\/product\\\/kniv-magnum-smidd-kniv-i-mosaikdamaskusstal-handtag-av-stabiliserad-mammutbete-3\\\/#primaryimage\",\"url\":\"https:\\\/\\\/aaknives.eu\\\/wp-content\\\/uploads\\\/2024\\\/10\\\/aaknives-hand-forged-damascus-steel-blade-knife-handmade-custom-made-knife-handcrafted-knives-autinetools-northmen-100.jpg\",\"contentUrl\":\"https:\\\/\\\/aaknives.eu\\\/wp-content\\\/uploads\\\/2024\\\/10\\\/aaknives-hand-forged-damascus-steel-blade-knife-handmade-custom-made-knife-handcrafted-knives-autinetools-northmen-100.jpg\",\"width\":1020,\"height\":880},{\"@type\":\"BreadcrumbList\",\"@id\":\"https:\\\/\\\/aaknives.eu\\\/sv\\\/product\\\/kniv-magnum-smidd-kniv-i-mosaikdamaskusstal-handtag-av-stabiliserad-mammutbete-3\\\/#breadcrumb\",\"itemListElement\":[{\"@type\":\"ListItem\",\"position\":1,\"name\":\"Home\",\"item\":\"https:\\\/\\\/aaknives.eu\\\/sv\\\/\"},{\"@type\":\"ListItem\",\"position\":2,\"name\":\"Butik\",\"item\":\"https:\\\/\\\/aaknives.eu\\\/butik\\\/\"},{\"@type\":\"ListItem\",\"position\":3,\"name\":\"Kniv &#8220;MAGNUM&#8221;, smidd kniv i mosaikdamaskusst\u00e5l, handtag av stabiliserad mammutbete\"}]},{\"@type\":\"WebSite\",\"@id\":\"https:\\\/\\\/aaknives.eu\\\/sv\\\/#website\",\"url\":\"https:\\\/\\\/aaknives.eu\\\/sv\\\/\",\"name\":\"AAKnives\",\"description\":\"Handmade knives\",\"publisher\":{\"@id\":\"https:\\\/\\\/aaknives.eu\\\/sv\\\/#organization\"},\"potentialAction\":[{\"@type\":\"SearchAction\",\"target\":{\"@type\":\"EntryPoint\",\"urlTemplate\":\"https:\\\/\\\/aaknives.eu\\\/sv\\\/?s={search_term_string}\"},\"query-input\":{\"@type\":\"PropertyValueSpecification\",\"valueRequired\":true,\"valueName\":\"search_term_string\"}}],\"inLanguage\":\"sv-SE\"},{\"@type\":\"Organization\",\"@id\":\"https:\\\/\\\/aaknives.eu\\\/sv\\\/#organization\",\"name\":\"AAKnives\",\"url\":\"https:\\\/\\\/aaknives.eu\\\/sv\\\/\",\"logo\":{\"@type\":\"ImageObject\",\"inLanguage\":\"sv-SE\",\"@id\":\"https:\\\/\\\/aaknives.eu\\\/sv\\\/#\\\/schema\\\/logo\\\/image\\\/\",\"url\":\"https:\\\/\\\/aaknives.eu\\\/wp-content\\\/uploads\\\/2021\\\/10\\\/AAknives_Logo_Green.png\",\"contentUrl\":\"https:\\\/\\\/aaknives.eu\\\/wp-content\\\/uploads\\\/2021\\\/10\\\/AAknives_Logo_Green.png\",\"width\":1768,\"height\":1768,\"caption\":\"AAKnives\"},\"image\":{\"@id\":\"https:\\\/\\\/aaknives.eu\\\/sv\\\/#\\\/schema\\\/logo\\\/image\\\/\"},\"sameAs\":[\"https:\\\/\\\/www.facebook.com\\\/aaknives.eu\\\/\",\"https:\\\/\\\/www.instagram.com\\\/aaknives\\\/\",\"https:\\\/\\\/www.pinterest.com\\\/aa_knives\\\/\",\"https:\\\/\\\/www.youtube.com\\\/channel\\\/UCHOQFjrOkgT6s4FIw9LDKyw\\\/featured\"]}]}<\/script>\n<!-- \/ Yoast SEO plugin. -->","yoast_head_json":{"title":"Kniv \"MAGNUM\", smidd kniv i mosaikdamaskusst\u00e5l, handtag av stabiliserad mammutbete - AAKnives","description":"Detta \u00e4r s\u00e4llsynta modeller med en unik, noggrant utformad design. F\u00f6rutom den exklusiva designen har s\u00e5dana dyra knivar h\u00f6g kvalitet och h\u00e5llbarhet.","robots":{"index":"index","follow":"follow","max-snippet":"max-snippet:-1","max-image-preview":"max-image-preview:large","max-video-preview":"max-video-preview:-1"},"canonical":"https:\/\/aaknives.eu\/sv\/product\/kniv-magnum-smidd-kniv-i-mosaikdamaskusstal-handtag-av-stabiliserad-mammutbete-3\/","og_locale":"sv_SE","og_type":"article","og_title":"Kniv \"MAGNUM\", smidd kniv i mosaikdamaskusst\u00e5l, handtag av stabiliserad mammutbete - AAKnives","og_description":"Detta \u00e4r s\u00e4llsynta modeller med en unik, noggrant utformad design. F\u00f6rutom den exklusiva designen har s\u00e5dana dyra knivar h\u00f6g kvalitet och h\u00e5llbarhet.","og_url":"https:\/\/aaknives.eu\/sv\/product\/kniv-magnum-smidd-kniv-i-mosaikdamaskusstal-handtag-av-stabiliserad-mammutbete-3\/","og_site_name":"AAKnives","article_publisher":"https:\/\/www.facebook.com\/aaknives.eu\/","article_modified_time":"2026-04-29T16:08:46+00:00","og_image":[{"width":1020,"height":880,"url":"https:\/\/aaknives.eu\/wp-content\/uploads\/2024\/10\/aaknives-hand-forged-damascus-steel-blade-knife-handmade-custom-made-knife-handcrafted-knives-autinetools-northmen-100.jpg","type":"image\/jpeg"}],"twitter_card":"summary_large_image","twitter_misc":{"Ber\u00e4knad l\u00e4stid":"1 minut"},"schema":{"@context":"https:\/\/schema.org","@graph":[{"@type":"WebPage","@id":"https:\/\/aaknives.eu\/sv\/product\/kniv-magnum-smidd-kniv-i-mosaikdamaskusstal-handtag-av-stabiliserad-mammutbete-3\/","url":"https:\/\/aaknives.eu\/sv\/product\/kniv-magnum-smidd-kniv-i-mosaikdamaskusstal-handtag-av-stabiliserad-mammutbete-3\/","name":"Kniv \"MAGNUM\", smidd kniv i mosaikdamaskusst\u00e5l, handtag av stabiliserad mammutbete - AAKnives","isPartOf":{"@id":"https:\/\/aaknives.eu\/sv\/#website"},"primaryImageOfPage":{"@id":"https:\/\/aaknives.eu\/sv\/product\/kniv-magnum-smidd-kniv-i-mosaikdamaskusstal-handtag-av-stabiliserad-mammutbete-3\/#primaryimage"},"image":{"@id":"https:\/\/aaknives.eu\/sv\/product\/kniv-magnum-smidd-kniv-i-mosaikdamaskusstal-handtag-av-stabiliserad-mammutbete-3\/#primaryimage"},"thumbnailUrl":"https:\/\/aaknives.eu\/wp-content\/uploads\/2024\/10\/aaknives-hand-forged-damascus-steel-blade-knife-handmade-custom-made-knife-handcrafted-knives-autinetools-northmen-100.jpg","datePublished":"2024-10-29T02:13:41+00:00","dateModified":"2026-04-29T16:08:46+00:00","description":"Detta \u00e4r s\u00e4llsynta modeller med en unik, noggrant utformad design. F\u00f6rutom den exklusiva designen har s\u00e5dana dyra knivar h\u00f6g kvalitet och h\u00e5llbarhet.","breadcrumb":{"@id":"https:\/\/aaknives.eu\/sv\/product\/kniv-magnum-smidd-kniv-i-mosaikdamaskusstal-handtag-av-stabiliserad-mammutbete-3\/#breadcrumb"},"inLanguage":"sv-SE","potentialAction":[{"@type":"ReadAction","target":["https:\/\/aaknives.eu\/sv\/product\/kniv-magnum-smidd-kniv-i-mosaikdamaskusstal-handtag-av-stabiliserad-mammutbete-3\/"]}]},{"@type":"ImageObject","inLanguage":"sv-SE","@id":"https:\/\/aaknives.eu\/sv\/product\/kniv-magnum-smidd-kniv-i-mosaikdamaskusstal-handtag-av-stabiliserad-mammutbete-3\/#primaryimage","url":"https:\/\/aaknives.eu\/wp-content\/uploads\/2024\/10\/aaknives-hand-forged-damascus-steel-blade-knife-handmade-custom-made-knife-handcrafted-knives-autinetools-northmen-100.jpg","contentUrl":"https:\/\/aaknives.eu\/wp-content\/uploads\/2024\/10\/aaknives-hand-forged-damascus-steel-blade-knife-handmade-custom-made-knife-handcrafted-knives-autinetools-northmen-100.jpg","width":1020,"height":880},{"@type":"BreadcrumbList","@id":"https:\/\/aaknives.eu\/sv\/product\/kniv-magnum-smidd-kniv-i-mosaikdamaskusstal-handtag-av-stabiliserad-mammutbete-3\/#breadcrumb","itemListElement":[{"@type":"ListItem","position":1,"name":"Home","item":"https:\/\/aaknives.eu\/sv\/"},{"@type":"ListItem","position":2,"name":"Butik","item":"https:\/\/aaknives.eu\/butik\/"},{"@type":"ListItem","position":3,"name":"Kniv &#8220;MAGNUM&#8221;, smidd kniv i mosaikdamaskusst\u00e5l, handtag av stabiliserad mammutbete"}]},{"@type":"WebSite","@id":"https:\/\/aaknives.eu\/sv\/#website","url":"https:\/\/aaknives.eu\/sv\/","name":"AAKnives","description":"Handmade knives","publisher":{"@id":"https:\/\/aaknives.eu\/sv\/#organization"},"potentialAction":[{"@type":"SearchAction","target":{"@type":"EntryPoint","urlTemplate":"https:\/\/aaknives.eu\/sv\/?s={search_term_string}"},"query-input":{"@type":"PropertyValueSpecification","valueRequired":true,"valueName":"search_term_string"}}],"inLanguage":"sv-SE"},{"@type":"Organization","@id":"https:\/\/aaknives.eu\/sv\/#organization","name":"AAKnives","url":"https:\/\/aaknives.eu\/sv\/","logo":{"@type":"ImageObject","inLanguage":"sv-SE","@id":"https:\/\/aaknives.eu\/sv\/#\/schema\/logo\/image\/","url":"https:\/\/aaknives.eu\/wp-content\/uploads\/2021\/10\/AAknives_Logo_Green.png","contentUrl":"https:\/\/aaknives.eu\/wp-content\/uploads\/2021\/10\/AAknives_Logo_Green.png","width":1768,"height":1768,"caption":"AAKnives"},"image":{"@id":"https:\/\/aaknives.eu\/sv\/#\/schema\/logo\/image\/"},"sameAs":["https:\/\/www.facebook.com\/aaknives.eu\/","https:\/\/www.instagram.com\/aaknives\/","https:\/\/www.pinterest.com\/aa_knives\/","https:\/\/www.youtube.com\/channel\/UCHOQFjrOkgT6s4FIw9LDKyw\/featured"]}]}},"_links":{"self":[{"href":"https:\/\/aaknives.eu\/sv\/wp-json\/wp\/v2\/product\/89998","targetHints":{"allow":["GET"]}}],"collection":[{"href":"https:\/\/aaknives.eu\/sv\/wp-json\/wp\/v2\/product"}],"about":[{"href":"https:\/\/aaknives.eu\/sv\/wp-json\/wp\/v2\/types\/product"}],"wp:featuredmedia":[{"embeddable":true,"href":"https:\/\/aaknives.eu\/sv\/wp-json\/wp\/v2\/media\/109291"}],"wp:attachment":[{"href":"https:\/\/aaknives.eu\/sv\/wp-json\/wp\/v2\/media?parent=89998"}],"wp:term":[{"taxonomy":"product_brand","embeddable":true,"href":"https:\/\/aaknives.eu\/sv\/wp-json\/wp\/v2\/product_brand?post=89998"},{"taxonomy":"product_cat","embeddable":true,"href":"https:\/\/aaknives.eu\/sv\/wp-json\/wp\/v2\/product_cat?post=89998"},{"taxonomy":"product_tag","embeddable":true,"href":"https:\/\/aaknives.eu\/sv\/wp-json\/wp\/v2\/product_tag?post=89998"}],"curies":[{"name":"wp","href":"https:\/\/api.w.org\/{rel}","templated":true}]}}