{"id":90004,"date":"2024-10-29T02:13:16","date_gmt":"2024-10-29T02:13:16","guid":{"rendered":"https:\/\/aaknives.eu\/?post_type=product&#038;p=90004"},"modified":"2026-03-05T18:49:40","modified_gmt":"2026-03-05T18:49:40","slug":"ny-tsprof-kadet-pro-vassningssats","status":"publish","type":"product","link":"https:\/\/aaknives.eu\/sv\/product\/ny-tsprof-kadet-pro-vassningssats\/","title":{"rendered":"NY TSPROF KADET PRO V\u00c4SSNINGSSATS"},"content":{"rendered":"<p>TSPROF Kadet \u00ae Pro knivslipningssats ger perfekt knivsk\u00e4rpa var du \u00e4n befinner dig. Universalkl\u00e4mmor g\u00f6r att du kan slipa b\u00e5de kompakta f\u00e4llknivar och rej\u00e4la jaktknivar.<\/p>\n<p>Den roterande mekanismen hos TSPROF Kadet Pro slipmaskin hj\u00e4lper till att bibeh\u00e5lla samma slipvinkel p\u00e5 b\u00e5da sidor av kniven. Efter v\u00e4ndningen fixerar spaken ramen ordentligt med kl\u00e4mmor. Genom att rotera lyfthandtaget r\u00f6r sig den roterande enheten smidigt runt det virtuella centrum d\u00e4r knivens sk\u00e4regg \u00e4r placerad. Den v\u00e4lvda kuggst\u00e5ngen \u00e4r tillverkad av ett enda stycke aluminium och \u00e4r integrerad med en kuggst\u00e5ngshiss med kuggv\u00e4xel. N\u00e4r du har st\u00e4llt in \u00f6nskad vinkel med l\u00e5sspaken kan du f\u00e4sta den roterande enheten p\u00e5 ett s\u00e4kert s\u00e4tt.<\/p>\n<p>TSPROF Kadet Pro \u00e4r anodiserad i svart enligt den internationella Qualanod-standarden. Anodisering anv\u00e4nds f\u00f6r att f\u00f6rb\u00e4ttra korrosionsbest\u00e4ndigheten och st\u00e4rka strukturen hos aluminiumytan. Denna ytbehandlingsmetod g\u00f6r att enheten beh\u00e5ller sitt perfekta utseende under m\u00e5nga \u00e5r.<\/p>\n<p>TSPROF Kadet Pro har allt som kr\u00e4vs f\u00f6r slipning av h\u00f6gsta kvalitet: en knivrotationsmekanism, m\u00f6jlighet att st\u00e4lla in valfri vinkel fr\u00e5n 9\u00b0 till 28,5\u00b0, styv konstruktion och absolut precision i varje detalj.<\/p>\n<p>TSPROF Kadet Pro-ramen \u00e4r kompatibel med alla kl\u00e4mmor fr\u00e5n TSPROF K03-slipningssystemet: fil\u00e9, enkel, dubbel och litet universalbord f\u00f6r slipning av verktyg.<\/p>\n<p>TSPROF Kadet Pro \u00e4r l\u00e4tt att montera is\u00e4r och f\u00e4lla ihop f\u00f6r f\u00f6rvaring eller transport. Enhetens vikt \u00e4r 2100 g, vilket g\u00f6r v\u00e4ssaren mobil och ger tillr\u00e4cklig stabilitet vid v\u00e4ssning.<\/p>\n","protected":false},"excerpt":{"rendered":"<p>TSPROF Kadet \u00ae Pro knivslipningssats ger perfekt knivsk\u00e4rpa var du \u00e4n befinner dig. Universalkl\u00e4mmor g\u00f6r att du kan slipa b\u00e5de kompakta f\u00e4llknivar och rej\u00e4la jaktknivar. Den roterande mekanismen hos TSPROF Kadet Pro slipmaskin hj\u00e4lper till att bibeh\u00e5lla samma slipvinkel p\u00e5 b\u00e5da sidor av kniven. Efter v\u00e4ndningen fixerar spaken ramen ordentligt med kl\u00e4mmor. Genom att rotera lyfthandtaget r\u00f6r sig den roterande enheten smidigt runt det virtuella centrum d\u00e4r knivens sk\u00e4regg \u00e4r placerad. Den v\u00e4lvda kuggst\u00e5ngen \u00e4r tillverkad av ett enda stycke aluminium och \u00e4r integrerad med en kuggst\u00e5ngshiss med kuggv\u00e4xel. N\u00e4r du har st\u00e4llt in \u00f6nskad vinkel med l\u00e5sspaken kan du&hellip;<\/p>\n","protected":false},"featured_media":94941,"template":"","meta":{"_themeisle_gutenberg_block_has_review":false},"product_brand":[],"product_cat":[416,415],"product_tag":[],"class_list":{"0":"post-90004","1":"product","2":"type-product","3":"status-publish","4":"has-post-thumbnail","6":"product_cat-forsaljning","7":"product_cat-knivslipning-knivslipmaskiner","9":"first","10":"instock","11":"sale","12":"shipping-taxable","13":"purchasable","14":"product-type-simple"},"yoast_head":"<!-- This site is optimized with the Yoast SEO plugin v27.5 - https:\/\/yoast.com\/product\/yoast-seo-wordpress\/ -->\n<title>NY TSPROF KADET PRO V\u00c4SSNINGSSATS - AAKnives<\/title>\n<meta name=\"description\" content=\"NEW TSPROF Kadet Pro v\u00e4ssningssats\" \/>\n<meta name=\"robots\" content=\"index, follow, max-snippet:-1, max-image-preview:large, max-video-preview:-1\" \/>\n<link rel=\"canonical\" href=\"https:\/\/aaknives.eu\/sv\/product\/ny-tsprof-kadet-pro-vassningssats\/\" \/>\n<meta property=\"og:locale\" content=\"sv_SE\" \/>\n<meta property=\"og:type\" content=\"article\" \/>\n<meta property=\"og:title\" content=\"NY TSPROF KADET PRO V\u00c4SSNINGSSATS - AAKnives\" \/>\n<meta property=\"og:description\" content=\"NEW TSPROF Kadet Pro v\u00e4ssningssats\" \/>\n<meta property=\"og:url\" content=\"https:\/\/aaknives.eu\/sv\/product\/ny-tsprof-kadet-pro-vassningssats\/\" \/>\n<meta property=\"og:site_name\" content=\"AAKnives\" \/>\n<meta property=\"article:publisher\" content=\"https:\/\/www.facebook.com\/aaknives.eu\/\" \/>\n<meta property=\"article:modified_time\" content=\"2026-03-05T18:49:40+00:00\" \/>\n<meta property=\"og:image\" content=\"https:\/\/aaknives.eu\/wp-content\/uploads\/2024\/10\/aaknives-hand-forged-dabascus-steel-blade-knife-handmade-custom-made-knife-handcrafted-knives-autinetools-northmen-61.webp\" \/>\n\t<meta property=\"og:image:width\" content=\"1200\" \/>\n\t<meta property=\"og:image:height\" content=\"1200\" \/>\n\t<meta property=\"og:image:type\" content=\"image\/webp\" \/>\n<meta name=\"twitter:card\" content=\"summary_large_image\" \/>\n<meta name=\"twitter:label1\" content=\"Ber\u00e4knad l\u00e4stid\" \/>\n\t<meta name=\"twitter:data1\" content=\"1 minut\" \/>\n<script type=\"application\/ld+json\" class=\"yoast-schema-graph\">{\"@context\":\"https:\\\/\\\/schema.org\",\"@graph\":[{\"@type\":\"WebPage\",\"@id\":\"https:\\\/\\\/aaknives.eu\\\/sv\\\/product\\\/ny-tsprof-kadet-pro-vassningssats\\\/\",\"url\":\"https:\\\/\\\/aaknives.eu\\\/sv\\\/product\\\/ny-tsprof-kadet-pro-vassningssats\\\/\",\"name\":\"NY TSPROF KADET PRO V\u00c4SSNINGSSATS - AAKnives\",\"isPartOf\":{\"@id\":\"https:\\\/\\\/aaknives.eu\\\/sv\\\/#website\"},\"primaryImageOfPage\":{\"@id\":\"https:\\\/\\\/aaknives.eu\\\/sv\\\/product\\\/ny-tsprof-kadet-pro-vassningssats\\\/#primaryimage\"},\"image\":{\"@id\":\"https:\\\/\\\/aaknives.eu\\\/sv\\\/product\\\/ny-tsprof-kadet-pro-vassningssats\\\/#primaryimage\"},\"thumbnailUrl\":\"https:\\\/\\\/aaknives.eu\\\/wp-content\\\/uploads\\\/2024\\\/10\\\/aaknives-hand-forged-dabascus-steel-blade-knife-handmade-custom-made-knife-handcrafted-knives-autinetools-northmen-61.webp\",\"datePublished\":\"2024-10-29T02:13:16+00:00\",\"dateModified\":\"2026-03-05T18:49:40+00:00\",\"description\":\"NEW TSPROF Kadet Pro v\u00e4ssningssats\",\"breadcrumb\":{\"@id\":\"https:\\\/\\\/aaknives.eu\\\/sv\\\/product\\\/ny-tsprof-kadet-pro-vassningssats\\\/#breadcrumb\"},\"inLanguage\":\"sv-SE\",\"potentialAction\":[{\"@type\":\"ReadAction\",\"target\":[\"https:\\\/\\\/aaknives.eu\\\/sv\\\/product\\\/ny-tsprof-kadet-pro-vassningssats\\\/\"]}]},{\"@type\":\"ImageObject\",\"inLanguage\":\"sv-SE\",\"@id\":\"https:\\\/\\\/aaknives.eu\\\/sv\\\/product\\\/ny-tsprof-kadet-pro-vassningssats\\\/#primaryimage\",\"url\":\"https:\\\/\\\/aaknives.eu\\\/wp-content\\\/uploads\\\/2024\\\/10\\\/aaknives-hand-forged-dabascus-steel-blade-knife-handmade-custom-made-knife-handcrafted-knives-autinetools-northmen-61.webp\",\"contentUrl\":\"https:\\\/\\\/aaknives.eu\\\/wp-content\\\/uploads\\\/2024\\\/10\\\/aaknives-hand-forged-dabascus-steel-blade-knife-handmade-custom-made-knife-handcrafted-knives-autinetools-northmen-61.webp\",\"width\":1200,\"height\":1200},{\"@type\":\"BreadcrumbList\",\"@id\":\"https:\\\/\\\/aaknives.eu\\\/sv\\\/product\\\/ny-tsprof-kadet-pro-vassningssats\\\/#breadcrumb\",\"itemListElement\":[{\"@type\":\"ListItem\",\"position\":1,\"name\":\"Home\",\"item\":\"https:\\\/\\\/aaknives.eu\\\/sv\\\/\"},{\"@type\":\"ListItem\",\"position\":2,\"name\":\"Butik\",\"item\":\"https:\\\/\\\/aaknives.eu\\\/butik\\\/\"},{\"@type\":\"ListItem\",\"position\":3,\"name\":\"NY TSPROF KADET PRO V\u00c4SSNINGSSATS\"}]},{\"@type\":\"WebSite\",\"@id\":\"https:\\\/\\\/aaknives.eu\\\/sv\\\/#website\",\"url\":\"https:\\\/\\\/aaknives.eu\\\/sv\\\/\",\"name\":\"AAKnives\",\"description\":\"Handmade knives\",\"publisher\":{\"@id\":\"https:\\\/\\\/aaknives.eu\\\/sv\\\/#organization\"},\"potentialAction\":[{\"@type\":\"SearchAction\",\"target\":{\"@type\":\"EntryPoint\",\"urlTemplate\":\"https:\\\/\\\/aaknives.eu\\\/sv\\\/?s={search_term_string}\"},\"query-input\":{\"@type\":\"PropertyValueSpecification\",\"valueRequired\":true,\"valueName\":\"search_term_string\"}}],\"inLanguage\":\"sv-SE\"},{\"@type\":\"Organization\",\"@id\":\"https:\\\/\\\/aaknives.eu\\\/sv\\\/#organization\",\"name\":\"AAKnives\",\"url\":\"https:\\\/\\\/aaknives.eu\\\/sv\\\/\",\"logo\":{\"@type\":\"ImageObject\",\"inLanguage\":\"sv-SE\",\"@id\":\"https:\\\/\\\/aaknives.eu\\\/sv\\\/#\\\/schema\\\/logo\\\/image\\\/\",\"url\":\"https:\\\/\\\/aaknives.eu\\\/wp-content\\\/uploads\\\/2021\\\/10\\\/AAknives_Logo_Green.png\",\"contentUrl\":\"https:\\\/\\\/aaknives.eu\\\/wp-content\\\/uploads\\\/2021\\\/10\\\/AAknives_Logo_Green.png\",\"width\":1768,\"height\":1768,\"caption\":\"AAKnives\"},\"image\":{\"@id\":\"https:\\\/\\\/aaknives.eu\\\/sv\\\/#\\\/schema\\\/logo\\\/image\\\/\"},\"sameAs\":[\"https:\\\/\\\/www.facebook.com\\\/aaknives.eu\\\/\",\"https:\\\/\\\/www.instagram.com\\\/aaknives\\\/\",\"https:\\\/\\\/www.pinterest.com\\\/aa_knives\\\/\",\"https:\\\/\\\/www.youtube.com\\\/channel\\\/UCHOQFjrOkgT6s4FIw9LDKyw\\\/featured\"]}]}<\/script>\n<!-- \/ Yoast SEO plugin. -->","yoast_head_json":{"title":"NY TSPROF KADET PRO V\u00c4SSNINGSSATS - AAKnives","description":"NEW TSPROF Kadet Pro v\u00e4ssningssats","robots":{"index":"index","follow":"follow","max-snippet":"max-snippet:-1","max-image-preview":"max-image-preview:large","max-video-preview":"max-video-preview:-1"},"canonical":"https:\/\/aaknives.eu\/sv\/product\/ny-tsprof-kadet-pro-vassningssats\/","og_locale":"sv_SE","og_type":"article","og_title":"NY TSPROF KADET PRO V\u00c4SSNINGSSATS - AAKnives","og_description":"NEW TSPROF Kadet Pro v\u00e4ssningssats","og_url":"https:\/\/aaknives.eu\/sv\/product\/ny-tsprof-kadet-pro-vassningssats\/","og_site_name":"AAKnives","article_publisher":"https:\/\/www.facebook.com\/aaknives.eu\/","article_modified_time":"2026-03-05T18:49:40+00:00","og_image":[{"width":1200,"height":1200,"url":"https:\/\/aaknives.eu\/wp-content\/uploads\/2024\/10\/aaknives-hand-forged-dabascus-steel-blade-knife-handmade-custom-made-knife-handcrafted-knives-autinetools-northmen-61.webp","type":"image\/webp"}],"twitter_card":"summary_large_image","twitter_misc":{"Ber\u00e4knad l\u00e4stid":"1 minut"},"schema":{"@context":"https:\/\/schema.org","@graph":[{"@type":"WebPage","@id":"https:\/\/aaknives.eu\/sv\/product\/ny-tsprof-kadet-pro-vassningssats\/","url":"https:\/\/aaknives.eu\/sv\/product\/ny-tsprof-kadet-pro-vassningssats\/","name":"NY TSPROF KADET PRO V\u00c4SSNINGSSATS - AAKnives","isPartOf":{"@id":"https:\/\/aaknives.eu\/sv\/#website"},"primaryImageOfPage":{"@id":"https:\/\/aaknives.eu\/sv\/product\/ny-tsprof-kadet-pro-vassningssats\/#primaryimage"},"image":{"@id":"https:\/\/aaknives.eu\/sv\/product\/ny-tsprof-kadet-pro-vassningssats\/#primaryimage"},"thumbnailUrl":"https:\/\/aaknives.eu\/wp-content\/uploads\/2024\/10\/aaknives-hand-forged-dabascus-steel-blade-knife-handmade-custom-made-knife-handcrafted-knives-autinetools-northmen-61.webp","datePublished":"2024-10-29T02:13:16+00:00","dateModified":"2026-03-05T18:49:40+00:00","description":"NEW TSPROF Kadet Pro v\u00e4ssningssats","breadcrumb":{"@id":"https:\/\/aaknives.eu\/sv\/product\/ny-tsprof-kadet-pro-vassningssats\/#breadcrumb"},"inLanguage":"sv-SE","potentialAction":[{"@type":"ReadAction","target":["https:\/\/aaknives.eu\/sv\/product\/ny-tsprof-kadet-pro-vassningssats\/"]}]},{"@type":"ImageObject","inLanguage":"sv-SE","@id":"https:\/\/aaknives.eu\/sv\/product\/ny-tsprof-kadet-pro-vassningssats\/#primaryimage","url":"https:\/\/aaknives.eu\/wp-content\/uploads\/2024\/10\/aaknives-hand-forged-dabascus-steel-blade-knife-handmade-custom-made-knife-handcrafted-knives-autinetools-northmen-61.webp","contentUrl":"https:\/\/aaknives.eu\/wp-content\/uploads\/2024\/10\/aaknives-hand-forged-dabascus-steel-blade-knife-handmade-custom-made-knife-handcrafted-knives-autinetools-northmen-61.webp","width":1200,"height":1200},{"@type":"BreadcrumbList","@id":"https:\/\/aaknives.eu\/sv\/product\/ny-tsprof-kadet-pro-vassningssats\/#breadcrumb","itemListElement":[{"@type":"ListItem","position":1,"name":"Home","item":"https:\/\/aaknives.eu\/sv\/"},{"@type":"ListItem","position":2,"name":"Butik","item":"https:\/\/aaknives.eu\/butik\/"},{"@type":"ListItem","position":3,"name":"NY TSPROF KADET PRO V\u00c4SSNINGSSATS"}]},{"@type":"WebSite","@id":"https:\/\/aaknives.eu\/sv\/#website","url":"https:\/\/aaknives.eu\/sv\/","name":"AAKnives","description":"Handmade knives","publisher":{"@id":"https:\/\/aaknives.eu\/sv\/#organization"},"potentialAction":[{"@type":"SearchAction","target":{"@type":"EntryPoint","urlTemplate":"https:\/\/aaknives.eu\/sv\/?s={search_term_string}"},"query-input":{"@type":"PropertyValueSpecification","valueRequired":true,"valueName":"search_term_string"}}],"inLanguage":"sv-SE"},{"@type":"Organization","@id":"https:\/\/aaknives.eu\/sv\/#organization","name":"AAKnives","url":"https:\/\/aaknives.eu\/sv\/","logo":{"@type":"ImageObject","inLanguage":"sv-SE","@id":"https:\/\/aaknives.eu\/sv\/#\/schema\/logo\/image\/","url":"https:\/\/aaknives.eu\/wp-content\/uploads\/2021\/10\/AAknives_Logo_Green.png","contentUrl":"https:\/\/aaknives.eu\/wp-content\/uploads\/2021\/10\/AAknives_Logo_Green.png","width":1768,"height":1768,"caption":"AAKnives"},"image":{"@id":"https:\/\/aaknives.eu\/sv\/#\/schema\/logo\/image\/"},"sameAs":["https:\/\/www.facebook.com\/aaknives.eu\/","https:\/\/www.instagram.com\/aaknives\/","https:\/\/www.pinterest.com\/aa_knives\/","https:\/\/www.youtube.com\/channel\/UCHOQFjrOkgT6s4FIw9LDKyw\/featured"]}]}},"_links":{"self":[{"href":"https:\/\/aaknives.eu\/sv\/wp-json\/wp\/v2\/product\/90004","targetHints":{"allow":["GET"]}}],"collection":[{"href":"https:\/\/aaknives.eu\/sv\/wp-json\/wp\/v2\/product"}],"about":[{"href":"https:\/\/aaknives.eu\/sv\/wp-json\/wp\/v2\/types\/product"}],"wp:featuredmedia":[{"embeddable":true,"href":"https:\/\/aaknives.eu\/sv\/wp-json\/wp\/v2\/media\/94941"}],"wp:attachment":[{"href":"https:\/\/aaknives.eu\/sv\/wp-json\/wp\/v2\/media?parent=90004"}],"wp:term":[{"taxonomy":"product_brand","embeddable":true,"href":"https:\/\/aaknives.eu\/sv\/wp-json\/wp\/v2\/product_brand?post=90004"},{"taxonomy":"product_cat","embeddable":true,"href":"https:\/\/aaknives.eu\/sv\/wp-json\/wp\/v2\/product_cat?post=90004"},{"taxonomy":"product_tag","embeddable":true,"href":"https:\/\/aaknives.eu\/sv\/wp-json\/wp\/v2\/product_tag?post=90004"}],"curies":[{"name":"wp","href":"https:\/\/api.w.org\/{rel}","templated":true}]}}