{"id":90039,"date":"2024-10-29T02:11:40","date_gmt":"2024-10-29T02:11:40","guid":{"rendered":"https:\/\/aaknives.eu\/?post_type=product&#038;p=90039"},"modified":"2024-10-29T02:57:56","modified_gmt":"2024-10-29T02:57:56","slug":"blitz-360-base-tsprof-precisionsknivslipare","status":"publish","type":"product","link":"https:\/\/aaknives.eu\/sv\/product\/blitz-360-base-tsprof-precisionsknivslipare\/","title":{"rendered":"BLITZ 360 Base &#8211; TSPROF Precisionsknivslipare"},"content":{"rendered":"<div class=\"product-details__block\">\n<p>BLITZ 360 Base &#8211; TSPROF Precisionsknivslipare<\/p>\n<p>Liten storlek. Den mest kompakta av de professionella v\u00e4ssarna*<br \/>\nHelt tillverkad av metall. Vi v\u00e4ljer endast de mest tillf\u00f6rlitliga materialen.<br \/>\nFlip-n-Sharp roterande mekanism. Slipa dina knivar med maximal komfort.<br \/>\nV. C. Angleset system. V\u00e4lj \u00f6nskad vinkel i en r\u00f6relse.<br \/>\nSparar din tid. Den monteras p\u00e5 n\u00e5gra sekunder och slipningen tar mycket kort tid.<br \/>\nVarje vinkel f\u00f6r sk\u00e4rpning. Maximal slipvinkel upp till 70\u00b0, slipa alla knivar med TSPROF Blitz 360.<br \/>\nAlla slipmedel. Universalh\u00e5llaren kan kl\u00e4mma fast alla slipmedel upp till 150 mm. Med och utan \u00e4mnen.<\/p>\n<\/div>\n<p><b>TSPROF Blitz 360<\/b> &#8211; den professionella versionen av den kompakta knivslipen <b>TSPROF Blitz<\/b> \u00e4r en oumb\u00e4rlig assistent f\u00f6r slipning av sm\u00e5 vardagsknivar. Enhetens totala storlek: 13x12x12cm, och vikten \u00e4r bara 1,5 kg. Den \u00e4r l\u00e4tt att ta med p\u00e5 en utflykt i naturen med dina v\u00e4nner och den \u00e4r bekv\u00e4m att f\u00f6rvara hemma.<\/p>\n<p><b>Blitz 360<\/b> \u00e4r utrustad med en <b>Flip-n-Sharp<\/b> rotationsmekanism som g\u00f6r att du kan slipa kniven utan att ta bort den fr\u00e5n kl\u00e4mmorna. Tv\u00e5 st\u00e5lkl\u00e4mmor fixerar knivar som \u00e4r upp till 200 mm l\u00e5nga.<\/p>\n<p>En unik egenskap hos enheten \u00e4r <b>V.C. Angleset-systemet<\/b>. Inst\u00e4llningen av vinkeln p\u00e5 Blitz sker p\u00e5 grund av knivens r\u00f6relse i f\u00f6rh\u00e5llande till den virtuella mittpunkten. Detta ger extra komfort vid slipning och minskar slipmedlets inverkan p\u00e5 sk\u00e4reggen.<\/p>\n<p>En utm\u00e4rkande egenskap hos <b>Blitz 360-versionen<\/b> \u00e4r g\u00e5ngj\u00e4rnsenheten, som inte begr\u00e4nsas av karossens storlek. 360-graders g\u00e5ngj\u00e4rn ger dig fullst\u00e4ndig frihet vid slipning. Omr\u00e5det f\u00f6r sk\u00e4rpningsvinklar med 360-graders sv\u00e4ng \u00e4r ut\u00f6kat till 70\u00b0 (35\u00b0 per sida). Detta ut\u00f6kar avsev\u00e4rt utbudet av slipade knivar.<\/p>\n<p>Den slipande styrst\u00e5ngen monteras i g\u00e5ngj\u00e4rnsenheten med ett mellanrum p\u00e5 endast 0,02 mm. Styrst\u00e5ngens tysta r\u00f6relse ger en ny niv\u00e5 av komfort n\u00e4r du arbetar.<\/p>\n<p><b>TSPROF Blitz 360<\/b> \u00e4r utrustad med en plattform f\u00f6r en digital gradskiva, med vilken du kan kontrollera vinkeln f\u00f6r slipning av bladet till tiondels grad.<\/p>\n<p>Anv\u00e4nd ett poleringskit f\u00f6r att g\u00f6ra din kniv perfekt.<\/p>\n<p>Den <b>universella slipmedelsh\u00e5llaren<\/b> i Blitz 360 g\u00f6r att du kan arbeta med alla slipmedel upp till 150 mm l\u00e5nga, \u00e4ven utan \u00e4mne.<\/p>\n<p><b>TSPROF Blitz<\/b> \u00e4r en professionell niv\u00e5 av slipning hemma hos dig. Nu i kompakt storlek.<\/p>\n<p><small>*bland andra TSPROF-enheter fr\u00e5n och med 2019.<\/small><\/p>\n<p><strong>Blitz 360 Base Kit inneh\u00e5ller<\/strong><\/p>\n<ul>\n<li>&#8211; Blitz 360 Kropp<\/li>\n<li>&#8211; Universal sliph\u00e5llare<\/li>\n<li>&#8211; Stativ f\u00f6r digital gradskiva<\/li>\n<li>&#8211; Reservdelar: st\u00f6tf\u00e5ngare 5 st, skruvar 2 st, insexnycklar 1,5, 2mm<\/li>\n<\/ul>\n<p>&nbsp;<\/p>\n<p>&nbsp;<\/p>\n<p>&nbsp;<\/p>\n<pre><\/pre>\n<p>&nbsp;<\/p>\n","protected":false},"excerpt":{"rendered":"<p>BLITZ 360 Base &#8211; TSPROF Precisionsknivslipare Liten storlek. Den mest kompakta av de professionella v\u00e4ssarna* Helt tillverkad av metall. Vi v\u00e4ljer endast de mest tillf\u00f6rlitliga materialen. Flip-n-Sharp roterande mekanism. Slipa dina knivar med maximal komfort. V. C. Angleset system. V\u00e4lj \u00f6nskad vinkel i en r\u00f6relse. Sparar din tid. Den monteras p\u00e5 n\u00e5gra sekunder och slipningen tar mycket kort tid. Varje vinkel f\u00f6r sk\u00e4rpning. Maximal slipvinkel upp till 70\u00b0, slipa alla knivar med TSPROF Blitz 360. Alla slipmedel. Universalh\u00e5llaren kan kl\u00e4mma fast alla slipmedel upp till 150 mm. Med och utan \u00e4mnen. TSPROF Blitz 360 &#8211; den professionella versionen av den&hellip;<\/p>\n","protected":false},"featured_media":94992,"template":"","meta":{"_themeisle_gutenberg_block_has_review":false},"product_brand":[],"product_cat":[416,415],"product_tag":[],"class_list":{"0":"post-90039","1":"product","2":"type-product","3":"status-publish","4":"has-post-thumbnail","6":"product_cat-forsaljning","7":"product_cat-knivslipning-knivslipmaskiner","9":"first","10":"instock","11":"sale","12":"shipping-taxable","13":"purchasable","14":"product-type-simple"},"yoast_head":"<!-- This site is optimized with the Yoast SEO plugin v27.3 - https:\/\/yoast.com\/product\/yoast-seo-wordpress\/ -->\n<title>BLITZ 360 Base - TSPROF Precisionsknivslipare - AAKnives<\/title>\n<meta name=\"description\" content=\"BLITZ 360 Base - TSPROF Precisionsknivslipare\" \/>\n<meta name=\"robots\" content=\"index, follow, max-snippet:-1, max-image-preview:large, max-video-preview:-1\" \/>\n<link rel=\"canonical\" href=\"https:\/\/aaknives.eu\/sv\/product\/blitz-360-base-tsprof-precisionsknivslipare\/\" \/>\n<meta property=\"og:locale\" content=\"sv_SE\" \/>\n<meta property=\"og:type\" content=\"article\" \/>\n<meta property=\"og:title\" content=\"BLITZ 360 Base - TSPROF Precisionsknivslipare - AAKnives\" \/>\n<meta property=\"og:description\" content=\"BLITZ 360 Base - TSPROF Precisionsknivslipare\" \/>\n<meta property=\"og:url\" content=\"https:\/\/aaknives.eu\/sv\/product\/blitz-360-base-tsprof-precisionsknivslipare\/\" \/>\n<meta property=\"og:site_name\" content=\"AAKnives\" \/>\n<meta property=\"article:publisher\" content=\"https:\/\/www.facebook.com\/aaknives.eu\/\" \/>\n<meta property=\"article:modified_time\" content=\"2024-10-29T02:57:56+00:00\" \/>\n<meta property=\"og:image\" content=\"https:\/\/aaknives.eu\/wp-content\/uploads\/2024\/10\/aaknives-hand-forged-damascus-steel-blade-knife-handmade-custom-made-knife-handcrafted-knives-autinetools-northmen-n695-4-1.jpg\" \/>\n\t<meta property=\"og:image:width\" content=\"880\" \/>\n\t<meta property=\"og:image:height\" content=\"880\" \/>\n\t<meta property=\"og:image:type\" content=\"image\/jpeg\" \/>\n<meta name=\"twitter:card\" content=\"summary_large_image\" \/>\n<meta name=\"twitter:label1\" content=\"Ber\u00e4knad l\u00e4stid\" \/>\n\t<meta name=\"twitter:data1\" content=\"2 minuter\" \/>\n<script type=\"application\/ld+json\" class=\"yoast-schema-graph\">{\"@context\":\"https:\\\/\\\/schema.org\",\"@graph\":[{\"@type\":\"WebPage\",\"@id\":\"https:\\\/\\\/aaknives.eu\\\/sv\\\/product\\\/blitz-360-base-tsprof-precisionsknivslipare\\\/\",\"url\":\"https:\\\/\\\/aaknives.eu\\\/sv\\\/product\\\/blitz-360-base-tsprof-precisionsknivslipare\\\/\",\"name\":\"BLITZ 360 Base - TSPROF Precisionsknivslipare - AAKnives\",\"isPartOf\":{\"@id\":\"https:\\\/\\\/aaknives.eu\\\/sv\\\/#website\"},\"primaryImageOfPage\":{\"@id\":\"https:\\\/\\\/aaknives.eu\\\/sv\\\/product\\\/blitz-360-base-tsprof-precisionsknivslipare\\\/#primaryimage\"},\"image\":{\"@id\":\"https:\\\/\\\/aaknives.eu\\\/sv\\\/product\\\/blitz-360-base-tsprof-precisionsknivslipare\\\/#primaryimage\"},\"thumbnailUrl\":\"https:\\\/\\\/aaknives.eu\\\/wp-content\\\/uploads\\\/2024\\\/10\\\/aaknives-hand-forged-dabascus-steel-blade-knife-handmade-custom-made-knife-handcrafted-knives-autinetools-northmen-81.webp\",\"datePublished\":\"2024-10-29T02:11:40+00:00\",\"dateModified\":\"2024-10-29T02:57:56+00:00\",\"description\":\"BLITZ 360 Base - TSPROF Precisionsknivslipare\",\"breadcrumb\":{\"@id\":\"https:\\\/\\\/aaknives.eu\\\/sv\\\/product\\\/blitz-360-base-tsprof-precisionsknivslipare\\\/#breadcrumb\"},\"inLanguage\":\"sv-SE\",\"potentialAction\":[{\"@type\":\"ReadAction\",\"target\":[\"https:\\\/\\\/aaknives.eu\\\/sv\\\/product\\\/blitz-360-base-tsprof-precisionsknivslipare\\\/\"]}]},{\"@type\":\"ImageObject\",\"inLanguage\":\"sv-SE\",\"@id\":\"https:\\\/\\\/aaknives.eu\\\/sv\\\/product\\\/blitz-360-base-tsprof-precisionsknivslipare\\\/#primaryimage\",\"url\":\"https:\\\/\\\/aaknives.eu\\\/wp-content\\\/uploads\\\/2024\\\/10\\\/aaknives-hand-forged-dabascus-steel-blade-knife-handmade-custom-made-knife-handcrafted-knives-autinetools-northmen-81.webp\",\"contentUrl\":\"https:\\\/\\\/aaknives.eu\\\/wp-content\\\/uploads\\\/2024\\\/10\\\/aaknives-hand-forged-dabascus-steel-blade-knife-handmade-custom-made-knife-handcrafted-knives-autinetools-northmen-81.webp\",\"width\":1200,\"height\":1200},{\"@type\":\"BreadcrumbList\",\"@id\":\"https:\\\/\\\/aaknives.eu\\\/sv\\\/product\\\/blitz-360-base-tsprof-precisionsknivslipare\\\/#breadcrumb\",\"itemListElement\":[{\"@type\":\"ListItem\",\"position\":1,\"name\":\"Home\",\"item\":\"https:\\\/\\\/aaknives.eu\\\/sv\\\/\"},{\"@type\":\"ListItem\",\"position\":2,\"name\":\"Butik\",\"item\":\"https:\\\/\\\/aaknives.eu\\\/butik\\\/\"},{\"@type\":\"ListItem\",\"position\":3,\"name\":\"BLITZ 360 Base &#8211; TSPROF Precisionsknivslipare\"}]},{\"@type\":\"WebSite\",\"@id\":\"https:\\\/\\\/aaknives.eu\\\/sv\\\/#website\",\"url\":\"https:\\\/\\\/aaknives.eu\\\/sv\\\/\",\"name\":\"AAKnives\",\"description\":\"Handmade knives\",\"publisher\":{\"@id\":\"https:\\\/\\\/aaknives.eu\\\/sv\\\/#organization\"},\"potentialAction\":[{\"@type\":\"SearchAction\",\"target\":{\"@type\":\"EntryPoint\",\"urlTemplate\":\"https:\\\/\\\/aaknives.eu\\\/sv\\\/?s={search_term_string}\"},\"query-input\":{\"@type\":\"PropertyValueSpecification\",\"valueRequired\":true,\"valueName\":\"search_term_string\"}}],\"inLanguage\":\"sv-SE\"},{\"@type\":\"Organization\",\"@id\":\"https:\\\/\\\/aaknives.eu\\\/sv\\\/#organization\",\"name\":\"AAKnives\",\"url\":\"https:\\\/\\\/aaknives.eu\\\/sv\\\/\",\"logo\":{\"@type\":\"ImageObject\",\"inLanguage\":\"sv-SE\",\"@id\":\"https:\\\/\\\/aaknives.eu\\\/sv\\\/#\\\/schema\\\/logo\\\/image\\\/\",\"url\":\"https:\\\/\\\/aaknives.eu\\\/wp-content\\\/uploads\\\/2021\\\/10\\\/AAknives_Logo_Green.png\",\"contentUrl\":\"https:\\\/\\\/aaknives.eu\\\/wp-content\\\/uploads\\\/2021\\\/10\\\/AAknives_Logo_Green.png\",\"width\":1768,\"height\":1768,\"caption\":\"AAKnives\"},\"image\":{\"@id\":\"https:\\\/\\\/aaknives.eu\\\/sv\\\/#\\\/schema\\\/logo\\\/image\\\/\"},\"sameAs\":[\"https:\\\/\\\/www.facebook.com\\\/aaknives.eu\\\/\",\"https:\\\/\\\/www.instagram.com\\\/aaknives\\\/\",\"https:\\\/\\\/www.pinterest.com\\\/aa_knives\\\/\",\"https:\\\/\\\/www.youtube.com\\\/channel\\\/UCHOQFjrOkgT6s4FIw9LDKyw\\\/featured\"]}]}<\/script>\n<!-- \/ Yoast SEO plugin. -->","yoast_head_json":{"title":"BLITZ 360 Base - TSPROF Precisionsknivslipare - AAKnives","description":"BLITZ 360 Base - TSPROF Precisionsknivslipare","robots":{"index":"index","follow":"follow","max-snippet":"max-snippet:-1","max-image-preview":"max-image-preview:large","max-video-preview":"max-video-preview:-1"},"canonical":"https:\/\/aaknives.eu\/sv\/product\/blitz-360-base-tsprof-precisionsknivslipare\/","og_locale":"sv_SE","og_type":"article","og_title":"BLITZ 360 Base - TSPROF Precisionsknivslipare - AAKnives","og_description":"BLITZ 360 Base - TSPROF Precisionsknivslipare","og_url":"https:\/\/aaknives.eu\/sv\/product\/blitz-360-base-tsprof-precisionsknivslipare\/","og_site_name":"AAKnives","article_publisher":"https:\/\/www.facebook.com\/aaknives.eu\/","article_modified_time":"2024-10-29T02:57:56+00:00","og_image":[{"width":880,"height":880,"url":"https:\/\/aaknives.eu\/wp-content\/uploads\/2024\/10\/aaknives-hand-forged-damascus-steel-blade-knife-handmade-custom-made-knife-handcrafted-knives-autinetools-northmen-n695-4-1.jpg","type":"image\/jpeg"}],"twitter_card":"summary_large_image","twitter_misc":{"Ber\u00e4knad l\u00e4stid":"2 minuter"},"schema":{"@context":"https:\/\/schema.org","@graph":[{"@type":"WebPage","@id":"https:\/\/aaknives.eu\/sv\/product\/blitz-360-base-tsprof-precisionsknivslipare\/","url":"https:\/\/aaknives.eu\/sv\/product\/blitz-360-base-tsprof-precisionsknivslipare\/","name":"BLITZ 360 Base - TSPROF Precisionsknivslipare - AAKnives","isPartOf":{"@id":"https:\/\/aaknives.eu\/sv\/#website"},"primaryImageOfPage":{"@id":"https:\/\/aaknives.eu\/sv\/product\/blitz-360-base-tsprof-precisionsknivslipare\/#primaryimage"},"image":{"@id":"https:\/\/aaknives.eu\/sv\/product\/blitz-360-base-tsprof-precisionsknivslipare\/#primaryimage"},"thumbnailUrl":"https:\/\/aaknives.eu\/wp-content\/uploads\/2024\/10\/aaknives-hand-forged-dabascus-steel-blade-knife-handmade-custom-made-knife-handcrafted-knives-autinetools-northmen-81.webp","datePublished":"2024-10-29T02:11:40+00:00","dateModified":"2024-10-29T02:57:56+00:00","description":"BLITZ 360 Base - TSPROF Precisionsknivslipare","breadcrumb":{"@id":"https:\/\/aaknives.eu\/sv\/product\/blitz-360-base-tsprof-precisionsknivslipare\/#breadcrumb"},"inLanguage":"sv-SE","potentialAction":[{"@type":"ReadAction","target":["https:\/\/aaknives.eu\/sv\/product\/blitz-360-base-tsprof-precisionsknivslipare\/"]}]},{"@type":"ImageObject","inLanguage":"sv-SE","@id":"https:\/\/aaknives.eu\/sv\/product\/blitz-360-base-tsprof-precisionsknivslipare\/#primaryimage","url":"https:\/\/aaknives.eu\/wp-content\/uploads\/2024\/10\/aaknives-hand-forged-dabascus-steel-blade-knife-handmade-custom-made-knife-handcrafted-knives-autinetools-northmen-81.webp","contentUrl":"https:\/\/aaknives.eu\/wp-content\/uploads\/2024\/10\/aaknives-hand-forged-dabascus-steel-blade-knife-handmade-custom-made-knife-handcrafted-knives-autinetools-northmen-81.webp","width":1200,"height":1200},{"@type":"BreadcrumbList","@id":"https:\/\/aaknives.eu\/sv\/product\/blitz-360-base-tsprof-precisionsknivslipare\/#breadcrumb","itemListElement":[{"@type":"ListItem","position":1,"name":"Home","item":"https:\/\/aaknives.eu\/sv\/"},{"@type":"ListItem","position":2,"name":"Butik","item":"https:\/\/aaknives.eu\/butik\/"},{"@type":"ListItem","position":3,"name":"BLITZ 360 Base &#8211; TSPROF Precisionsknivslipare"}]},{"@type":"WebSite","@id":"https:\/\/aaknives.eu\/sv\/#website","url":"https:\/\/aaknives.eu\/sv\/","name":"AAKnives","description":"Handmade knives","publisher":{"@id":"https:\/\/aaknives.eu\/sv\/#organization"},"potentialAction":[{"@type":"SearchAction","target":{"@type":"EntryPoint","urlTemplate":"https:\/\/aaknives.eu\/sv\/?s={search_term_string}"},"query-input":{"@type":"PropertyValueSpecification","valueRequired":true,"valueName":"search_term_string"}}],"inLanguage":"sv-SE"},{"@type":"Organization","@id":"https:\/\/aaknives.eu\/sv\/#organization","name":"AAKnives","url":"https:\/\/aaknives.eu\/sv\/","logo":{"@type":"ImageObject","inLanguage":"sv-SE","@id":"https:\/\/aaknives.eu\/sv\/#\/schema\/logo\/image\/","url":"https:\/\/aaknives.eu\/wp-content\/uploads\/2021\/10\/AAknives_Logo_Green.png","contentUrl":"https:\/\/aaknives.eu\/wp-content\/uploads\/2021\/10\/AAknives_Logo_Green.png","width":1768,"height":1768,"caption":"AAKnives"},"image":{"@id":"https:\/\/aaknives.eu\/sv\/#\/schema\/logo\/image\/"},"sameAs":["https:\/\/www.facebook.com\/aaknives.eu\/","https:\/\/www.instagram.com\/aaknives\/","https:\/\/www.pinterest.com\/aa_knives\/","https:\/\/www.youtube.com\/channel\/UCHOQFjrOkgT6s4FIw9LDKyw\/featured"]}]}},"_links":{"self":[{"href":"https:\/\/aaknives.eu\/sv\/wp-json\/wp\/v2\/product\/90039","targetHints":{"allow":["GET"]}}],"collection":[{"href":"https:\/\/aaknives.eu\/sv\/wp-json\/wp\/v2\/product"}],"about":[{"href":"https:\/\/aaknives.eu\/sv\/wp-json\/wp\/v2\/types\/product"}],"wp:featuredmedia":[{"embeddable":true,"href":"https:\/\/aaknives.eu\/sv\/wp-json\/wp\/v2\/media\/94992"}],"wp:attachment":[{"href":"https:\/\/aaknives.eu\/sv\/wp-json\/wp\/v2\/media?parent=90039"}],"wp:term":[{"taxonomy":"product_brand","embeddable":true,"href":"https:\/\/aaknives.eu\/sv\/wp-json\/wp\/v2\/product_brand?post=90039"},{"taxonomy":"product_cat","embeddable":true,"href":"https:\/\/aaknives.eu\/sv\/wp-json\/wp\/v2\/product_cat?post=90039"},{"taxonomy":"product_tag","embeddable":true,"href":"https:\/\/aaknives.eu\/sv\/wp-json\/wp\/v2\/product_tag?post=90039"}],"curies":[{"name":"wp","href":"https:\/\/api.w.org\/{rel}","templated":true}]}}