{"id":90040,"date":"2024-10-29T02:12:05","date_gmt":"2024-10-29T02:12:05","guid":{"rendered":"https:\/\/aaknives.eu\/?post_type=product&#038;p=90040"},"modified":"2025-05-11T16:43:41","modified_gmt":"2025-05-11T16:43:41","slug":"kniv-fisherman-stal-bohler-m390-microclean","status":"publish","type":"product","link":"https:\/\/aaknives.eu\/sv\/product\/kniv-fisherman-stal-bohler-m390-microclean\/","title":{"rendered":"Kniv &#8221;WEREWOLF&#8221;, st\u00e5l B\u00d6HLER\u201d M390\u201d MicroClean"},"content":{"rendered":"<p>Knivspecifikationer: &#8221;WEREWOLF&#8221;<br \/>\nSt\u00e5l: St\u00e5l B\u00d6HLER\u201d M390\u201d MicroClean<br \/>\nH\u00e5rdhet: 62-63 HRC<br \/>\nBladl\u00e4ngd (mm): 122 \/ 4,80 tum<br \/>\nBladtjocklek (mm): 3 \/ 0,11 tum<br \/>\nBladbredd (mm): 33 \/ 1,29 tum<br \/>\nHandtag: Afrikanskt wengetr\u00e4 + l\u00e4der<br \/>\nTotal l\u00e4ngd (mm): 252 \/ 9,92 tum<br \/>\nKnivtyp: jakt, friluftsliv<br \/>\nF\u00f6rpackning: kniv, l\u00e4derslida<\/p>\n<p>B\u00f6hler M390 \u00e4r en av de mest popul\u00e4ra st\u00e5ltyperna just nu. Den \u00e4r ber\u00f6md f\u00f6r sin utm\u00e4rkta sk\u00e4rpe\u00e5tergivning<\/p>\n<p>Varf\u00f6r \u00e4r B\u00f6hler M390 s\u00e5 popul\u00e4r &#8211; bibeh\u00e5llen sk\u00e4rpa. M390 \u00e4r s\u00e5 slitt\u00e5lig att den \u00e4ven bibeh\u00e5ller kantformen p\u00e5 ett bra s\u00e4tt. En kniv tillverkad av M390-st\u00e5l beh\u00e5ller d\u00e4rf\u00f6r sin sk\u00e4rpa under mycket l\u00e5ng tid. Det inneb\u00e4r att du inte beh\u00f6ver slipa kniven lika ofta. Inte bara f\u00f6r att det tar tid att slipa kniven, utan ocks\u00e5 f\u00f6r att det inneb\u00e4r att kniven h\u00e5ller l\u00e4ngre.<\/p>\n<p>F\u00f6rutom sk\u00e4rpa har retention M390 n\u00e5gra andra fina egenskaper. Det kan h\u00e4rdas till en relativt h\u00f6g h\u00e5rdhet utan att det g\u00e5r s\u00f6nder snabbt. Det betyder dock inte att M390 \u00e4r s\u00e4rskilt tuff. Det inneb\u00e4r att M390, j\u00e4mf\u00f6rt med andra st\u00e5ltyper, kan slipas lite tunnare.<\/p>\n<p>M390 \u00e4r ocks\u00e5 relativt rostfritt. Tack vare den stora m\u00e4ngden krom har rost inte en chans. S\u00e4rskilt om man j\u00e4mf\u00f6r med andra h\u00e5rda st\u00e5ltyper som \u00e4r k\u00e4nda f\u00f6r att beh\u00e5lla sin sk\u00e4rpa men som \u00e4nd\u00e5 kan p\u00e5verkas av rost.<\/p>\n","protected":false},"excerpt":{"rendered":"<p>Knivspecifikationer: &#8221;WEREWOLF&#8221; St\u00e5l: St\u00e5l B\u00d6HLER\u201d M390\u201d MicroClean H\u00e5rdhet: 62-63 HRC Bladl\u00e4ngd (mm): 122 \/ 4,80 tum Bladtjocklek (mm): 3 \/ 0,11 tum Bladbredd (mm): 33 \/ 1,29 tum Handtag: Afrikanskt wengetr\u00e4 + l\u00e4der Total l\u00e4ngd (mm): 252 \/ 9,92 tum Knivtyp: jakt, friluftsliv F\u00f6rpackning: kniv, l\u00e4derslida B\u00f6hler M390 \u00e4r en av de mest popul\u00e4ra st\u00e5ltyperna just nu. Den \u00e4r ber\u00f6md f\u00f6r sin utm\u00e4rkta sk\u00e4rpe\u00e5tergivning Varf\u00f6r \u00e4r B\u00f6hler M390 s\u00e5 popul\u00e4r &#8211; bibeh\u00e5llen sk\u00e4rpa. M390 \u00e4r s\u00e5 slitt\u00e5lig att den \u00e4ven bibeh\u00e5ller kantformen p\u00e5 ett bra s\u00e4tt. En kniv tillverkad av M390-st\u00e5l beh\u00e5ller d\u00e4rf\u00f6r sin sk\u00e4rpa under mycket l\u00e5ng tid. Det&hellip;<\/p>\n","protected":false},"featured_media":98797,"template":"","meta":{"_themeisle_gutenberg_block_has_review":false},"product_brand":[],"product_cat":[438,414,413,418],"product_tag":[],"class_list":{"0":"post-90040","1":"product","2":"type-product","3":"status-publish","4":"has-post-thumbnail","6":"product_cat-blad","7":"product_cat-jaktknivar","8":"product_cat-knivar-for-utomhusbruk","9":"product_cat-premium-och-exklusiva-knivar","11":"first","12":"instock","13":"shipping-taxable","14":"purchasable","15":"product-type-simple"},"yoast_head":"<!-- This site is optimized with the Yoast SEO plugin v27.3 - https:\/\/yoast.com\/product\/yoast-seo-wordpress\/ -->\n<title>Kniv &#039;&#039;WEREWOLF&#039;&#039;, st\u00e5l B\u00d6HLER\u201d M390\u201d MicroClean - AAKnives<\/title>\n<meta name=\"description\" content=\"B\u00f6hler M390 \u00e4r en av de mest popul\u00e4ra st\u00e5ltyperna just nu. Den \u00e4r ber\u00f6md f\u00f6r sin utm\u00e4rkta sk\u00e4rpe\u00e5tergivning\" \/>\n<meta name=\"robots\" content=\"index, follow, max-snippet:-1, max-image-preview:large, max-video-preview:-1\" \/>\n<link rel=\"canonical\" href=\"https:\/\/aaknives.eu\/sv\/product\/kniv-fisherman-stal-bohler-m390-microclean\/\" \/>\n<meta property=\"og:locale\" content=\"sv_SE\" \/>\n<meta property=\"og:type\" content=\"article\" \/>\n<meta property=\"og:title\" content=\"Kniv &#039;&#039;WEREWOLF&#039;&#039;, st\u00e5l B\u00d6HLER\u201d M390\u201d MicroClean - AAKnives\" \/>\n<meta property=\"og:description\" content=\"B\u00f6hler M390 \u00e4r en av de mest popul\u00e4ra st\u00e5ltyperna just nu. Den \u00e4r ber\u00f6md f\u00f6r sin utm\u00e4rkta sk\u00e4rpe\u00e5tergivning\" \/>\n<meta property=\"og:url\" content=\"https:\/\/aaknives.eu\/sv\/product\/kniv-fisherman-stal-bohler-m390-microclean\/\" \/>\n<meta property=\"og:site_name\" content=\"AAKnives\" \/>\n<meta property=\"article:publisher\" content=\"https:\/\/www.facebook.com\/aaknives.eu\/\" \/>\n<meta property=\"article:modified_time\" content=\"2025-05-11T16:43:41+00:00\" \/>\n<meta property=\"og:image\" content=\"https:\/\/aaknives.eu\/wp-content\/uploads\/2024\/10\/aaknives-hand-forged-damascus-steel-blade-knife-handmade-custom-made-knife-handcrafted-knives-autinetools-northmen-1-148.jpg\" \/>\n\t<meta property=\"og:image:width\" content=\"1020\" \/>\n\t<meta property=\"og:image:height\" content=\"880\" \/>\n\t<meta property=\"og:image:type\" content=\"image\/jpeg\" \/>\n<meta name=\"twitter:card\" content=\"summary_large_image\" \/>\n<meta name=\"twitter:label1\" content=\"Ber\u00e4knad l\u00e4stid\" \/>\n\t<meta name=\"twitter:data1\" content=\"1 minut\" \/>\n<script type=\"application\/ld+json\" class=\"yoast-schema-graph\">{\"@context\":\"https:\\\/\\\/schema.org\",\"@graph\":[{\"@type\":\"WebPage\",\"@id\":\"https:\\\/\\\/aaknives.eu\\\/sv\\\/product\\\/kniv-fisherman-stal-bohler-m390-microclean\\\/\",\"url\":\"https:\\\/\\\/aaknives.eu\\\/sv\\\/product\\\/kniv-fisherman-stal-bohler-m390-microclean\\\/\",\"name\":\"Kniv ''WEREWOLF'', st\u00e5l B\u00d6HLER\u201d M390\u201d MicroClean - AAKnives\",\"isPartOf\":{\"@id\":\"https:\\\/\\\/aaknives.eu\\\/sv\\\/#website\"},\"primaryImageOfPage\":{\"@id\":\"https:\\\/\\\/aaknives.eu\\\/sv\\\/product\\\/kniv-fisherman-stal-bohler-m390-microclean\\\/#primaryimage\"},\"image\":{\"@id\":\"https:\\\/\\\/aaknives.eu\\\/sv\\\/product\\\/kniv-fisherman-stal-bohler-m390-microclean\\\/#primaryimage\"},\"thumbnailUrl\":\"https:\\\/\\\/aaknives.eu\\\/wp-content\\\/uploads\\\/2024\\\/10\\\/aaknives-hand-forged-damascus-steel-blade-knife-handmade-custom-made-knife-handcrafted-knives-autinetools-northmen-1-148.jpg\",\"datePublished\":\"2024-10-29T02:12:05+00:00\",\"dateModified\":\"2025-05-11T16:43:41+00:00\",\"description\":\"B\u00f6hler M390 \u00e4r en av de mest popul\u00e4ra st\u00e5ltyperna just nu. Den \u00e4r ber\u00f6md f\u00f6r sin utm\u00e4rkta sk\u00e4rpe\u00e5tergivning\",\"breadcrumb\":{\"@id\":\"https:\\\/\\\/aaknives.eu\\\/sv\\\/product\\\/kniv-fisherman-stal-bohler-m390-microclean\\\/#breadcrumb\"},\"inLanguage\":\"sv-SE\",\"potentialAction\":[{\"@type\":\"ReadAction\",\"target\":[\"https:\\\/\\\/aaknives.eu\\\/sv\\\/product\\\/kniv-fisherman-stal-bohler-m390-microclean\\\/\"]}]},{\"@type\":\"ImageObject\",\"inLanguage\":\"sv-SE\",\"@id\":\"https:\\\/\\\/aaknives.eu\\\/sv\\\/product\\\/kniv-fisherman-stal-bohler-m390-microclean\\\/#primaryimage\",\"url\":\"https:\\\/\\\/aaknives.eu\\\/wp-content\\\/uploads\\\/2024\\\/10\\\/aaknives-hand-forged-damascus-steel-blade-knife-handmade-custom-made-knife-handcrafted-knives-autinetools-northmen-1-148.jpg\",\"contentUrl\":\"https:\\\/\\\/aaknives.eu\\\/wp-content\\\/uploads\\\/2024\\\/10\\\/aaknives-hand-forged-damascus-steel-blade-knife-handmade-custom-made-knife-handcrafted-knives-autinetools-northmen-1-148.jpg\",\"width\":1020,\"height\":880},{\"@type\":\"BreadcrumbList\",\"@id\":\"https:\\\/\\\/aaknives.eu\\\/sv\\\/product\\\/kniv-fisherman-stal-bohler-m390-microclean\\\/#breadcrumb\",\"itemListElement\":[{\"@type\":\"ListItem\",\"position\":1,\"name\":\"Home\",\"item\":\"https:\\\/\\\/aaknives.eu\\\/sv\\\/\"},{\"@type\":\"ListItem\",\"position\":2,\"name\":\"Butik\",\"item\":\"https:\\\/\\\/aaknives.eu\\\/butik\\\/\"},{\"@type\":\"ListItem\",\"position\":3,\"name\":\"Private: Kniv &#8221;WEREWOLF&#8221;, st\u00e5l B\u00d6HLER\u201d M390\u201d MicroClean\"}]},{\"@type\":\"WebSite\",\"@id\":\"https:\\\/\\\/aaknives.eu\\\/sv\\\/#website\",\"url\":\"https:\\\/\\\/aaknives.eu\\\/sv\\\/\",\"name\":\"AAKnives\",\"description\":\"Handmade knives\",\"publisher\":{\"@id\":\"https:\\\/\\\/aaknives.eu\\\/sv\\\/#organization\"},\"potentialAction\":[{\"@type\":\"SearchAction\",\"target\":{\"@type\":\"EntryPoint\",\"urlTemplate\":\"https:\\\/\\\/aaknives.eu\\\/sv\\\/?s={search_term_string}\"},\"query-input\":{\"@type\":\"PropertyValueSpecification\",\"valueRequired\":true,\"valueName\":\"search_term_string\"}}],\"inLanguage\":\"sv-SE\"},{\"@type\":\"Organization\",\"@id\":\"https:\\\/\\\/aaknives.eu\\\/sv\\\/#organization\",\"name\":\"AAKnives\",\"url\":\"https:\\\/\\\/aaknives.eu\\\/sv\\\/\",\"logo\":{\"@type\":\"ImageObject\",\"inLanguage\":\"sv-SE\",\"@id\":\"https:\\\/\\\/aaknives.eu\\\/sv\\\/#\\\/schema\\\/logo\\\/image\\\/\",\"url\":\"https:\\\/\\\/aaknives.eu\\\/wp-content\\\/uploads\\\/2021\\\/10\\\/AAknives_Logo_Green.png\",\"contentUrl\":\"https:\\\/\\\/aaknives.eu\\\/wp-content\\\/uploads\\\/2021\\\/10\\\/AAknives_Logo_Green.png\",\"width\":1768,\"height\":1768,\"caption\":\"AAKnives\"},\"image\":{\"@id\":\"https:\\\/\\\/aaknives.eu\\\/sv\\\/#\\\/schema\\\/logo\\\/image\\\/\"},\"sameAs\":[\"https:\\\/\\\/www.facebook.com\\\/aaknives.eu\\\/\",\"https:\\\/\\\/www.instagram.com\\\/aaknives\\\/\",\"https:\\\/\\\/www.pinterest.com\\\/aa_knives\\\/\",\"https:\\\/\\\/www.youtube.com\\\/channel\\\/UCHOQFjrOkgT6s4FIw9LDKyw\\\/featured\"]}]}<\/script>\n<!-- \/ Yoast SEO plugin. -->","yoast_head_json":{"title":"Kniv ''WEREWOLF'', st\u00e5l B\u00d6HLER\u201d M390\u201d MicroClean - AAKnives","description":"B\u00f6hler M390 \u00e4r en av de mest popul\u00e4ra st\u00e5ltyperna just nu. Den \u00e4r ber\u00f6md f\u00f6r sin utm\u00e4rkta sk\u00e4rpe\u00e5tergivning","robots":{"index":"index","follow":"follow","max-snippet":"max-snippet:-1","max-image-preview":"max-image-preview:large","max-video-preview":"max-video-preview:-1"},"canonical":"https:\/\/aaknives.eu\/sv\/product\/kniv-fisherman-stal-bohler-m390-microclean\/","og_locale":"sv_SE","og_type":"article","og_title":"Kniv ''WEREWOLF'', st\u00e5l B\u00d6HLER\u201d M390\u201d MicroClean - AAKnives","og_description":"B\u00f6hler M390 \u00e4r en av de mest popul\u00e4ra st\u00e5ltyperna just nu. Den \u00e4r ber\u00f6md f\u00f6r sin utm\u00e4rkta sk\u00e4rpe\u00e5tergivning","og_url":"https:\/\/aaknives.eu\/sv\/product\/kniv-fisherman-stal-bohler-m390-microclean\/","og_site_name":"AAKnives","article_publisher":"https:\/\/www.facebook.com\/aaknives.eu\/","article_modified_time":"2025-05-11T16:43:41+00:00","og_image":[{"width":1020,"height":880,"url":"https:\/\/aaknives.eu\/wp-content\/uploads\/2024\/10\/aaknives-hand-forged-damascus-steel-blade-knife-handmade-custom-made-knife-handcrafted-knives-autinetools-northmen-1-148.jpg","type":"image\/jpeg"}],"twitter_card":"summary_large_image","twitter_misc":{"Ber\u00e4knad l\u00e4stid":"1 minut"},"schema":{"@context":"https:\/\/schema.org","@graph":[{"@type":"WebPage","@id":"https:\/\/aaknives.eu\/sv\/product\/kniv-fisherman-stal-bohler-m390-microclean\/","url":"https:\/\/aaknives.eu\/sv\/product\/kniv-fisherman-stal-bohler-m390-microclean\/","name":"Kniv ''WEREWOLF'', st\u00e5l B\u00d6HLER\u201d M390\u201d MicroClean - AAKnives","isPartOf":{"@id":"https:\/\/aaknives.eu\/sv\/#website"},"primaryImageOfPage":{"@id":"https:\/\/aaknives.eu\/sv\/product\/kniv-fisherman-stal-bohler-m390-microclean\/#primaryimage"},"image":{"@id":"https:\/\/aaknives.eu\/sv\/product\/kniv-fisherman-stal-bohler-m390-microclean\/#primaryimage"},"thumbnailUrl":"https:\/\/aaknives.eu\/wp-content\/uploads\/2024\/10\/aaknives-hand-forged-damascus-steel-blade-knife-handmade-custom-made-knife-handcrafted-knives-autinetools-northmen-1-148.jpg","datePublished":"2024-10-29T02:12:05+00:00","dateModified":"2025-05-11T16:43:41+00:00","description":"B\u00f6hler M390 \u00e4r en av de mest popul\u00e4ra st\u00e5ltyperna just nu. Den \u00e4r ber\u00f6md f\u00f6r sin utm\u00e4rkta sk\u00e4rpe\u00e5tergivning","breadcrumb":{"@id":"https:\/\/aaknives.eu\/sv\/product\/kniv-fisherman-stal-bohler-m390-microclean\/#breadcrumb"},"inLanguage":"sv-SE","potentialAction":[{"@type":"ReadAction","target":["https:\/\/aaknives.eu\/sv\/product\/kniv-fisherman-stal-bohler-m390-microclean\/"]}]},{"@type":"ImageObject","inLanguage":"sv-SE","@id":"https:\/\/aaknives.eu\/sv\/product\/kniv-fisherman-stal-bohler-m390-microclean\/#primaryimage","url":"https:\/\/aaknives.eu\/wp-content\/uploads\/2024\/10\/aaknives-hand-forged-damascus-steel-blade-knife-handmade-custom-made-knife-handcrafted-knives-autinetools-northmen-1-148.jpg","contentUrl":"https:\/\/aaknives.eu\/wp-content\/uploads\/2024\/10\/aaknives-hand-forged-damascus-steel-blade-knife-handmade-custom-made-knife-handcrafted-knives-autinetools-northmen-1-148.jpg","width":1020,"height":880},{"@type":"BreadcrumbList","@id":"https:\/\/aaknives.eu\/sv\/product\/kniv-fisherman-stal-bohler-m390-microclean\/#breadcrumb","itemListElement":[{"@type":"ListItem","position":1,"name":"Home","item":"https:\/\/aaknives.eu\/sv\/"},{"@type":"ListItem","position":2,"name":"Butik","item":"https:\/\/aaknives.eu\/butik\/"},{"@type":"ListItem","position":3,"name":"Private: Kniv &#8221;WEREWOLF&#8221;, st\u00e5l B\u00d6HLER\u201d M390\u201d MicroClean"}]},{"@type":"WebSite","@id":"https:\/\/aaknives.eu\/sv\/#website","url":"https:\/\/aaknives.eu\/sv\/","name":"AAKnives","description":"Handmade knives","publisher":{"@id":"https:\/\/aaknives.eu\/sv\/#organization"},"potentialAction":[{"@type":"SearchAction","target":{"@type":"EntryPoint","urlTemplate":"https:\/\/aaknives.eu\/sv\/?s={search_term_string}"},"query-input":{"@type":"PropertyValueSpecification","valueRequired":true,"valueName":"search_term_string"}}],"inLanguage":"sv-SE"},{"@type":"Organization","@id":"https:\/\/aaknives.eu\/sv\/#organization","name":"AAKnives","url":"https:\/\/aaknives.eu\/sv\/","logo":{"@type":"ImageObject","inLanguage":"sv-SE","@id":"https:\/\/aaknives.eu\/sv\/#\/schema\/logo\/image\/","url":"https:\/\/aaknives.eu\/wp-content\/uploads\/2021\/10\/AAknives_Logo_Green.png","contentUrl":"https:\/\/aaknives.eu\/wp-content\/uploads\/2021\/10\/AAknives_Logo_Green.png","width":1768,"height":1768,"caption":"AAKnives"},"image":{"@id":"https:\/\/aaknives.eu\/sv\/#\/schema\/logo\/image\/"},"sameAs":["https:\/\/www.facebook.com\/aaknives.eu\/","https:\/\/www.instagram.com\/aaknives\/","https:\/\/www.pinterest.com\/aa_knives\/","https:\/\/www.youtube.com\/channel\/UCHOQFjrOkgT6s4FIw9LDKyw\/featured"]}]}},"_links":{"self":[{"href":"https:\/\/aaknives.eu\/sv\/wp-json\/wp\/v2\/product\/90040","targetHints":{"allow":["GET"]}}],"collection":[{"href":"https:\/\/aaknives.eu\/sv\/wp-json\/wp\/v2\/product"}],"about":[{"href":"https:\/\/aaknives.eu\/sv\/wp-json\/wp\/v2\/types\/product"}],"wp:featuredmedia":[{"embeddable":true,"href":"https:\/\/aaknives.eu\/sv\/wp-json\/wp\/v2\/media\/98797"}],"wp:attachment":[{"href":"https:\/\/aaknives.eu\/sv\/wp-json\/wp\/v2\/media?parent=90040"}],"wp:term":[{"taxonomy":"product_brand","embeddable":true,"href":"https:\/\/aaknives.eu\/sv\/wp-json\/wp\/v2\/product_brand?post=90040"},{"taxonomy":"product_cat","embeddable":true,"href":"https:\/\/aaknives.eu\/sv\/wp-json\/wp\/v2\/product_cat?post=90040"},{"taxonomy":"product_tag","embeddable":true,"href":"https:\/\/aaknives.eu\/sv\/wp-json\/wp\/v2\/product_tag?post=90040"}],"curies":[{"name":"wp","href":"https:\/\/api.w.org\/{rel}","templated":true}]}}