{"id":90106,"date":"2024-10-29T01:59:12","date_gmt":"2024-10-29T01:59:12","guid":{"rendered":"https:\/\/aaknives.eu\/?post_type=product&#038;p=90106"},"modified":"2025-07-01T17:46:05","modified_gmt":"2025-07-01T17:46:05","slug":"kniv-wild-boar-svensk-bohler-uddeholm-n695-rostfritt-knivstal-2","status":"publish","type":"product","link":"https:\/\/aaknives.eu\/sv\/product\/kniv-wild-boar-svensk-bohler-uddeholm-n695-rostfritt-knivstal-2\/","title":{"rendered":"Kniv &#8221;WILD BOAR&#8221; &#8211; svensk Bohler-Uddeholm N695 rostfritt knivst\u00e5l"},"content":{"rendered":"<p>Knivspecifikationer: &#8221;VILDSVIN&#8221;<br \/>\nSt\u00e5l: Svenskt Bohler-Uddeholm N695 rostfritt knivst\u00e5l, sandbl\u00e4strat<br \/>\nH\u00e5rdhet: 58-59 HRC<br \/>\nBladl\u00e4ngd (mm): 112 \/ 4,40 tum<br \/>\nBladtjocklek (mm): 3 \/ 0,11 tum<br \/>\nBladbredd (mm): 33 \/ 1,29 tum<br \/>\nHandtag: Afrikanskt wengetr\u00e4 + bj\u00f6rktr\u00e4<br \/>\nTotal l\u00e4ngd (mm): 240 \/ 9,44 tum<br \/>\nSvenska Bohler-Uddeholm N695 knivst\u00e5lBohler N695 \u00e4r ett kromfritt rostfritt st\u00e5l i Bohler Uddeholm-gruppen. Den har h\u00f6g h\u00e5rdhet, god n\u00f6tningsbest\u00e4ndighet och god korrosionsbest\u00e4ndighet. N695-st\u00e5lkniven \u00e4r icke-korrosiv, vass under l\u00e5ng tid och kr\u00e4ver inget s\u00e4rskilt underh\u00e5ll.Valsad med tv\u00e4rg\u00e5ende teknik f\u00f6r att s\u00e4kerst\u00e4lla maximal stabilitet och enhetlighet hos pl\u00e5t- och skivmaterial.<\/p>\n<p>Andra anv\u00e4ndningsomr\u00e5den f\u00f6r BOHLER N695:<\/p>\n<p>Rullningslager, ventils\u00e4ten, knivblad av h\u00f6g kvalitet, kirurgiska instrument och tr\u00e4sniderier.<\/p>\n<p>BOHLER N695 Sammans\u00e4ttning: C &#8211; 1.030 \/ MN &#8211; 0.44 \/ SI &#8211; 0.48 \/ P &#8211; 0.018 \/ S &#8211; 0.0010 \/ CR &#8211; 16.46 \/ MO &#8211; 0.43<\/p>\n","protected":false},"excerpt":{"rendered":"<p>Knivspecifikationer: &#8221;VILDSVIN&#8221; St\u00e5l: Svenskt Bohler-Uddeholm N695 rostfritt knivst\u00e5l, sandbl\u00e4strat H\u00e5rdhet: 58-59 HRC Bladl\u00e4ngd (mm): 112 \/ 4,40 tum Bladtjocklek (mm): 3 \/ 0,11 tum Bladbredd (mm): 33 \/ 1,29 tum Handtag: Afrikanskt wengetr\u00e4 + bj\u00f6rktr\u00e4 Total l\u00e4ngd (mm): 240 \/ 9,44 tum Svenska Bohler-Uddeholm N695 knivst\u00e5lBohler N695 \u00e4r ett kromfritt rostfritt st\u00e5l i Bohler Uddeholm-gruppen. Den har h\u00f6g h\u00e5rdhet, god n\u00f6tningsbest\u00e4ndighet och god korrosionsbest\u00e4ndighet. N695-st\u00e5lkniven \u00e4r icke-korrosiv, vass under l\u00e5ng tid och kr\u00e4ver inget s\u00e4rskilt underh\u00e5ll.Valsad med tv\u00e4rg\u00e5ende teknik f\u00f6r att s\u00e4kerst\u00e4lla maximal stabilitet och enhetlighet hos pl\u00e5t- och skivmaterial. Andra anv\u00e4ndningsomr\u00e5den f\u00f6r BOHLER N695: Rullningslager, ventils\u00e4ten, knivblad av h\u00f6g&hellip;<\/p>\n","protected":false},"featured_media":99818,"template":"","meta":{"_themeisle_gutenberg_block_has_review":false},"product_brand":[],"product_cat":[422,414,413],"product_tag":[],"class_list":{"0":"post-90106","1":"product","2":"type-product","3":"status-publish","4":"has-post-thumbnail","6":"product_cat-fiskeknivar","7":"product_cat-jaktknivar","8":"product_cat-knivar-for-utomhusbruk","10":"first","11":"instock","12":"shipping-taxable","13":"purchasable","14":"product-type-simple"},"yoast_head":"<!-- This site is optimized with the Yoast SEO plugin v27.3 - https:\/\/yoast.com\/product\/yoast-seo-wordpress\/ -->\n<title>Kniv &#039;&#039;WILD BOAR&#039;&#039; - svensk Bohler-Uddeholm N695 rostfritt knivst\u00e5l - AAKnives<\/title>\n<meta name=\"description\" content=\"Svenskt Bohler-Uddeholm N695 knivst\u00e5lBohler N695 \u00e4r ett kromat rostfritt st\u00e5l i Bohler Uddeholm-gruppen. Det har h\u00f6g h\u00e5rdhet, god n\u00f6tningsbest\u00e4ndighet och god korrosionsbest\u00e4ndighet.\" \/>\n<meta name=\"robots\" content=\"index, follow, max-snippet:-1, max-image-preview:large, max-video-preview:-1\" \/>\n<link rel=\"canonical\" href=\"https:\/\/aaknives.eu\/sv\/product\/kniv-wild-boar-svensk-bohler-uddeholm-n695-rostfritt-knivstal-2\/\" \/>\n<meta property=\"og:locale\" content=\"sv_SE\" \/>\n<meta property=\"og:type\" content=\"article\" \/>\n<meta property=\"og:title\" content=\"Kniv &#039;&#039;WILD BOAR&#039;&#039; - svensk Bohler-Uddeholm N695 rostfritt knivst\u00e5l - AAKnives\" \/>\n<meta property=\"og:description\" content=\"Svenskt Bohler-Uddeholm N695 knivst\u00e5lBohler N695 \u00e4r ett kromat rostfritt st\u00e5l i Bohler Uddeholm-gruppen. Det har h\u00f6g h\u00e5rdhet, god n\u00f6tningsbest\u00e4ndighet och god korrosionsbest\u00e4ndighet.\" \/>\n<meta property=\"og:url\" content=\"https:\/\/aaknives.eu\/sv\/product\/kniv-wild-boar-svensk-bohler-uddeholm-n695-rostfritt-knivstal-2\/\" \/>\n<meta property=\"og:site_name\" content=\"AAKnives\" \/>\n<meta property=\"article:publisher\" content=\"https:\/\/www.facebook.com\/aaknives.eu\/\" \/>\n<meta property=\"article:modified_time\" content=\"2025-07-01T17:46:05+00:00\" \/>\n<meta property=\"og:image\" content=\"https:\/\/aaknives.eu\/wp-content\/uploads\/2024\/10\/aaknives-hand-forged-damascus-steel-blade-knife-handmade-custom-made-knife-handcrafted-knives-autinetools-northmen-32.3.jpg\" \/>\n\t<meta property=\"og:image:width\" content=\"1020\" \/>\n\t<meta property=\"og:image:height\" content=\"880\" \/>\n\t<meta property=\"og:image:type\" content=\"image\/jpeg\" \/>\n<meta name=\"twitter:card\" content=\"summary_large_image\" \/>\n<meta name=\"twitter:label1\" content=\"Ber\u00e4knad l\u00e4stid\" \/>\n\t<meta name=\"twitter:data1\" content=\"1 minut\" \/>\n<script type=\"application\/ld+json\" class=\"yoast-schema-graph\">{\"@context\":\"https:\\\/\\\/schema.org\",\"@graph\":[{\"@type\":\"WebPage\",\"@id\":\"https:\\\/\\\/aaknives.eu\\\/sv\\\/product\\\/kniv-wild-boar-svensk-bohler-uddeholm-n695-rostfritt-knivstal-2\\\/\",\"url\":\"https:\\\/\\\/aaknives.eu\\\/sv\\\/product\\\/kniv-wild-boar-svensk-bohler-uddeholm-n695-rostfritt-knivstal-2\\\/\",\"name\":\"Kniv ''WILD BOAR'' - svensk Bohler-Uddeholm N695 rostfritt knivst\u00e5l - AAKnives\",\"isPartOf\":{\"@id\":\"https:\\\/\\\/aaknives.eu\\\/sv\\\/#website\"},\"primaryImageOfPage\":{\"@id\":\"https:\\\/\\\/aaknives.eu\\\/sv\\\/product\\\/kniv-wild-boar-svensk-bohler-uddeholm-n695-rostfritt-knivstal-2\\\/#primaryimage\"},\"image\":{\"@id\":\"https:\\\/\\\/aaknives.eu\\\/sv\\\/product\\\/kniv-wild-boar-svensk-bohler-uddeholm-n695-rostfritt-knivstal-2\\\/#primaryimage\"},\"thumbnailUrl\":\"https:\\\/\\\/aaknives.eu\\\/wp-content\\\/uploads\\\/2024\\\/10\\\/aaknives-hand-forged-damascus-steel-blade-knife-handmade-custom-made-knife-handcrafted-knives-autinetools-northmen-32.3.jpg\",\"datePublished\":\"2024-10-29T01:59:12+00:00\",\"dateModified\":\"2025-07-01T17:46:05+00:00\",\"description\":\"Svenskt Bohler-Uddeholm N695 knivst\u00e5lBohler N695 \u00e4r ett kromat rostfritt st\u00e5l i Bohler Uddeholm-gruppen. Det har h\u00f6g h\u00e5rdhet, god n\u00f6tningsbest\u00e4ndighet och god korrosionsbest\u00e4ndighet.\",\"breadcrumb\":{\"@id\":\"https:\\\/\\\/aaknives.eu\\\/sv\\\/product\\\/kniv-wild-boar-svensk-bohler-uddeholm-n695-rostfritt-knivstal-2\\\/#breadcrumb\"},\"inLanguage\":\"sv-SE\",\"potentialAction\":[{\"@type\":\"ReadAction\",\"target\":[\"https:\\\/\\\/aaknives.eu\\\/sv\\\/product\\\/kniv-wild-boar-svensk-bohler-uddeholm-n695-rostfritt-knivstal-2\\\/\"]}]},{\"@type\":\"ImageObject\",\"inLanguage\":\"sv-SE\",\"@id\":\"https:\\\/\\\/aaknives.eu\\\/sv\\\/product\\\/kniv-wild-boar-svensk-bohler-uddeholm-n695-rostfritt-knivstal-2\\\/#primaryimage\",\"url\":\"https:\\\/\\\/aaknives.eu\\\/wp-content\\\/uploads\\\/2024\\\/10\\\/aaknives-hand-forged-damascus-steel-blade-knife-handmade-custom-made-knife-handcrafted-knives-autinetools-northmen-32.3.jpg\",\"contentUrl\":\"https:\\\/\\\/aaknives.eu\\\/wp-content\\\/uploads\\\/2024\\\/10\\\/aaknives-hand-forged-damascus-steel-blade-knife-handmade-custom-made-knife-handcrafted-knives-autinetools-northmen-32.3.jpg\",\"width\":1020,\"height\":880},{\"@type\":\"BreadcrumbList\",\"@id\":\"https:\\\/\\\/aaknives.eu\\\/sv\\\/product\\\/kniv-wild-boar-svensk-bohler-uddeholm-n695-rostfritt-knivstal-2\\\/#breadcrumb\",\"itemListElement\":[{\"@type\":\"ListItem\",\"position\":1,\"name\":\"Home\",\"item\":\"https:\\\/\\\/aaknives.eu\\\/sv\\\/\"},{\"@type\":\"ListItem\",\"position\":2,\"name\":\"Butik\",\"item\":\"https:\\\/\\\/aaknives.eu\\\/butik\\\/\"},{\"@type\":\"ListItem\",\"position\":3,\"name\":\"Kniv &#8221;WILD BOAR&#8221; &#8211; svensk Bohler-Uddeholm N695 rostfritt knivst\u00e5l\"}]},{\"@type\":\"WebSite\",\"@id\":\"https:\\\/\\\/aaknives.eu\\\/sv\\\/#website\",\"url\":\"https:\\\/\\\/aaknives.eu\\\/sv\\\/\",\"name\":\"AAKnives\",\"description\":\"Handmade knives\",\"publisher\":{\"@id\":\"https:\\\/\\\/aaknives.eu\\\/sv\\\/#organization\"},\"potentialAction\":[{\"@type\":\"SearchAction\",\"target\":{\"@type\":\"EntryPoint\",\"urlTemplate\":\"https:\\\/\\\/aaknives.eu\\\/sv\\\/?s={search_term_string}\"},\"query-input\":{\"@type\":\"PropertyValueSpecification\",\"valueRequired\":true,\"valueName\":\"search_term_string\"}}],\"inLanguage\":\"sv-SE\"},{\"@type\":\"Organization\",\"@id\":\"https:\\\/\\\/aaknives.eu\\\/sv\\\/#organization\",\"name\":\"AAKnives\",\"url\":\"https:\\\/\\\/aaknives.eu\\\/sv\\\/\",\"logo\":{\"@type\":\"ImageObject\",\"inLanguage\":\"sv-SE\",\"@id\":\"https:\\\/\\\/aaknives.eu\\\/sv\\\/#\\\/schema\\\/logo\\\/image\\\/\",\"url\":\"https:\\\/\\\/aaknives.eu\\\/wp-content\\\/uploads\\\/2021\\\/10\\\/AAknives_Logo_Green.png\",\"contentUrl\":\"https:\\\/\\\/aaknives.eu\\\/wp-content\\\/uploads\\\/2021\\\/10\\\/AAknives_Logo_Green.png\",\"width\":1768,\"height\":1768,\"caption\":\"AAKnives\"},\"image\":{\"@id\":\"https:\\\/\\\/aaknives.eu\\\/sv\\\/#\\\/schema\\\/logo\\\/image\\\/\"},\"sameAs\":[\"https:\\\/\\\/www.facebook.com\\\/aaknives.eu\\\/\",\"https:\\\/\\\/www.instagram.com\\\/aaknives\\\/\",\"https:\\\/\\\/www.pinterest.com\\\/aa_knives\\\/\",\"https:\\\/\\\/www.youtube.com\\\/channel\\\/UCHOQFjrOkgT6s4FIw9LDKyw\\\/featured\"]}]}<\/script>\n<!-- \/ Yoast SEO plugin. -->","yoast_head_json":{"title":"Kniv ''WILD BOAR'' - svensk Bohler-Uddeholm N695 rostfritt knivst\u00e5l - AAKnives","description":"Svenskt Bohler-Uddeholm N695 knivst\u00e5lBohler N695 \u00e4r ett kromat rostfritt st\u00e5l i Bohler Uddeholm-gruppen. Det har h\u00f6g h\u00e5rdhet, god n\u00f6tningsbest\u00e4ndighet och god korrosionsbest\u00e4ndighet.","robots":{"index":"index","follow":"follow","max-snippet":"max-snippet:-1","max-image-preview":"max-image-preview:large","max-video-preview":"max-video-preview:-1"},"canonical":"https:\/\/aaknives.eu\/sv\/product\/kniv-wild-boar-svensk-bohler-uddeholm-n695-rostfritt-knivstal-2\/","og_locale":"sv_SE","og_type":"article","og_title":"Kniv ''WILD BOAR'' - svensk Bohler-Uddeholm N695 rostfritt knivst\u00e5l - AAKnives","og_description":"Svenskt Bohler-Uddeholm N695 knivst\u00e5lBohler N695 \u00e4r ett kromat rostfritt st\u00e5l i Bohler Uddeholm-gruppen. Det har h\u00f6g h\u00e5rdhet, god n\u00f6tningsbest\u00e4ndighet och god korrosionsbest\u00e4ndighet.","og_url":"https:\/\/aaknives.eu\/sv\/product\/kniv-wild-boar-svensk-bohler-uddeholm-n695-rostfritt-knivstal-2\/","og_site_name":"AAKnives","article_publisher":"https:\/\/www.facebook.com\/aaknives.eu\/","article_modified_time":"2025-07-01T17:46:05+00:00","og_image":[{"width":1020,"height":880,"url":"https:\/\/aaknives.eu\/wp-content\/uploads\/2024\/10\/aaknives-hand-forged-damascus-steel-blade-knife-handmade-custom-made-knife-handcrafted-knives-autinetools-northmen-32.3.jpg","type":"image\/jpeg"}],"twitter_card":"summary_large_image","twitter_misc":{"Ber\u00e4knad l\u00e4stid":"1 minut"},"schema":{"@context":"https:\/\/schema.org","@graph":[{"@type":"WebPage","@id":"https:\/\/aaknives.eu\/sv\/product\/kniv-wild-boar-svensk-bohler-uddeholm-n695-rostfritt-knivstal-2\/","url":"https:\/\/aaknives.eu\/sv\/product\/kniv-wild-boar-svensk-bohler-uddeholm-n695-rostfritt-knivstal-2\/","name":"Kniv ''WILD BOAR'' - svensk Bohler-Uddeholm N695 rostfritt knivst\u00e5l - AAKnives","isPartOf":{"@id":"https:\/\/aaknives.eu\/sv\/#website"},"primaryImageOfPage":{"@id":"https:\/\/aaknives.eu\/sv\/product\/kniv-wild-boar-svensk-bohler-uddeholm-n695-rostfritt-knivstal-2\/#primaryimage"},"image":{"@id":"https:\/\/aaknives.eu\/sv\/product\/kniv-wild-boar-svensk-bohler-uddeholm-n695-rostfritt-knivstal-2\/#primaryimage"},"thumbnailUrl":"https:\/\/aaknives.eu\/wp-content\/uploads\/2024\/10\/aaknives-hand-forged-damascus-steel-blade-knife-handmade-custom-made-knife-handcrafted-knives-autinetools-northmen-32.3.jpg","datePublished":"2024-10-29T01:59:12+00:00","dateModified":"2025-07-01T17:46:05+00:00","description":"Svenskt Bohler-Uddeholm N695 knivst\u00e5lBohler N695 \u00e4r ett kromat rostfritt st\u00e5l i Bohler Uddeholm-gruppen. Det har h\u00f6g h\u00e5rdhet, god n\u00f6tningsbest\u00e4ndighet och god korrosionsbest\u00e4ndighet.","breadcrumb":{"@id":"https:\/\/aaknives.eu\/sv\/product\/kniv-wild-boar-svensk-bohler-uddeholm-n695-rostfritt-knivstal-2\/#breadcrumb"},"inLanguage":"sv-SE","potentialAction":[{"@type":"ReadAction","target":["https:\/\/aaknives.eu\/sv\/product\/kniv-wild-boar-svensk-bohler-uddeholm-n695-rostfritt-knivstal-2\/"]}]},{"@type":"ImageObject","inLanguage":"sv-SE","@id":"https:\/\/aaknives.eu\/sv\/product\/kniv-wild-boar-svensk-bohler-uddeholm-n695-rostfritt-knivstal-2\/#primaryimage","url":"https:\/\/aaknives.eu\/wp-content\/uploads\/2024\/10\/aaknives-hand-forged-damascus-steel-blade-knife-handmade-custom-made-knife-handcrafted-knives-autinetools-northmen-32.3.jpg","contentUrl":"https:\/\/aaknives.eu\/wp-content\/uploads\/2024\/10\/aaknives-hand-forged-damascus-steel-blade-knife-handmade-custom-made-knife-handcrafted-knives-autinetools-northmen-32.3.jpg","width":1020,"height":880},{"@type":"BreadcrumbList","@id":"https:\/\/aaknives.eu\/sv\/product\/kniv-wild-boar-svensk-bohler-uddeholm-n695-rostfritt-knivstal-2\/#breadcrumb","itemListElement":[{"@type":"ListItem","position":1,"name":"Home","item":"https:\/\/aaknives.eu\/sv\/"},{"@type":"ListItem","position":2,"name":"Butik","item":"https:\/\/aaknives.eu\/butik\/"},{"@type":"ListItem","position":3,"name":"Kniv &#8221;WILD BOAR&#8221; &#8211; svensk Bohler-Uddeholm N695 rostfritt knivst\u00e5l"}]},{"@type":"WebSite","@id":"https:\/\/aaknives.eu\/sv\/#website","url":"https:\/\/aaknives.eu\/sv\/","name":"AAKnives","description":"Handmade knives","publisher":{"@id":"https:\/\/aaknives.eu\/sv\/#organization"},"potentialAction":[{"@type":"SearchAction","target":{"@type":"EntryPoint","urlTemplate":"https:\/\/aaknives.eu\/sv\/?s={search_term_string}"},"query-input":{"@type":"PropertyValueSpecification","valueRequired":true,"valueName":"search_term_string"}}],"inLanguage":"sv-SE"},{"@type":"Organization","@id":"https:\/\/aaknives.eu\/sv\/#organization","name":"AAKnives","url":"https:\/\/aaknives.eu\/sv\/","logo":{"@type":"ImageObject","inLanguage":"sv-SE","@id":"https:\/\/aaknives.eu\/sv\/#\/schema\/logo\/image\/","url":"https:\/\/aaknives.eu\/wp-content\/uploads\/2021\/10\/AAknives_Logo_Green.png","contentUrl":"https:\/\/aaknives.eu\/wp-content\/uploads\/2021\/10\/AAknives_Logo_Green.png","width":1768,"height":1768,"caption":"AAKnives"},"image":{"@id":"https:\/\/aaknives.eu\/sv\/#\/schema\/logo\/image\/"},"sameAs":["https:\/\/www.facebook.com\/aaknives.eu\/","https:\/\/www.instagram.com\/aaknives\/","https:\/\/www.pinterest.com\/aa_knives\/","https:\/\/www.youtube.com\/channel\/UCHOQFjrOkgT6s4FIw9LDKyw\/featured"]}]}},"_links":{"self":[{"href":"https:\/\/aaknives.eu\/sv\/wp-json\/wp\/v2\/product\/90106","targetHints":{"allow":["GET"]}}],"collection":[{"href":"https:\/\/aaknives.eu\/sv\/wp-json\/wp\/v2\/product"}],"about":[{"href":"https:\/\/aaknives.eu\/sv\/wp-json\/wp\/v2\/types\/product"}],"wp:featuredmedia":[{"embeddable":true,"href":"https:\/\/aaknives.eu\/sv\/wp-json\/wp\/v2\/media\/99818"}],"wp:attachment":[{"href":"https:\/\/aaknives.eu\/sv\/wp-json\/wp\/v2\/media?parent=90106"}],"wp:term":[{"taxonomy":"product_brand","embeddable":true,"href":"https:\/\/aaknives.eu\/sv\/wp-json\/wp\/v2\/product_brand?post=90106"},{"taxonomy":"product_cat","embeddable":true,"href":"https:\/\/aaknives.eu\/sv\/wp-json\/wp\/v2\/product_cat?post=90106"},{"taxonomy":"product_tag","embeddable":true,"href":"https:\/\/aaknives.eu\/sv\/wp-json\/wp\/v2\/product_tag?post=90106"}],"curies":[{"name":"wp","href":"https:\/\/api.w.org\/{rel}","templated":true}]}}