{"id":90111,"date":"2024-10-29T01:59:13","date_gmt":"2024-10-29T01:59:13","guid":{"rendered":"https:\/\/aaknives.eu\/?post_type=product&#038;p=90111"},"modified":"2024-10-29T02:57:10","modified_gmt":"2024-10-29T02:57:10","slug":"tsprof-kadet-expert-knivslipningssystem","status":"publish","type":"product","link":"https:\/\/aaknives.eu\/sv\/product\/tsprof-kadet-expert-knivslipningssystem\/","title":{"rendered":"TSPROF\u00ae Kadet Expert knivslipningssystem"},"content":{"rendered":"<p>TSPROF\u00ae Kadet Expert knivslipningssystem \u00e4r det perfekta knivslipningssystemet f\u00f6r ditt hem. De universella kl\u00e4mmorna g\u00f6r att du kan slipa b\u00e5de kompakta f\u00e4llknivar och rej\u00e4la jaktknivar.<\/p>\n<p>TSPROF\u00ae Kadet Expert har allt som kr\u00e4vs f\u00f6r slipning av h\u00f6gsta kvalitet: en knivrotationsmekanism, m\u00f6jlighet att st\u00e4lla in valfri vinkel fr\u00e5n 8,5 \u00b0 till 28,5 \u00b0, en styv struktur och absolut precision i varje detalj.<\/p>\n<p>TSPROF\u00ae Kadet Expert knivslip kan tas med \u00f6verallt tack vare ett v\u00e4l genomt\u00e4nkt system, enhetens huvudenheter \u00e4r demonterade och kan placeras kompakt i en ryggs\u00e4ck eller p\u00e5 ett skrivbord.<\/p>\n<p>Med enheten f\u00f6ljer en 4 mm L-formad sexkantsnyckel f\u00f6r kl\u00e4mmorna och en 1,5 mm L-sexkantsnyckel f\u00f6r l\u00e4ngdjustering<\/p>\n<p>Knivtjocklek: upp till 7 mm<\/p>\n<p>Knivbladets l\u00e4ngd: upp till 300 mm<\/p>\n<p>Knivbladets bredd: upp till 40 mm<\/p>\n<p>Minsta sk\u00e4rpningsvinkel: 8,5 \u00b0<\/p>\n<p>Maximal sk\u00e4rpningsvinkel: 28,5 \u00b0<\/p>\n<p>Kompatibel med slipl\u00e4ngder: fr\u00e5n 10 till 160 mm<\/p>\n<p>Kompatibel med slipmedel med tjocklek: fr\u00e5n 3 till 15 mm<\/p>\n<p>Vikt: 1900 g<\/p>\n<p>&nbsp;<\/p>\n<p>&nbsp;<\/p>\n<p>&nbsp;<\/p>\n<p>&nbsp;<\/p>\n<p>&nbsp;<\/p>\n","protected":false},"excerpt":{"rendered":"<p>TSPROF\u00ae Kadet Expert knivslipningssystem \u00e4r det perfekta knivslipningssystemet f\u00f6r ditt hem. De universella kl\u00e4mmorna g\u00f6r att du kan slipa b\u00e5de kompakta f\u00e4llknivar och rej\u00e4la jaktknivar. TSPROF\u00ae Kadet Expert har allt som kr\u00e4vs f\u00f6r slipning av h\u00f6gsta kvalitet: en knivrotationsmekanism, m\u00f6jlighet att st\u00e4lla in valfri vinkel fr\u00e5n 8,5 \u00b0 till 28,5 \u00b0, en styv struktur och absolut precision i varje detalj. TSPROF\u00ae Kadet Expert knivslip kan tas med \u00f6verallt tack vare ett v\u00e4l genomt\u00e4nkt system, enhetens huvudenheter \u00e4r demonterade och kan placeras kompakt i en ryggs\u00e4ck eller p\u00e5 ett skrivbord. Med enheten f\u00f6ljer en 4 mm L-formad sexkantsnyckel f\u00f6r kl\u00e4mmorna och&hellip;<\/p>\n","protected":false},"featured_media":94912,"template":"","meta":{"_themeisle_gutenberg_block_has_review":false},"product_brand":[],"product_cat":[416,415],"product_tag":[],"class_list":{"0":"post-90111","1":"product","2":"type-product","3":"status-publish","4":"has-post-thumbnail","6":"product_cat-forsaljning","7":"product_cat-knivslipning-knivslipmaskiner","9":"first","10":"instock","11":"sale","12":"shipping-taxable","13":"purchasable","14":"product-type-simple"},"yoast_head":"<!-- This site is optimized with the Yoast SEO plugin v27.3 - https:\/\/yoast.com\/product\/yoast-seo-wordpress\/ -->\n<title>TSPROF\u00ae Kadet Expert knivslipningssystem - AAKnives<\/title>\n<meta name=\"description\" content=\"TSPROF\u00ae Kadet Expert knivslipningssystem\" \/>\n<meta name=\"robots\" content=\"index, follow, max-snippet:-1, max-image-preview:large, max-video-preview:-1\" \/>\n<link rel=\"canonical\" href=\"https:\/\/aaknives.eu\/sv\/product\/tsprof-kadet-expert-knivslipningssystem\/\" \/>\n<meta property=\"og:locale\" content=\"sv_SE\" \/>\n<meta property=\"og:type\" content=\"article\" \/>\n<meta property=\"og:title\" content=\"TSPROF\u00ae Kadet Expert knivslipningssystem - AAKnives\" \/>\n<meta property=\"og:description\" content=\"TSPROF\u00ae Kadet Expert knivslipningssystem\" \/>\n<meta property=\"og:url\" content=\"https:\/\/aaknives.eu\/sv\/product\/tsprof-kadet-expert-knivslipningssystem\/\" \/>\n<meta property=\"og:site_name\" content=\"AAKnives\" \/>\n<meta property=\"article:publisher\" content=\"https:\/\/www.facebook.com\/aaknives.eu\/\" \/>\n<meta property=\"article:modified_time\" content=\"2024-10-29T02:57:10+00:00\" \/>\n<meta property=\"og:image\" content=\"https:\/\/aaknives.eu\/wp-content\/uploads\/2024\/10\/aaknives-hand-forged-damascus-steel-blade-knife-handmade-custom-made-knife-handcrafted-knives-autinetools-northmen-n695-2-10-3.jpg\" \/>\n\t<meta property=\"og:image:width\" content=\"600\" \/>\n\t<meta property=\"og:image:height\" content=\"600\" \/>\n\t<meta property=\"og:image:type\" content=\"image\/jpeg\" \/>\n<meta name=\"twitter:card\" content=\"summary_large_image\" \/>\n<meta name=\"twitter:label1\" content=\"Ber\u00e4knad l\u00e4stid\" \/>\n\t<meta name=\"twitter:data1\" content=\"1 minut\" \/>\n<script type=\"application\/ld+json\" class=\"yoast-schema-graph\">{\"@context\":\"https:\\\/\\\/schema.org\",\"@graph\":[{\"@type\":\"WebPage\",\"@id\":\"https:\\\/\\\/aaknives.eu\\\/sv\\\/product\\\/tsprof-kadet-expert-knivslipningssystem\\\/\",\"url\":\"https:\\\/\\\/aaknives.eu\\\/sv\\\/product\\\/tsprof-kadet-expert-knivslipningssystem\\\/\",\"name\":\"TSPROF\u00ae Kadet Expert knivslipningssystem - AAKnives\",\"isPartOf\":{\"@id\":\"https:\\\/\\\/aaknives.eu\\\/sv\\\/#website\"},\"primaryImageOfPage\":{\"@id\":\"https:\\\/\\\/aaknives.eu\\\/sv\\\/product\\\/tsprof-kadet-expert-knivslipningssystem\\\/#primaryimage\"},\"image\":{\"@id\":\"https:\\\/\\\/aaknives.eu\\\/sv\\\/product\\\/tsprof-kadet-expert-knivslipningssystem\\\/#primaryimage\"},\"thumbnailUrl\":\"https:\\\/\\\/aaknives.eu\\\/wp-content\\\/uploads\\\/2024\\\/10\\\/aaknives-hand-forged-dabascus-steel-blade-knife-handmade-custom-made-knife-handcrafted-knives-autinetools-northmen-51.webp\",\"datePublished\":\"2024-10-29T01:59:13+00:00\",\"dateModified\":\"2024-10-29T02:57:10+00:00\",\"description\":\"TSPROF\u00ae Kadet Expert knivslipningssystem\",\"breadcrumb\":{\"@id\":\"https:\\\/\\\/aaknives.eu\\\/sv\\\/product\\\/tsprof-kadet-expert-knivslipningssystem\\\/#breadcrumb\"},\"inLanguage\":\"sv-SE\",\"potentialAction\":[{\"@type\":\"ReadAction\",\"target\":[\"https:\\\/\\\/aaknives.eu\\\/sv\\\/product\\\/tsprof-kadet-expert-knivslipningssystem\\\/\"]}]},{\"@type\":\"ImageObject\",\"inLanguage\":\"sv-SE\",\"@id\":\"https:\\\/\\\/aaknives.eu\\\/sv\\\/product\\\/tsprof-kadet-expert-knivslipningssystem\\\/#primaryimage\",\"url\":\"https:\\\/\\\/aaknives.eu\\\/wp-content\\\/uploads\\\/2024\\\/10\\\/aaknives-hand-forged-dabascus-steel-blade-knife-handmade-custom-made-knife-handcrafted-knives-autinetools-northmen-51.webp\",\"contentUrl\":\"https:\\\/\\\/aaknives.eu\\\/wp-content\\\/uploads\\\/2024\\\/10\\\/aaknives-hand-forged-dabascus-steel-blade-knife-handmade-custom-made-knife-handcrafted-knives-autinetools-northmen-51.webp\",\"width\":1000,\"height\":1000},{\"@type\":\"BreadcrumbList\",\"@id\":\"https:\\\/\\\/aaknives.eu\\\/sv\\\/product\\\/tsprof-kadet-expert-knivslipningssystem\\\/#breadcrumb\",\"itemListElement\":[{\"@type\":\"ListItem\",\"position\":1,\"name\":\"Home\",\"item\":\"https:\\\/\\\/aaknives.eu\\\/sv\\\/\"},{\"@type\":\"ListItem\",\"position\":2,\"name\":\"Butik\",\"item\":\"https:\\\/\\\/aaknives.eu\\\/butik\\\/\"},{\"@type\":\"ListItem\",\"position\":3,\"name\":\"TSPROF\u00ae Kadet Expert knivslipningssystem\"}]},{\"@type\":\"WebSite\",\"@id\":\"https:\\\/\\\/aaknives.eu\\\/sv\\\/#website\",\"url\":\"https:\\\/\\\/aaknives.eu\\\/sv\\\/\",\"name\":\"AAKnives\",\"description\":\"Handmade knives\",\"publisher\":{\"@id\":\"https:\\\/\\\/aaknives.eu\\\/sv\\\/#organization\"},\"potentialAction\":[{\"@type\":\"SearchAction\",\"target\":{\"@type\":\"EntryPoint\",\"urlTemplate\":\"https:\\\/\\\/aaknives.eu\\\/sv\\\/?s={search_term_string}\"},\"query-input\":{\"@type\":\"PropertyValueSpecification\",\"valueRequired\":true,\"valueName\":\"search_term_string\"}}],\"inLanguage\":\"sv-SE\"},{\"@type\":\"Organization\",\"@id\":\"https:\\\/\\\/aaknives.eu\\\/sv\\\/#organization\",\"name\":\"AAKnives\",\"url\":\"https:\\\/\\\/aaknives.eu\\\/sv\\\/\",\"logo\":{\"@type\":\"ImageObject\",\"inLanguage\":\"sv-SE\",\"@id\":\"https:\\\/\\\/aaknives.eu\\\/sv\\\/#\\\/schema\\\/logo\\\/image\\\/\",\"url\":\"https:\\\/\\\/aaknives.eu\\\/wp-content\\\/uploads\\\/2021\\\/10\\\/AAknives_Logo_Green.png\",\"contentUrl\":\"https:\\\/\\\/aaknives.eu\\\/wp-content\\\/uploads\\\/2021\\\/10\\\/AAknives_Logo_Green.png\",\"width\":1768,\"height\":1768,\"caption\":\"AAKnives\"},\"image\":{\"@id\":\"https:\\\/\\\/aaknives.eu\\\/sv\\\/#\\\/schema\\\/logo\\\/image\\\/\"},\"sameAs\":[\"https:\\\/\\\/www.facebook.com\\\/aaknives.eu\\\/\",\"https:\\\/\\\/www.instagram.com\\\/aaknives\\\/\",\"https:\\\/\\\/www.pinterest.com\\\/aa_knives\\\/\",\"https:\\\/\\\/www.youtube.com\\\/channel\\\/UCHOQFjrOkgT6s4FIw9LDKyw\\\/featured\"]}]}<\/script>\n<!-- \/ Yoast SEO plugin. -->","yoast_head_json":{"title":"TSPROF\u00ae Kadet Expert knivslipningssystem - AAKnives","description":"TSPROF\u00ae Kadet Expert knivslipningssystem","robots":{"index":"index","follow":"follow","max-snippet":"max-snippet:-1","max-image-preview":"max-image-preview:large","max-video-preview":"max-video-preview:-1"},"canonical":"https:\/\/aaknives.eu\/sv\/product\/tsprof-kadet-expert-knivslipningssystem\/","og_locale":"sv_SE","og_type":"article","og_title":"TSPROF\u00ae Kadet Expert knivslipningssystem - AAKnives","og_description":"TSPROF\u00ae Kadet Expert knivslipningssystem","og_url":"https:\/\/aaknives.eu\/sv\/product\/tsprof-kadet-expert-knivslipningssystem\/","og_site_name":"AAKnives","article_publisher":"https:\/\/www.facebook.com\/aaknives.eu\/","article_modified_time":"2024-10-29T02:57:10+00:00","og_image":[{"width":600,"height":600,"url":"https:\/\/aaknives.eu\/wp-content\/uploads\/2024\/10\/aaknives-hand-forged-damascus-steel-blade-knife-handmade-custom-made-knife-handcrafted-knives-autinetools-northmen-n695-2-10-3.jpg","type":"image\/jpeg"}],"twitter_card":"summary_large_image","twitter_misc":{"Ber\u00e4knad l\u00e4stid":"1 minut"},"schema":{"@context":"https:\/\/schema.org","@graph":[{"@type":"WebPage","@id":"https:\/\/aaknives.eu\/sv\/product\/tsprof-kadet-expert-knivslipningssystem\/","url":"https:\/\/aaknives.eu\/sv\/product\/tsprof-kadet-expert-knivslipningssystem\/","name":"TSPROF\u00ae Kadet Expert knivslipningssystem - AAKnives","isPartOf":{"@id":"https:\/\/aaknives.eu\/sv\/#website"},"primaryImageOfPage":{"@id":"https:\/\/aaknives.eu\/sv\/product\/tsprof-kadet-expert-knivslipningssystem\/#primaryimage"},"image":{"@id":"https:\/\/aaknives.eu\/sv\/product\/tsprof-kadet-expert-knivslipningssystem\/#primaryimage"},"thumbnailUrl":"https:\/\/aaknives.eu\/wp-content\/uploads\/2024\/10\/aaknives-hand-forged-dabascus-steel-blade-knife-handmade-custom-made-knife-handcrafted-knives-autinetools-northmen-51.webp","datePublished":"2024-10-29T01:59:13+00:00","dateModified":"2024-10-29T02:57:10+00:00","description":"TSPROF\u00ae Kadet Expert knivslipningssystem","breadcrumb":{"@id":"https:\/\/aaknives.eu\/sv\/product\/tsprof-kadet-expert-knivslipningssystem\/#breadcrumb"},"inLanguage":"sv-SE","potentialAction":[{"@type":"ReadAction","target":["https:\/\/aaknives.eu\/sv\/product\/tsprof-kadet-expert-knivslipningssystem\/"]}]},{"@type":"ImageObject","inLanguage":"sv-SE","@id":"https:\/\/aaknives.eu\/sv\/product\/tsprof-kadet-expert-knivslipningssystem\/#primaryimage","url":"https:\/\/aaknives.eu\/wp-content\/uploads\/2024\/10\/aaknives-hand-forged-dabascus-steel-blade-knife-handmade-custom-made-knife-handcrafted-knives-autinetools-northmen-51.webp","contentUrl":"https:\/\/aaknives.eu\/wp-content\/uploads\/2024\/10\/aaknives-hand-forged-dabascus-steel-blade-knife-handmade-custom-made-knife-handcrafted-knives-autinetools-northmen-51.webp","width":1000,"height":1000},{"@type":"BreadcrumbList","@id":"https:\/\/aaknives.eu\/sv\/product\/tsprof-kadet-expert-knivslipningssystem\/#breadcrumb","itemListElement":[{"@type":"ListItem","position":1,"name":"Home","item":"https:\/\/aaknives.eu\/sv\/"},{"@type":"ListItem","position":2,"name":"Butik","item":"https:\/\/aaknives.eu\/butik\/"},{"@type":"ListItem","position":3,"name":"TSPROF\u00ae Kadet Expert knivslipningssystem"}]},{"@type":"WebSite","@id":"https:\/\/aaknives.eu\/sv\/#website","url":"https:\/\/aaknives.eu\/sv\/","name":"AAKnives","description":"Handmade knives","publisher":{"@id":"https:\/\/aaknives.eu\/sv\/#organization"},"potentialAction":[{"@type":"SearchAction","target":{"@type":"EntryPoint","urlTemplate":"https:\/\/aaknives.eu\/sv\/?s={search_term_string}"},"query-input":{"@type":"PropertyValueSpecification","valueRequired":true,"valueName":"search_term_string"}}],"inLanguage":"sv-SE"},{"@type":"Organization","@id":"https:\/\/aaknives.eu\/sv\/#organization","name":"AAKnives","url":"https:\/\/aaknives.eu\/sv\/","logo":{"@type":"ImageObject","inLanguage":"sv-SE","@id":"https:\/\/aaknives.eu\/sv\/#\/schema\/logo\/image\/","url":"https:\/\/aaknives.eu\/wp-content\/uploads\/2021\/10\/AAknives_Logo_Green.png","contentUrl":"https:\/\/aaknives.eu\/wp-content\/uploads\/2021\/10\/AAknives_Logo_Green.png","width":1768,"height":1768,"caption":"AAKnives"},"image":{"@id":"https:\/\/aaknives.eu\/sv\/#\/schema\/logo\/image\/"},"sameAs":["https:\/\/www.facebook.com\/aaknives.eu\/","https:\/\/www.instagram.com\/aaknives\/","https:\/\/www.pinterest.com\/aa_knives\/","https:\/\/www.youtube.com\/channel\/UCHOQFjrOkgT6s4FIw9LDKyw\/featured"]}]}},"_links":{"self":[{"href":"https:\/\/aaknives.eu\/sv\/wp-json\/wp\/v2\/product\/90111","targetHints":{"allow":["GET"]}}],"collection":[{"href":"https:\/\/aaknives.eu\/sv\/wp-json\/wp\/v2\/product"}],"about":[{"href":"https:\/\/aaknives.eu\/sv\/wp-json\/wp\/v2\/types\/product"}],"wp:featuredmedia":[{"embeddable":true,"href":"https:\/\/aaknives.eu\/sv\/wp-json\/wp\/v2\/media\/94912"}],"wp:attachment":[{"href":"https:\/\/aaknives.eu\/sv\/wp-json\/wp\/v2\/media?parent=90111"}],"wp:term":[{"taxonomy":"product_brand","embeddable":true,"href":"https:\/\/aaknives.eu\/sv\/wp-json\/wp\/v2\/product_brand?post=90111"},{"taxonomy":"product_cat","embeddable":true,"href":"https:\/\/aaknives.eu\/sv\/wp-json\/wp\/v2\/product_cat?post=90111"},{"taxonomy":"product_tag","embeddable":true,"href":"https:\/\/aaknives.eu\/sv\/wp-json\/wp\/v2\/product_tag?post=90111"}],"curies":[{"name":"wp","href":"https:\/\/api.w.org\/{rel}","templated":true}]}}