{"id":90125,"date":"2024-10-29T01:57:55","date_gmt":"2024-10-29T01:57:55","guid":{"rendered":"https:\/\/aaknives.eu\/?post_type=product&#038;p=90125"},"modified":"2024-10-29T02:56:59","modified_gmt":"2024-10-29T02:56:59","slug":"forvaringsvaska-i-tra-for-6-stenar","status":"publish","type":"product","link":"https:\/\/aaknives.eu\/sv\/product\/forvaringsvaska-i-tra-for-6-stenar\/","title":{"rendered":"F\u00f6rvaringsv\u00e4ska i tr\u00e4 f\u00f6r 6 stenar"},"content":{"rendered":"<p>Ett tr\u00e4fodral av faner f\u00f6rvarar och skyddar dina Edge Pro-stenar.<\/p>\n<p>&nbsp;<\/p>\n<p>H\u00f6ljet \u00e4r kompatibelt med 6&#8243;-stenar, f\u00e4sta eller inte monterade p\u00e5 aluminium\u00e4mnen, total tjocklek upp till 12 mm, bredd fr\u00e5n 0,5&#8243; (12 mm) till 1 &#8220;(25 mm). Huset har h\u00f6gkvalitativa metallbeslag, l\u00e5smagneter och ventilations\u00f6ppningar.<\/p>\n<p>&nbsp;<\/p>\n<p>&nbsp;<\/p>\n","protected":false},"excerpt":{"rendered":"<p>Ett tr\u00e4fodral av faner f\u00f6rvarar och skyddar dina Edge Pro-stenar. &nbsp; H\u00f6ljet \u00e4r kompatibelt med 6&#8243;-stenar, f\u00e4sta eller inte monterade p\u00e5 aluminium\u00e4mnen, total tjocklek upp till 12 mm, bredd fr\u00e5n 0,5&#8243; (12 mm) till 1 &#8220;(25 mm). Huset har h\u00f6gkvalitativa metallbeslag, l\u00e5smagneter och ventilations\u00f6ppningar. &nbsp; &nbsp;<\/p>\n","protected":false},"featured_media":86656,"template":"","meta":{"_themeisle_gutenberg_block_has_review":false},"product_brand":[],"product_cat":[415],"product_tag":[],"class_list":{"0":"post-90125","1":"product","2":"type-product","3":"status-publish","4":"has-post-thumbnail","6":"product_cat-knivslipning-knivslipmaskiner","8":"first","9":"outofstock","10":"shipping-taxable","11":"purchasable","12":"product-type-simple"},"yoast_head":"<!-- This site is optimized with the Yoast SEO plugin v27.3 - https:\/\/yoast.com\/product\/yoast-seo-wordpress\/ -->\n<title>F\u00f6rvaringsv\u00e4ska i tr\u00e4 f\u00f6r 6 stenar - AAKnives<\/title>\n<meta name=\"description\" content=\"F\u00f6rvaringsv\u00e4ska i tr\u00e4 f\u00f6r 6 stenar\" \/>\n<meta name=\"robots\" content=\"index, follow, max-snippet:-1, max-image-preview:large, max-video-preview:-1\" \/>\n<link rel=\"canonical\" href=\"https:\/\/aaknives.eu\/sv\/product\/forvaringsvaska-i-tra-for-6-stenar\/\" \/>\n<meta property=\"og:locale\" content=\"sv_SE\" \/>\n<meta property=\"og:type\" content=\"article\" \/>\n<meta property=\"og:title\" content=\"F\u00f6rvaringsv\u00e4ska i tr\u00e4 f\u00f6r 6 stenar - AAKnives\" \/>\n<meta property=\"og:description\" content=\"F\u00f6rvaringsv\u00e4ska i tr\u00e4 f\u00f6r 6 stenar\" \/>\n<meta property=\"og:url\" content=\"https:\/\/aaknives.eu\/sv\/product\/forvaringsvaska-i-tra-for-6-stenar\/\" \/>\n<meta property=\"og:site_name\" content=\"AAKnives\" \/>\n<meta property=\"article:publisher\" content=\"https:\/\/www.facebook.com\/aaknives.eu\/\" \/>\n<meta property=\"article:modified_time\" content=\"2024-10-29T02:56:59+00:00\" \/>\n<meta property=\"og:image\" content=\"https:\/\/aaknives.eu\/wp-content\/uploads\/2024\/10\/aaknives-hand-forged-damascus-steel-blade-knife-handmade-custom-made-knife-handcrafted-knives-autinetools-northmen-n695-1-1-2-3.jpg\" \/>\n\t<meta property=\"og:image:width\" content=\"600\" \/>\n\t<meta property=\"og:image:height\" content=\"600\" \/>\n\t<meta property=\"og:image:type\" content=\"image\/jpeg\" \/>\n<meta name=\"twitter:card\" content=\"summary_large_image\" \/>\n<script type=\"application\/ld+json\" class=\"yoast-schema-graph\">{\"@context\":\"https:\\\/\\\/schema.org\",\"@graph\":[{\"@type\":\"WebPage\",\"@id\":\"https:\\\/\\\/aaknives.eu\\\/sv\\\/product\\\/forvaringsvaska-i-tra-for-6-stenar\\\/\",\"url\":\"https:\\\/\\\/aaknives.eu\\\/sv\\\/product\\\/forvaringsvaska-i-tra-for-6-stenar\\\/\",\"name\":\"F\u00f6rvaringsv\u00e4ska i tr\u00e4 f\u00f6r 6 stenar - AAKnives\",\"isPartOf\":{\"@id\":\"https:\\\/\\\/aaknives.eu\\\/sv\\\/#website\"},\"primaryImageOfPage\":{\"@id\":\"https:\\\/\\\/aaknives.eu\\\/sv\\\/product\\\/forvaringsvaska-i-tra-for-6-stenar\\\/#primaryimage\"},\"image\":{\"@id\":\"https:\\\/\\\/aaknives.eu\\\/sv\\\/product\\\/forvaringsvaska-i-tra-for-6-stenar\\\/#primaryimage\"},\"thumbnailUrl\":\"https:\\\/\\\/aaknives.eu\\\/wp-content\\\/uploads\\\/2024\\\/10\\\/aaknives-hand-forged-damascus-steel-blade-knife-handmade-custom-made-knife-handcrafted-knives-autinetools-northmen-n695-1-1-2-3.jpg\",\"datePublished\":\"2024-10-29T01:57:55+00:00\",\"dateModified\":\"2024-10-29T02:56:59+00:00\",\"description\":\"F\u00f6rvaringsv\u00e4ska i tr\u00e4 f\u00f6r 6 stenar\",\"breadcrumb\":{\"@id\":\"https:\\\/\\\/aaknives.eu\\\/sv\\\/product\\\/forvaringsvaska-i-tra-for-6-stenar\\\/#breadcrumb\"},\"inLanguage\":\"sv-SE\",\"potentialAction\":[{\"@type\":\"ReadAction\",\"target\":[\"https:\\\/\\\/aaknives.eu\\\/sv\\\/product\\\/forvaringsvaska-i-tra-for-6-stenar\\\/\"]}]},{\"@type\":\"ImageObject\",\"inLanguage\":\"sv-SE\",\"@id\":\"https:\\\/\\\/aaknives.eu\\\/sv\\\/product\\\/forvaringsvaska-i-tra-for-6-stenar\\\/#primaryimage\",\"url\":\"https:\\\/\\\/aaknives.eu\\\/wp-content\\\/uploads\\\/2024\\\/10\\\/aaknives-hand-forged-damascus-steel-blade-knife-handmade-custom-made-knife-handcrafted-knives-autinetools-northmen-n695-1-1-2-3.jpg\",\"contentUrl\":\"https:\\\/\\\/aaknives.eu\\\/wp-content\\\/uploads\\\/2024\\\/10\\\/aaknives-hand-forged-damascus-steel-blade-knife-handmade-custom-made-knife-handcrafted-knives-autinetools-northmen-n695-1-1-2-3.jpg\",\"width\":600,\"height\":600},{\"@type\":\"BreadcrumbList\",\"@id\":\"https:\\\/\\\/aaknives.eu\\\/sv\\\/product\\\/forvaringsvaska-i-tra-for-6-stenar\\\/#breadcrumb\",\"itemListElement\":[{\"@type\":\"ListItem\",\"position\":1,\"name\":\"Home\",\"item\":\"https:\\\/\\\/aaknives.eu\\\/sv\\\/\"},{\"@type\":\"ListItem\",\"position\":2,\"name\":\"Butik\",\"item\":\"https:\\\/\\\/aaknives.eu\\\/butik\\\/\"},{\"@type\":\"ListItem\",\"position\":3,\"name\":\"F\u00f6rvaringsv\u00e4ska i tr\u00e4 f\u00f6r 6 stenar\"}]},{\"@type\":\"WebSite\",\"@id\":\"https:\\\/\\\/aaknives.eu\\\/sv\\\/#website\",\"url\":\"https:\\\/\\\/aaknives.eu\\\/sv\\\/\",\"name\":\"AAKnives\",\"description\":\"Handmade knives\",\"publisher\":{\"@id\":\"https:\\\/\\\/aaknives.eu\\\/sv\\\/#organization\"},\"potentialAction\":[{\"@type\":\"SearchAction\",\"target\":{\"@type\":\"EntryPoint\",\"urlTemplate\":\"https:\\\/\\\/aaknives.eu\\\/sv\\\/?s={search_term_string}\"},\"query-input\":{\"@type\":\"PropertyValueSpecification\",\"valueRequired\":true,\"valueName\":\"search_term_string\"}}],\"inLanguage\":\"sv-SE\"},{\"@type\":\"Organization\",\"@id\":\"https:\\\/\\\/aaknives.eu\\\/sv\\\/#organization\",\"name\":\"AAKnives\",\"url\":\"https:\\\/\\\/aaknives.eu\\\/sv\\\/\",\"logo\":{\"@type\":\"ImageObject\",\"inLanguage\":\"sv-SE\",\"@id\":\"https:\\\/\\\/aaknives.eu\\\/sv\\\/#\\\/schema\\\/logo\\\/image\\\/\",\"url\":\"https:\\\/\\\/aaknives.eu\\\/wp-content\\\/uploads\\\/2021\\\/10\\\/AAknives_Logo_Green.png\",\"contentUrl\":\"https:\\\/\\\/aaknives.eu\\\/wp-content\\\/uploads\\\/2021\\\/10\\\/AAknives_Logo_Green.png\",\"width\":1768,\"height\":1768,\"caption\":\"AAKnives\"},\"image\":{\"@id\":\"https:\\\/\\\/aaknives.eu\\\/sv\\\/#\\\/schema\\\/logo\\\/image\\\/\"},\"sameAs\":[\"https:\\\/\\\/www.facebook.com\\\/aaknives.eu\\\/\",\"https:\\\/\\\/www.instagram.com\\\/aaknives\\\/\",\"https:\\\/\\\/www.pinterest.com\\\/aa_knives\\\/\",\"https:\\\/\\\/www.youtube.com\\\/channel\\\/UCHOQFjrOkgT6s4FIw9LDKyw\\\/featured\"]}]}<\/script>\n<!-- \/ Yoast SEO plugin. -->","yoast_head_json":{"title":"F\u00f6rvaringsv\u00e4ska i tr\u00e4 f\u00f6r 6 stenar - AAKnives","description":"F\u00f6rvaringsv\u00e4ska i tr\u00e4 f\u00f6r 6 stenar","robots":{"index":"index","follow":"follow","max-snippet":"max-snippet:-1","max-image-preview":"max-image-preview:large","max-video-preview":"max-video-preview:-1"},"canonical":"https:\/\/aaknives.eu\/sv\/product\/forvaringsvaska-i-tra-for-6-stenar\/","og_locale":"sv_SE","og_type":"article","og_title":"F\u00f6rvaringsv\u00e4ska i tr\u00e4 f\u00f6r 6 stenar - AAKnives","og_description":"F\u00f6rvaringsv\u00e4ska i tr\u00e4 f\u00f6r 6 stenar","og_url":"https:\/\/aaknives.eu\/sv\/product\/forvaringsvaska-i-tra-for-6-stenar\/","og_site_name":"AAKnives","article_publisher":"https:\/\/www.facebook.com\/aaknives.eu\/","article_modified_time":"2024-10-29T02:56:59+00:00","og_image":[{"width":600,"height":600,"url":"https:\/\/aaknives.eu\/wp-content\/uploads\/2024\/10\/aaknives-hand-forged-damascus-steel-blade-knife-handmade-custom-made-knife-handcrafted-knives-autinetools-northmen-n695-1-1-2-3.jpg","type":"image\/jpeg"}],"twitter_card":"summary_large_image","schema":{"@context":"https:\/\/schema.org","@graph":[{"@type":"WebPage","@id":"https:\/\/aaknives.eu\/sv\/product\/forvaringsvaska-i-tra-for-6-stenar\/","url":"https:\/\/aaknives.eu\/sv\/product\/forvaringsvaska-i-tra-for-6-stenar\/","name":"F\u00f6rvaringsv\u00e4ska i tr\u00e4 f\u00f6r 6 stenar - AAKnives","isPartOf":{"@id":"https:\/\/aaknives.eu\/sv\/#website"},"primaryImageOfPage":{"@id":"https:\/\/aaknives.eu\/sv\/product\/forvaringsvaska-i-tra-for-6-stenar\/#primaryimage"},"image":{"@id":"https:\/\/aaknives.eu\/sv\/product\/forvaringsvaska-i-tra-for-6-stenar\/#primaryimage"},"thumbnailUrl":"https:\/\/aaknives.eu\/wp-content\/uploads\/2024\/10\/aaknives-hand-forged-damascus-steel-blade-knife-handmade-custom-made-knife-handcrafted-knives-autinetools-northmen-n695-1-1-2-3.jpg","datePublished":"2024-10-29T01:57:55+00:00","dateModified":"2024-10-29T02:56:59+00:00","description":"F\u00f6rvaringsv\u00e4ska i tr\u00e4 f\u00f6r 6 stenar","breadcrumb":{"@id":"https:\/\/aaknives.eu\/sv\/product\/forvaringsvaska-i-tra-for-6-stenar\/#breadcrumb"},"inLanguage":"sv-SE","potentialAction":[{"@type":"ReadAction","target":["https:\/\/aaknives.eu\/sv\/product\/forvaringsvaska-i-tra-for-6-stenar\/"]}]},{"@type":"ImageObject","inLanguage":"sv-SE","@id":"https:\/\/aaknives.eu\/sv\/product\/forvaringsvaska-i-tra-for-6-stenar\/#primaryimage","url":"https:\/\/aaknives.eu\/wp-content\/uploads\/2024\/10\/aaknives-hand-forged-damascus-steel-blade-knife-handmade-custom-made-knife-handcrafted-knives-autinetools-northmen-n695-1-1-2-3.jpg","contentUrl":"https:\/\/aaknives.eu\/wp-content\/uploads\/2024\/10\/aaknives-hand-forged-damascus-steel-blade-knife-handmade-custom-made-knife-handcrafted-knives-autinetools-northmen-n695-1-1-2-3.jpg","width":600,"height":600},{"@type":"BreadcrumbList","@id":"https:\/\/aaknives.eu\/sv\/product\/forvaringsvaska-i-tra-for-6-stenar\/#breadcrumb","itemListElement":[{"@type":"ListItem","position":1,"name":"Home","item":"https:\/\/aaknives.eu\/sv\/"},{"@type":"ListItem","position":2,"name":"Butik","item":"https:\/\/aaknives.eu\/butik\/"},{"@type":"ListItem","position":3,"name":"F\u00f6rvaringsv\u00e4ska i tr\u00e4 f\u00f6r 6 stenar"}]},{"@type":"WebSite","@id":"https:\/\/aaknives.eu\/sv\/#website","url":"https:\/\/aaknives.eu\/sv\/","name":"AAKnives","description":"Handmade knives","publisher":{"@id":"https:\/\/aaknives.eu\/sv\/#organization"},"potentialAction":[{"@type":"SearchAction","target":{"@type":"EntryPoint","urlTemplate":"https:\/\/aaknives.eu\/sv\/?s={search_term_string}"},"query-input":{"@type":"PropertyValueSpecification","valueRequired":true,"valueName":"search_term_string"}}],"inLanguage":"sv-SE"},{"@type":"Organization","@id":"https:\/\/aaknives.eu\/sv\/#organization","name":"AAKnives","url":"https:\/\/aaknives.eu\/sv\/","logo":{"@type":"ImageObject","inLanguage":"sv-SE","@id":"https:\/\/aaknives.eu\/sv\/#\/schema\/logo\/image\/","url":"https:\/\/aaknives.eu\/wp-content\/uploads\/2021\/10\/AAknives_Logo_Green.png","contentUrl":"https:\/\/aaknives.eu\/wp-content\/uploads\/2021\/10\/AAknives_Logo_Green.png","width":1768,"height":1768,"caption":"AAKnives"},"image":{"@id":"https:\/\/aaknives.eu\/sv\/#\/schema\/logo\/image\/"},"sameAs":["https:\/\/www.facebook.com\/aaknives.eu\/","https:\/\/www.instagram.com\/aaknives\/","https:\/\/www.pinterest.com\/aa_knives\/","https:\/\/www.youtube.com\/channel\/UCHOQFjrOkgT6s4FIw9LDKyw\/featured"]}]}},"_links":{"self":[{"href":"https:\/\/aaknives.eu\/sv\/wp-json\/wp\/v2\/product\/90125","targetHints":{"allow":["GET"]}}],"collection":[{"href":"https:\/\/aaknives.eu\/sv\/wp-json\/wp\/v2\/product"}],"about":[{"href":"https:\/\/aaknives.eu\/sv\/wp-json\/wp\/v2\/types\/product"}],"wp:featuredmedia":[{"embeddable":true,"href":"https:\/\/aaknives.eu\/sv\/wp-json\/wp\/v2\/media\/86656"}],"wp:attachment":[{"href":"https:\/\/aaknives.eu\/sv\/wp-json\/wp\/v2\/media?parent=90125"}],"wp:term":[{"taxonomy":"product_brand","embeddable":true,"href":"https:\/\/aaknives.eu\/sv\/wp-json\/wp\/v2\/product_brand?post=90125"},{"taxonomy":"product_cat","embeddable":true,"href":"https:\/\/aaknives.eu\/sv\/wp-json\/wp\/v2\/product_cat?post=90125"},{"taxonomy":"product_tag","embeddable":true,"href":"https:\/\/aaknives.eu\/sv\/wp-json\/wp\/v2\/product_tag?post=90125"}],"curies":[{"name":"wp","href":"https:\/\/api.w.org\/{rel}","templated":true}]}}