{"id":90128,"date":"2024-10-29T01:57:26","date_gmt":"2024-10-29T01:57:26","guid":{"rendered":"https:\/\/aaknives.eu\/?post_type=product&#038;p=90128"},"modified":"2024-10-29T02:56:58","modified_gmt":"2024-10-29T02:56:58","slug":"kniv-bear-bohler-uddeholm-k340-knivstal","status":"publish","type":"product","link":"https:\/\/aaknives.eu\/sv\/product\/kniv-bear-bohler-uddeholm-k340-knivstal\/","title":{"rendered":"Kniv &#8221;BEAR&#8221;, Bohler &#8211; Uddeholm K340 knivst\u00e5l"},"content":{"rendered":"<p>Specifikationer f\u00f6r kniv: \u201dBEAR\u201d<br \/>\nSt\u00e5l: Svenskt K340 (Bohler-Uddeholm) \u2013 Bohler-Uddeholm kallbearbetningsst\u00e5l<br \/>\nH\u00e5rdhet: 60-61 HRC<br \/>\nBladets l\u00e4ngd (mm): 108 \/ 4,25 tum<br \/>\nBladets tjocklek (mm): 3 \/0,12 tum<br \/>\nBladbredd (mm): 30 \/ 1,18 tum<br \/>\nHandtag: stabiliserad karelsk bj\u00f6rk<br \/>\nTotal l\u00e4ngd (mm): 233 \/ 9,17 tum<\/p>\n<div class=\"_1i6a\">\n<div class=\"_4po3 _4poa\">\n<div class=\"_4po5\">\n<div class=\"_4po8\">\n<div class=\"_4po9\">\n<div>\n<div class=\"_4tdt _ua1\">\n<div class=\"_ua2\">\n<div class=\"_4tdv\">\n<div class=\"_5wd4 _1nc7\">\n<div class=\"._1dlq _h8t\">\n<div class=\"_5wd9 direction_ltr clearfix\">\n<div class=\"_1e-x _n4o\">\n<div class=\"_3_bl\">\n<div class=\"_5w1r _3_om _5wdf\">\n<div class=\"_4gx_\">\n<div class=\"_1aa6\">\n<div class=\"\">\n<p>Bohler-Uddeholm K340 knivst\u00e5l<\/p>\n<p>\u00a0<\/p>\n<p>K340 (Bohler-Uddeholm) \u2013 Bohler-Uddeholm kallbearbetningsst\u00e5l. Inneh\u00e5ller \u00e4ven Al.<\/p>\n<p>Produktionsteknik \u2013 ESR<\/p>\n<p>Land \u2013 Sverige (SE)<\/p>\n<p>K\u00e4nda alias: Bohler-Uddeholm \u2013 K340 Isodur<\/p>\n<p>B\u00d6HLER K340 ISODUR, 8% kromst\u00e5l, tillverkas genom omsm\u00e4ltning av elektroslagg (ESR). Denna omsm\u00e4ltningsteknik, som utvecklats och testats av B\u00d6HLER, ger extremt l\u00e5g mikro- och makrosegregering och ger materialet den renhet och homogenitet som kr\u00e4vs f\u00f6r att leverera enast\u00e5ende prestanda i praktiken.<\/p>\n<p>Bohler K340 \u2013 Bohler Uddeholm Group Verktygsst\u00e5l. J\u00e4mf\u00f6rt med analogt har X12MF h\u00f6gre renhet och l\u00e4ngre livsl\u00e4ngd. Det \u00e4r det b\u00e4sta valet f\u00f6r jakt- eller friluftsknivar.<\/p>\n<p>\u00a0<\/p>\n<p>Kemisk sammans\u00e4ttning i viktprocent: 1,10% C, 0,70% Si, 0,40% Mn, 8,20% Cr, 2,10% Mo, 0,50% V, + Al, Nb<\/p>\n<p>V\u00e4rmebehandling<\/p>\n<p>H\u00e4rdning: 1020 till 1060 C (1870-1940 F). Olja, saltbad, tryckluft, luft, vakuum. Efter uppv\u00e4rmning, h\u00e5ll i 15 till 30 minuter.<\/p>\n<p>H\u00e4rdning: L\u00e5ngsam uppv\u00e4rmning till upptiningstemperatur omedelbart efter h\u00e4rdning. Tid i ugnen 1 timme f\u00f6r varje 20 mm (0,79 tum) tjock arbetsstycke, dock minst 2 timmar. Luftkylning.<\/p>\n<p>\u00a0<\/p>\n<\/div>\n<\/div>\n<\/div>\n<\/div>\n<\/div>\n<p>\u00a0<\/p>\n<\/div>\n<\/div>\n<\/div>\n<div class=\"_40qi\"><\/div>\n<\/div>\n<\/div>\n<\/div>\n<\/div>\n<\/div>\n<div class=\"_4gd0\">\n<div><\/div>\n<\/div>\n<div class=\"_4gd0\">\n<div class=\"_510g\"><\/div>\n<\/div>\n<\/div>\n<\/div>\n<\/div>\n<\/div>\n<\/div>\n<div class=\"fbNubFlyoutFooter\" data-testid=\"composer_root\">\n<div class=\"_1d4_\" role=\"presentation\">\n<div class=\"_552h\">\n<div class=\"\">\n<div tabindex=\"-1\">\n<div class=\"_5rp7 _5rp8\">\n<div class=\"_5rpb\">\n<div class=\"notranslate _5rpu\" role=\"combobox\" contenteditable=\"true\" spellcheck=\"true\" aria-autocomplete=\"list\" aria-controls=\"js_46\" aria-describedby=\"placeholder-fb8dt\" aria-expanded=\"false\">\n<div data-contents=\"true\">\n<div data-block=\"true\" data-editor=\"fb8dt\" data-offset-key=\"9l77l-0-0\"><\/div>\n<\/div>\n<\/div>\n<\/div>\n<\/div>\n<\/div>\n<\/div>\n<\/div>\n<\/div>\n<\/div>\n","protected":false},"excerpt":{"rendered":"<p>Specifikationer f\u00f6r kniv: \u201dBEAR\u201d St\u00e5l: Svenskt K340 (Bohler-Uddeholm) \u2013 Bohler-Uddeholm kallbearbetningsst\u00e5l H\u00e5rdhet: 60-61 HRC Bladets l\u00e4ngd (mm): 108 \/ 4,25 tum Bladets tjocklek (mm): 3 \/0,12 tum Bladbredd (mm): 30 \/ 1,18 tum Handtag: stabiliserad karelsk bj\u00f6rk Total l\u00e4ngd (mm): 233 \/ 9,17 tum Bohler-Uddeholm K340 knivst\u00e5l \u00a0 K340 (Bohler-Uddeholm) \u2013 Bohler-Uddeholm kallbearbetningsst\u00e5l. Inneh\u00e5ller \u00e4ven Al. Produktionsteknik \u2013 ESR Land \u2013 Sverige (SE) K\u00e4nda alias: Bohler-Uddeholm \u2013 K340 Isodur B\u00d6HLER K340 ISODUR, 8% kromst\u00e5l, tillverkas genom omsm\u00e4ltning av elektroslagg (ESR). Denna omsm\u00e4ltningsteknik, som utvecklats och testats av B\u00d6HLER, ger extremt l\u00e5g mikro- och makrosegregering och ger materialet den renhet och&hellip;<\/p>\n","protected":false},"featured_media":86452,"template":"","meta":{"_themeisle_gutenberg_block_has_review":false},"product_brand":[],"product_cat":[422,414,413],"product_tag":[],"class_list":{"0":"post-90128","1":"product","2":"type-product","3":"status-publish","4":"has-post-thumbnail","6":"product_cat-fiskeknivar","7":"product_cat-jaktknivar","8":"product_cat-knivar-for-utomhusbruk","10":"first","11":"outofstock","12":"shipping-taxable","13":"purchasable","14":"product-type-simple"},"yoast_head":"<!-- This site is optimized with the Yoast SEO plugin v27.5 - https:\/\/yoast.com\/product\/yoast-seo-wordpress\/ -->\n<title>Kniv &#039;&#039;BEAR&#039;&#039;, Bohler - Uddeholm K340 knivst\u00e5l - AAKnives<\/title>\n<meta name=\"description\" content=\"Kniv &#039;&#039;BEAR&#039;&#039;, Bohler - Uddeholm K340 knivst\u00e5l, aaknivskniv, jaktkniv, friluftskniv, smidd st\u00e5lkniv, svensk st\u00e5lkniv\" \/>\n<meta name=\"robots\" content=\"index, follow, max-snippet:-1, max-image-preview:large, max-video-preview:-1\" \/>\n<link rel=\"canonical\" href=\"https:\/\/aaknives.eu\/sv\/product\/kniv-bear-bohler-uddeholm-k340-knivstal\/\" \/>\n<meta property=\"og:locale\" content=\"sv_SE\" \/>\n<meta property=\"og:type\" content=\"article\" \/>\n<meta property=\"og:title\" content=\"Kniv &#039;&#039;BEAR&#039;&#039;, Bohler - Uddeholm K340 knivst\u00e5l - AAKnives\" \/>\n<meta property=\"og:description\" content=\"Kniv &#039;&#039;BEAR&#039;&#039;, Bohler - Uddeholm K340 knivst\u00e5l, aaknivskniv, jaktkniv, friluftskniv, smidd st\u00e5lkniv, svensk st\u00e5lkniv\" \/>\n<meta property=\"og:url\" content=\"https:\/\/aaknives.eu\/sv\/product\/kniv-bear-bohler-uddeholm-k340-knivstal\/\" \/>\n<meta property=\"og:site_name\" content=\"AAKnives\" \/>\n<meta property=\"article:publisher\" content=\"https:\/\/www.facebook.com\/aaknives.eu\/\" \/>\n<meta property=\"article:modified_time\" content=\"2024-10-29T02:56:58+00:00\" \/>\n<meta property=\"og:image\" content=\"https:\/\/aaknives.eu\/wp-content\/uploads\/2024\/10\/aaknives-hand-forged-dabascus-steel-blade-knife-handmade-custom-made-knife-handcrafted-knives-autinetools-northmen-8-1-1-5-3.jpg\" \/>\n\t<meta property=\"og:image:width\" content=\"800\" \/>\n\t<meta property=\"og:image:height\" content=\"600\" \/>\n\t<meta property=\"og:image:type\" content=\"image\/jpeg\" \/>\n<meta name=\"twitter:card\" content=\"summary_large_image\" \/>\n<meta name=\"twitter:label1\" content=\"Ber\u00e4knad l\u00e4stid\" \/>\n\t<meta name=\"twitter:data1\" content=\"1 minut\" \/>\n<script type=\"application\/ld+json\" class=\"yoast-schema-graph\">{\"@context\":\"https:\\\/\\\/schema.org\",\"@graph\":[{\"@type\":\"WebPage\",\"@id\":\"https:\\\/\\\/aaknives.eu\\\/sv\\\/product\\\/kniv-bear-bohler-uddeholm-k340-knivstal\\\/\",\"url\":\"https:\\\/\\\/aaknives.eu\\\/sv\\\/product\\\/kniv-bear-bohler-uddeholm-k340-knivstal\\\/\",\"name\":\"Kniv ''BEAR'', Bohler - Uddeholm K340 knivst\u00e5l - AAKnives\",\"isPartOf\":{\"@id\":\"https:\\\/\\\/aaknives.eu\\\/sv\\\/#website\"},\"primaryImageOfPage\":{\"@id\":\"https:\\\/\\\/aaknives.eu\\\/sv\\\/product\\\/kniv-bear-bohler-uddeholm-k340-knivstal\\\/#primaryimage\"},\"image\":{\"@id\":\"https:\\\/\\\/aaknives.eu\\\/sv\\\/product\\\/kniv-bear-bohler-uddeholm-k340-knivstal\\\/#primaryimage\"},\"thumbnailUrl\":\"https:\\\/\\\/aaknives.eu\\\/wp-content\\\/uploads\\\/2024\\\/10\\\/aaknives-hand-forged-dabascus-steel-blade-knife-handmade-custom-made-knife-handcrafted-knives-autinetools-northmen-8-1-1-5-3.jpg\",\"datePublished\":\"2024-10-29T01:57:26+00:00\",\"dateModified\":\"2024-10-29T02:56:58+00:00\",\"description\":\"Kniv ''BEAR'', Bohler - Uddeholm K340 knivst\u00e5l, aaknivskniv, jaktkniv, friluftskniv, smidd st\u00e5lkniv, svensk st\u00e5lkniv\",\"breadcrumb\":{\"@id\":\"https:\\\/\\\/aaknives.eu\\\/sv\\\/product\\\/kniv-bear-bohler-uddeholm-k340-knivstal\\\/#breadcrumb\"},\"inLanguage\":\"sv-SE\",\"potentialAction\":[{\"@type\":\"ReadAction\",\"target\":[\"https:\\\/\\\/aaknives.eu\\\/sv\\\/product\\\/kniv-bear-bohler-uddeholm-k340-knivstal\\\/\"]}]},{\"@type\":\"ImageObject\",\"inLanguage\":\"sv-SE\",\"@id\":\"https:\\\/\\\/aaknives.eu\\\/sv\\\/product\\\/kniv-bear-bohler-uddeholm-k340-knivstal\\\/#primaryimage\",\"url\":\"https:\\\/\\\/aaknives.eu\\\/wp-content\\\/uploads\\\/2024\\\/10\\\/aaknives-hand-forged-dabascus-steel-blade-knife-handmade-custom-made-knife-handcrafted-knives-autinetools-northmen-8-1-1-5-3.jpg\",\"contentUrl\":\"https:\\\/\\\/aaknives.eu\\\/wp-content\\\/uploads\\\/2024\\\/10\\\/aaknives-hand-forged-dabascus-steel-blade-knife-handmade-custom-made-knife-handcrafted-knives-autinetools-northmen-8-1-1-5-3.jpg\",\"width\":800,\"height\":600},{\"@type\":\"BreadcrumbList\",\"@id\":\"https:\\\/\\\/aaknives.eu\\\/sv\\\/product\\\/kniv-bear-bohler-uddeholm-k340-knivstal\\\/#breadcrumb\",\"itemListElement\":[{\"@type\":\"ListItem\",\"position\":1,\"name\":\"Home\",\"item\":\"https:\\\/\\\/aaknives.eu\\\/sv\\\/\"},{\"@type\":\"ListItem\",\"position\":2,\"name\":\"Butik\",\"item\":\"https:\\\/\\\/aaknives.eu\\\/butik\\\/\"},{\"@type\":\"ListItem\",\"position\":3,\"name\":\"Kniv &#8221;BEAR&#8221;, Bohler &#8211; Uddeholm K340 knivst\u00e5l\"}]},{\"@type\":\"WebSite\",\"@id\":\"https:\\\/\\\/aaknives.eu\\\/sv\\\/#website\",\"url\":\"https:\\\/\\\/aaknives.eu\\\/sv\\\/\",\"name\":\"AAKnives\",\"description\":\"Handmade knives\",\"publisher\":{\"@id\":\"https:\\\/\\\/aaknives.eu\\\/sv\\\/#organization\"},\"alternateName\":\"Anri Ananin Knives\",\"potentialAction\":[{\"@type\":\"SearchAction\",\"target\":{\"@type\":\"EntryPoint\",\"urlTemplate\":\"https:\\\/\\\/aaknives.eu\\\/sv\\\/?s={search_term_string}\"},\"query-input\":{\"@type\":\"PropertyValueSpecification\",\"valueRequired\":true,\"valueName\":\"search_term_string\"}}],\"inLanguage\":\"sv-SE\"},{\"@type\":\"Organization\",\"@id\":\"https:\\\/\\\/aaknives.eu\\\/sv\\\/#organization\",\"name\":\"AAKnives\",\"url\":\"https:\\\/\\\/aaknives.eu\\\/sv\\\/\",\"logo\":{\"@type\":\"ImageObject\",\"inLanguage\":\"sv-SE\",\"@id\":\"https:\\\/\\\/aaknives.eu\\\/sv\\\/#\\\/schema\\\/logo\\\/image\\\/\",\"url\":\"https:\\\/\\\/aaknives.eu\\\/wp-content\\\/uploads\\\/2021\\\/10\\\/AAknives_Logo_Green.png\",\"contentUrl\":\"https:\\\/\\\/aaknives.eu\\\/wp-content\\\/uploads\\\/2021\\\/10\\\/AAknives_Logo_Green.png\",\"width\":1768,\"height\":1768,\"caption\":\"AAKnives\"},\"image\":{\"@id\":\"https:\\\/\\\/aaknives.eu\\\/sv\\\/#\\\/schema\\\/logo\\\/image\\\/\"},\"sameAs\":[\"https:\\\/\\\/www.facebook.com\\\/aaknives.eu\\\/\",\"https:\\\/\\\/www.instagram.com\\\/aaknives\\\/\",\"https:\\\/\\\/www.pinterest.com\\\/aa_knives\\\/\",\"https:\\\/\\\/www.youtube.com\\\/@aaknives9518\"]}]}<\/script>\n<!-- \/ Yoast SEO plugin. -->","yoast_head_json":{"title":"Kniv ''BEAR'', Bohler - Uddeholm K340 knivst\u00e5l - AAKnives","description":"Kniv ''BEAR'', Bohler - Uddeholm K340 knivst\u00e5l, aaknivskniv, jaktkniv, friluftskniv, smidd st\u00e5lkniv, svensk st\u00e5lkniv","robots":{"index":"index","follow":"follow","max-snippet":"max-snippet:-1","max-image-preview":"max-image-preview:large","max-video-preview":"max-video-preview:-1"},"canonical":"https:\/\/aaknives.eu\/sv\/product\/kniv-bear-bohler-uddeholm-k340-knivstal\/","og_locale":"sv_SE","og_type":"article","og_title":"Kniv ''BEAR'', Bohler - Uddeholm K340 knivst\u00e5l - AAKnives","og_description":"Kniv ''BEAR'', Bohler - Uddeholm K340 knivst\u00e5l, aaknivskniv, jaktkniv, friluftskniv, smidd st\u00e5lkniv, svensk st\u00e5lkniv","og_url":"https:\/\/aaknives.eu\/sv\/product\/kniv-bear-bohler-uddeholm-k340-knivstal\/","og_site_name":"AAKnives","article_publisher":"https:\/\/www.facebook.com\/aaknives.eu\/","article_modified_time":"2024-10-29T02:56:58+00:00","og_image":[{"width":800,"height":600,"url":"https:\/\/aaknives.eu\/wp-content\/uploads\/2024\/10\/aaknives-hand-forged-dabascus-steel-blade-knife-handmade-custom-made-knife-handcrafted-knives-autinetools-northmen-8-1-1-5-3.jpg","type":"image\/jpeg"}],"twitter_card":"summary_large_image","twitter_misc":{"Ber\u00e4knad l\u00e4stid":"1 minut"},"schema":{"@context":"https:\/\/schema.org","@graph":[{"@type":"WebPage","@id":"https:\/\/aaknives.eu\/sv\/product\/kniv-bear-bohler-uddeholm-k340-knivstal\/","url":"https:\/\/aaknives.eu\/sv\/product\/kniv-bear-bohler-uddeholm-k340-knivstal\/","name":"Kniv ''BEAR'', Bohler - Uddeholm K340 knivst\u00e5l - AAKnives","isPartOf":{"@id":"https:\/\/aaknives.eu\/sv\/#website"},"primaryImageOfPage":{"@id":"https:\/\/aaknives.eu\/sv\/product\/kniv-bear-bohler-uddeholm-k340-knivstal\/#primaryimage"},"image":{"@id":"https:\/\/aaknives.eu\/sv\/product\/kniv-bear-bohler-uddeholm-k340-knivstal\/#primaryimage"},"thumbnailUrl":"https:\/\/aaknives.eu\/wp-content\/uploads\/2024\/10\/aaknives-hand-forged-dabascus-steel-blade-knife-handmade-custom-made-knife-handcrafted-knives-autinetools-northmen-8-1-1-5-3.jpg","datePublished":"2024-10-29T01:57:26+00:00","dateModified":"2024-10-29T02:56:58+00:00","description":"Kniv ''BEAR'', Bohler - Uddeholm K340 knivst\u00e5l, aaknivskniv, jaktkniv, friluftskniv, smidd st\u00e5lkniv, svensk st\u00e5lkniv","breadcrumb":{"@id":"https:\/\/aaknives.eu\/sv\/product\/kniv-bear-bohler-uddeholm-k340-knivstal\/#breadcrumb"},"inLanguage":"sv-SE","potentialAction":[{"@type":"ReadAction","target":["https:\/\/aaknives.eu\/sv\/product\/kniv-bear-bohler-uddeholm-k340-knivstal\/"]}]},{"@type":"ImageObject","inLanguage":"sv-SE","@id":"https:\/\/aaknives.eu\/sv\/product\/kniv-bear-bohler-uddeholm-k340-knivstal\/#primaryimage","url":"https:\/\/aaknives.eu\/wp-content\/uploads\/2024\/10\/aaknives-hand-forged-dabascus-steel-blade-knife-handmade-custom-made-knife-handcrafted-knives-autinetools-northmen-8-1-1-5-3.jpg","contentUrl":"https:\/\/aaknives.eu\/wp-content\/uploads\/2024\/10\/aaknives-hand-forged-dabascus-steel-blade-knife-handmade-custom-made-knife-handcrafted-knives-autinetools-northmen-8-1-1-5-3.jpg","width":800,"height":600},{"@type":"BreadcrumbList","@id":"https:\/\/aaknives.eu\/sv\/product\/kniv-bear-bohler-uddeholm-k340-knivstal\/#breadcrumb","itemListElement":[{"@type":"ListItem","position":1,"name":"Home","item":"https:\/\/aaknives.eu\/sv\/"},{"@type":"ListItem","position":2,"name":"Butik","item":"https:\/\/aaknives.eu\/butik\/"},{"@type":"ListItem","position":3,"name":"Kniv &#8221;BEAR&#8221;, Bohler &#8211; Uddeholm K340 knivst\u00e5l"}]},{"@type":"WebSite","@id":"https:\/\/aaknives.eu\/sv\/#website","url":"https:\/\/aaknives.eu\/sv\/","name":"AAKnives","description":"Handmade knives","publisher":{"@id":"https:\/\/aaknives.eu\/sv\/#organization"},"alternateName":"Anri Ananin Knives","potentialAction":[{"@type":"SearchAction","target":{"@type":"EntryPoint","urlTemplate":"https:\/\/aaknives.eu\/sv\/?s={search_term_string}"},"query-input":{"@type":"PropertyValueSpecification","valueRequired":true,"valueName":"search_term_string"}}],"inLanguage":"sv-SE"},{"@type":"Organization","@id":"https:\/\/aaknives.eu\/sv\/#organization","name":"AAKnives","url":"https:\/\/aaknives.eu\/sv\/","logo":{"@type":"ImageObject","inLanguage":"sv-SE","@id":"https:\/\/aaknives.eu\/sv\/#\/schema\/logo\/image\/","url":"https:\/\/aaknives.eu\/wp-content\/uploads\/2021\/10\/AAknives_Logo_Green.png","contentUrl":"https:\/\/aaknives.eu\/wp-content\/uploads\/2021\/10\/AAknives_Logo_Green.png","width":1768,"height":1768,"caption":"AAKnives"},"image":{"@id":"https:\/\/aaknives.eu\/sv\/#\/schema\/logo\/image\/"},"sameAs":["https:\/\/www.facebook.com\/aaknives.eu\/","https:\/\/www.instagram.com\/aaknives\/","https:\/\/www.pinterest.com\/aa_knives\/","https:\/\/www.youtube.com\/@aaknives9518"]}]}},"_links":{"self":[{"href":"https:\/\/aaknives.eu\/sv\/wp-json\/wp\/v2\/product\/90128","targetHints":{"allow":["GET"]}}],"collection":[{"href":"https:\/\/aaknives.eu\/sv\/wp-json\/wp\/v2\/product"}],"about":[{"href":"https:\/\/aaknives.eu\/sv\/wp-json\/wp\/v2\/types\/product"}],"wp:featuredmedia":[{"embeddable":true,"href":"https:\/\/aaknives.eu\/sv\/wp-json\/wp\/v2\/media\/86452"}],"wp:attachment":[{"href":"https:\/\/aaknives.eu\/sv\/wp-json\/wp\/v2\/media?parent=90128"}],"wp:term":[{"taxonomy":"product_brand","embeddable":true,"href":"https:\/\/aaknives.eu\/sv\/wp-json\/wp\/v2\/product_brand?post=90128"},{"taxonomy":"product_cat","embeddable":true,"href":"https:\/\/aaknives.eu\/sv\/wp-json\/wp\/v2\/product_cat?post=90128"},{"taxonomy":"product_tag","embeddable":true,"href":"https:\/\/aaknives.eu\/sv\/wp-json\/wp\/v2\/product_tag?post=90128"}],"curies":[{"name":"wp","href":"https:\/\/api.w.org\/{rel}","templated":true}]}}