{"id":90139,"date":"2024-10-29T01:56:36","date_gmt":"2024-10-29T01:56:36","guid":{"rendered":"https:\/\/aaknives.eu\/?post_type=product&#038;p=90139"},"modified":"2024-10-29T02:56:52","modified_gmt":"2024-10-29T02:56:52","slug":"premium-2-premium-kniv-med-blad-av-damaskus","status":"publish","type":"product","link":"https:\/\/aaknives.eu\/sv\/product\/premium-2-premium-kniv-med-blad-av-damaskus\/","title":{"rendered":"Premium- 2 &#8211; Premium kniv med blad av damaskus"},"content":{"rendered":"<p>AAknives sortiment av premiumknivar \u00e4r unikt. Varje knivmodell tillverkas i ett enda stycke \u2013 det finns inga fler likadana. Varje blad i Damaskusst\u00e5l \u00e4r handsmidda s\u00e5 varje blad har sin egen vackra teckning och egen karakt\u00e4r som kommer ur smidesprocessen. Varje handtag \u00e4r ocks\u00e5 unikt \u2013 olika f\u00e4rg p\u00e5 inl\u00e4gg av G10-material, olika f\u00e4rg p\u00e5 tr\u00e4, exklusiva tr\u00e4slag med egna designritningar. Du f\u00e5r en exklusiv premiumkniv av h\u00f6g kvalitet. Ingen annan kommer att ha samma kniv som du. Dessa knivar \u00e4r fantastiskt vackra och \u00e4r utm\u00e4rkta arbetsredskap med mycket h\u00f6ga sk\u00e4r- och h\u00e5llbarhetsegenskaper. Den h\u00e5ller sk\u00e4rpan l\u00e4nge, beh\u00f6ver inte v\u00e4ssas s\u00e4rskilt ofta, \u00e4r t\u00e5lig och klarar alla typer av uppgifter utan problem.<\/p>\n<p>Specifikationer f\u00f6r kniv \u2013 Premium-2<br \/>\nSt\u00e5l: Jaktkniv i Damaskusst\u00e5l, (HVG, U10, ShH15), 450 lager<br \/>\nH\u00e5rdhet: 60-62 HRC<br \/>\nBladets l\u00e4ngd (mm): 125 \/ 4,92 tum<br \/>\nBladets tjocklek (mm): 3 \/ 0,11 tum<br \/>\nBladbredd (mm): 35 \/ 1,37 tum<br \/>\nHandtag: Afrikansk leopardtr\u00e4<br \/>\nTotal l\u00e4ngd (mm): 255 \/ 10,03 tum<\/p>\n<p>\u00a0<\/p>\n<p>Design: AA knivar<br \/>\nBlad: Smidd speciellt f\u00f6r AA-knivar<br \/>\nHandtag: Tillverkad av AA Knives i Lettland, Europa<br \/>\nSlipning: AAknivar<\/p>\n<p>Handsmidd klinga i Damaskusst\u00e5l som skapats av ett paket st\u00e5l med olika h\u00e5rdhet och viskositet, som i en specifik ordning viks ihop till en platta. D\u00e4refter smids plattan om upprepade g\u00e5nger, tack vare vilka lager och ett unikt m\u00f6nster bildas.<br \/>\nEn sv\u00e5r teknisk process g\u00f6rs manuellt. St\u00e5l som erh\u00e5lls p\u00e5 detta s\u00e4tt k\u00e4nnetecknas av \u00f6kad h\u00e5llfasthet, h\u00f6g h\u00e5rdhet, utm\u00e4rkta sk\u00e4regenskaper och sk\u00f6nhet.<br \/>\nDamaskusblad med mer \u00e4n 450 lager.<br \/>\nPaket Damaskusst\u00e5l blad ShH15 + HVG + U10 A, termiskt uttryck 860 \u00b0 C<\/p>\n<p>F\u00f6rdelarna med knivar med Damaskusblad:<br \/>\n\u00d6kad styrka<br \/>\nH\u00f6g h\u00e5rdhet<br \/>\nUtm\u00e4rkta sk\u00e4regenskaper<br \/>\nVacker design<br \/>\nL\u00e5ngvarig sk\u00e4rpa<\/p>\n<p>Bladets h\u00e5rdhet 60-62 HRC.<\/p>\n","protected":false},"excerpt":{"rendered":"<p>AAknives sortiment av premiumknivar \u00e4r unikt. Varje knivmodell tillverkas i ett enda stycke \u2013 det finns inga fler likadana. Varje blad i Damaskusst\u00e5l \u00e4r handsmidda s\u00e5 varje blad har sin egen vackra teckning och egen karakt\u00e4r som kommer ur smidesprocessen. Varje handtag \u00e4r ocks\u00e5 unikt \u2013 olika f\u00e4rg p\u00e5 inl\u00e4gg av G10-material, olika f\u00e4rg p\u00e5 tr\u00e4, exklusiva tr\u00e4slag med egna designritningar. Du f\u00e5r en exklusiv premiumkniv av h\u00f6g kvalitet. Ingen annan kommer att ha samma kniv som du. Dessa knivar \u00e4r fantastiskt vackra och \u00e4r utm\u00e4rkta arbetsredskap med mycket h\u00f6ga sk\u00e4r- och h\u00e5llbarhetsegenskaper. Den h\u00e5ller sk\u00e4rpan l\u00e4nge, beh\u00f6ver inte v\u00e4ssas&hellip;<\/p>\n","protected":false},"featured_media":86022,"template":"","meta":{"_themeisle_gutenberg_block_has_review":false},"product_brand":[],"product_cat":[422,414,413,418],"product_tag":[],"class_list":{"0":"post-90139","1":"product","2":"type-product","3":"status-publish","4":"has-post-thumbnail","6":"product_cat-fiskeknivar","7":"product_cat-jaktknivar","8":"product_cat-knivar-for-utomhusbruk","9":"product_cat-premium-och-exklusiva-knivar","11":"first","12":"outofstock","13":"shipping-taxable","14":"purchasable","15":"product-type-simple"},"yoast_head":"<!-- This site is optimized with the Yoast SEO plugin v27.5 - https:\/\/yoast.com\/product\/yoast-seo-wordpress\/ -->\n<title>Premium- 2 - Premium kniv med blad av damaskus - AAKnives<\/title>\n<meta name=\"robots\" content=\"index, follow, max-snippet:-1, max-image-preview:large, max-video-preview:-1\" \/>\n<link rel=\"canonical\" href=\"https:\/\/aaknives.eu\/sv\/product\/premium-2-premium-kniv-med-blad-av-damaskus\/\" \/>\n<meta property=\"og:locale\" content=\"sv_SE\" \/>\n<meta property=\"og:type\" content=\"article\" \/>\n<meta property=\"og:title\" content=\"Premium- 2 - Premium kniv med blad av damaskus - AAKnives\" \/>\n<meta property=\"og:description\" content=\"AAknives sortiment av premiumknivar \u00e4r unikt. Varje knivmodell tillverkas i ett enda stycke \u2013 det finns inga fler likadana. Varje blad i Damaskusst\u00e5l \u00e4r handsmidda s\u00e5 varje blad har sin egen vackra teckning och egen karakt\u00e4r som kommer ur smidesprocessen. Varje handtag \u00e4r ocks\u00e5 unikt \u2013 olika f\u00e4rg p\u00e5 inl\u00e4gg av G10-material, olika f\u00e4rg p\u00e5 tr\u00e4, exklusiva tr\u00e4slag med egna designritningar. Du f\u00e5r en exklusiv premiumkniv av h\u00f6g kvalitet. Ingen annan kommer att ha samma kniv som du. Dessa knivar \u00e4r fantastiskt vackra och \u00e4r utm\u00e4rkta arbetsredskap med mycket h\u00f6ga sk\u00e4r- och h\u00e5llbarhetsegenskaper. Den h\u00e5ller sk\u00e4rpan l\u00e4nge, beh\u00f6ver inte v\u00e4ssas&hellip;\" \/>\n<meta property=\"og:url\" content=\"https:\/\/aaknives.eu\/sv\/product\/premium-2-premium-kniv-med-blad-av-damaskus\/\" \/>\n<meta property=\"og:site_name\" content=\"AAKnives\" \/>\n<meta property=\"article:publisher\" content=\"https:\/\/www.facebook.com\/aaknives.eu\/\" \/>\n<meta property=\"article:modified_time\" content=\"2024-10-29T02:56:52+00:00\" \/>\n<meta property=\"og:image\" content=\"https:\/\/aaknives.eu\/wp-content\/uploads\/2024\/10\/aaknives-hand-forged-dabascus-steel-blade-knife-handmade-custom-made-knife-handcrafted-knives-autinetools-northmen-3-1-13-4.jpg\" \/>\n\t<meta property=\"og:image:width\" content=\"800\" \/>\n\t<meta property=\"og:image:height\" content=\"600\" \/>\n\t<meta property=\"og:image:type\" content=\"image\/jpeg\" \/>\n<meta name=\"twitter:card\" content=\"summary_large_image\" \/>\n<meta name=\"twitter:label1\" content=\"Ber\u00e4knad l\u00e4stid\" \/>\n\t<meta name=\"twitter:data1\" content=\"2 minuter\" \/>\n<script type=\"application\/ld+json\" class=\"yoast-schema-graph\">{\"@context\":\"https:\\\/\\\/schema.org\",\"@graph\":[{\"@type\":\"WebPage\",\"@id\":\"https:\\\/\\\/aaknives.eu\\\/sv\\\/product\\\/premium-2-premium-kniv-med-blad-av-damaskus\\\/\",\"url\":\"https:\\\/\\\/aaknives.eu\\\/sv\\\/product\\\/premium-2-premium-kniv-med-blad-av-damaskus\\\/\",\"name\":\"Premium- 2 - Premium kniv med blad av damaskus - AAKnives\",\"isPartOf\":{\"@id\":\"https:\\\/\\\/aaknives.eu\\\/sv\\\/#website\"},\"primaryImageOfPage\":{\"@id\":\"https:\\\/\\\/aaknives.eu\\\/sv\\\/product\\\/premium-2-premium-kniv-med-blad-av-damaskus\\\/#primaryimage\"},\"image\":{\"@id\":\"https:\\\/\\\/aaknives.eu\\\/sv\\\/product\\\/premium-2-premium-kniv-med-blad-av-damaskus\\\/#primaryimage\"},\"thumbnailUrl\":\"https:\\\/\\\/aaknives.eu\\\/wp-content\\\/uploads\\\/2024\\\/10\\\/aaknives-hand-forged-dabascus-steel-blade-knife-handmade-custom-made-knife-handcrafted-knives-autinetools-northmen-3-1-13-4.jpg\",\"datePublished\":\"2024-10-29T01:56:36+00:00\",\"dateModified\":\"2024-10-29T02:56:52+00:00\",\"breadcrumb\":{\"@id\":\"https:\\\/\\\/aaknives.eu\\\/sv\\\/product\\\/premium-2-premium-kniv-med-blad-av-damaskus\\\/#breadcrumb\"},\"inLanguage\":\"sv-SE\",\"potentialAction\":[{\"@type\":\"ReadAction\",\"target\":[\"https:\\\/\\\/aaknives.eu\\\/sv\\\/product\\\/premium-2-premium-kniv-med-blad-av-damaskus\\\/\"]}]},{\"@type\":\"ImageObject\",\"inLanguage\":\"sv-SE\",\"@id\":\"https:\\\/\\\/aaknives.eu\\\/sv\\\/product\\\/premium-2-premium-kniv-med-blad-av-damaskus\\\/#primaryimage\",\"url\":\"https:\\\/\\\/aaknives.eu\\\/wp-content\\\/uploads\\\/2024\\\/10\\\/aaknives-hand-forged-dabascus-steel-blade-knife-handmade-custom-made-knife-handcrafted-knives-autinetools-northmen-3-1-13-4.jpg\",\"contentUrl\":\"https:\\\/\\\/aaknives.eu\\\/wp-content\\\/uploads\\\/2024\\\/10\\\/aaknives-hand-forged-dabascus-steel-blade-knife-handmade-custom-made-knife-handcrafted-knives-autinetools-northmen-3-1-13-4.jpg\",\"width\":800,\"height\":600},{\"@type\":\"BreadcrumbList\",\"@id\":\"https:\\\/\\\/aaknives.eu\\\/sv\\\/product\\\/premium-2-premium-kniv-med-blad-av-damaskus\\\/#breadcrumb\",\"itemListElement\":[{\"@type\":\"ListItem\",\"position\":1,\"name\":\"Home\",\"item\":\"https:\\\/\\\/aaknives.eu\\\/sv\\\/\"},{\"@type\":\"ListItem\",\"position\":2,\"name\":\"Butik\",\"item\":\"https:\\\/\\\/aaknives.eu\\\/butik\\\/\"},{\"@type\":\"ListItem\",\"position\":3,\"name\":\"Premium- 2 &#8211; Premium kniv med blad av damaskus\"}]},{\"@type\":\"WebSite\",\"@id\":\"https:\\\/\\\/aaknives.eu\\\/sv\\\/#website\",\"url\":\"https:\\\/\\\/aaknives.eu\\\/sv\\\/\",\"name\":\"AAKnives\",\"description\":\"Handmade knives\",\"publisher\":{\"@id\":\"https:\\\/\\\/aaknives.eu\\\/sv\\\/#organization\"},\"potentialAction\":[{\"@type\":\"SearchAction\",\"target\":{\"@type\":\"EntryPoint\",\"urlTemplate\":\"https:\\\/\\\/aaknives.eu\\\/sv\\\/?s={search_term_string}\"},\"query-input\":{\"@type\":\"PropertyValueSpecification\",\"valueRequired\":true,\"valueName\":\"search_term_string\"}}],\"inLanguage\":\"sv-SE\"},{\"@type\":\"Organization\",\"@id\":\"https:\\\/\\\/aaknives.eu\\\/sv\\\/#organization\",\"name\":\"AAKnives\",\"url\":\"https:\\\/\\\/aaknives.eu\\\/sv\\\/\",\"logo\":{\"@type\":\"ImageObject\",\"inLanguage\":\"sv-SE\",\"@id\":\"https:\\\/\\\/aaknives.eu\\\/sv\\\/#\\\/schema\\\/logo\\\/image\\\/\",\"url\":\"https:\\\/\\\/aaknives.eu\\\/wp-content\\\/uploads\\\/2021\\\/10\\\/AAknives_Logo_Green.png\",\"contentUrl\":\"https:\\\/\\\/aaknives.eu\\\/wp-content\\\/uploads\\\/2021\\\/10\\\/AAknives_Logo_Green.png\",\"width\":1768,\"height\":1768,\"caption\":\"AAKnives\"},\"image\":{\"@id\":\"https:\\\/\\\/aaknives.eu\\\/sv\\\/#\\\/schema\\\/logo\\\/image\\\/\"},\"sameAs\":[\"https:\\\/\\\/www.facebook.com\\\/aaknives.eu\\\/\",\"https:\\\/\\\/www.instagram.com\\\/aaknives\\\/\",\"https:\\\/\\\/www.pinterest.com\\\/aa_knives\\\/\",\"https:\\\/\\\/www.youtube.com\\\/channel\\\/UCHOQFjrOkgT6s4FIw9LDKyw\\\/featured\"]}]}<\/script>\n<!-- \/ Yoast SEO plugin. -->","yoast_head_json":{"title":"Premium- 2 - Premium kniv med blad av damaskus - AAKnives","robots":{"index":"index","follow":"follow","max-snippet":"max-snippet:-1","max-image-preview":"max-image-preview:large","max-video-preview":"max-video-preview:-1"},"canonical":"https:\/\/aaknives.eu\/sv\/product\/premium-2-premium-kniv-med-blad-av-damaskus\/","og_locale":"sv_SE","og_type":"article","og_title":"Premium- 2 - Premium kniv med blad av damaskus - AAKnives","og_description":"AAknives sortiment av premiumknivar \u00e4r unikt. Varje knivmodell tillverkas i ett enda stycke \u2013 det finns inga fler likadana. Varje blad i Damaskusst\u00e5l \u00e4r handsmidda s\u00e5 varje blad har sin egen vackra teckning och egen karakt\u00e4r som kommer ur smidesprocessen. Varje handtag \u00e4r ocks\u00e5 unikt \u2013 olika f\u00e4rg p\u00e5 inl\u00e4gg av G10-material, olika f\u00e4rg p\u00e5 tr\u00e4, exklusiva tr\u00e4slag med egna designritningar. Du f\u00e5r en exklusiv premiumkniv av h\u00f6g kvalitet. Ingen annan kommer att ha samma kniv som du. Dessa knivar \u00e4r fantastiskt vackra och \u00e4r utm\u00e4rkta arbetsredskap med mycket h\u00f6ga sk\u00e4r- och h\u00e5llbarhetsegenskaper. Den h\u00e5ller sk\u00e4rpan l\u00e4nge, beh\u00f6ver inte v\u00e4ssas&hellip;","og_url":"https:\/\/aaknives.eu\/sv\/product\/premium-2-premium-kniv-med-blad-av-damaskus\/","og_site_name":"AAKnives","article_publisher":"https:\/\/www.facebook.com\/aaknives.eu\/","article_modified_time":"2024-10-29T02:56:52+00:00","og_image":[{"width":800,"height":600,"url":"https:\/\/aaknives.eu\/wp-content\/uploads\/2024\/10\/aaknives-hand-forged-dabascus-steel-blade-knife-handmade-custom-made-knife-handcrafted-knives-autinetools-northmen-3-1-13-4.jpg","type":"image\/jpeg"}],"twitter_card":"summary_large_image","twitter_misc":{"Ber\u00e4knad l\u00e4stid":"2 minuter"},"schema":{"@context":"https:\/\/schema.org","@graph":[{"@type":"WebPage","@id":"https:\/\/aaknives.eu\/sv\/product\/premium-2-premium-kniv-med-blad-av-damaskus\/","url":"https:\/\/aaknives.eu\/sv\/product\/premium-2-premium-kniv-med-blad-av-damaskus\/","name":"Premium- 2 - Premium kniv med blad av damaskus - AAKnives","isPartOf":{"@id":"https:\/\/aaknives.eu\/sv\/#website"},"primaryImageOfPage":{"@id":"https:\/\/aaknives.eu\/sv\/product\/premium-2-premium-kniv-med-blad-av-damaskus\/#primaryimage"},"image":{"@id":"https:\/\/aaknives.eu\/sv\/product\/premium-2-premium-kniv-med-blad-av-damaskus\/#primaryimage"},"thumbnailUrl":"https:\/\/aaknives.eu\/wp-content\/uploads\/2024\/10\/aaknives-hand-forged-dabascus-steel-blade-knife-handmade-custom-made-knife-handcrafted-knives-autinetools-northmen-3-1-13-4.jpg","datePublished":"2024-10-29T01:56:36+00:00","dateModified":"2024-10-29T02:56:52+00:00","breadcrumb":{"@id":"https:\/\/aaknives.eu\/sv\/product\/premium-2-premium-kniv-med-blad-av-damaskus\/#breadcrumb"},"inLanguage":"sv-SE","potentialAction":[{"@type":"ReadAction","target":["https:\/\/aaknives.eu\/sv\/product\/premium-2-premium-kniv-med-blad-av-damaskus\/"]}]},{"@type":"ImageObject","inLanguage":"sv-SE","@id":"https:\/\/aaknives.eu\/sv\/product\/premium-2-premium-kniv-med-blad-av-damaskus\/#primaryimage","url":"https:\/\/aaknives.eu\/wp-content\/uploads\/2024\/10\/aaknives-hand-forged-dabascus-steel-blade-knife-handmade-custom-made-knife-handcrafted-knives-autinetools-northmen-3-1-13-4.jpg","contentUrl":"https:\/\/aaknives.eu\/wp-content\/uploads\/2024\/10\/aaknives-hand-forged-dabascus-steel-blade-knife-handmade-custom-made-knife-handcrafted-knives-autinetools-northmen-3-1-13-4.jpg","width":800,"height":600},{"@type":"BreadcrumbList","@id":"https:\/\/aaknives.eu\/sv\/product\/premium-2-premium-kniv-med-blad-av-damaskus\/#breadcrumb","itemListElement":[{"@type":"ListItem","position":1,"name":"Home","item":"https:\/\/aaknives.eu\/sv\/"},{"@type":"ListItem","position":2,"name":"Butik","item":"https:\/\/aaknives.eu\/butik\/"},{"@type":"ListItem","position":3,"name":"Premium- 2 &#8211; Premium kniv med blad av damaskus"}]},{"@type":"WebSite","@id":"https:\/\/aaknives.eu\/sv\/#website","url":"https:\/\/aaknives.eu\/sv\/","name":"AAKnives","description":"Handmade knives","publisher":{"@id":"https:\/\/aaknives.eu\/sv\/#organization"},"potentialAction":[{"@type":"SearchAction","target":{"@type":"EntryPoint","urlTemplate":"https:\/\/aaknives.eu\/sv\/?s={search_term_string}"},"query-input":{"@type":"PropertyValueSpecification","valueRequired":true,"valueName":"search_term_string"}}],"inLanguage":"sv-SE"},{"@type":"Organization","@id":"https:\/\/aaknives.eu\/sv\/#organization","name":"AAKnives","url":"https:\/\/aaknives.eu\/sv\/","logo":{"@type":"ImageObject","inLanguage":"sv-SE","@id":"https:\/\/aaknives.eu\/sv\/#\/schema\/logo\/image\/","url":"https:\/\/aaknives.eu\/wp-content\/uploads\/2021\/10\/AAknives_Logo_Green.png","contentUrl":"https:\/\/aaknives.eu\/wp-content\/uploads\/2021\/10\/AAknives_Logo_Green.png","width":1768,"height":1768,"caption":"AAKnives"},"image":{"@id":"https:\/\/aaknives.eu\/sv\/#\/schema\/logo\/image\/"},"sameAs":["https:\/\/www.facebook.com\/aaknives.eu\/","https:\/\/www.instagram.com\/aaknives\/","https:\/\/www.pinterest.com\/aa_knives\/","https:\/\/www.youtube.com\/channel\/UCHOQFjrOkgT6s4FIw9LDKyw\/featured"]}]}},"_links":{"self":[{"href":"https:\/\/aaknives.eu\/sv\/wp-json\/wp\/v2\/product\/90139","targetHints":{"allow":["GET"]}}],"collection":[{"href":"https:\/\/aaknives.eu\/sv\/wp-json\/wp\/v2\/product"}],"about":[{"href":"https:\/\/aaknives.eu\/sv\/wp-json\/wp\/v2\/types\/product"}],"wp:featuredmedia":[{"embeddable":true,"href":"https:\/\/aaknives.eu\/sv\/wp-json\/wp\/v2\/media\/86022"}],"wp:attachment":[{"href":"https:\/\/aaknives.eu\/sv\/wp-json\/wp\/v2\/media?parent=90139"}],"wp:term":[{"taxonomy":"product_brand","embeddable":true,"href":"https:\/\/aaknives.eu\/sv\/wp-json\/wp\/v2\/product_brand?post=90139"},{"taxonomy":"product_cat","embeddable":true,"href":"https:\/\/aaknives.eu\/sv\/wp-json\/wp\/v2\/product_cat?post=90139"},{"taxonomy":"product_tag","embeddable":true,"href":"https:\/\/aaknives.eu\/sv\/wp-json\/wp\/v2\/product_tag?post=90139"}],"curies":[{"name":"wp","href":"https:\/\/api.w.org\/{rel}","templated":true}]}}