{"id":90150,"date":"2024-10-29T01:57:25","date_gmt":"2024-10-29T01:57:25","guid":{"rendered":"https:\/\/aaknives.eu\/?post_type=product&#038;p=90150"},"modified":"2025-01-06T15:34:46","modified_gmt":"2025-01-06T15:34:46","slug":"kniv-wolf-svenskt-bohler-uddeholm-n695-rostfritt-knivstal","status":"publish","type":"product","link":"https:\/\/aaknives.eu\/sv\/product\/kniv-wolf-svenskt-bohler-uddeholm-n695-rostfritt-knivstal\/","title":{"rendered":"Kniv &#8221;Beaver Tail&#8221; &#8211; svenska Bohler-Uddeholm N695 rostfritt knivst\u00e5l"},"content":{"rendered":"<p>Knivspecifikationer: &#8221;Beaver Tail&#8221;<br \/>\nSt\u00e5l: Svenskt Bohler-Uddeholm N695 rostfritt knivst\u00e5l<br \/>\nH\u00e5rdhet: 59 HRC<br \/>\nBladl\u00e4ngd (mm): 105 \/ 4,13 tum<br \/>\nBladtjocklek (mm): 4 \/ 0,15 tum<br \/>\nBladbredd (mm): 32 \/ 1,25 tum<br \/>\nHandtag: en stabiliserad karelsk bj\u00f6rk<br \/>\nTotal l\u00e4ngd (mm): 215 \/ 8,46 tum<br \/>\nKnivtyp: jakt, utomhus<br \/>\nF\u00f6rpackning: kniv, slida av l\u00e4der<\/p>\n<p>Svenskt knivst\u00e5l Bohler-Uddeholm N695<\/p>\n<p>Bohler N695 \u00e4r en kromad rostfritt st\u00e5l i Bohler Uddeholm-gruppen. Den har h\u00f6g h\u00e5rdhet, god n\u00f6tningsbest\u00e4ndighet och god korrosionsbest\u00e4ndighet. Kniven i N695-st\u00e5l \u00e4r icke-korrosiv, vass under l\u00e5ng tid och kr\u00e4ver inget s\u00e4rskilt underh\u00e5ll.<\/p>\n<p>Valsning med tv\u00e4rg\u00e5ende teknik f\u00f6r att s\u00e4kerst\u00e4lla maximal stabilitet och enhetlighet hos pl\u00e5t- och skivmaterial.<\/p>\n<p>Andra anv\u00e4ndningsomr\u00e5den f\u00f6r BOHLER N695:<\/p>\n<p>Rullningslager, ventils\u00e4ten, knivblad av h\u00f6g kvalitet, kirurgiska instrument och tr\u00e4sniderier.<\/p>\n<p>BOHLER N695 Sammans\u00e4ttning: C &#8211; 1.030 \/ MN &#8211; 0.44 \/ SI &#8211; 0.48 \/ P &#8211; 0.018 \/ S &#8211; 0.0010 \/ CR &#8211; 16.46 \/ MO &#8211; 0.43<\/p>\n","protected":false},"excerpt":{"rendered":"<p>Knivspecifikationer: &#8221;Beaver Tail&#8221; St\u00e5l: Svenskt Bohler-Uddeholm N695 rostfritt knivst\u00e5l H\u00e5rdhet: 59 HRC Bladl\u00e4ngd (mm): 105 \/ 4,13 tum Bladtjocklek (mm): 4 \/ 0,15 tum Bladbredd (mm): 32 \/ 1,25 tum Handtag: en stabiliserad karelsk bj\u00f6rk Total l\u00e4ngd (mm): 215 \/ 8,46 tum Knivtyp: jakt, utomhus F\u00f6rpackning: kniv, slida av l\u00e4der Svenskt knivst\u00e5l Bohler-Uddeholm N695 Bohler N695 \u00e4r en kromad rostfritt st\u00e5l i Bohler Uddeholm-gruppen. Den har h\u00f6g h\u00e5rdhet, god n\u00f6tningsbest\u00e4ndighet och god korrosionsbest\u00e4ndighet. Kniven i N695-st\u00e5l \u00e4r icke-korrosiv, vass under l\u00e5ng tid och kr\u00e4ver inget s\u00e4rskilt underh\u00e5ll. Valsning med tv\u00e4rg\u00e5ende teknik f\u00f6r att s\u00e4kerst\u00e4lla maximal stabilitet och enhetlighet hos pl\u00e5t-&hellip;<\/p>\n","protected":false},"featured_media":93701,"template":"","meta":{"_themeisle_gutenberg_block_has_review":false},"product_brand":[],"product_cat":[420,414,413],"product_tag":[],"class_list":{"0":"post-90150","1":"product","2":"type-product","3":"status-publish","4":"has-post-thumbnail","6":"product_cat-full-tang-knivar","7":"product_cat-jaktknivar","8":"product_cat-knivar-for-utomhusbruk","10":"first","11":"instock","12":"shipping-taxable","13":"purchasable","14":"product-type-simple"},"yoast_head":"<!-- This site is optimized with the Yoast SEO plugin v27.3 - https:\/\/yoast.com\/product\/yoast-seo-wordpress\/ -->\n<title>Kniv &#039;&#039;Beaver Tail&#039;&#039; - svenska Bohler-Uddeholm N695 rostfritt knivst\u00e5l - AAKnives<\/title>\n<meta name=\"description\" content=\"Kniv &#039;&#039;Beaver Tail&#039;&#039; - svenska Bohler-Uddeholm N695 rostfritt knivst\u00e5l\" \/>\n<meta name=\"robots\" content=\"index, follow, max-snippet:-1, max-image-preview:large, max-video-preview:-1\" \/>\n<link rel=\"canonical\" href=\"https:\/\/aaknives.eu\/sv\/product\/kniv-wolf-svenskt-bohler-uddeholm-n695-rostfritt-knivstal\/\" \/>\n<meta property=\"og:locale\" content=\"sv_SE\" \/>\n<meta property=\"og:type\" content=\"article\" \/>\n<meta property=\"og:title\" content=\"Kniv &#039;&#039;Beaver Tail&#039;&#039; - svenska Bohler-Uddeholm N695 rostfritt knivst\u00e5l - AAKnives\" \/>\n<meta property=\"og:description\" content=\"Kniv &#039;&#039;Beaver Tail&#039;&#039; - svenska Bohler-Uddeholm N695 rostfritt knivst\u00e5l\" \/>\n<meta property=\"og:url\" content=\"https:\/\/aaknives.eu\/sv\/product\/kniv-wolf-svenskt-bohler-uddeholm-n695-rostfritt-knivstal\/\" \/>\n<meta property=\"og:site_name\" content=\"AAKnives\" \/>\n<meta property=\"article:publisher\" content=\"https:\/\/www.facebook.com\/aaknives.eu\/\" \/>\n<meta property=\"article:modified_time\" content=\"2025-01-06T15:34:46+00:00\" \/>\n<meta property=\"og:image\" content=\"https:\/\/aaknives.eu\/wp-content\/uploads\/2024\/10\/aaknives-hand-forged-dabascus-steel-blade-knife-handmade-custom-made-knife-handcrafted-knives-autinetools-northmen-20.2-4.jpg\" \/>\n\t<meta property=\"og:image:width\" content=\"1020\" \/>\n\t<meta property=\"og:image:height\" content=\"880\" \/>\n\t<meta property=\"og:image:type\" content=\"image\/jpeg\" \/>\n<meta name=\"twitter:card\" content=\"summary_large_image\" \/>\n<meta name=\"twitter:label1\" content=\"Ber\u00e4knad l\u00e4stid\" \/>\n\t<meta name=\"twitter:data1\" content=\"1 minut\" \/>\n<script type=\"application\/ld+json\" class=\"yoast-schema-graph\">{\"@context\":\"https:\\\/\\\/schema.org\",\"@graph\":[{\"@type\":\"WebPage\",\"@id\":\"https:\\\/\\\/aaknives.eu\\\/sv\\\/product\\\/kniv-wolf-svenskt-bohler-uddeholm-n695-rostfritt-knivstal\\\/\",\"url\":\"https:\\\/\\\/aaknives.eu\\\/sv\\\/product\\\/kniv-wolf-svenskt-bohler-uddeholm-n695-rostfritt-knivstal\\\/\",\"name\":\"Kniv ''Beaver Tail'' - svenska Bohler-Uddeholm N695 rostfritt knivst\u00e5l - AAKnives\",\"isPartOf\":{\"@id\":\"https:\\\/\\\/aaknives.eu\\\/sv\\\/#website\"},\"primaryImageOfPage\":{\"@id\":\"https:\\\/\\\/aaknives.eu\\\/sv\\\/product\\\/kniv-wolf-svenskt-bohler-uddeholm-n695-rostfritt-knivstal\\\/#primaryimage\"},\"image\":{\"@id\":\"https:\\\/\\\/aaknives.eu\\\/sv\\\/product\\\/kniv-wolf-svenskt-bohler-uddeholm-n695-rostfritt-knivstal\\\/#primaryimage\"},\"thumbnailUrl\":\"https:\\\/\\\/aaknives.eu\\\/wp-content\\\/uploads\\\/2024\\\/10\\\/aaknives-hand-forged-dabascus-steel-blade-knife-handmade-custom-made-knife-handcrafted-knives-autinetools-northmen-20.2-4.jpg\",\"datePublished\":\"2024-10-29T01:57:25+00:00\",\"dateModified\":\"2025-01-06T15:34:46+00:00\",\"description\":\"Kniv ''Beaver Tail'' - svenska Bohler-Uddeholm N695 rostfritt knivst\u00e5l\",\"breadcrumb\":{\"@id\":\"https:\\\/\\\/aaknives.eu\\\/sv\\\/product\\\/kniv-wolf-svenskt-bohler-uddeholm-n695-rostfritt-knivstal\\\/#breadcrumb\"},\"inLanguage\":\"sv-SE\",\"potentialAction\":[{\"@type\":\"ReadAction\",\"target\":[\"https:\\\/\\\/aaknives.eu\\\/sv\\\/product\\\/kniv-wolf-svenskt-bohler-uddeholm-n695-rostfritt-knivstal\\\/\"]}]},{\"@type\":\"ImageObject\",\"inLanguage\":\"sv-SE\",\"@id\":\"https:\\\/\\\/aaknives.eu\\\/sv\\\/product\\\/kniv-wolf-svenskt-bohler-uddeholm-n695-rostfritt-knivstal\\\/#primaryimage\",\"url\":\"https:\\\/\\\/aaknives.eu\\\/wp-content\\\/uploads\\\/2024\\\/10\\\/aaknives-hand-forged-dabascus-steel-blade-knife-handmade-custom-made-knife-handcrafted-knives-autinetools-northmen-20.2-4.jpg\",\"contentUrl\":\"https:\\\/\\\/aaknives.eu\\\/wp-content\\\/uploads\\\/2024\\\/10\\\/aaknives-hand-forged-dabascus-steel-blade-knife-handmade-custom-made-knife-handcrafted-knives-autinetools-northmen-20.2-4.jpg\",\"width\":1020,\"height\":880},{\"@type\":\"BreadcrumbList\",\"@id\":\"https:\\\/\\\/aaknives.eu\\\/sv\\\/product\\\/kniv-wolf-svenskt-bohler-uddeholm-n695-rostfritt-knivstal\\\/#breadcrumb\",\"itemListElement\":[{\"@type\":\"ListItem\",\"position\":1,\"name\":\"Home\",\"item\":\"https:\\\/\\\/aaknives.eu\\\/sv\\\/\"},{\"@type\":\"ListItem\",\"position\":2,\"name\":\"Butik\",\"item\":\"https:\\\/\\\/aaknives.eu\\\/butik\\\/\"},{\"@type\":\"ListItem\",\"position\":3,\"name\":\"Private: Kniv &#8221;Beaver Tail&#8221; &#8211; svenska Bohler-Uddeholm N695 rostfritt knivst\u00e5l\"}]},{\"@type\":\"WebSite\",\"@id\":\"https:\\\/\\\/aaknives.eu\\\/sv\\\/#website\",\"url\":\"https:\\\/\\\/aaknives.eu\\\/sv\\\/\",\"name\":\"AAKnives\",\"description\":\"Handmade knives\",\"publisher\":{\"@id\":\"https:\\\/\\\/aaknives.eu\\\/sv\\\/#organization\"},\"potentialAction\":[{\"@type\":\"SearchAction\",\"target\":{\"@type\":\"EntryPoint\",\"urlTemplate\":\"https:\\\/\\\/aaknives.eu\\\/sv\\\/?s={search_term_string}\"},\"query-input\":{\"@type\":\"PropertyValueSpecification\",\"valueRequired\":true,\"valueName\":\"search_term_string\"}}],\"inLanguage\":\"sv-SE\"},{\"@type\":\"Organization\",\"@id\":\"https:\\\/\\\/aaknives.eu\\\/sv\\\/#organization\",\"name\":\"AAKnives\",\"url\":\"https:\\\/\\\/aaknives.eu\\\/sv\\\/\",\"logo\":{\"@type\":\"ImageObject\",\"inLanguage\":\"sv-SE\",\"@id\":\"https:\\\/\\\/aaknives.eu\\\/sv\\\/#\\\/schema\\\/logo\\\/image\\\/\",\"url\":\"https:\\\/\\\/aaknives.eu\\\/wp-content\\\/uploads\\\/2021\\\/10\\\/AAknives_Logo_Green.png\",\"contentUrl\":\"https:\\\/\\\/aaknives.eu\\\/wp-content\\\/uploads\\\/2021\\\/10\\\/AAknives_Logo_Green.png\",\"width\":1768,\"height\":1768,\"caption\":\"AAKnives\"},\"image\":{\"@id\":\"https:\\\/\\\/aaknives.eu\\\/sv\\\/#\\\/schema\\\/logo\\\/image\\\/\"},\"sameAs\":[\"https:\\\/\\\/www.facebook.com\\\/aaknives.eu\\\/\",\"https:\\\/\\\/www.instagram.com\\\/aaknives\\\/\",\"https:\\\/\\\/www.pinterest.com\\\/aa_knives\\\/\",\"https:\\\/\\\/www.youtube.com\\\/channel\\\/UCHOQFjrOkgT6s4FIw9LDKyw\\\/featured\"]}]}<\/script>\n<!-- \/ Yoast SEO plugin. -->","yoast_head_json":{"title":"Kniv ''Beaver Tail'' - svenska Bohler-Uddeholm N695 rostfritt knivst\u00e5l - AAKnives","description":"Kniv ''Beaver Tail'' - svenska Bohler-Uddeholm N695 rostfritt knivst\u00e5l","robots":{"index":"index","follow":"follow","max-snippet":"max-snippet:-1","max-image-preview":"max-image-preview:large","max-video-preview":"max-video-preview:-1"},"canonical":"https:\/\/aaknives.eu\/sv\/product\/kniv-wolf-svenskt-bohler-uddeholm-n695-rostfritt-knivstal\/","og_locale":"sv_SE","og_type":"article","og_title":"Kniv ''Beaver Tail'' - svenska Bohler-Uddeholm N695 rostfritt knivst\u00e5l - AAKnives","og_description":"Kniv ''Beaver Tail'' - svenska Bohler-Uddeholm N695 rostfritt knivst\u00e5l","og_url":"https:\/\/aaknives.eu\/sv\/product\/kniv-wolf-svenskt-bohler-uddeholm-n695-rostfritt-knivstal\/","og_site_name":"AAKnives","article_publisher":"https:\/\/www.facebook.com\/aaknives.eu\/","article_modified_time":"2025-01-06T15:34:46+00:00","og_image":[{"width":1020,"height":880,"url":"https:\/\/aaknives.eu\/wp-content\/uploads\/2024\/10\/aaknives-hand-forged-dabascus-steel-blade-knife-handmade-custom-made-knife-handcrafted-knives-autinetools-northmen-20.2-4.jpg","type":"image\/jpeg"}],"twitter_card":"summary_large_image","twitter_misc":{"Ber\u00e4knad l\u00e4stid":"1 minut"},"schema":{"@context":"https:\/\/schema.org","@graph":[{"@type":"WebPage","@id":"https:\/\/aaknives.eu\/sv\/product\/kniv-wolf-svenskt-bohler-uddeholm-n695-rostfritt-knivstal\/","url":"https:\/\/aaknives.eu\/sv\/product\/kniv-wolf-svenskt-bohler-uddeholm-n695-rostfritt-knivstal\/","name":"Kniv ''Beaver Tail'' - svenska Bohler-Uddeholm N695 rostfritt knivst\u00e5l - AAKnives","isPartOf":{"@id":"https:\/\/aaknives.eu\/sv\/#website"},"primaryImageOfPage":{"@id":"https:\/\/aaknives.eu\/sv\/product\/kniv-wolf-svenskt-bohler-uddeholm-n695-rostfritt-knivstal\/#primaryimage"},"image":{"@id":"https:\/\/aaknives.eu\/sv\/product\/kniv-wolf-svenskt-bohler-uddeholm-n695-rostfritt-knivstal\/#primaryimage"},"thumbnailUrl":"https:\/\/aaknives.eu\/wp-content\/uploads\/2024\/10\/aaknives-hand-forged-dabascus-steel-blade-knife-handmade-custom-made-knife-handcrafted-knives-autinetools-northmen-20.2-4.jpg","datePublished":"2024-10-29T01:57:25+00:00","dateModified":"2025-01-06T15:34:46+00:00","description":"Kniv ''Beaver Tail'' - svenska Bohler-Uddeholm N695 rostfritt knivst\u00e5l","breadcrumb":{"@id":"https:\/\/aaknives.eu\/sv\/product\/kniv-wolf-svenskt-bohler-uddeholm-n695-rostfritt-knivstal\/#breadcrumb"},"inLanguage":"sv-SE","potentialAction":[{"@type":"ReadAction","target":["https:\/\/aaknives.eu\/sv\/product\/kniv-wolf-svenskt-bohler-uddeholm-n695-rostfritt-knivstal\/"]}]},{"@type":"ImageObject","inLanguage":"sv-SE","@id":"https:\/\/aaknives.eu\/sv\/product\/kniv-wolf-svenskt-bohler-uddeholm-n695-rostfritt-knivstal\/#primaryimage","url":"https:\/\/aaknives.eu\/wp-content\/uploads\/2024\/10\/aaknives-hand-forged-dabascus-steel-blade-knife-handmade-custom-made-knife-handcrafted-knives-autinetools-northmen-20.2-4.jpg","contentUrl":"https:\/\/aaknives.eu\/wp-content\/uploads\/2024\/10\/aaknives-hand-forged-dabascus-steel-blade-knife-handmade-custom-made-knife-handcrafted-knives-autinetools-northmen-20.2-4.jpg","width":1020,"height":880},{"@type":"BreadcrumbList","@id":"https:\/\/aaknives.eu\/sv\/product\/kniv-wolf-svenskt-bohler-uddeholm-n695-rostfritt-knivstal\/#breadcrumb","itemListElement":[{"@type":"ListItem","position":1,"name":"Home","item":"https:\/\/aaknives.eu\/sv\/"},{"@type":"ListItem","position":2,"name":"Butik","item":"https:\/\/aaknives.eu\/butik\/"},{"@type":"ListItem","position":3,"name":"Private: Kniv &#8221;Beaver Tail&#8221; &#8211; svenska Bohler-Uddeholm N695 rostfritt knivst\u00e5l"}]},{"@type":"WebSite","@id":"https:\/\/aaknives.eu\/sv\/#website","url":"https:\/\/aaknives.eu\/sv\/","name":"AAKnives","description":"Handmade knives","publisher":{"@id":"https:\/\/aaknives.eu\/sv\/#organization"},"potentialAction":[{"@type":"SearchAction","target":{"@type":"EntryPoint","urlTemplate":"https:\/\/aaknives.eu\/sv\/?s={search_term_string}"},"query-input":{"@type":"PropertyValueSpecification","valueRequired":true,"valueName":"search_term_string"}}],"inLanguage":"sv-SE"},{"@type":"Organization","@id":"https:\/\/aaknives.eu\/sv\/#organization","name":"AAKnives","url":"https:\/\/aaknives.eu\/sv\/","logo":{"@type":"ImageObject","inLanguage":"sv-SE","@id":"https:\/\/aaknives.eu\/sv\/#\/schema\/logo\/image\/","url":"https:\/\/aaknives.eu\/wp-content\/uploads\/2021\/10\/AAknives_Logo_Green.png","contentUrl":"https:\/\/aaknives.eu\/wp-content\/uploads\/2021\/10\/AAknives_Logo_Green.png","width":1768,"height":1768,"caption":"AAKnives"},"image":{"@id":"https:\/\/aaknives.eu\/sv\/#\/schema\/logo\/image\/"},"sameAs":["https:\/\/www.facebook.com\/aaknives.eu\/","https:\/\/www.instagram.com\/aaknives\/","https:\/\/www.pinterest.com\/aa_knives\/","https:\/\/www.youtube.com\/channel\/UCHOQFjrOkgT6s4FIw9LDKyw\/featured"]}]}},"_links":{"self":[{"href":"https:\/\/aaknives.eu\/sv\/wp-json\/wp\/v2\/product\/90150","targetHints":{"allow":["GET"]}}],"collection":[{"href":"https:\/\/aaknives.eu\/sv\/wp-json\/wp\/v2\/product"}],"about":[{"href":"https:\/\/aaknives.eu\/sv\/wp-json\/wp\/v2\/types\/product"}],"wp:featuredmedia":[{"embeddable":true,"href":"https:\/\/aaknives.eu\/sv\/wp-json\/wp\/v2\/media\/93701"}],"wp:attachment":[{"href":"https:\/\/aaknives.eu\/sv\/wp-json\/wp\/v2\/media?parent=90150"}],"wp:term":[{"taxonomy":"product_brand","embeddable":true,"href":"https:\/\/aaknives.eu\/sv\/wp-json\/wp\/v2\/product_brand?post=90150"},{"taxonomy":"product_cat","embeddable":true,"href":"https:\/\/aaknives.eu\/sv\/wp-json\/wp\/v2\/product_cat?post=90150"},{"taxonomy":"product_tag","embeddable":true,"href":"https:\/\/aaknives.eu\/sv\/wp-json\/wp\/v2\/product_tag?post=90150"}],"curies":[{"name":"wp","href":"https:\/\/api.w.org\/{rel}","templated":true}]}}