{"id":90183,"date":"2024-10-29T01:54:04","date_gmt":"2024-10-29T01:54:04","guid":{"rendered":"https:\/\/aaknives.eu\/?post_type=product&#038;p=90183"},"modified":"2024-10-29T02:56:20","modified_gmt":"2024-10-29T02:56:20","slug":"zhuk-sliphallare-for-slipning-av-mejslar-och-hyvlar","status":"publish","type":"product","link":"https:\/\/aaknives.eu\/sv\/product\/zhuk-sliphallare-for-slipning-av-mejslar-och-hyvlar\/","title":{"rendered":"ZHUK sliph\u00e5llare f\u00f6r slipning av mejslar och hyvlar"},"content":{"rendered":"<p>ZHUK sliph\u00e5llare f\u00f6r slipning av mejslar och hyvlar<\/p>\n<p>F\u00f6r m\u00e5ngsidig slipning av mejslar och knivar, g\u00f6r att du kan h\u00e5lla verktyget i funktionsdugligt skick utan att anv\u00e4nda elektriska maskiner hemma. Den maximala bredden p\u00e5 en pressad hyvelkniv \u00e4r 63 mm. Sk\u00e4rpningsvinkeln f\u00f6r hyvling varierar mellan 27 och 32 grader. Beroende p\u00e5 sk\u00e4rpningsvinkeln beror detta p\u00e5 hur l\u00e4nge bladet f\u00f6rblir vasst. Det rekommenderas att sk\u00e4rpa knivar och blad p\u00e5 en 130 mm insats f\u00f6r elektriska hyvlar \u00f6ver 63 mm breda<\/p>\n<p>&nbsp;<\/p>\n<p>&nbsp;<\/p>\n<p>&nbsp;<\/p>\n","protected":false},"excerpt":{"rendered":"<p>ZHUK sliph\u00e5llare f\u00f6r slipning av mejslar och hyvlar F\u00f6r m\u00e5ngsidig slipning av mejslar och knivar, g\u00f6r att du kan h\u00e5lla verktyget i funktionsdugligt skick utan att anv\u00e4nda elektriska maskiner hemma. Den maximala bredden p\u00e5 en pressad hyvelkniv \u00e4r 63 mm. Sk\u00e4rpningsvinkeln f\u00f6r hyvling varierar mellan 27 och 32 grader. Beroende p\u00e5 sk\u00e4rpningsvinkeln beror detta p\u00e5 hur l\u00e4nge bladet f\u00f6rblir vasst. Det rekommenderas att sk\u00e4rpa knivar och blad p\u00e5 en 130 mm insats f\u00f6r elektriska hyvlar \u00f6ver 63 mm breda &nbsp; &nbsp; &nbsp;<\/p>\n","protected":false},"featured_media":85086,"template":"","meta":{"_themeisle_gutenberg_block_has_review":false},"product_brand":[],"product_cat":[415],"product_tag":[],"class_list":{"0":"post-90183","1":"product","2":"type-product","3":"status-publish","4":"has-post-thumbnail","6":"product_cat-knivslipning-knivslipmaskiner","8":"first","9":"outofstock","10":"shipping-taxable","11":"purchasable","12":"product-type-simple"},"yoast_head":"<!-- This site is optimized with the Yoast SEO plugin v27.3 - https:\/\/yoast.com\/product\/yoast-seo-wordpress\/ -->\n<title>ZHUK sliph\u00e5llare f\u00f6r slipning av mejslar och hyvlar - AAKnives<\/title>\n<meta name=\"robots\" content=\"index, follow, max-snippet:-1, max-image-preview:large, max-video-preview:-1\" \/>\n<link rel=\"canonical\" href=\"https:\/\/aaknives.eu\/sv\/product\/zhuk-sliphallare-for-slipning-av-mejslar-och-hyvlar\/\" \/>\n<meta property=\"og:locale\" content=\"sv_SE\" \/>\n<meta property=\"og:type\" content=\"article\" \/>\n<meta property=\"og:title\" content=\"ZHUK sliph\u00e5llare f\u00f6r slipning av mejslar och hyvlar - AAKnives\" \/>\n<meta property=\"og:description\" content=\"ZHUK sliph\u00e5llare f\u00f6r slipning av mejslar och hyvlar F\u00f6r m\u00e5ngsidig slipning av mejslar och knivar, g\u00f6r att du kan h\u00e5lla verktyget i funktionsdugligt skick utan att anv\u00e4nda elektriska maskiner hemma. Den maximala bredden p\u00e5 en pressad hyvelkniv \u00e4r 63 mm. Sk\u00e4rpningsvinkeln f\u00f6r hyvling varierar mellan 27 och 32 grader. Beroende p\u00e5 sk\u00e4rpningsvinkeln beror detta p\u00e5 hur l\u00e4nge bladet f\u00f6rblir vasst. Det rekommenderas att sk\u00e4rpa knivar och blad p\u00e5 en 130 mm insats f\u00f6r elektriska hyvlar \u00f6ver 63 mm breda &nbsp; &nbsp; &nbsp;\" \/>\n<meta property=\"og:url\" content=\"https:\/\/aaknives.eu\/sv\/product\/zhuk-sliphallare-for-slipning-av-mejslar-och-hyvlar\/\" \/>\n<meta property=\"og:site_name\" content=\"AAKnives\" \/>\n<meta property=\"article:publisher\" content=\"https:\/\/www.facebook.com\/aaknives.eu\/\" \/>\n<meta property=\"article:modified_time\" content=\"2024-10-29T02:56:20+00:00\" \/>\n<meta property=\"og:image\" content=\"https:\/\/aaknives.eu\/wp-content\/uploads\/2024\/10\/aaknives-aaknife-forged-damascus-steel-blade-hand-forged-elmax-knife-handmade-custom-made-knife-handcrafted-knives-16-1-3.jpg\" \/>\n\t<meta property=\"og:image:width\" content=\"600\" \/>\n\t<meta property=\"og:image:height\" content=\"600\" \/>\n\t<meta property=\"og:image:type\" content=\"image\/jpeg\" \/>\n<meta name=\"twitter:card\" content=\"summary_large_image\" \/>\n<script type=\"application\/ld+json\" class=\"yoast-schema-graph\">{\"@context\":\"https:\\\/\\\/schema.org\",\"@graph\":[{\"@type\":\"WebPage\",\"@id\":\"https:\\\/\\\/aaknives.eu\\\/sv\\\/product\\\/zhuk-sliphallare-for-slipning-av-mejslar-och-hyvlar\\\/\",\"url\":\"https:\\\/\\\/aaknives.eu\\\/sv\\\/product\\\/zhuk-sliphallare-for-slipning-av-mejslar-och-hyvlar\\\/\",\"name\":\"ZHUK sliph\u00e5llare f\u00f6r slipning av mejslar och hyvlar - AAKnives\",\"isPartOf\":{\"@id\":\"https:\\\/\\\/aaknives.eu\\\/sv\\\/#website\"},\"primaryImageOfPage\":{\"@id\":\"https:\\\/\\\/aaknives.eu\\\/sv\\\/product\\\/zhuk-sliphallare-for-slipning-av-mejslar-och-hyvlar\\\/#primaryimage\"},\"image\":{\"@id\":\"https:\\\/\\\/aaknives.eu\\\/sv\\\/product\\\/zhuk-sliphallare-for-slipning-av-mejslar-och-hyvlar\\\/#primaryimage\"},\"thumbnailUrl\":\"https:\\\/\\\/aaknives.eu\\\/wp-content\\\/uploads\\\/2024\\\/10\\\/aaknives-aaknife-forged-damascus-steel-blade-hand-forged-elmax-knife-handmade-custom-made-knife-handcrafted-knives-16-1-3.jpg\",\"datePublished\":\"2024-10-29T01:54:04+00:00\",\"dateModified\":\"2024-10-29T02:56:20+00:00\",\"breadcrumb\":{\"@id\":\"https:\\\/\\\/aaknives.eu\\\/sv\\\/product\\\/zhuk-sliphallare-for-slipning-av-mejslar-och-hyvlar\\\/#breadcrumb\"},\"inLanguage\":\"sv-SE\",\"potentialAction\":[{\"@type\":\"ReadAction\",\"target\":[\"https:\\\/\\\/aaknives.eu\\\/sv\\\/product\\\/zhuk-sliphallare-for-slipning-av-mejslar-och-hyvlar\\\/\"]}]},{\"@type\":\"ImageObject\",\"inLanguage\":\"sv-SE\",\"@id\":\"https:\\\/\\\/aaknives.eu\\\/sv\\\/product\\\/zhuk-sliphallare-for-slipning-av-mejslar-och-hyvlar\\\/#primaryimage\",\"url\":\"https:\\\/\\\/aaknives.eu\\\/wp-content\\\/uploads\\\/2024\\\/10\\\/aaknives-aaknife-forged-damascus-steel-blade-hand-forged-elmax-knife-handmade-custom-made-knife-handcrafted-knives-16-1-3.jpg\",\"contentUrl\":\"https:\\\/\\\/aaknives.eu\\\/wp-content\\\/uploads\\\/2024\\\/10\\\/aaknives-aaknife-forged-damascus-steel-blade-hand-forged-elmax-knife-handmade-custom-made-knife-handcrafted-knives-16-1-3.jpg\",\"width\":600,\"height\":600},{\"@type\":\"BreadcrumbList\",\"@id\":\"https:\\\/\\\/aaknives.eu\\\/sv\\\/product\\\/zhuk-sliphallare-for-slipning-av-mejslar-och-hyvlar\\\/#breadcrumb\",\"itemListElement\":[{\"@type\":\"ListItem\",\"position\":1,\"name\":\"Home\",\"item\":\"https:\\\/\\\/aaknives.eu\\\/sv\\\/\"},{\"@type\":\"ListItem\",\"position\":2,\"name\":\"Butik\",\"item\":\"https:\\\/\\\/aaknives.eu\\\/butik\\\/\"},{\"@type\":\"ListItem\",\"position\":3,\"name\":\"ZHUK sliph\u00e5llare f\u00f6r slipning av mejslar och hyvlar\"}]},{\"@type\":\"WebSite\",\"@id\":\"https:\\\/\\\/aaknives.eu\\\/sv\\\/#website\",\"url\":\"https:\\\/\\\/aaknives.eu\\\/sv\\\/\",\"name\":\"AAKnives\",\"description\":\"Handmade knives\",\"publisher\":{\"@id\":\"https:\\\/\\\/aaknives.eu\\\/sv\\\/#organization\"},\"potentialAction\":[{\"@type\":\"SearchAction\",\"target\":{\"@type\":\"EntryPoint\",\"urlTemplate\":\"https:\\\/\\\/aaknives.eu\\\/sv\\\/?s={search_term_string}\"},\"query-input\":{\"@type\":\"PropertyValueSpecification\",\"valueRequired\":true,\"valueName\":\"search_term_string\"}}],\"inLanguage\":\"sv-SE\"},{\"@type\":\"Organization\",\"@id\":\"https:\\\/\\\/aaknives.eu\\\/sv\\\/#organization\",\"name\":\"AAKnives\",\"url\":\"https:\\\/\\\/aaknives.eu\\\/sv\\\/\",\"logo\":{\"@type\":\"ImageObject\",\"inLanguage\":\"sv-SE\",\"@id\":\"https:\\\/\\\/aaknives.eu\\\/sv\\\/#\\\/schema\\\/logo\\\/image\\\/\",\"url\":\"https:\\\/\\\/aaknives.eu\\\/wp-content\\\/uploads\\\/2021\\\/10\\\/AAknives_Logo_Green.png\",\"contentUrl\":\"https:\\\/\\\/aaknives.eu\\\/wp-content\\\/uploads\\\/2021\\\/10\\\/AAknives_Logo_Green.png\",\"width\":1768,\"height\":1768,\"caption\":\"AAKnives\"},\"image\":{\"@id\":\"https:\\\/\\\/aaknives.eu\\\/sv\\\/#\\\/schema\\\/logo\\\/image\\\/\"},\"sameAs\":[\"https:\\\/\\\/www.facebook.com\\\/aaknives.eu\\\/\",\"https:\\\/\\\/www.instagram.com\\\/aaknives\\\/\",\"https:\\\/\\\/www.pinterest.com\\\/aa_knives\\\/\",\"https:\\\/\\\/www.youtube.com\\\/channel\\\/UCHOQFjrOkgT6s4FIw9LDKyw\\\/featured\"]}]}<\/script>\n<!-- \/ Yoast SEO plugin. -->","yoast_head_json":{"title":"ZHUK sliph\u00e5llare f\u00f6r slipning av mejslar och hyvlar - AAKnives","robots":{"index":"index","follow":"follow","max-snippet":"max-snippet:-1","max-image-preview":"max-image-preview:large","max-video-preview":"max-video-preview:-1"},"canonical":"https:\/\/aaknives.eu\/sv\/product\/zhuk-sliphallare-for-slipning-av-mejslar-och-hyvlar\/","og_locale":"sv_SE","og_type":"article","og_title":"ZHUK sliph\u00e5llare f\u00f6r slipning av mejslar och hyvlar - AAKnives","og_description":"ZHUK sliph\u00e5llare f\u00f6r slipning av mejslar och hyvlar F\u00f6r m\u00e5ngsidig slipning av mejslar och knivar, g\u00f6r att du kan h\u00e5lla verktyget i funktionsdugligt skick utan att anv\u00e4nda elektriska maskiner hemma. Den maximala bredden p\u00e5 en pressad hyvelkniv \u00e4r 63 mm. Sk\u00e4rpningsvinkeln f\u00f6r hyvling varierar mellan 27 och 32 grader. Beroende p\u00e5 sk\u00e4rpningsvinkeln beror detta p\u00e5 hur l\u00e4nge bladet f\u00f6rblir vasst. Det rekommenderas att sk\u00e4rpa knivar och blad p\u00e5 en 130 mm insats f\u00f6r elektriska hyvlar \u00f6ver 63 mm breda &nbsp; &nbsp; &nbsp;","og_url":"https:\/\/aaknives.eu\/sv\/product\/zhuk-sliphallare-for-slipning-av-mejslar-och-hyvlar\/","og_site_name":"AAKnives","article_publisher":"https:\/\/www.facebook.com\/aaknives.eu\/","article_modified_time":"2024-10-29T02:56:20+00:00","og_image":[{"width":600,"height":600,"url":"https:\/\/aaknives.eu\/wp-content\/uploads\/2024\/10\/aaknives-aaknife-forged-damascus-steel-blade-hand-forged-elmax-knife-handmade-custom-made-knife-handcrafted-knives-16-1-3.jpg","type":"image\/jpeg"}],"twitter_card":"summary_large_image","schema":{"@context":"https:\/\/schema.org","@graph":[{"@type":"WebPage","@id":"https:\/\/aaknives.eu\/sv\/product\/zhuk-sliphallare-for-slipning-av-mejslar-och-hyvlar\/","url":"https:\/\/aaknives.eu\/sv\/product\/zhuk-sliphallare-for-slipning-av-mejslar-och-hyvlar\/","name":"ZHUK sliph\u00e5llare f\u00f6r slipning av mejslar och hyvlar - AAKnives","isPartOf":{"@id":"https:\/\/aaknives.eu\/sv\/#website"},"primaryImageOfPage":{"@id":"https:\/\/aaknives.eu\/sv\/product\/zhuk-sliphallare-for-slipning-av-mejslar-och-hyvlar\/#primaryimage"},"image":{"@id":"https:\/\/aaknives.eu\/sv\/product\/zhuk-sliphallare-for-slipning-av-mejslar-och-hyvlar\/#primaryimage"},"thumbnailUrl":"https:\/\/aaknives.eu\/wp-content\/uploads\/2024\/10\/aaknives-aaknife-forged-damascus-steel-blade-hand-forged-elmax-knife-handmade-custom-made-knife-handcrafted-knives-16-1-3.jpg","datePublished":"2024-10-29T01:54:04+00:00","dateModified":"2024-10-29T02:56:20+00:00","breadcrumb":{"@id":"https:\/\/aaknives.eu\/sv\/product\/zhuk-sliphallare-for-slipning-av-mejslar-och-hyvlar\/#breadcrumb"},"inLanguage":"sv-SE","potentialAction":[{"@type":"ReadAction","target":["https:\/\/aaknives.eu\/sv\/product\/zhuk-sliphallare-for-slipning-av-mejslar-och-hyvlar\/"]}]},{"@type":"ImageObject","inLanguage":"sv-SE","@id":"https:\/\/aaknives.eu\/sv\/product\/zhuk-sliphallare-for-slipning-av-mejslar-och-hyvlar\/#primaryimage","url":"https:\/\/aaknives.eu\/wp-content\/uploads\/2024\/10\/aaknives-aaknife-forged-damascus-steel-blade-hand-forged-elmax-knife-handmade-custom-made-knife-handcrafted-knives-16-1-3.jpg","contentUrl":"https:\/\/aaknives.eu\/wp-content\/uploads\/2024\/10\/aaknives-aaknife-forged-damascus-steel-blade-hand-forged-elmax-knife-handmade-custom-made-knife-handcrafted-knives-16-1-3.jpg","width":600,"height":600},{"@type":"BreadcrumbList","@id":"https:\/\/aaknives.eu\/sv\/product\/zhuk-sliphallare-for-slipning-av-mejslar-och-hyvlar\/#breadcrumb","itemListElement":[{"@type":"ListItem","position":1,"name":"Home","item":"https:\/\/aaknives.eu\/sv\/"},{"@type":"ListItem","position":2,"name":"Butik","item":"https:\/\/aaknives.eu\/butik\/"},{"@type":"ListItem","position":3,"name":"ZHUK sliph\u00e5llare f\u00f6r slipning av mejslar och hyvlar"}]},{"@type":"WebSite","@id":"https:\/\/aaknives.eu\/sv\/#website","url":"https:\/\/aaknives.eu\/sv\/","name":"AAKnives","description":"Handmade knives","publisher":{"@id":"https:\/\/aaknives.eu\/sv\/#organization"},"potentialAction":[{"@type":"SearchAction","target":{"@type":"EntryPoint","urlTemplate":"https:\/\/aaknives.eu\/sv\/?s={search_term_string}"},"query-input":{"@type":"PropertyValueSpecification","valueRequired":true,"valueName":"search_term_string"}}],"inLanguage":"sv-SE"},{"@type":"Organization","@id":"https:\/\/aaknives.eu\/sv\/#organization","name":"AAKnives","url":"https:\/\/aaknives.eu\/sv\/","logo":{"@type":"ImageObject","inLanguage":"sv-SE","@id":"https:\/\/aaknives.eu\/sv\/#\/schema\/logo\/image\/","url":"https:\/\/aaknives.eu\/wp-content\/uploads\/2021\/10\/AAknives_Logo_Green.png","contentUrl":"https:\/\/aaknives.eu\/wp-content\/uploads\/2021\/10\/AAknives_Logo_Green.png","width":1768,"height":1768,"caption":"AAKnives"},"image":{"@id":"https:\/\/aaknives.eu\/sv\/#\/schema\/logo\/image\/"},"sameAs":["https:\/\/www.facebook.com\/aaknives.eu\/","https:\/\/www.instagram.com\/aaknives\/","https:\/\/www.pinterest.com\/aa_knives\/","https:\/\/www.youtube.com\/channel\/UCHOQFjrOkgT6s4FIw9LDKyw\/featured"]}]}},"_links":{"self":[{"href":"https:\/\/aaknives.eu\/sv\/wp-json\/wp\/v2\/product\/90183","targetHints":{"allow":["GET"]}}],"collection":[{"href":"https:\/\/aaknives.eu\/sv\/wp-json\/wp\/v2\/product"}],"about":[{"href":"https:\/\/aaknives.eu\/sv\/wp-json\/wp\/v2\/types\/product"}],"wp:featuredmedia":[{"embeddable":true,"href":"https:\/\/aaknives.eu\/sv\/wp-json\/wp\/v2\/media\/85086"}],"wp:attachment":[{"href":"https:\/\/aaknives.eu\/sv\/wp-json\/wp\/v2\/media?parent=90183"}],"wp:term":[{"taxonomy":"product_brand","embeddable":true,"href":"https:\/\/aaknives.eu\/sv\/wp-json\/wp\/v2\/product_brand?post=90183"},{"taxonomy":"product_cat","embeddable":true,"href":"https:\/\/aaknives.eu\/sv\/wp-json\/wp\/v2\/product_cat?post=90183"},{"taxonomy":"product_tag","embeddable":true,"href":"https:\/\/aaknives.eu\/sv\/wp-json\/wp\/v2\/product_tag?post=90183"}],"curies":[{"name":"wp","href":"https:\/\/api.w.org\/{rel}","templated":true}]}}