{"id":90198,"date":"2024-10-29T01:54:03","date_gmt":"2024-10-29T01:54:03","guid":{"rendered":"https:\/\/aaknives.eu\/?post_type=product&#038;p=90198"},"modified":"2024-10-29T02:56:11","modified_gmt":"2024-10-29T02:56:11","slug":"latvian-power-ax-stal-9hs-2","status":"publish","type":"product","link":"https:\/\/aaknives.eu\/sv\/product\/latvian-power-ax-stal-9hs-2\/","title":{"rendered":"LATVIAN POWER AX &#8211; st\u00e5l 9HS"},"content":{"rendered":"<p>Specifikationer f\u00f6r yxa: LETTISK KRAFTYXA<br \/>\nSt\u00e5l: 9HS (9XC)<br \/>\nH\u00e5rdhet: 59-60 HRC<br \/>\nBladets l\u00e4ngd (mm): 142 \/ 5,59 tum<br \/>\nBladets tjocklek (mm): 13 &#8211; 1 \/ 0,51 &#8211; 0,03 tum<br \/>\nBladbredd (mm): 117 \/ 4,60 tum<br \/>\nHandtag: en brinnande aska, l\u00e4der<br \/>\nTotal l\u00e4ngd (mm): 440 \/ 17,32 tum<br \/>\nKnivtyp: jakt, utomhusbruk<br \/>\nF\u00f6rpackning: yxa, slida av l\u00e4der<\/p>\n","protected":false},"excerpt":{"rendered":"<p>Specifikationer f\u00f6r yxa: LETTISK KRAFTYXA St\u00e5l: 9HS (9XC) H\u00e5rdhet: 59-60 HRC Bladets l\u00e4ngd (mm): 142 \/ 5,59 tum Bladets tjocklek (mm): 13 &#8211; 1 \/ 0,51 &#8211; 0,03 tum Bladbredd (mm): 117 \/ 4,60 tum Handtag: en brinnande aska, l\u00e4der Total l\u00e4ngd (mm): 440 \/ 17,32 tum Knivtyp: jakt, utomhusbruk F\u00f6rpackning: yxa, slida av l\u00e4der<\/p>\n","protected":false},"featured_media":85008,"template":"","meta":{"_themeisle_gutenberg_block_has_review":false},"product_brand":[],"product_cat":[421,414,413,435],"product_tag":[],"class_list":{"0":"post-90198","1":"product","2":"type-product","3":"status-publish","4":"has-post-thumbnail","6":"product_cat-axlar","7":"product_cat-jaktknivar","8":"product_cat-knivar-for-utomhusbruk","9":"product_cat-lettiska-kraftknivar","11":"first","12":"instock","13":"shipping-taxable","14":"purchasable","15":"product-type-simple"},"yoast_head":"<!-- This site is optimized with the Yoast SEO plugin v27.3 - https:\/\/yoast.com\/product\/yoast-seo-wordpress\/ -->\n<title>LATVIAN POWER AX - st\u00e5l 9HS - AAKnives<\/title>\n<meta name=\"robots\" content=\"index, follow, max-snippet:-1, max-image-preview:large, max-video-preview:-1\" \/>\n<link rel=\"canonical\" href=\"https:\/\/aaknives.eu\/sv\/product\/latvian-power-ax-stal-9hs-2\/\" \/>\n<meta property=\"og:locale\" content=\"sv_SE\" \/>\n<meta property=\"og:type\" content=\"article\" \/>\n<meta property=\"og:title\" content=\"LATVIAN POWER AX - st\u00e5l 9HS - AAKnives\" \/>\n<meta property=\"og:description\" content=\"Specifikationer f\u00f6r yxa: LETTISK KRAFTYXA St\u00e5l: 9HS (9XC) H\u00e5rdhet: 59-60 HRC Bladets l\u00e4ngd (mm): 142 \/ 5,59 tum Bladets tjocklek (mm): 13 &#8211; 1 \/ 0,51 &#8211; 0,03 tum Bladbredd (mm): 117 \/ 4,60 tum Handtag: en brinnande aska, l\u00e4der Total l\u00e4ngd (mm): 440 \/ 17,32 tum Knivtyp: jakt, utomhusbruk F\u00f6rpackning: yxa, slida av l\u00e4der\" \/>\n<meta property=\"og:url\" content=\"https:\/\/aaknives.eu\/sv\/product\/latvian-power-ax-stal-9hs-2\/\" \/>\n<meta property=\"og:site_name\" content=\"AAKnives\" \/>\n<meta property=\"article:publisher\" content=\"https:\/\/www.facebook.com\/aaknives.eu\/\" \/>\n<meta property=\"article:modified_time\" content=\"2024-10-29T02:56:11+00:00\" \/>\n<meta property=\"og:image\" content=\"https:\/\/aaknives.eu\/wp-content\/uploads\/2024\/10\/aaknives-hand-forged-dabascus-steel-blade-knife-handmade-custom-made-knife-handcrafted-knives-autinetools-northmen-1-1-1-7-3.jpg\" \/>\n\t<meta property=\"og:image:width\" content=\"800\" \/>\n\t<meta property=\"og:image:height\" content=\"600\" \/>\n\t<meta property=\"og:image:type\" content=\"image\/jpeg\" \/>\n<meta name=\"twitter:card\" content=\"summary_large_image\" \/>\n<script type=\"application\/ld+json\" class=\"yoast-schema-graph\">{\"@context\":\"https:\\\/\\\/schema.org\",\"@graph\":[{\"@type\":\"WebPage\",\"@id\":\"https:\\\/\\\/aaknives.eu\\\/sv\\\/product\\\/latvian-power-ax-stal-9hs-2\\\/\",\"url\":\"https:\\\/\\\/aaknives.eu\\\/sv\\\/product\\\/latvian-power-ax-stal-9hs-2\\\/\",\"name\":\"LATVIAN POWER AX - st\u00e5l 9HS - AAKnives\",\"isPartOf\":{\"@id\":\"https:\\\/\\\/aaknives.eu\\\/sv\\\/#website\"},\"primaryImageOfPage\":{\"@id\":\"https:\\\/\\\/aaknives.eu\\\/sv\\\/product\\\/latvian-power-ax-stal-9hs-2\\\/#primaryimage\"},\"image\":{\"@id\":\"https:\\\/\\\/aaknives.eu\\\/sv\\\/product\\\/latvian-power-ax-stal-9hs-2\\\/#primaryimage\"},\"thumbnailUrl\":\"https:\\\/\\\/aaknives.eu\\\/wp-content\\\/uploads\\\/2024\\\/10\\\/aaknives-hand-forged-dabascus-steel-blade-knife-handmade-custom-made-knife-handcrafted-knives-autinetools-northmen-1-1-1-7-3.jpg\",\"datePublished\":\"2024-10-29T01:54:03+00:00\",\"dateModified\":\"2024-10-29T02:56:11+00:00\",\"breadcrumb\":{\"@id\":\"https:\\\/\\\/aaknives.eu\\\/sv\\\/product\\\/latvian-power-ax-stal-9hs-2\\\/#breadcrumb\"},\"inLanguage\":\"sv-SE\",\"potentialAction\":[{\"@type\":\"ReadAction\",\"target\":[\"https:\\\/\\\/aaknives.eu\\\/sv\\\/product\\\/latvian-power-ax-stal-9hs-2\\\/\"]}]},{\"@type\":\"ImageObject\",\"inLanguage\":\"sv-SE\",\"@id\":\"https:\\\/\\\/aaknives.eu\\\/sv\\\/product\\\/latvian-power-ax-stal-9hs-2\\\/#primaryimage\",\"url\":\"https:\\\/\\\/aaknives.eu\\\/wp-content\\\/uploads\\\/2024\\\/10\\\/aaknives-hand-forged-dabascus-steel-blade-knife-handmade-custom-made-knife-handcrafted-knives-autinetools-northmen-1-1-1-7-3.jpg\",\"contentUrl\":\"https:\\\/\\\/aaknives.eu\\\/wp-content\\\/uploads\\\/2024\\\/10\\\/aaknives-hand-forged-dabascus-steel-blade-knife-handmade-custom-made-knife-handcrafted-knives-autinetools-northmen-1-1-1-7-3.jpg\",\"width\":800,\"height\":600},{\"@type\":\"BreadcrumbList\",\"@id\":\"https:\\\/\\\/aaknives.eu\\\/sv\\\/product\\\/latvian-power-ax-stal-9hs-2\\\/#breadcrumb\",\"itemListElement\":[{\"@type\":\"ListItem\",\"position\":1,\"name\":\"Home\",\"item\":\"https:\\\/\\\/aaknives.eu\\\/sv\\\/\"},{\"@type\":\"ListItem\",\"position\":2,\"name\":\"Butik\",\"item\":\"https:\\\/\\\/aaknives.eu\\\/butik\\\/\"},{\"@type\":\"ListItem\",\"position\":3,\"name\":\"LATVIAN POWER AX &#8211; st\u00e5l 9HS\"}]},{\"@type\":\"WebSite\",\"@id\":\"https:\\\/\\\/aaknives.eu\\\/sv\\\/#website\",\"url\":\"https:\\\/\\\/aaknives.eu\\\/sv\\\/\",\"name\":\"AAKnives\",\"description\":\"Handmade knives\",\"publisher\":{\"@id\":\"https:\\\/\\\/aaknives.eu\\\/sv\\\/#organization\"},\"potentialAction\":[{\"@type\":\"SearchAction\",\"target\":{\"@type\":\"EntryPoint\",\"urlTemplate\":\"https:\\\/\\\/aaknives.eu\\\/sv\\\/?s={search_term_string}\"},\"query-input\":{\"@type\":\"PropertyValueSpecification\",\"valueRequired\":true,\"valueName\":\"search_term_string\"}}],\"inLanguage\":\"sv-SE\"},{\"@type\":\"Organization\",\"@id\":\"https:\\\/\\\/aaknives.eu\\\/sv\\\/#organization\",\"name\":\"AAKnives\",\"url\":\"https:\\\/\\\/aaknives.eu\\\/sv\\\/\",\"logo\":{\"@type\":\"ImageObject\",\"inLanguage\":\"sv-SE\",\"@id\":\"https:\\\/\\\/aaknives.eu\\\/sv\\\/#\\\/schema\\\/logo\\\/image\\\/\",\"url\":\"https:\\\/\\\/aaknives.eu\\\/wp-content\\\/uploads\\\/2021\\\/10\\\/AAknives_Logo_Green.png\",\"contentUrl\":\"https:\\\/\\\/aaknives.eu\\\/wp-content\\\/uploads\\\/2021\\\/10\\\/AAknives_Logo_Green.png\",\"width\":1768,\"height\":1768,\"caption\":\"AAKnives\"},\"image\":{\"@id\":\"https:\\\/\\\/aaknives.eu\\\/sv\\\/#\\\/schema\\\/logo\\\/image\\\/\"},\"sameAs\":[\"https:\\\/\\\/www.facebook.com\\\/aaknives.eu\\\/\",\"https:\\\/\\\/www.instagram.com\\\/aaknives\\\/\",\"https:\\\/\\\/www.pinterest.com\\\/aa_knives\\\/\",\"https:\\\/\\\/www.youtube.com\\\/channel\\\/UCHOQFjrOkgT6s4FIw9LDKyw\\\/featured\"]}]}<\/script>\n<!-- \/ Yoast SEO plugin. -->","yoast_head_json":{"title":"LATVIAN POWER AX - st\u00e5l 9HS - AAKnives","robots":{"index":"index","follow":"follow","max-snippet":"max-snippet:-1","max-image-preview":"max-image-preview:large","max-video-preview":"max-video-preview:-1"},"canonical":"https:\/\/aaknives.eu\/sv\/product\/latvian-power-ax-stal-9hs-2\/","og_locale":"sv_SE","og_type":"article","og_title":"LATVIAN POWER AX - st\u00e5l 9HS - AAKnives","og_description":"Specifikationer f\u00f6r yxa: LETTISK KRAFTYXA St\u00e5l: 9HS (9XC) H\u00e5rdhet: 59-60 HRC Bladets l\u00e4ngd (mm): 142 \/ 5,59 tum Bladets tjocklek (mm): 13 &#8211; 1 \/ 0,51 &#8211; 0,03 tum Bladbredd (mm): 117 \/ 4,60 tum Handtag: en brinnande aska, l\u00e4der Total l\u00e4ngd (mm): 440 \/ 17,32 tum Knivtyp: jakt, utomhusbruk F\u00f6rpackning: yxa, slida av l\u00e4der","og_url":"https:\/\/aaknives.eu\/sv\/product\/latvian-power-ax-stal-9hs-2\/","og_site_name":"AAKnives","article_publisher":"https:\/\/www.facebook.com\/aaknives.eu\/","article_modified_time":"2024-10-29T02:56:11+00:00","og_image":[{"width":800,"height":600,"url":"https:\/\/aaknives.eu\/wp-content\/uploads\/2024\/10\/aaknives-hand-forged-dabascus-steel-blade-knife-handmade-custom-made-knife-handcrafted-knives-autinetools-northmen-1-1-1-7-3.jpg","type":"image\/jpeg"}],"twitter_card":"summary_large_image","schema":{"@context":"https:\/\/schema.org","@graph":[{"@type":"WebPage","@id":"https:\/\/aaknives.eu\/sv\/product\/latvian-power-ax-stal-9hs-2\/","url":"https:\/\/aaknives.eu\/sv\/product\/latvian-power-ax-stal-9hs-2\/","name":"LATVIAN POWER AX - st\u00e5l 9HS - AAKnives","isPartOf":{"@id":"https:\/\/aaknives.eu\/sv\/#website"},"primaryImageOfPage":{"@id":"https:\/\/aaknives.eu\/sv\/product\/latvian-power-ax-stal-9hs-2\/#primaryimage"},"image":{"@id":"https:\/\/aaknives.eu\/sv\/product\/latvian-power-ax-stal-9hs-2\/#primaryimage"},"thumbnailUrl":"https:\/\/aaknives.eu\/wp-content\/uploads\/2024\/10\/aaknives-hand-forged-dabascus-steel-blade-knife-handmade-custom-made-knife-handcrafted-knives-autinetools-northmen-1-1-1-7-3.jpg","datePublished":"2024-10-29T01:54:03+00:00","dateModified":"2024-10-29T02:56:11+00:00","breadcrumb":{"@id":"https:\/\/aaknives.eu\/sv\/product\/latvian-power-ax-stal-9hs-2\/#breadcrumb"},"inLanguage":"sv-SE","potentialAction":[{"@type":"ReadAction","target":["https:\/\/aaknives.eu\/sv\/product\/latvian-power-ax-stal-9hs-2\/"]}]},{"@type":"ImageObject","inLanguage":"sv-SE","@id":"https:\/\/aaknives.eu\/sv\/product\/latvian-power-ax-stal-9hs-2\/#primaryimage","url":"https:\/\/aaknives.eu\/wp-content\/uploads\/2024\/10\/aaknives-hand-forged-dabascus-steel-blade-knife-handmade-custom-made-knife-handcrafted-knives-autinetools-northmen-1-1-1-7-3.jpg","contentUrl":"https:\/\/aaknives.eu\/wp-content\/uploads\/2024\/10\/aaknives-hand-forged-dabascus-steel-blade-knife-handmade-custom-made-knife-handcrafted-knives-autinetools-northmen-1-1-1-7-3.jpg","width":800,"height":600},{"@type":"BreadcrumbList","@id":"https:\/\/aaknives.eu\/sv\/product\/latvian-power-ax-stal-9hs-2\/#breadcrumb","itemListElement":[{"@type":"ListItem","position":1,"name":"Home","item":"https:\/\/aaknives.eu\/sv\/"},{"@type":"ListItem","position":2,"name":"Butik","item":"https:\/\/aaknives.eu\/butik\/"},{"@type":"ListItem","position":3,"name":"LATVIAN POWER AX &#8211; st\u00e5l 9HS"}]},{"@type":"WebSite","@id":"https:\/\/aaknives.eu\/sv\/#website","url":"https:\/\/aaknives.eu\/sv\/","name":"AAKnives","description":"Handmade knives","publisher":{"@id":"https:\/\/aaknives.eu\/sv\/#organization"},"potentialAction":[{"@type":"SearchAction","target":{"@type":"EntryPoint","urlTemplate":"https:\/\/aaknives.eu\/sv\/?s={search_term_string}"},"query-input":{"@type":"PropertyValueSpecification","valueRequired":true,"valueName":"search_term_string"}}],"inLanguage":"sv-SE"},{"@type":"Organization","@id":"https:\/\/aaknives.eu\/sv\/#organization","name":"AAKnives","url":"https:\/\/aaknives.eu\/sv\/","logo":{"@type":"ImageObject","inLanguage":"sv-SE","@id":"https:\/\/aaknives.eu\/sv\/#\/schema\/logo\/image\/","url":"https:\/\/aaknives.eu\/wp-content\/uploads\/2021\/10\/AAknives_Logo_Green.png","contentUrl":"https:\/\/aaknives.eu\/wp-content\/uploads\/2021\/10\/AAknives_Logo_Green.png","width":1768,"height":1768,"caption":"AAKnives"},"image":{"@id":"https:\/\/aaknives.eu\/sv\/#\/schema\/logo\/image\/"},"sameAs":["https:\/\/www.facebook.com\/aaknives.eu\/","https:\/\/www.instagram.com\/aaknives\/","https:\/\/www.pinterest.com\/aa_knives\/","https:\/\/www.youtube.com\/channel\/UCHOQFjrOkgT6s4FIw9LDKyw\/featured"]}]}},"_links":{"self":[{"href":"https:\/\/aaknives.eu\/sv\/wp-json\/wp\/v2\/product\/90198","targetHints":{"allow":["GET"]}}],"collection":[{"href":"https:\/\/aaknives.eu\/sv\/wp-json\/wp\/v2\/product"}],"about":[{"href":"https:\/\/aaknives.eu\/sv\/wp-json\/wp\/v2\/types\/product"}],"wp:featuredmedia":[{"embeddable":true,"href":"https:\/\/aaknives.eu\/sv\/wp-json\/wp\/v2\/media\/85008"}],"wp:attachment":[{"href":"https:\/\/aaknives.eu\/sv\/wp-json\/wp\/v2\/media?parent=90198"}],"wp:term":[{"taxonomy":"product_brand","embeddable":true,"href":"https:\/\/aaknives.eu\/sv\/wp-json\/wp\/v2\/product_brand?post=90198"},{"taxonomy":"product_cat","embeddable":true,"href":"https:\/\/aaknives.eu\/sv\/wp-json\/wp\/v2\/product_cat?post=90198"},{"taxonomy":"product_tag","embeddable":true,"href":"https:\/\/aaknives.eu\/sv\/wp-json\/wp\/v2\/product_tag?post=90198"}],"curies":[{"name":"wp","href":"https:\/\/api.w.org\/{rel}","templated":true}]}}