{"id":90203,"date":"2024-10-29T01:53:10","date_gmt":"2024-10-29T01:53:10","guid":{"rendered":"https:\/\/aaknives.eu\/?post_type=product&#038;p=90203"},"modified":"2024-10-29T02:56:06","modified_gmt":"2024-10-29T02:56:06","slug":"kniv-stone-age-handsmidd-kniv-med-blad-av-damaskusstal","status":"publish","type":"product","link":"https:\/\/aaknives.eu\/sv\/product\/kniv-stone-age-handsmidd-kniv-med-blad-av-damaskusstal\/","title":{"rendered":"Kniv &#8221;STONE AGE&#8221;, handsmidd kniv med blad av Damaskusst\u00e5l"},"content":{"rendered":"<p>Specifikationer f\u00f6r kniv: STEN\u00c5LDER<br \/>\nSt\u00e5l: Handsmidd jaktkniv med blad i Damaskus-st\u00e5l, (HVG, U10, ShH15), 800 lager, dekorativa smidesm\u00e4rken<br \/>\nH\u00e5rdhet: 60-62 HRC<br \/>\nBladets l\u00e4ngd (mm): 147 \/ 5,74 tum<br \/>\nBladets tjocklek (mm): 2-3<br \/>\nBladbredd (mm): 35 \/ 1,37 tum<br \/>\nHandtag: Afrikansk wengetr\u00e4, l\u00e4der<br \/>\nTotal l\u00e4ngd (mm): 270 \/ 10,62 tum<\/p>\n<p>Handsmidd Damaskusst\u00e5l som skapas av ett paket st\u00e5l med olika h\u00e5rdhet och viskositet, som viks till en platta i en specifik ordning. D\u00e4refter smids plattan om upprepade g\u00e5nger, tack vare vilka lager och ett unikt m\u00f6nster bildas.<br \/>\nEn sv\u00e5r teknisk process g\u00f6rs manuellt. St\u00e5l som erh\u00e5lls p\u00e5 detta s\u00e4tt k\u00e4nnetecknas av \u00f6kad h\u00e5llfasthet, h\u00f6g h\u00e5rdhet, utm\u00e4rkta sk\u00e4regenskaper och sk\u00f6nhet.<br \/>\nDamaskusst\u00e5l med mer \u00e4n 700-1000 lager.<br \/>\nPaket damask st\u00e5l ShH15 + HVG + U10A, termiskt uttryck 860 \u00b0 C<\/p>\n<p>F\u00f6rdelarna med knivar av Damaskusst\u00e5l:<br \/>\n\u00d6kad styrka<br \/>\nH\u00f6g h\u00e5rdhet<br \/>\nUtm\u00e4rkta sk\u00e4regenskaper<br \/>\nVacker design<br \/>\nL\u00e5ngvarig sk\u00e4rpa<\/p>\n<p>Bladets h\u00e5rdhet 60-62 HRC.<br \/>\nHandgjord<\/p>\n","protected":false},"excerpt":{"rendered":"<p>Specifikationer f\u00f6r kniv: STEN\u00c5LDER St\u00e5l: Handsmidd jaktkniv med blad i Damaskus-st\u00e5l, (HVG, U10, ShH15), 800 lager, dekorativa smidesm\u00e4rken H\u00e5rdhet: 60-62 HRC Bladets l\u00e4ngd (mm): 147 \/ 5,74 tum Bladets tjocklek (mm): 2-3 Bladbredd (mm): 35 \/ 1,37 tum Handtag: Afrikansk wengetr\u00e4, l\u00e4der Total l\u00e4ngd (mm): 270 \/ 10,62 tum Handsmidd Damaskusst\u00e5l som skapas av ett paket st\u00e5l med olika h\u00e5rdhet och viskositet, som viks till en platta i en specifik ordning. D\u00e4refter smids plattan om upprepade g\u00e5nger, tack vare vilka lager och ett unikt m\u00f6nster bildas. En sv\u00e5r teknisk process g\u00f6rs manuellt. St\u00e5l som erh\u00e5lls p\u00e5 detta s\u00e4tt k\u00e4nnetecknas av&hellip;<\/p>\n","protected":false},"featured_media":84716,"template":"","meta":{"_themeisle_gutenberg_block_has_review":false},"product_brand":[],"product_cat":[414,413,418],"product_tag":[],"class_list":{"0":"post-90203","1":"product","2":"type-product","3":"status-publish","4":"has-post-thumbnail","6":"product_cat-jaktknivar","7":"product_cat-knivar-for-utomhusbruk","8":"product_cat-premium-och-exklusiva-knivar","10":"first","11":"outofstock","12":"shipping-taxable","13":"purchasable","14":"product-type-simple"},"yoast_head":"<!-- This site is optimized with the Yoast SEO plugin v27.3 - https:\/\/yoast.com\/product\/yoast-seo-wordpress\/ -->\n<title>Kniv &#039;&#039;STONE AGE&#039;&#039;, handsmidd kniv med blad av Damaskusst\u00e5l - AAKnives<\/title>\n<meta name=\"description\" content=\"Kniv &quot;STONE AGE&quot;, handsmidd kniv med blad i Damaskusst\u00e5l, perfekt som jaktkniv, campingkniv och friluftskniv\" \/>\n<meta name=\"robots\" content=\"index, follow, max-snippet:-1, max-image-preview:large, max-video-preview:-1\" \/>\n<link rel=\"canonical\" href=\"https:\/\/aaknives.eu\/sv\/product\/kniv-stone-age-handsmidd-kniv-med-blad-av-damaskusstal\/\" \/>\n<meta property=\"og:locale\" content=\"sv_SE\" \/>\n<meta property=\"og:type\" content=\"article\" \/>\n<meta property=\"og:title\" content=\"Kniv &#039;&#039;STONE AGE&#039;&#039;, handsmidd kniv med blad av Damaskusst\u00e5l - AAKnives\" \/>\n<meta property=\"og:description\" content=\"Kniv &quot;STONE AGE&quot;, handsmidd kniv med blad i Damaskusst\u00e5l, perfekt som jaktkniv, campingkniv och friluftskniv\" \/>\n<meta property=\"og:url\" content=\"https:\/\/aaknives.eu\/sv\/product\/kniv-stone-age-handsmidd-kniv-med-blad-av-damaskusstal\/\" \/>\n<meta property=\"og:site_name\" content=\"AAKnives\" \/>\n<meta property=\"article:publisher\" content=\"https:\/\/www.facebook.com\/aaknives.eu\/\" \/>\n<meta property=\"article:modified_time\" content=\"2024-10-29T02:56:06+00:00\" \/>\n<meta property=\"og:image\" content=\"https:\/\/aaknives.eu\/wp-content\/uploads\/2024\/10\/aaknives-hand-forged-dabascus-steel-blade-knife-handmade-custom-made-knife-handcrafted-knives-autinetools-northmen-16-1-14-1.jpg\" \/>\n\t<meta property=\"og:image:width\" content=\"800\" \/>\n\t<meta property=\"og:image:height\" content=\"600\" \/>\n\t<meta property=\"og:image:type\" content=\"image\/jpeg\" \/>\n<meta name=\"twitter:card\" content=\"summary_large_image\" \/>\n<meta name=\"twitter:label1\" content=\"Ber\u00e4knad l\u00e4stid\" \/>\n\t<meta name=\"twitter:data1\" content=\"1 minut\" \/>\n<script type=\"application\/ld+json\" class=\"yoast-schema-graph\">{\"@context\":\"https:\\\/\\\/schema.org\",\"@graph\":[{\"@type\":\"WebPage\",\"@id\":\"https:\\\/\\\/aaknives.eu\\\/sv\\\/product\\\/kniv-stone-age-handsmidd-kniv-med-blad-av-damaskusstal\\\/\",\"url\":\"https:\\\/\\\/aaknives.eu\\\/sv\\\/product\\\/kniv-stone-age-handsmidd-kniv-med-blad-av-damaskusstal\\\/\",\"name\":\"Kniv ''STONE AGE'', handsmidd kniv med blad av Damaskusst\u00e5l - AAKnives\",\"isPartOf\":{\"@id\":\"https:\\\/\\\/aaknives.eu\\\/sv\\\/#website\"},\"primaryImageOfPage\":{\"@id\":\"https:\\\/\\\/aaknives.eu\\\/sv\\\/product\\\/kniv-stone-age-handsmidd-kniv-med-blad-av-damaskusstal\\\/#primaryimage\"},\"image\":{\"@id\":\"https:\\\/\\\/aaknives.eu\\\/sv\\\/product\\\/kniv-stone-age-handsmidd-kniv-med-blad-av-damaskusstal\\\/#primaryimage\"},\"thumbnailUrl\":\"https:\\\/\\\/aaknives.eu\\\/wp-content\\\/uploads\\\/2024\\\/10\\\/aaknives-hand-forged-dabascus-steel-blade-knife-handmade-custom-made-knife-handcrafted-knives-autinetools-northmen-16-1-14-1.jpg\",\"datePublished\":\"2024-10-29T01:53:10+00:00\",\"dateModified\":\"2024-10-29T02:56:06+00:00\",\"description\":\"Kniv \\\"STONE AGE\\\", handsmidd kniv med blad i Damaskusst\u00e5l, perfekt som jaktkniv, campingkniv och friluftskniv\",\"breadcrumb\":{\"@id\":\"https:\\\/\\\/aaknives.eu\\\/sv\\\/product\\\/kniv-stone-age-handsmidd-kniv-med-blad-av-damaskusstal\\\/#breadcrumb\"},\"inLanguage\":\"sv-SE\",\"potentialAction\":[{\"@type\":\"ReadAction\",\"target\":[\"https:\\\/\\\/aaknives.eu\\\/sv\\\/product\\\/kniv-stone-age-handsmidd-kniv-med-blad-av-damaskusstal\\\/\"]}]},{\"@type\":\"ImageObject\",\"inLanguage\":\"sv-SE\",\"@id\":\"https:\\\/\\\/aaknives.eu\\\/sv\\\/product\\\/kniv-stone-age-handsmidd-kniv-med-blad-av-damaskusstal\\\/#primaryimage\",\"url\":\"https:\\\/\\\/aaknives.eu\\\/wp-content\\\/uploads\\\/2024\\\/10\\\/aaknives-hand-forged-dabascus-steel-blade-knife-handmade-custom-made-knife-handcrafted-knives-autinetools-northmen-16-1-14-1.jpg\",\"contentUrl\":\"https:\\\/\\\/aaknives.eu\\\/wp-content\\\/uploads\\\/2024\\\/10\\\/aaknives-hand-forged-dabascus-steel-blade-knife-handmade-custom-made-knife-handcrafted-knives-autinetools-northmen-16-1-14-1.jpg\",\"width\":800,\"height\":600},{\"@type\":\"BreadcrumbList\",\"@id\":\"https:\\\/\\\/aaknives.eu\\\/sv\\\/product\\\/kniv-stone-age-handsmidd-kniv-med-blad-av-damaskusstal\\\/#breadcrumb\",\"itemListElement\":[{\"@type\":\"ListItem\",\"position\":1,\"name\":\"Home\",\"item\":\"https:\\\/\\\/aaknives.eu\\\/sv\\\/\"},{\"@type\":\"ListItem\",\"position\":2,\"name\":\"Butik\",\"item\":\"https:\\\/\\\/aaknives.eu\\\/butik\\\/\"},{\"@type\":\"ListItem\",\"position\":3,\"name\":\"Kniv &#8221;STONE AGE&#8221;, handsmidd kniv med blad av Damaskusst\u00e5l\"}]},{\"@type\":\"WebSite\",\"@id\":\"https:\\\/\\\/aaknives.eu\\\/sv\\\/#website\",\"url\":\"https:\\\/\\\/aaknives.eu\\\/sv\\\/\",\"name\":\"AAKnives\",\"description\":\"Handmade knives\",\"publisher\":{\"@id\":\"https:\\\/\\\/aaknives.eu\\\/sv\\\/#organization\"},\"potentialAction\":[{\"@type\":\"SearchAction\",\"target\":{\"@type\":\"EntryPoint\",\"urlTemplate\":\"https:\\\/\\\/aaknives.eu\\\/sv\\\/?s={search_term_string}\"},\"query-input\":{\"@type\":\"PropertyValueSpecification\",\"valueRequired\":true,\"valueName\":\"search_term_string\"}}],\"inLanguage\":\"sv-SE\"},{\"@type\":\"Organization\",\"@id\":\"https:\\\/\\\/aaknives.eu\\\/sv\\\/#organization\",\"name\":\"AAKnives\",\"url\":\"https:\\\/\\\/aaknives.eu\\\/sv\\\/\",\"logo\":{\"@type\":\"ImageObject\",\"inLanguage\":\"sv-SE\",\"@id\":\"https:\\\/\\\/aaknives.eu\\\/sv\\\/#\\\/schema\\\/logo\\\/image\\\/\",\"url\":\"https:\\\/\\\/aaknives.eu\\\/wp-content\\\/uploads\\\/2021\\\/10\\\/AAknives_Logo_Green.png\",\"contentUrl\":\"https:\\\/\\\/aaknives.eu\\\/wp-content\\\/uploads\\\/2021\\\/10\\\/AAknives_Logo_Green.png\",\"width\":1768,\"height\":1768,\"caption\":\"AAKnives\"},\"image\":{\"@id\":\"https:\\\/\\\/aaknives.eu\\\/sv\\\/#\\\/schema\\\/logo\\\/image\\\/\"},\"sameAs\":[\"https:\\\/\\\/www.facebook.com\\\/aaknives.eu\\\/\",\"https:\\\/\\\/www.instagram.com\\\/aaknives\\\/\",\"https:\\\/\\\/www.pinterest.com\\\/aa_knives\\\/\",\"https:\\\/\\\/www.youtube.com\\\/channel\\\/UCHOQFjrOkgT6s4FIw9LDKyw\\\/featured\"]}]}<\/script>\n<!-- \/ Yoast SEO plugin. -->","yoast_head_json":{"title":"Kniv ''STONE AGE'', handsmidd kniv med blad av Damaskusst\u00e5l - AAKnives","description":"Kniv \"STONE AGE\", handsmidd kniv med blad i Damaskusst\u00e5l, perfekt som jaktkniv, campingkniv och friluftskniv","robots":{"index":"index","follow":"follow","max-snippet":"max-snippet:-1","max-image-preview":"max-image-preview:large","max-video-preview":"max-video-preview:-1"},"canonical":"https:\/\/aaknives.eu\/sv\/product\/kniv-stone-age-handsmidd-kniv-med-blad-av-damaskusstal\/","og_locale":"sv_SE","og_type":"article","og_title":"Kniv ''STONE AGE'', handsmidd kniv med blad av Damaskusst\u00e5l - AAKnives","og_description":"Kniv \"STONE AGE\", handsmidd kniv med blad i Damaskusst\u00e5l, perfekt som jaktkniv, campingkniv och friluftskniv","og_url":"https:\/\/aaknives.eu\/sv\/product\/kniv-stone-age-handsmidd-kniv-med-blad-av-damaskusstal\/","og_site_name":"AAKnives","article_publisher":"https:\/\/www.facebook.com\/aaknives.eu\/","article_modified_time":"2024-10-29T02:56:06+00:00","og_image":[{"width":800,"height":600,"url":"https:\/\/aaknives.eu\/wp-content\/uploads\/2024\/10\/aaknives-hand-forged-dabascus-steel-blade-knife-handmade-custom-made-knife-handcrafted-knives-autinetools-northmen-16-1-14-1.jpg","type":"image\/jpeg"}],"twitter_card":"summary_large_image","twitter_misc":{"Ber\u00e4knad l\u00e4stid":"1 minut"},"schema":{"@context":"https:\/\/schema.org","@graph":[{"@type":"WebPage","@id":"https:\/\/aaknives.eu\/sv\/product\/kniv-stone-age-handsmidd-kniv-med-blad-av-damaskusstal\/","url":"https:\/\/aaknives.eu\/sv\/product\/kniv-stone-age-handsmidd-kniv-med-blad-av-damaskusstal\/","name":"Kniv ''STONE AGE'', handsmidd kniv med blad av Damaskusst\u00e5l - AAKnives","isPartOf":{"@id":"https:\/\/aaknives.eu\/sv\/#website"},"primaryImageOfPage":{"@id":"https:\/\/aaknives.eu\/sv\/product\/kniv-stone-age-handsmidd-kniv-med-blad-av-damaskusstal\/#primaryimage"},"image":{"@id":"https:\/\/aaknives.eu\/sv\/product\/kniv-stone-age-handsmidd-kniv-med-blad-av-damaskusstal\/#primaryimage"},"thumbnailUrl":"https:\/\/aaknives.eu\/wp-content\/uploads\/2024\/10\/aaknives-hand-forged-dabascus-steel-blade-knife-handmade-custom-made-knife-handcrafted-knives-autinetools-northmen-16-1-14-1.jpg","datePublished":"2024-10-29T01:53:10+00:00","dateModified":"2024-10-29T02:56:06+00:00","description":"Kniv \"STONE AGE\", handsmidd kniv med blad i Damaskusst\u00e5l, perfekt som jaktkniv, campingkniv och friluftskniv","breadcrumb":{"@id":"https:\/\/aaknives.eu\/sv\/product\/kniv-stone-age-handsmidd-kniv-med-blad-av-damaskusstal\/#breadcrumb"},"inLanguage":"sv-SE","potentialAction":[{"@type":"ReadAction","target":["https:\/\/aaknives.eu\/sv\/product\/kniv-stone-age-handsmidd-kniv-med-blad-av-damaskusstal\/"]}]},{"@type":"ImageObject","inLanguage":"sv-SE","@id":"https:\/\/aaknives.eu\/sv\/product\/kniv-stone-age-handsmidd-kniv-med-blad-av-damaskusstal\/#primaryimage","url":"https:\/\/aaknives.eu\/wp-content\/uploads\/2024\/10\/aaknives-hand-forged-dabascus-steel-blade-knife-handmade-custom-made-knife-handcrafted-knives-autinetools-northmen-16-1-14-1.jpg","contentUrl":"https:\/\/aaknives.eu\/wp-content\/uploads\/2024\/10\/aaknives-hand-forged-dabascus-steel-blade-knife-handmade-custom-made-knife-handcrafted-knives-autinetools-northmen-16-1-14-1.jpg","width":800,"height":600},{"@type":"BreadcrumbList","@id":"https:\/\/aaknives.eu\/sv\/product\/kniv-stone-age-handsmidd-kniv-med-blad-av-damaskusstal\/#breadcrumb","itemListElement":[{"@type":"ListItem","position":1,"name":"Home","item":"https:\/\/aaknives.eu\/sv\/"},{"@type":"ListItem","position":2,"name":"Butik","item":"https:\/\/aaknives.eu\/butik\/"},{"@type":"ListItem","position":3,"name":"Kniv &#8221;STONE AGE&#8221;, handsmidd kniv med blad av Damaskusst\u00e5l"}]},{"@type":"WebSite","@id":"https:\/\/aaknives.eu\/sv\/#website","url":"https:\/\/aaknives.eu\/sv\/","name":"AAKnives","description":"Handmade knives","publisher":{"@id":"https:\/\/aaknives.eu\/sv\/#organization"},"potentialAction":[{"@type":"SearchAction","target":{"@type":"EntryPoint","urlTemplate":"https:\/\/aaknives.eu\/sv\/?s={search_term_string}"},"query-input":{"@type":"PropertyValueSpecification","valueRequired":true,"valueName":"search_term_string"}}],"inLanguage":"sv-SE"},{"@type":"Organization","@id":"https:\/\/aaknives.eu\/sv\/#organization","name":"AAKnives","url":"https:\/\/aaknives.eu\/sv\/","logo":{"@type":"ImageObject","inLanguage":"sv-SE","@id":"https:\/\/aaknives.eu\/sv\/#\/schema\/logo\/image\/","url":"https:\/\/aaknives.eu\/wp-content\/uploads\/2021\/10\/AAknives_Logo_Green.png","contentUrl":"https:\/\/aaknives.eu\/wp-content\/uploads\/2021\/10\/AAknives_Logo_Green.png","width":1768,"height":1768,"caption":"AAKnives"},"image":{"@id":"https:\/\/aaknives.eu\/sv\/#\/schema\/logo\/image\/"},"sameAs":["https:\/\/www.facebook.com\/aaknives.eu\/","https:\/\/www.instagram.com\/aaknives\/","https:\/\/www.pinterest.com\/aa_knives\/","https:\/\/www.youtube.com\/channel\/UCHOQFjrOkgT6s4FIw9LDKyw\/featured"]}]}},"_links":{"self":[{"href":"https:\/\/aaknives.eu\/sv\/wp-json\/wp\/v2\/product\/90203","targetHints":{"allow":["GET"]}}],"collection":[{"href":"https:\/\/aaknives.eu\/sv\/wp-json\/wp\/v2\/product"}],"about":[{"href":"https:\/\/aaknives.eu\/sv\/wp-json\/wp\/v2\/types\/product"}],"wp:featuredmedia":[{"embeddable":true,"href":"https:\/\/aaknives.eu\/sv\/wp-json\/wp\/v2\/media\/84716"}],"wp:attachment":[{"href":"https:\/\/aaknives.eu\/sv\/wp-json\/wp\/v2\/media?parent=90203"}],"wp:term":[{"taxonomy":"product_brand","embeddable":true,"href":"https:\/\/aaknives.eu\/sv\/wp-json\/wp\/v2\/product_brand?post=90203"},{"taxonomy":"product_cat","embeddable":true,"href":"https:\/\/aaknives.eu\/sv\/wp-json\/wp\/v2\/product_cat?post=90203"},{"taxonomy":"product_tag","embeddable":true,"href":"https:\/\/aaknives.eu\/sv\/wp-json\/wp\/v2\/product_tag?post=90203"}],"curies":[{"name":"wp","href":"https:\/\/api.w.org\/{rel}","templated":true}]}}