{"id":90206,"date":"2024-10-29T01:53:10","date_gmt":"2024-10-29T01:53:10","guid":{"rendered":"https:\/\/aaknives.eu\/?post_type=product&#038;p=90206"},"modified":"2024-10-29T02:56:05","modified_gmt":"2024-10-29T02:56:05","slug":"yxa-presentforpackning","status":"publish","type":"product","link":"https:\/\/aaknives.eu\/sv\/product\/yxa-presentforpackning\/","title":{"rendered":"Yxa &#8211; presentf\u00f6rpackning!"},"content":{"rendered":"<p>Yxa &#8211; presentf\u00f6rpackning!<br \/>\nMaterial: Brinnande tr\u00e4<br \/>\nL\u00e4ngd (mm): 570<br \/>\nBredd (mm): 270<br \/>\nH\u00f6jd (mm): 110<\/p>\n<p>Yxan ing\u00e5r inte i satsen!<\/p>\n<p>Kniven \u00e4r en fantastisk och exklusiv g\u00e5va eftersom den \u00e4r permanent och f\u00f6rblir f\u00f6r evigt. Anv\u00e4ndaren kommer att minnas och t\u00e4nka p\u00e5 dig varje g\u00e5ng han plockar upp kniven!<\/p>\n<p>Kom bara ih\u00e5g &#8211; om du ger bort en kniv ber du om ett mynt i geng\u00e4ld, det \u00e4r viktigt! S\u00e5 man blir inte osams med en person. Det \u00e4r vad en gammal tro s\u00e4ger!<\/p>\n","protected":false},"excerpt":{"rendered":"<p>Yxa &#8211; presentf\u00f6rpackning! Material: Brinnande tr\u00e4 L\u00e4ngd (mm): 570 Bredd (mm): 270 H\u00f6jd (mm): 110 Yxan ing\u00e5r inte i satsen! Kniven \u00e4r en fantastisk och exklusiv g\u00e5va eftersom den \u00e4r permanent och f\u00f6rblir f\u00f6r evigt. Anv\u00e4ndaren kommer att minnas och t\u00e4nka p\u00e5 dig varje g\u00e5ng han plockar upp kniven! Kom bara ih\u00e5g &#8211; om du ger bort en kniv ber du om ett mynt i geng\u00e4ld, det \u00e4r viktigt! S\u00e5 man blir inte osams med en person. Det \u00e4r vad en gammal tro s\u00e4ger!<\/p>\n","protected":false},"featured_media":84778,"template":"","meta":{"_themeisle_gutenberg_block_has_review":false},"product_brand":[],"product_cat":[421,445,441],"product_tag":[],"class_list":{"0":"post-90206","1":"product","2":"type-product","3":"status-publish","4":"has-post-thumbnail","6":"product_cat-axlar","7":"product_cat-lador","8":"product_cat-presentkort","10":"first","11":"outofstock","12":"shipping-taxable","13":"purchasable","14":"product-type-simple"},"yoast_head":"<!-- This site is optimized with the Yoast SEO plugin v27.5 - https:\/\/yoast.com\/product\/yoast-seo-wordpress\/ -->\n<title>Yxa - presentf\u00f6rpackning! - AAKnives<\/title>\n<meta name=\"robots\" content=\"index, follow, max-snippet:-1, max-image-preview:large, max-video-preview:-1\" \/>\n<link rel=\"canonical\" href=\"https:\/\/aaknives.eu\/sv\/product\/yxa-presentforpackning\/\" \/>\n<meta property=\"og:locale\" content=\"sv_SE\" \/>\n<meta property=\"og:type\" content=\"article\" \/>\n<meta property=\"og:title\" content=\"Yxa - presentf\u00f6rpackning! - AAKnives\" \/>\n<meta property=\"og:description\" content=\"Yxa &#8211; presentf\u00f6rpackning! Material: Brinnande tr\u00e4 L\u00e4ngd (mm): 570 Bredd (mm): 270 H\u00f6jd (mm): 110 Yxan ing\u00e5r inte i satsen! Kniven \u00e4r en fantastisk och exklusiv g\u00e5va eftersom den \u00e4r permanent och f\u00f6rblir f\u00f6r evigt. Anv\u00e4ndaren kommer att minnas och t\u00e4nka p\u00e5 dig varje g\u00e5ng han plockar upp kniven! Kom bara ih\u00e5g &#8211; om du ger bort en kniv ber du om ett mynt i geng\u00e4ld, det \u00e4r viktigt! S\u00e5 man blir inte osams med en person. Det \u00e4r vad en gammal tro s\u00e4ger!\" \/>\n<meta property=\"og:url\" content=\"https:\/\/aaknives.eu\/sv\/product\/yxa-presentforpackning\/\" \/>\n<meta property=\"og:site_name\" content=\"AAKnives\" \/>\n<meta property=\"article:publisher\" content=\"https:\/\/www.facebook.com\/aaknives.eu\/\" \/>\n<meta property=\"article:modified_time\" content=\"2024-10-29T02:56:05+00:00\" \/>\n<meta property=\"og:image\" content=\"https:\/\/aaknives.eu\/wp-content\/uploads\/2024\/10\/aaknives-aaknife-forged-damascus-steel-blade-hand-forged-damascus-knife-handmade-custom-made-knife-handcrafted-knife-3-1-1-3.jpg\" \/>\n\t<meta property=\"og:image:width\" content=\"800\" \/>\n\t<meta property=\"og:image:height\" content=\"600\" \/>\n\t<meta property=\"og:image:type\" content=\"image\/jpeg\" \/>\n<meta name=\"twitter:card\" content=\"summary_large_image\" \/>\n<script type=\"application\/ld+json\" class=\"yoast-schema-graph\">{\"@context\":\"https:\\\/\\\/schema.org\",\"@graph\":[{\"@type\":\"WebPage\",\"@id\":\"https:\\\/\\\/aaknives.eu\\\/sv\\\/product\\\/yxa-presentforpackning\\\/\",\"url\":\"https:\\\/\\\/aaknives.eu\\\/sv\\\/product\\\/yxa-presentforpackning\\\/\",\"name\":\"Yxa - presentf\u00f6rpackning! - AAKnives\",\"isPartOf\":{\"@id\":\"https:\\\/\\\/aaknives.eu\\\/sv\\\/#website\"},\"primaryImageOfPage\":{\"@id\":\"https:\\\/\\\/aaknives.eu\\\/sv\\\/product\\\/yxa-presentforpackning\\\/#primaryimage\"},\"image\":{\"@id\":\"https:\\\/\\\/aaknives.eu\\\/sv\\\/product\\\/yxa-presentforpackning\\\/#primaryimage\"},\"thumbnailUrl\":\"https:\\\/\\\/aaknives.eu\\\/wp-content\\\/uploads\\\/2024\\\/10\\\/aaknives-aaknife-forged-damascus-steel-blade-hand-forged-damascus-knife-handmade-custom-made-knife-handcrafted-knife-3-1-1-3.jpg\",\"datePublished\":\"2024-10-29T01:53:10+00:00\",\"dateModified\":\"2024-10-29T02:56:05+00:00\",\"breadcrumb\":{\"@id\":\"https:\\\/\\\/aaknives.eu\\\/sv\\\/product\\\/yxa-presentforpackning\\\/#breadcrumb\"},\"inLanguage\":\"sv-SE\",\"potentialAction\":[{\"@type\":\"ReadAction\",\"target\":[\"https:\\\/\\\/aaknives.eu\\\/sv\\\/product\\\/yxa-presentforpackning\\\/\"]}]},{\"@type\":\"ImageObject\",\"inLanguage\":\"sv-SE\",\"@id\":\"https:\\\/\\\/aaknives.eu\\\/sv\\\/product\\\/yxa-presentforpackning\\\/#primaryimage\",\"url\":\"https:\\\/\\\/aaknives.eu\\\/wp-content\\\/uploads\\\/2024\\\/10\\\/aaknives-aaknife-forged-damascus-steel-blade-hand-forged-damascus-knife-handmade-custom-made-knife-handcrafted-knife-3-1-1-3.jpg\",\"contentUrl\":\"https:\\\/\\\/aaknives.eu\\\/wp-content\\\/uploads\\\/2024\\\/10\\\/aaknives-aaknife-forged-damascus-steel-blade-hand-forged-damascus-knife-handmade-custom-made-knife-handcrafted-knife-3-1-1-3.jpg\",\"width\":800,\"height\":600},{\"@type\":\"BreadcrumbList\",\"@id\":\"https:\\\/\\\/aaknives.eu\\\/sv\\\/product\\\/yxa-presentforpackning\\\/#breadcrumb\",\"itemListElement\":[{\"@type\":\"ListItem\",\"position\":1,\"name\":\"Home\",\"item\":\"https:\\\/\\\/aaknives.eu\\\/sv\\\/\"},{\"@type\":\"ListItem\",\"position\":2,\"name\":\"Butik\",\"item\":\"https:\\\/\\\/aaknives.eu\\\/butik\\\/\"},{\"@type\":\"ListItem\",\"position\":3,\"name\":\"Yxa &#8211; presentf\u00f6rpackning!\"}]},{\"@type\":\"WebSite\",\"@id\":\"https:\\\/\\\/aaknives.eu\\\/sv\\\/#website\",\"url\":\"https:\\\/\\\/aaknives.eu\\\/sv\\\/\",\"name\":\"AAKnives\",\"description\":\"Handmade knives\",\"publisher\":{\"@id\":\"https:\\\/\\\/aaknives.eu\\\/sv\\\/#organization\"},\"potentialAction\":[{\"@type\":\"SearchAction\",\"target\":{\"@type\":\"EntryPoint\",\"urlTemplate\":\"https:\\\/\\\/aaknives.eu\\\/sv\\\/?s={search_term_string}\"},\"query-input\":{\"@type\":\"PropertyValueSpecification\",\"valueRequired\":true,\"valueName\":\"search_term_string\"}}],\"inLanguage\":\"sv-SE\"},{\"@type\":\"Organization\",\"@id\":\"https:\\\/\\\/aaknives.eu\\\/sv\\\/#organization\",\"name\":\"AAKnives\",\"url\":\"https:\\\/\\\/aaknives.eu\\\/sv\\\/\",\"logo\":{\"@type\":\"ImageObject\",\"inLanguage\":\"sv-SE\",\"@id\":\"https:\\\/\\\/aaknives.eu\\\/sv\\\/#\\\/schema\\\/logo\\\/image\\\/\",\"url\":\"https:\\\/\\\/aaknives.eu\\\/wp-content\\\/uploads\\\/2021\\\/10\\\/AAknives_Logo_Green.png\",\"contentUrl\":\"https:\\\/\\\/aaknives.eu\\\/wp-content\\\/uploads\\\/2021\\\/10\\\/AAknives_Logo_Green.png\",\"width\":1768,\"height\":1768,\"caption\":\"AAKnives\"},\"image\":{\"@id\":\"https:\\\/\\\/aaknives.eu\\\/sv\\\/#\\\/schema\\\/logo\\\/image\\\/\"},\"sameAs\":[\"https:\\\/\\\/www.facebook.com\\\/aaknives.eu\\\/\",\"https:\\\/\\\/www.instagram.com\\\/aaknives\\\/\",\"https:\\\/\\\/www.pinterest.com\\\/aa_knives\\\/\",\"https:\\\/\\\/www.youtube.com\\\/channel\\\/UCHOQFjrOkgT6s4FIw9LDKyw\\\/featured\"]}]}<\/script>\n<!-- \/ Yoast SEO plugin. -->","yoast_head_json":{"title":"Yxa - presentf\u00f6rpackning! - AAKnives","robots":{"index":"index","follow":"follow","max-snippet":"max-snippet:-1","max-image-preview":"max-image-preview:large","max-video-preview":"max-video-preview:-1"},"canonical":"https:\/\/aaknives.eu\/sv\/product\/yxa-presentforpackning\/","og_locale":"sv_SE","og_type":"article","og_title":"Yxa - presentf\u00f6rpackning! - AAKnives","og_description":"Yxa &#8211; presentf\u00f6rpackning! Material: Brinnande tr\u00e4 L\u00e4ngd (mm): 570 Bredd (mm): 270 H\u00f6jd (mm): 110 Yxan ing\u00e5r inte i satsen! Kniven \u00e4r en fantastisk och exklusiv g\u00e5va eftersom den \u00e4r permanent och f\u00f6rblir f\u00f6r evigt. Anv\u00e4ndaren kommer att minnas och t\u00e4nka p\u00e5 dig varje g\u00e5ng han plockar upp kniven! Kom bara ih\u00e5g &#8211; om du ger bort en kniv ber du om ett mynt i geng\u00e4ld, det \u00e4r viktigt! S\u00e5 man blir inte osams med en person. Det \u00e4r vad en gammal tro s\u00e4ger!","og_url":"https:\/\/aaknives.eu\/sv\/product\/yxa-presentforpackning\/","og_site_name":"AAKnives","article_publisher":"https:\/\/www.facebook.com\/aaknives.eu\/","article_modified_time":"2024-10-29T02:56:05+00:00","og_image":[{"width":800,"height":600,"url":"https:\/\/aaknives.eu\/wp-content\/uploads\/2024\/10\/aaknives-aaknife-forged-damascus-steel-blade-hand-forged-damascus-knife-handmade-custom-made-knife-handcrafted-knife-3-1-1-3.jpg","type":"image\/jpeg"}],"twitter_card":"summary_large_image","schema":{"@context":"https:\/\/schema.org","@graph":[{"@type":"WebPage","@id":"https:\/\/aaknives.eu\/sv\/product\/yxa-presentforpackning\/","url":"https:\/\/aaknives.eu\/sv\/product\/yxa-presentforpackning\/","name":"Yxa - presentf\u00f6rpackning! - AAKnives","isPartOf":{"@id":"https:\/\/aaknives.eu\/sv\/#website"},"primaryImageOfPage":{"@id":"https:\/\/aaknives.eu\/sv\/product\/yxa-presentforpackning\/#primaryimage"},"image":{"@id":"https:\/\/aaknives.eu\/sv\/product\/yxa-presentforpackning\/#primaryimage"},"thumbnailUrl":"https:\/\/aaknives.eu\/wp-content\/uploads\/2024\/10\/aaknives-aaknife-forged-damascus-steel-blade-hand-forged-damascus-knife-handmade-custom-made-knife-handcrafted-knife-3-1-1-3.jpg","datePublished":"2024-10-29T01:53:10+00:00","dateModified":"2024-10-29T02:56:05+00:00","breadcrumb":{"@id":"https:\/\/aaknives.eu\/sv\/product\/yxa-presentforpackning\/#breadcrumb"},"inLanguage":"sv-SE","potentialAction":[{"@type":"ReadAction","target":["https:\/\/aaknives.eu\/sv\/product\/yxa-presentforpackning\/"]}]},{"@type":"ImageObject","inLanguage":"sv-SE","@id":"https:\/\/aaknives.eu\/sv\/product\/yxa-presentforpackning\/#primaryimage","url":"https:\/\/aaknives.eu\/wp-content\/uploads\/2024\/10\/aaknives-aaknife-forged-damascus-steel-blade-hand-forged-damascus-knife-handmade-custom-made-knife-handcrafted-knife-3-1-1-3.jpg","contentUrl":"https:\/\/aaknives.eu\/wp-content\/uploads\/2024\/10\/aaknives-aaknife-forged-damascus-steel-blade-hand-forged-damascus-knife-handmade-custom-made-knife-handcrafted-knife-3-1-1-3.jpg","width":800,"height":600},{"@type":"BreadcrumbList","@id":"https:\/\/aaknives.eu\/sv\/product\/yxa-presentforpackning\/#breadcrumb","itemListElement":[{"@type":"ListItem","position":1,"name":"Home","item":"https:\/\/aaknives.eu\/sv\/"},{"@type":"ListItem","position":2,"name":"Butik","item":"https:\/\/aaknives.eu\/butik\/"},{"@type":"ListItem","position":3,"name":"Yxa &#8211; presentf\u00f6rpackning!"}]},{"@type":"WebSite","@id":"https:\/\/aaknives.eu\/sv\/#website","url":"https:\/\/aaknives.eu\/sv\/","name":"AAKnives","description":"Handmade knives","publisher":{"@id":"https:\/\/aaknives.eu\/sv\/#organization"},"potentialAction":[{"@type":"SearchAction","target":{"@type":"EntryPoint","urlTemplate":"https:\/\/aaknives.eu\/sv\/?s={search_term_string}"},"query-input":{"@type":"PropertyValueSpecification","valueRequired":true,"valueName":"search_term_string"}}],"inLanguage":"sv-SE"},{"@type":"Organization","@id":"https:\/\/aaknives.eu\/sv\/#organization","name":"AAKnives","url":"https:\/\/aaknives.eu\/sv\/","logo":{"@type":"ImageObject","inLanguage":"sv-SE","@id":"https:\/\/aaknives.eu\/sv\/#\/schema\/logo\/image\/","url":"https:\/\/aaknives.eu\/wp-content\/uploads\/2021\/10\/AAknives_Logo_Green.png","contentUrl":"https:\/\/aaknives.eu\/wp-content\/uploads\/2021\/10\/AAknives_Logo_Green.png","width":1768,"height":1768,"caption":"AAKnives"},"image":{"@id":"https:\/\/aaknives.eu\/sv\/#\/schema\/logo\/image\/"},"sameAs":["https:\/\/www.facebook.com\/aaknives.eu\/","https:\/\/www.instagram.com\/aaknives\/","https:\/\/www.pinterest.com\/aa_knives\/","https:\/\/www.youtube.com\/channel\/UCHOQFjrOkgT6s4FIw9LDKyw\/featured"]}]}},"_links":{"self":[{"href":"https:\/\/aaknives.eu\/sv\/wp-json\/wp\/v2\/product\/90206","targetHints":{"allow":["GET"]}}],"collection":[{"href":"https:\/\/aaknives.eu\/sv\/wp-json\/wp\/v2\/product"}],"about":[{"href":"https:\/\/aaknives.eu\/sv\/wp-json\/wp\/v2\/types\/product"}],"wp:featuredmedia":[{"embeddable":true,"href":"https:\/\/aaknives.eu\/sv\/wp-json\/wp\/v2\/media\/84778"}],"wp:attachment":[{"href":"https:\/\/aaknives.eu\/sv\/wp-json\/wp\/v2\/media?parent=90206"}],"wp:term":[{"taxonomy":"product_brand","embeddable":true,"href":"https:\/\/aaknives.eu\/sv\/wp-json\/wp\/v2\/product_brand?post=90206"},{"taxonomy":"product_cat","embeddable":true,"href":"https:\/\/aaknives.eu\/sv\/wp-json\/wp\/v2\/product_cat?post=90206"},{"taxonomy":"product_tag","embeddable":true,"href":"https:\/\/aaknives.eu\/sv\/wp-json\/wp\/v2\/product_tag?post=90206"}],"curies":[{"name":"wp","href":"https:\/\/api.w.org\/{rel}","templated":true}]}}