{"id":90208,"date":"2024-10-29T01:51:55","date_gmt":"2024-10-29T01:51:55","guid":{"rendered":"https:\/\/aaknives.eu\/?post_type=product&#038;p=90208"},"modified":"2025-02-26T11:25:20","modified_gmt":"2025-02-26T11:25:20","slug":"kniv-mini-yakut-handgjord-kniv-smidd-bladkniv-i-bulat-wootz-stal-for-hoger-hand","status":"publish","type":"product","link":"https:\/\/aaknives.eu\/sv\/product\/kniv-mini-yakut-handgjord-kniv-smidd-bladkniv-i-bulat-wootz-stal-for-hoger-hand\/","title":{"rendered":"Kniv &#8220;SKINNER&#8221; &#8211; handgjord kniv, smidd Bulat-Wootz st\u00e5lbladskniv, f\u00f6r h\u00f6ger hand"},"content":{"rendered":"<p>Knivspecifikationer: SKINNER<br \/>\nSt\u00e5l: handsmidet Bulat st\u00e5l<br \/>\nH\u00e5rdhet: 62 HRC<br \/>\nBladl\u00e4ngd (mm): 110 \/ 4,33 tum<br \/>\nBladtjocklek (mm): 3,5 \/ 0,13 tum<br \/>\nBladbredd (mm): 35 \/ 1,37 tum<br \/>\nHandtag: afrikanskt wengetr\u00e4 + bj\u00f6rkbark<br \/>\nTotal l\u00e4ngd (mm): 235 \/ 9,25 tum<\/p>\n<p>Bulat \u2013 Wootz Steel<br \/>\nGjuten handsmidet kolst\u00e5l<br \/>\nmed en speciell bladstruktur, h\u00f6g h\u00e5rdhet, \u00f6kad h\u00e5llbarhet och elasticitet.<br \/>\nVarje blad av Bulat-st\u00e5l har ett distinkt individuellt m\u00f6nster.<br \/>\n&#8221;AA-knivar&#8221; producerar knivar gjorda av legerat degel Bulat-st\u00e5l baserat p\u00e5 metall H12MF och ShH15.<\/p>\n<p>F\u00f6rdelarna med knivar av Bulat-st\u00e5l:<\/p>\n<p>H\u00f6g h\u00e5rdhet<br \/>\n\u00d6kad h\u00e5llbarhet<br \/>\nElasticitet<br \/>\nL\u00e5ngvarig sk\u00e4rpa<br \/>\nBladets h\u00e5rdhet 62-64 HRC.<br \/>\nHandgjorda<\/p>\n","protected":false},"excerpt":{"rendered":"<p>Knivspecifikationer: SKINNER St\u00e5l: handsmidet Bulat st\u00e5l H\u00e5rdhet: 62 HRC Bladl\u00e4ngd (mm): 110 \/ 4,33 tum Bladtjocklek (mm): 3,5 \/ 0,13 tum Bladbredd (mm): 35 \/ 1,37 tum Handtag: afrikanskt wengetr\u00e4 + bj\u00f6rkbark Total l\u00e4ngd (mm): 235 \/ 9,25 tum Bulat \u2013 Wootz Steel Gjuten handsmidet kolst\u00e5l med en speciell bladstruktur, h\u00f6g h\u00e5rdhet, \u00f6kad h\u00e5llbarhet och elasticitet. Varje blad av Bulat-st\u00e5l har ett distinkt individuellt m\u00f6nster. &#8221;AA-knivar&#8221; producerar knivar gjorda av legerat degel Bulat-st\u00e5l baserat p\u00e5 metall H12MF och ShH15. F\u00f6rdelarna med knivar av Bulat-st\u00e5l: H\u00f6g h\u00e5rdhet \u00d6kad h\u00e5llbarhet Elasticitet L\u00e5ngvarig sk\u00e4rpa Bladets h\u00e5rdhet 62-64 HRC. Handgjorda<\/p>\n","protected":false},"featured_media":96979,"template":"","meta":{"_themeisle_gutenberg_block_has_review":false},"product_brand":[],"product_cat":[422,414,413],"product_tag":[],"class_list":{"0":"post-90208","1":"product","2":"type-product","3":"status-publish","4":"has-post-thumbnail","6":"product_cat-fiskeknivar","7":"product_cat-jaktknivar","8":"product_cat-knivar-for-utomhusbruk","10":"first","11":"instock","12":"shipping-taxable","13":"purchasable","14":"product-type-simple"},"yoast_head":"<!-- This site is optimized with the Yoast SEO plugin v27.3 - https:\/\/yoast.com\/product\/yoast-seo-wordpress\/ -->\n<title>Kniv &quot;SKINNER&quot; - handgjord kniv, smidd Bulat-Wootz st\u00e5lbladskniv, f\u00f6r h\u00f6ger hand - AAKnives<\/title>\n<meta name=\"description\" content=\"Kniv &quot;SKINNER&quot; - handgjord kniv, smidd Bulat-Wootz st\u00e5lbladskniv, f\u00f6r h\u00f6ger hand\" \/>\n<meta name=\"robots\" content=\"index, follow, max-snippet:-1, max-image-preview:large, max-video-preview:-1\" \/>\n<link rel=\"canonical\" href=\"https:\/\/aaknives.eu\/sv\/product\/kniv-mini-yakut-handgjord-kniv-smidd-bladkniv-i-bulat-wootz-stal-for-hoger-hand\/\" \/>\n<meta property=\"og:locale\" content=\"sv_SE\" \/>\n<meta property=\"og:type\" content=\"article\" \/>\n<meta property=\"og:title\" content=\"Kniv &quot;SKINNER&quot; - handgjord kniv, smidd Bulat-Wootz st\u00e5lbladskniv, f\u00f6r h\u00f6ger hand - AAKnives\" \/>\n<meta property=\"og:description\" content=\"Kniv &quot;SKINNER&quot; - handgjord kniv, smidd Bulat-Wootz st\u00e5lbladskniv, f\u00f6r h\u00f6ger hand\" \/>\n<meta property=\"og:url\" content=\"https:\/\/aaknives.eu\/sv\/product\/kniv-mini-yakut-handgjord-kniv-smidd-bladkniv-i-bulat-wootz-stal-for-hoger-hand\/\" \/>\n<meta property=\"og:site_name\" content=\"AAKnives\" \/>\n<meta property=\"article:publisher\" content=\"https:\/\/www.facebook.com\/aaknives.eu\/\" \/>\n<meta property=\"article:modified_time\" content=\"2025-02-26T11:25:20+00:00\" \/>\n<meta property=\"og:image\" content=\"https:\/\/aaknives.eu\/wp-content\/uploads\/2024\/10\/aaknives-hand-forged-damascus-steel-blade-knife-handmade-custom-made-knife-handcrafted-knives-autinetools-northmen-24.2.jpg\" \/>\n\t<meta property=\"og:image:width\" content=\"1020\" \/>\n\t<meta property=\"og:image:height\" content=\"880\" \/>\n\t<meta property=\"og:image:type\" content=\"image\/jpeg\" \/>\n<meta name=\"twitter:card\" content=\"summary_large_image\" \/>\n<meta name=\"twitter:label1\" content=\"Ber\u00e4knad l\u00e4stid\" \/>\n\t<meta name=\"twitter:data1\" content=\"1 minut\" \/>\n<script type=\"application\/ld+json\" class=\"yoast-schema-graph\">{\"@context\":\"https:\\\/\\\/schema.org\",\"@graph\":[{\"@type\":\"WebPage\",\"@id\":\"https:\\\/\\\/aaknives.eu\\\/sv\\\/product\\\/kniv-mini-yakut-handgjord-kniv-smidd-bladkniv-i-bulat-wootz-stal-for-hoger-hand\\\/\",\"url\":\"https:\\\/\\\/aaknives.eu\\\/sv\\\/product\\\/kniv-mini-yakut-handgjord-kniv-smidd-bladkniv-i-bulat-wootz-stal-for-hoger-hand\\\/\",\"name\":\"Kniv \\\"SKINNER\\\" - handgjord kniv, smidd Bulat-Wootz st\u00e5lbladskniv, f\u00f6r h\u00f6ger hand - AAKnives\",\"isPartOf\":{\"@id\":\"https:\\\/\\\/aaknives.eu\\\/sv\\\/#website\"},\"primaryImageOfPage\":{\"@id\":\"https:\\\/\\\/aaknives.eu\\\/sv\\\/product\\\/kniv-mini-yakut-handgjord-kniv-smidd-bladkniv-i-bulat-wootz-stal-for-hoger-hand\\\/#primaryimage\"},\"image\":{\"@id\":\"https:\\\/\\\/aaknives.eu\\\/sv\\\/product\\\/kniv-mini-yakut-handgjord-kniv-smidd-bladkniv-i-bulat-wootz-stal-for-hoger-hand\\\/#primaryimage\"},\"thumbnailUrl\":\"https:\\\/\\\/aaknives.eu\\\/wp-content\\\/uploads\\\/2024\\\/10\\\/aaknives-hand-forged-damascus-steel-blade-knife-handmade-custom-made-knife-handcrafted-knives-autinetools-northmen-24.2.jpg\",\"datePublished\":\"2024-10-29T01:51:55+00:00\",\"dateModified\":\"2025-02-26T11:25:20+00:00\",\"description\":\"Kniv \\\"SKINNER\\\" - handgjord kniv, smidd Bulat-Wootz st\u00e5lbladskniv, f\u00f6r h\u00f6ger hand\",\"breadcrumb\":{\"@id\":\"https:\\\/\\\/aaknives.eu\\\/sv\\\/product\\\/kniv-mini-yakut-handgjord-kniv-smidd-bladkniv-i-bulat-wootz-stal-for-hoger-hand\\\/#breadcrumb\"},\"inLanguage\":\"sv-SE\",\"potentialAction\":[{\"@type\":\"ReadAction\",\"target\":[\"https:\\\/\\\/aaknives.eu\\\/sv\\\/product\\\/kniv-mini-yakut-handgjord-kniv-smidd-bladkniv-i-bulat-wootz-stal-for-hoger-hand\\\/\"]}]},{\"@type\":\"ImageObject\",\"inLanguage\":\"sv-SE\",\"@id\":\"https:\\\/\\\/aaknives.eu\\\/sv\\\/product\\\/kniv-mini-yakut-handgjord-kniv-smidd-bladkniv-i-bulat-wootz-stal-for-hoger-hand\\\/#primaryimage\",\"url\":\"https:\\\/\\\/aaknives.eu\\\/wp-content\\\/uploads\\\/2024\\\/10\\\/aaknives-hand-forged-damascus-steel-blade-knife-handmade-custom-made-knife-handcrafted-knives-autinetools-northmen-24.2.jpg\",\"contentUrl\":\"https:\\\/\\\/aaknives.eu\\\/wp-content\\\/uploads\\\/2024\\\/10\\\/aaknives-hand-forged-damascus-steel-blade-knife-handmade-custom-made-knife-handcrafted-knives-autinetools-northmen-24.2.jpg\",\"width\":1020,\"height\":880},{\"@type\":\"BreadcrumbList\",\"@id\":\"https:\\\/\\\/aaknives.eu\\\/sv\\\/product\\\/kniv-mini-yakut-handgjord-kniv-smidd-bladkniv-i-bulat-wootz-stal-for-hoger-hand\\\/#breadcrumb\",\"itemListElement\":[{\"@type\":\"ListItem\",\"position\":1,\"name\":\"Home\",\"item\":\"https:\\\/\\\/aaknives.eu\\\/sv\\\/\"},{\"@type\":\"ListItem\",\"position\":2,\"name\":\"Butik\",\"item\":\"https:\\\/\\\/aaknives.eu\\\/butik\\\/\"},{\"@type\":\"ListItem\",\"position\":3,\"name\":\"Kniv &#8220;SKINNER&#8221; &#8211; handgjord kniv, smidd Bulat-Wootz st\u00e5lbladskniv, f\u00f6r h\u00f6ger hand\"}]},{\"@type\":\"WebSite\",\"@id\":\"https:\\\/\\\/aaknives.eu\\\/sv\\\/#website\",\"url\":\"https:\\\/\\\/aaknives.eu\\\/sv\\\/\",\"name\":\"AAKnives\",\"description\":\"Handmade knives\",\"publisher\":{\"@id\":\"https:\\\/\\\/aaknives.eu\\\/sv\\\/#organization\"},\"potentialAction\":[{\"@type\":\"SearchAction\",\"target\":{\"@type\":\"EntryPoint\",\"urlTemplate\":\"https:\\\/\\\/aaknives.eu\\\/sv\\\/?s={search_term_string}\"},\"query-input\":{\"@type\":\"PropertyValueSpecification\",\"valueRequired\":true,\"valueName\":\"search_term_string\"}}],\"inLanguage\":\"sv-SE\"},{\"@type\":\"Organization\",\"@id\":\"https:\\\/\\\/aaknives.eu\\\/sv\\\/#organization\",\"name\":\"AAKnives\",\"url\":\"https:\\\/\\\/aaknives.eu\\\/sv\\\/\",\"logo\":{\"@type\":\"ImageObject\",\"inLanguage\":\"sv-SE\",\"@id\":\"https:\\\/\\\/aaknives.eu\\\/sv\\\/#\\\/schema\\\/logo\\\/image\\\/\",\"url\":\"https:\\\/\\\/aaknives.eu\\\/wp-content\\\/uploads\\\/2021\\\/10\\\/AAknives_Logo_Green.png\",\"contentUrl\":\"https:\\\/\\\/aaknives.eu\\\/wp-content\\\/uploads\\\/2021\\\/10\\\/AAknives_Logo_Green.png\",\"width\":1768,\"height\":1768,\"caption\":\"AAKnives\"},\"image\":{\"@id\":\"https:\\\/\\\/aaknives.eu\\\/sv\\\/#\\\/schema\\\/logo\\\/image\\\/\"},\"sameAs\":[\"https:\\\/\\\/www.facebook.com\\\/aaknives.eu\\\/\",\"https:\\\/\\\/www.instagram.com\\\/aaknives\\\/\",\"https:\\\/\\\/www.pinterest.com\\\/aa_knives\\\/\",\"https:\\\/\\\/www.youtube.com\\\/channel\\\/UCHOQFjrOkgT6s4FIw9LDKyw\\\/featured\"]}]}<\/script>\n<!-- \/ Yoast SEO plugin. -->","yoast_head_json":{"title":"Kniv \"SKINNER\" - handgjord kniv, smidd Bulat-Wootz st\u00e5lbladskniv, f\u00f6r h\u00f6ger hand - AAKnives","description":"Kniv \"SKINNER\" - handgjord kniv, smidd Bulat-Wootz st\u00e5lbladskniv, f\u00f6r h\u00f6ger hand","robots":{"index":"index","follow":"follow","max-snippet":"max-snippet:-1","max-image-preview":"max-image-preview:large","max-video-preview":"max-video-preview:-1"},"canonical":"https:\/\/aaknives.eu\/sv\/product\/kniv-mini-yakut-handgjord-kniv-smidd-bladkniv-i-bulat-wootz-stal-for-hoger-hand\/","og_locale":"sv_SE","og_type":"article","og_title":"Kniv \"SKINNER\" - handgjord kniv, smidd Bulat-Wootz st\u00e5lbladskniv, f\u00f6r h\u00f6ger hand - AAKnives","og_description":"Kniv \"SKINNER\" - handgjord kniv, smidd Bulat-Wootz st\u00e5lbladskniv, f\u00f6r h\u00f6ger hand","og_url":"https:\/\/aaknives.eu\/sv\/product\/kniv-mini-yakut-handgjord-kniv-smidd-bladkniv-i-bulat-wootz-stal-for-hoger-hand\/","og_site_name":"AAKnives","article_publisher":"https:\/\/www.facebook.com\/aaknives.eu\/","article_modified_time":"2025-02-26T11:25:20+00:00","og_image":[{"width":1020,"height":880,"url":"https:\/\/aaknives.eu\/wp-content\/uploads\/2024\/10\/aaknives-hand-forged-damascus-steel-blade-knife-handmade-custom-made-knife-handcrafted-knives-autinetools-northmen-24.2.jpg","type":"image\/jpeg"}],"twitter_card":"summary_large_image","twitter_misc":{"Ber\u00e4knad l\u00e4stid":"1 minut"},"schema":{"@context":"https:\/\/schema.org","@graph":[{"@type":"WebPage","@id":"https:\/\/aaknives.eu\/sv\/product\/kniv-mini-yakut-handgjord-kniv-smidd-bladkniv-i-bulat-wootz-stal-for-hoger-hand\/","url":"https:\/\/aaknives.eu\/sv\/product\/kniv-mini-yakut-handgjord-kniv-smidd-bladkniv-i-bulat-wootz-stal-for-hoger-hand\/","name":"Kniv \"SKINNER\" - handgjord kniv, smidd Bulat-Wootz st\u00e5lbladskniv, f\u00f6r h\u00f6ger hand - AAKnives","isPartOf":{"@id":"https:\/\/aaknives.eu\/sv\/#website"},"primaryImageOfPage":{"@id":"https:\/\/aaknives.eu\/sv\/product\/kniv-mini-yakut-handgjord-kniv-smidd-bladkniv-i-bulat-wootz-stal-for-hoger-hand\/#primaryimage"},"image":{"@id":"https:\/\/aaknives.eu\/sv\/product\/kniv-mini-yakut-handgjord-kniv-smidd-bladkniv-i-bulat-wootz-stal-for-hoger-hand\/#primaryimage"},"thumbnailUrl":"https:\/\/aaknives.eu\/wp-content\/uploads\/2024\/10\/aaknives-hand-forged-damascus-steel-blade-knife-handmade-custom-made-knife-handcrafted-knives-autinetools-northmen-24.2.jpg","datePublished":"2024-10-29T01:51:55+00:00","dateModified":"2025-02-26T11:25:20+00:00","description":"Kniv \"SKINNER\" - handgjord kniv, smidd Bulat-Wootz st\u00e5lbladskniv, f\u00f6r h\u00f6ger hand","breadcrumb":{"@id":"https:\/\/aaknives.eu\/sv\/product\/kniv-mini-yakut-handgjord-kniv-smidd-bladkniv-i-bulat-wootz-stal-for-hoger-hand\/#breadcrumb"},"inLanguage":"sv-SE","potentialAction":[{"@type":"ReadAction","target":["https:\/\/aaknives.eu\/sv\/product\/kniv-mini-yakut-handgjord-kniv-smidd-bladkniv-i-bulat-wootz-stal-for-hoger-hand\/"]}]},{"@type":"ImageObject","inLanguage":"sv-SE","@id":"https:\/\/aaknives.eu\/sv\/product\/kniv-mini-yakut-handgjord-kniv-smidd-bladkniv-i-bulat-wootz-stal-for-hoger-hand\/#primaryimage","url":"https:\/\/aaknives.eu\/wp-content\/uploads\/2024\/10\/aaknives-hand-forged-damascus-steel-blade-knife-handmade-custom-made-knife-handcrafted-knives-autinetools-northmen-24.2.jpg","contentUrl":"https:\/\/aaknives.eu\/wp-content\/uploads\/2024\/10\/aaknives-hand-forged-damascus-steel-blade-knife-handmade-custom-made-knife-handcrafted-knives-autinetools-northmen-24.2.jpg","width":1020,"height":880},{"@type":"BreadcrumbList","@id":"https:\/\/aaknives.eu\/sv\/product\/kniv-mini-yakut-handgjord-kniv-smidd-bladkniv-i-bulat-wootz-stal-for-hoger-hand\/#breadcrumb","itemListElement":[{"@type":"ListItem","position":1,"name":"Home","item":"https:\/\/aaknives.eu\/sv\/"},{"@type":"ListItem","position":2,"name":"Butik","item":"https:\/\/aaknives.eu\/butik\/"},{"@type":"ListItem","position":3,"name":"Kniv &#8220;SKINNER&#8221; &#8211; handgjord kniv, smidd Bulat-Wootz st\u00e5lbladskniv, f\u00f6r h\u00f6ger hand"}]},{"@type":"WebSite","@id":"https:\/\/aaknives.eu\/sv\/#website","url":"https:\/\/aaknives.eu\/sv\/","name":"AAKnives","description":"Handmade knives","publisher":{"@id":"https:\/\/aaknives.eu\/sv\/#organization"},"potentialAction":[{"@type":"SearchAction","target":{"@type":"EntryPoint","urlTemplate":"https:\/\/aaknives.eu\/sv\/?s={search_term_string}"},"query-input":{"@type":"PropertyValueSpecification","valueRequired":true,"valueName":"search_term_string"}}],"inLanguage":"sv-SE"},{"@type":"Organization","@id":"https:\/\/aaknives.eu\/sv\/#organization","name":"AAKnives","url":"https:\/\/aaknives.eu\/sv\/","logo":{"@type":"ImageObject","inLanguage":"sv-SE","@id":"https:\/\/aaknives.eu\/sv\/#\/schema\/logo\/image\/","url":"https:\/\/aaknives.eu\/wp-content\/uploads\/2021\/10\/AAknives_Logo_Green.png","contentUrl":"https:\/\/aaknives.eu\/wp-content\/uploads\/2021\/10\/AAknives_Logo_Green.png","width":1768,"height":1768,"caption":"AAKnives"},"image":{"@id":"https:\/\/aaknives.eu\/sv\/#\/schema\/logo\/image\/"},"sameAs":["https:\/\/www.facebook.com\/aaknives.eu\/","https:\/\/www.instagram.com\/aaknives\/","https:\/\/www.pinterest.com\/aa_knives\/","https:\/\/www.youtube.com\/channel\/UCHOQFjrOkgT6s4FIw9LDKyw\/featured"]}]}},"_links":{"self":[{"href":"https:\/\/aaknives.eu\/sv\/wp-json\/wp\/v2\/product\/90208","targetHints":{"allow":["GET"]}}],"collection":[{"href":"https:\/\/aaknives.eu\/sv\/wp-json\/wp\/v2\/product"}],"about":[{"href":"https:\/\/aaknives.eu\/sv\/wp-json\/wp\/v2\/types\/product"}],"wp:featuredmedia":[{"embeddable":true,"href":"https:\/\/aaknives.eu\/sv\/wp-json\/wp\/v2\/media\/96979"}],"wp:attachment":[{"href":"https:\/\/aaknives.eu\/sv\/wp-json\/wp\/v2\/media?parent=90208"}],"wp:term":[{"taxonomy":"product_brand","embeddable":true,"href":"https:\/\/aaknives.eu\/sv\/wp-json\/wp\/v2\/product_brand?post=90208"},{"taxonomy":"product_cat","embeddable":true,"href":"https:\/\/aaknives.eu\/sv\/wp-json\/wp\/v2\/product_cat?post=90208"},{"taxonomy":"product_tag","embeddable":true,"href":"https:\/\/aaknives.eu\/sv\/wp-json\/wp\/v2\/product_tag?post=90208"}],"curies":[{"name":"wp","href":"https:\/\/api.w.org\/{rel}","templated":true}]}}