{"id":90215,"date":"2024-10-29T01:52:20","date_gmt":"2024-10-29T01:52:20","guid":{"rendered":"https:\/\/aaknives.eu\/?post_type=product&#038;p=90215"},"modified":"2026-04-28T16:27:44","modified_gmt":"2026-04-28T16:27:44","slug":"kniv-rambo-tillverkad-av-smidd-rostfritt-stal-i-god-kvalitet","status":"publish","type":"product","link":"https:\/\/aaknives.eu\/sv\/product\/kniv-rambo-tillverkad-av-smidd-rostfritt-stal-i-god-kvalitet\/","title":{"rendered":"Kniv &#8221;RAMBO&#8221; tillverkad av smidd rostfritt st\u00e5l i god kvalitet"},"content":{"rendered":"<p>Knivspecifikationer: \u201dRAMBO\u201d<br \/>\nSt\u00e5l: smidd rostfritt st\u00e5l Sandvik 12C27<br \/>\nH\u00e5rdhet: 56-58 HRC.<br \/>\nBladl\u00e4ngd (mm): 257 \/ 10,11 tum<br \/>\nBladtjocklek (mm): 4 \/ 0,15 tum<br \/>\nBladbredd (mm): 52 \/ 2,04 tum<br \/>\nHandtag: Afrikanskt wengetr\u00e4<br \/>\nTotal l\u00e4ngd (mm): 386 \/ 15,19 tum<br \/>\nKnivtyp: jakt, friluftsliv<br \/>\nF\u00f6rpackning: kniv, l\u00e4derslida<\/p>\n<p>12C27-st\u00e5l \u00e4r en del av Sandvik-familjen. Det \u00e4r ett l\u00e5gprisst\u00e5l med h\u00f6g kromhalt som \u00e4r omtyckt inom knivindustrin eftersom det ger enast\u00e5ende slitstyrka, korrosionsbest\u00e4ndighet och h\u00f6g h\u00e5rdhet, viktiga egenskaper som skapar det ideala knivst\u00e5let.<\/p>\n<p>Dessutom blir 12C27-st\u00e5l sk\u00e4rpa relativt snabbt, till skillnad fr\u00e5n andra h\u00f6gkromst\u00e5l som tar l\u00e5ng tid att slipa p\u00e5 grund av de h\u00e5rda kromkarbiderna. Sandvik 12C27-st\u00e5l anv\u00e4nds ofta vid tillverkning av jaktknivar, fickknivar, fiskeknivar, campingknivar, taktiska knivar, skridskoklingor och isborrar.<\/p>\n<p>P\u00e5 grund av sitt h\u00f6ga krominneh\u00e5ll motst\u00e5r 12C27-st\u00e5l korrosion och rost. Dessutom, eftersom det \u00e4r tillverkat av rostfritt st\u00e5l, \u00e4r det fl\u00e4ckbest\u00e4ndigt.<\/p>\n<p>Du kan dock inte f\u00f6rv\u00e4nta dig att denna st\u00e5ltillverkade kniv ska f\u00f6rbli rostfri i vatten i flera dagar. Om du vill att bladen p\u00e5 detta st\u00e5l ska \u00f6verleva i \u00e5rtionden m\u00e5ste du torka och olja dem efter varje anv\u00e4ndning eller om du planerar att f\u00f6rvara dem under en l\u00e4ngre period.<\/p>\n","protected":false},"excerpt":{"rendered":"<p>Knivspecifikationer: \u201dRAMBO\u201d St\u00e5l: smidd rostfritt st\u00e5l Sandvik 12C27 H\u00e5rdhet: 56-58 HRC. Bladl\u00e4ngd (mm): 257 \/ 10,11 tum Bladtjocklek (mm): 4 \/ 0,15 tum Bladbredd (mm): 52 \/ 2,04 tum Handtag: Afrikanskt wengetr\u00e4 Total l\u00e4ngd (mm): 386 \/ 15,19 tum Knivtyp: jakt, friluftsliv F\u00f6rpackning: kniv, l\u00e4derslida 12C27-st\u00e5l \u00e4r en del av Sandvik-familjen. Det \u00e4r ett l\u00e5gprisst\u00e5l med h\u00f6g kromhalt som \u00e4r omtyckt inom knivindustrin eftersom det ger enast\u00e5ende slitstyrka, korrosionsbest\u00e4ndighet och h\u00f6g h\u00e5rdhet, viktiga egenskaper som skapar det ideala knivst\u00e5let. Dessutom blir 12C27-st\u00e5l sk\u00e4rpa relativt snabbt, till skillnad fr\u00e5n andra h\u00f6gkromst\u00e5l som tar l\u00e5ng tid att slipa p\u00e5 grund av de&hellip;<\/p>\n","protected":false},"featured_media":108848,"template":"","meta":{"_themeisle_gutenberg_block_has_review":false},"product_brand":[],"product_cat":[414,413],"product_tag":[],"class_list":{"0":"post-90215","1":"product","2":"type-product","3":"status-publish","4":"has-post-thumbnail","6":"product_cat-jaktknivar","7":"product_cat-knivar-for-utomhusbruk","9":"first","10":"instock","11":"shipping-taxable","12":"purchasable","13":"product-type-simple"},"yoast_head":"<!-- This site is optimized with the Yoast SEO plugin v27.5 - https:\/\/yoast.com\/product\/yoast-seo-wordpress\/ -->\n<title>Kniv &#039;&#039;RAMBO&#039;&#039; tillverkad av smidd rostfritt st\u00e5l i god kvalitet - AAKnives<\/title>\n<meta name=\"description\" content=\"12C27-st\u00e5l \u00e4r en del av Sandvik-familjen. Det \u00e4r ett l\u00e5gprisst\u00e5l med h\u00f6gkrom som \u00e4r omtyckt inom knivindustrin eftersom det ger enast\u00e5ende slitstyrka.\" \/>\n<meta name=\"robots\" content=\"index, follow, max-snippet:-1, max-image-preview:large, max-video-preview:-1\" \/>\n<link rel=\"canonical\" href=\"https:\/\/aaknives.eu\/sv\/product\/kniv-rambo-tillverkad-av-smidd-rostfritt-stal-i-god-kvalitet\/\" \/>\n<meta property=\"og:locale\" content=\"sv_SE\" \/>\n<meta property=\"og:type\" content=\"article\" \/>\n<meta property=\"og:title\" content=\"Kniv &#039;&#039;RAMBO&#039;&#039; tillverkad av smidd rostfritt st\u00e5l i god kvalitet - AAKnives\" \/>\n<meta property=\"og:description\" content=\"12C27-st\u00e5l \u00e4r en del av Sandvik-familjen. Det \u00e4r ett l\u00e5gprisst\u00e5l med h\u00f6gkrom som \u00e4r omtyckt inom knivindustrin eftersom det ger enast\u00e5ende slitstyrka.\" \/>\n<meta property=\"og:url\" content=\"https:\/\/aaknives.eu\/sv\/product\/kniv-rambo-tillverkad-av-smidd-rostfritt-stal-i-god-kvalitet\/\" \/>\n<meta property=\"og:site_name\" content=\"AAKnives\" \/>\n<meta property=\"article:publisher\" content=\"https:\/\/www.facebook.com\/aaknives.eu\/\" \/>\n<meta property=\"article:modified_time\" content=\"2026-04-28T16:27:44+00:00\" \/>\n<meta property=\"og:image\" content=\"https:\/\/aaknives.eu\/wp-content\/uploads\/2024\/10\/aaknives-hand-forged-damascus-steel-blade-knife-handmade-custom-made-knife-handcrafted-knives-autinetools-northmen-43-1.jpg\" \/>\n\t<meta property=\"og:image:width\" content=\"1020\" \/>\n\t<meta property=\"og:image:height\" content=\"880\" \/>\n\t<meta property=\"og:image:type\" content=\"image\/jpeg\" \/>\n<meta name=\"twitter:card\" content=\"summary_large_image\" \/>\n<meta name=\"twitter:label1\" content=\"Ber\u00e4knad l\u00e4stid\" \/>\n\t<meta name=\"twitter:data1\" content=\"1 minut\" \/>\n<script type=\"application\/ld+json\" class=\"yoast-schema-graph\">{\"@context\":\"https:\\\/\\\/schema.org\",\"@graph\":[{\"@type\":\"WebPage\",\"@id\":\"https:\\\/\\\/aaknives.eu\\\/sv\\\/product\\\/kniv-rambo-tillverkad-av-smidd-rostfritt-stal-i-god-kvalitet\\\/\",\"url\":\"https:\\\/\\\/aaknives.eu\\\/sv\\\/product\\\/kniv-rambo-tillverkad-av-smidd-rostfritt-stal-i-god-kvalitet\\\/\",\"name\":\"Kniv ''RAMBO'' tillverkad av smidd rostfritt st\u00e5l i god kvalitet - AAKnives\",\"isPartOf\":{\"@id\":\"https:\\\/\\\/aaknives.eu\\\/sv\\\/#website\"},\"primaryImageOfPage\":{\"@id\":\"https:\\\/\\\/aaknives.eu\\\/sv\\\/product\\\/kniv-rambo-tillverkad-av-smidd-rostfritt-stal-i-god-kvalitet\\\/#primaryimage\"},\"image\":{\"@id\":\"https:\\\/\\\/aaknives.eu\\\/sv\\\/product\\\/kniv-rambo-tillverkad-av-smidd-rostfritt-stal-i-god-kvalitet\\\/#primaryimage\"},\"thumbnailUrl\":\"https:\\\/\\\/aaknives.eu\\\/wp-content\\\/uploads\\\/2024\\\/10\\\/aaknives-hand-forged-damascus-steel-blade-knife-handmade-custom-made-knife-handcrafted-knives-autinetools-northmen-43-1.jpg\",\"datePublished\":\"2024-10-29T01:52:20+00:00\",\"dateModified\":\"2026-04-28T16:27:44+00:00\",\"description\":\"12C27-st\u00e5l \u00e4r en del av Sandvik-familjen. Det \u00e4r ett l\u00e5gprisst\u00e5l med h\u00f6gkrom som \u00e4r omtyckt inom knivindustrin eftersom det ger enast\u00e5ende slitstyrka.\",\"breadcrumb\":{\"@id\":\"https:\\\/\\\/aaknives.eu\\\/sv\\\/product\\\/kniv-rambo-tillverkad-av-smidd-rostfritt-stal-i-god-kvalitet\\\/#breadcrumb\"},\"inLanguage\":\"sv-SE\",\"potentialAction\":[{\"@type\":\"ReadAction\",\"target\":[\"https:\\\/\\\/aaknives.eu\\\/sv\\\/product\\\/kniv-rambo-tillverkad-av-smidd-rostfritt-stal-i-god-kvalitet\\\/\"]}]},{\"@type\":\"ImageObject\",\"inLanguage\":\"sv-SE\",\"@id\":\"https:\\\/\\\/aaknives.eu\\\/sv\\\/product\\\/kniv-rambo-tillverkad-av-smidd-rostfritt-stal-i-god-kvalitet\\\/#primaryimage\",\"url\":\"https:\\\/\\\/aaknives.eu\\\/wp-content\\\/uploads\\\/2024\\\/10\\\/aaknives-hand-forged-damascus-steel-blade-knife-handmade-custom-made-knife-handcrafted-knives-autinetools-northmen-43-1.jpg\",\"contentUrl\":\"https:\\\/\\\/aaknives.eu\\\/wp-content\\\/uploads\\\/2024\\\/10\\\/aaknives-hand-forged-damascus-steel-blade-knife-handmade-custom-made-knife-handcrafted-knives-autinetools-northmen-43-1.jpg\",\"width\":1020,\"height\":880},{\"@type\":\"BreadcrumbList\",\"@id\":\"https:\\\/\\\/aaknives.eu\\\/sv\\\/product\\\/kniv-rambo-tillverkad-av-smidd-rostfritt-stal-i-god-kvalitet\\\/#breadcrumb\",\"itemListElement\":[{\"@type\":\"ListItem\",\"position\":1,\"name\":\"Home\",\"item\":\"https:\\\/\\\/aaknives.eu\\\/sv\\\/\"},{\"@type\":\"ListItem\",\"position\":2,\"name\":\"Butik\",\"item\":\"https:\\\/\\\/aaknives.eu\\\/butik\\\/\"},{\"@type\":\"ListItem\",\"position\":3,\"name\":\"Kniv &#8221;RAMBO&#8221; tillverkad av smidd rostfritt st\u00e5l i god kvalitet\"}]},{\"@type\":\"WebSite\",\"@id\":\"https:\\\/\\\/aaknives.eu\\\/sv\\\/#website\",\"url\":\"https:\\\/\\\/aaknives.eu\\\/sv\\\/\",\"name\":\"AAKnives\",\"description\":\"Handmade knives\",\"publisher\":{\"@id\":\"https:\\\/\\\/aaknives.eu\\\/sv\\\/#organization\"},\"potentialAction\":[{\"@type\":\"SearchAction\",\"target\":{\"@type\":\"EntryPoint\",\"urlTemplate\":\"https:\\\/\\\/aaknives.eu\\\/sv\\\/?s={search_term_string}\"},\"query-input\":{\"@type\":\"PropertyValueSpecification\",\"valueRequired\":true,\"valueName\":\"search_term_string\"}}],\"inLanguage\":\"sv-SE\"},{\"@type\":\"Organization\",\"@id\":\"https:\\\/\\\/aaknives.eu\\\/sv\\\/#organization\",\"name\":\"AAKnives\",\"url\":\"https:\\\/\\\/aaknives.eu\\\/sv\\\/\",\"logo\":{\"@type\":\"ImageObject\",\"inLanguage\":\"sv-SE\",\"@id\":\"https:\\\/\\\/aaknives.eu\\\/sv\\\/#\\\/schema\\\/logo\\\/image\\\/\",\"url\":\"https:\\\/\\\/aaknives.eu\\\/wp-content\\\/uploads\\\/2021\\\/10\\\/AAknives_Logo_Green.png\",\"contentUrl\":\"https:\\\/\\\/aaknives.eu\\\/wp-content\\\/uploads\\\/2021\\\/10\\\/AAknives_Logo_Green.png\",\"width\":1768,\"height\":1768,\"caption\":\"AAKnives\"},\"image\":{\"@id\":\"https:\\\/\\\/aaknives.eu\\\/sv\\\/#\\\/schema\\\/logo\\\/image\\\/\"},\"sameAs\":[\"https:\\\/\\\/www.facebook.com\\\/aaknives.eu\\\/\",\"https:\\\/\\\/www.instagram.com\\\/aaknives\\\/\",\"https:\\\/\\\/www.pinterest.com\\\/aa_knives\\\/\",\"https:\\\/\\\/www.youtube.com\\\/channel\\\/UCHOQFjrOkgT6s4FIw9LDKyw\\\/featured\"]}]}<\/script>\n<!-- \/ Yoast SEO plugin. -->","yoast_head_json":{"title":"Kniv ''RAMBO'' tillverkad av smidd rostfritt st\u00e5l i god kvalitet - AAKnives","description":"12C27-st\u00e5l \u00e4r en del av Sandvik-familjen. Det \u00e4r ett l\u00e5gprisst\u00e5l med h\u00f6gkrom som \u00e4r omtyckt inom knivindustrin eftersom det ger enast\u00e5ende slitstyrka.","robots":{"index":"index","follow":"follow","max-snippet":"max-snippet:-1","max-image-preview":"max-image-preview:large","max-video-preview":"max-video-preview:-1"},"canonical":"https:\/\/aaknives.eu\/sv\/product\/kniv-rambo-tillverkad-av-smidd-rostfritt-stal-i-god-kvalitet\/","og_locale":"sv_SE","og_type":"article","og_title":"Kniv ''RAMBO'' tillverkad av smidd rostfritt st\u00e5l i god kvalitet - AAKnives","og_description":"12C27-st\u00e5l \u00e4r en del av Sandvik-familjen. Det \u00e4r ett l\u00e5gprisst\u00e5l med h\u00f6gkrom som \u00e4r omtyckt inom knivindustrin eftersom det ger enast\u00e5ende slitstyrka.","og_url":"https:\/\/aaknives.eu\/sv\/product\/kniv-rambo-tillverkad-av-smidd-rostfritt-stal-i-god-kvalitet\/","og_site_name":"AAKnives","article_publisher":"https:\/\/www.facebook.com\/aaknives.eu\/","article_modified_time":"2026-04-28T16:27:44+00:00","og_image":[{"width":1020,"height":880,"url":"https:\/\/aaknives.eu\/wp-content\/uploads\/2024\/10\/aaknives-hand-forged-damascus-steel-blade-knife-handmade-custom-made-knife-handcrafted-knives-autinetools-northmen-43-1.jpg","type":"image\/jpeg"}],"twitter_card":"summary_large_image","twitter_misc":{"Ber\u00e4knad l\u00e4stid":"1 minut"},"schema":{"@context":"https:\/\/schema.org","@graph":[{"@type":"WebPage","@id":"https:\/\/aaknives.eu\/sv\/product\/kniv-rambo-tillverkad-av-smidd-rostfritt-stal-i-god-kvalitet\/","url":"https:\/\/aaknives.eu\/sv\/product\/kniv-rambo-tillverkad-av-smidd-rostfritt-stal-i-god-kvalitet\/","name":"Kniv ''RAMBO'' tillverkad av smidd rostfritt st\u00e5l i god kvalitet - AAKnives","isPartOf":{"@id":"https:\/\/aaknives.eu\/sv\/#website"},"primaryImageOfPage":{"@id":"https:\/\/aaknives.eu\/sv\/product\/kniv-rambo-tillverkad-av-smidd-rostfritt-stal-i-god-kvalitet\/#primaryimage"},"image":{"@id":"https:\/\/aaknives.eu\/sv\/product\/kniv-rambo-tillverkad-av-smidd-rostfritt-stal-i-god-kvalitet\/#primaryimage"},"thumbnailUrl":"https:\/\/aaknives.eu\/wp-content\/uploads\/2024\/10\/aaknives-hand-forged-damascus-steel-blade-knife-handmade-custom-made-knife-handcrafted-knives-autinetools-northmen-43-1.jpg","datePublished":"2024-10-29T01:52:20+00:00","dateModified":"2026-04-28T16:27:44+00:00","description":"12C27-st\u00e5l \u00e4r en del av Sandvik-familjen. Det \u00e4r ett l\u00e5gprisst\u00e5l med h\u00f6gkrom som \u00e4r omtyckt inom knivindustrin eftersom det ger enast\u00e5ende slitstyrka.","breadcrumb":{"@id":"https:\/\/aaknives.eu\/sv\/product\/kniv-rambo-tillverkad-av-smidd-rostfritt-stal-i-god-kvalitet\/#breadcrumb"},"inLanguage":"sv-SE","potentialAction":[{"@type":"ReadAction","target":["https:\/\/aaknives.eu\/sv\/product\/kniv-rambo-tillverkad-av-smidd-rostfritt-stal-i-god-kvalitet\/"]}]},{"@type":"ImageObject","inLanguage":"sv-SE","@id":"https:\/\/aaknives.eu\/sv\/product\/kniv-rambo-tillverkad-av-smidd-rostfritt-stal-i-god-kvalitet\/#primaryimage","url":"https:\/\/aaknives.eu\/wp-content\/uploads\/2024\/10\/aaknives-hand-forged-damascus-steel-blade-knife-handmade-custom-made-knife-handcrafted-knives-autinetools-northmen-43-1.jpg","contentUrl":"https:\/\/aaknives.eu\/wp-content\/uploads\/2024\/10\/aaknives-hand-forged-damascus-steel-blade-knife-handmade-custom-made-knife-handcrafted-knives-autinetools-northmen-43-1.jpg","width":1020,"height":880},{"@type":"BreadcrumbList","@id":"https:\/\/aaknives.eu\/sv\/product\/kniv-rambo-tillverkad-av-smidd-rostfritt-stal-i-god-kvalitet\/#breadcrumb","itemListElement":[{"@type":"ListItem","position":1,"name":"Home","item":"https:\/\/aaknives.eu\/sv\/"},{"@type":"ListItem","position":2,"name":"Butik","item":"https:\/\/aaknives.eu\/butik\/"},{"@type":"ListItem","position":3,"name":"Kniv &#8221;RAMBO&#8221; tillverkad av smidd rostfritt st\u00e5l i god kvalitet"}]},{"@type":"WebSite","@id":"https:\/\/aaknives.eu\/sv\/#website","url":"https:\/\/aaknives.eu\/sv\/","name":"AAKnives","description":"Handmade knives","publisher":{"@id":"https:\/\/aaknives.eu\/sv\/#organization"},"potentialAction":[{"@type":"SearchAction","target":{"@type":"EntryPoint","urlTemplate":"https:\/\/aaknives.eu\/sv\/?s={search_term_string}"},"query-input":{"@type":"PropertyValueSpecification","valueRequired":true,"valueName":"search_term_string"}}],"inLanguage":"sv-SE"},{"@type":"Organization","@id":"https:\/\/aaknives.eu\/sv\/#organization","name":"AAKnives","url":"https:\/\/aaknives.eu\/sv\/","logo":{"@type":"ImageObject","inLanguage":"sv-SE","@id":"https:\/\/aaknives.eu\/sv\/#\/schema\/logo\/image\/","url":"https:\/\/aaknives.eu\/wp-content\/uploads\/2021\/10\/AAknives_Logo_Green.png","contentUrl":"https:\/\/aaknives.eu\/wp-content\/uploads\/2021\/10\/AAknives_Logo_Green.png","width":1768,"height":1768,"caption":"AAKnives"},"image":{"@id":"https:\/\/aaknives.eu\/sv\/#\/schema\/logo\/image\/"},"sameAs":["https:\/\/www.facebook.com\/aaknives.eu\/","https:\/\/www.instagram.com\/aaknives\/","https:\/\/www.pinterest.com\/aa_knives\/","https:\/\/www.youtube.com\/channel\/UCHOQFjrOkgT6s4FIw9LDKyw\/featured"]}]}},"_links":{"self":[{"href":"https:\/\/aaknives.eu\/sv\/wp-json\/wp\/v2\/product\/90215","targetHints":{"allow":["GET"]}}],"collection":[{"href":"https:\/\/aaknives.eu\/sv\/wp-json\/wp\/v2\/product"}],"about":[{"href":"https:\/\/aaknives.eu\/sv\/wp-json\/wp\/v2\/types\/product"}],"wp:featuredmedia":[{"embeddable":true,"href":"https:\/\/aaknives.eu\/sv\/wp-json\/wp\/v2\/media\/108848"}],"wp:attachment":[{"href":"https:\/\/aaknives.eu\/sv\/wp-json\/wp\/v2\/media?parent=90215"}],"wp:term":[{"taxonomy":"product_brand","embeddable":true,"href":"https:\/\/aaknives.eu\/sv\/wp-json\/wp\/v2\/product_brand?post=90215"},{"taxonomy":"product_cat","embeddable":true,"href":"https:\/\/aaknives.eu\/sv\/wp-json\/wp\/v2\/product_cat?post=90215"},{"taxonomy":"product_tag","embeddable":true,"href":"https:\/\/aaknives.eu\/sv\/wp-json\/wp\/v2\/product_tag?post=90215"}],"curies":[{"name":"wp","href":"https:\/\/api.w.org\/{rel}","templated":true}]}}