{"id":90240,"date":"2024-10-29T01:51:26","date_gmt":"2024-10-29T01:51:26","guid":{"rendered":"https:\/\/aaknives.eu\/?post_type=product&#038;p=90240"},"modified":"2024-12-05T17:13:12","modified_gmt":"2024-12-05T17:13:12","slug":"kniv-cobra-damaskusstal-handtag-av-avenbok-dekorativ-gravyr-inlaggningar-av-silver","status":"publish","type":"product","link":"https:\/\/aaknives.eu\/sv\/product\/kniv-cobra-damaskusstal-handtag-av-avenbok-dekorativ-gravyr-inlaggningar-av-silver\/","title":{"rendered":"Kniv &#8221;COBRA&#8221; Damaskusst\u00e5l, handtag av avenbok, dekorativ gravyr, inl\u00e4ggningar av silver"},"content":{"rendered":"<p>Knivspecifikationer: &#8221;COBRA&#8221;.<br \/>\nSt\u00e5l: Damaskusst\u00e5l<br \/>\nH\u00e5rdhet: 60-62 HRC.<br \/>\nBladl\u00e4ngd (mm): 135 \/ 5,31 tum<br \/>\nBladtjocklek (mm): 2,5 \/ 0,09 tum<br \/>\nBladbredd (mm): 33 \/ 1,29 tum<br \/>\nHandtag: en avenbok, dekorativ gravyr, inl\u00e4gg med silver<br \/>\nTotal l\u00e4ngd (mm): 270 \/ 10,62 tum<br \/>\nKnivtyp: jakt, utomhus<br \/>\nF\u00f6rpackning: kniv, slida av l\u00e4der<\/p>\n","protected":false},"excerpt":{"rendered":"<p>Knivspecifikationer: &#8221;COBRA&#8221;. St\u00e5l: Damaskusst\u00e5l H\u00e5rdhet: 60-62 HRC. Bladl\u00e4ngd (mm): 135 \/ 5,31 tum Bladtjocklek (mm): 2,5 \/ 0,09 tum Bladbredd (mm): 33 \/ 1,29 tum Handtag: en avenbok, dekorativ gravyr, inl\u00e4gg med silver Total l\u00e4ngd (mm): 270 \/ 10,62 tum Knivtyp: jakt, utomhus F\u00f6rpackning: kniv, slida av l\u00e4der<\/p>\n","protected":false},"featured_media":93423,"template":"","meta":{"_themeisle_gutenberg_block_has_review":false},"product_brand":[],"product_cat":[418],"product_tag":[],"class_list":{"0":"post-90240","1":"product","2":"type-product","3":"status-publish","4":"has-post-thumbnail","6":"product_cat-premium-och-exklusiva-knivar","8":"first","9":"outofstock","10":"shipping-taxable","11":"purchasable","12":"product-type-simple"},"yoast_head":"<!-- This site is optimized with the Yoast SEO plugin v27.3 - https:\/\/yoast.com\/product\/yoast-seo-wordpress\/ -->\n<title>Kniv &#039;&#039;COBRA&#039;&#039; Damaskusst\u00e5l, handtag av avenbok, dekorativ gravyr, inl\u00e4ggningar av silver - AAKnives<\/title>\n<meta name=\"description\" content=\"Kniv &#039;&#039;COBRA&#039;&#039; Damaskusst\u00e5l, handtag av avenbok, dekorativ gravyr, inl\u00e4ggningar av silver\" \/>\n<meta name=\"robots\" content=\"index, follow, max-snippet:-1, max-image-preview:large, max-video-preview:-1\" \/>\n<link rel=\"canonical\" href=\"https:\/\/aaknives.eu\/sv\/product\/kniv-cobra-damaskusstal-handtag-av-avenbok-dekorativ-gravyr-inlaggningar-av-silver\/\" \/>\n<meta property=\"og:locale\" content=\"sv_SE\" \/>\n<meta property=\"og:type\" content=\"article\" \/>\n<meta property=\"og:title\" content=\"Kniv &#039;&#039;COBRA&#039;&#039; Damaskusst\u00e5l, handtag av avenbok, dekorativ gravyr, inl\u00e4ggningar av silver - AAKnives\" \/>\n<meta property=\"og:description\" content=\"Kniv &#039;&#039;COBRA&#039;&#039; Damaskusst\u00e5l, handtag av avenbok, dekorativ gravyr, inl\u00e4ggningar av silver\" \/>\n<meta property=\"og:url\" content=\"https:\/\/aaknives.eu\/sv\/product\/kniv-cobra-damaskusstal-handtag-av-avenbok-dekorativ-gravyr-inlaggningar-av-silver\/\" \/>\n<meta property=\"og:site_name\" content=\"AAKnives\" \/>\n<meta property=\"article:publisher\" content=\"https:\/\/www.facebook.com\/aaknives.eu\/\" \/>\n<meta property=\"article:modified_time\" content=\"2024-12-05T17:13:12+00:00\" \/>\n<meta property=\"og:image\" content=\"https:\/\/aaknives.eu\/wp-content\/uploads\/2024\/10\/aaknives-hand-forged-dabascus-steel-blade-knife-handmade-custom-made-knife-handcrafted-knives-autinetools-northmen-20.2-2.jpg\" \/>\n\t<meta property=\"og:image:width\" content=\"1020\" \/>\n\t<meta property=\"og:image:height\" content=\"880\" \/>\n\t<meta property=\"og:image:type\" content=\"image\/jpeg\" \/>\n<meta name=\"twitter:card\" content=\"summary_large_image\" \/>\n<script type=\"application\/ld+json\" class=\"yoast-schema-graph\">{\"@context\":\"https:\\\/\\\/schema.org\",\"@graph\":[{\"@type\":\"WebPage\",\"@id\":\"https:\\\/\\\/aaknives.eu\\\/sv\\\/product\\\/kniv-cobra-damaskusstal-handtag-av-avenbok-dekorativ-gravyr-inlaggningar-av-silver\\\/\",\"url\":\"https:\\\/\\\/aaknives.eu\\\/sv\\\/product\\\/kniv-cobra-damaskusstal-handtag-av-avenbok-dekorativ-gravyr-inlaggningar-av-silver\\\/\",\"name\":\"Kniv ''COBRA'' Damaskusst\u00e5l, handtag av avenbok, dekorativ gravyr, inl\u00e4ggningar av silver - AAKnives\",\"isPartOf\":{\"@id\":\"https:\\\/\\\/aaknives.eu\\\/sv\\\/#website\"},\"primaryImageOfPage\":{\"@id\":\"https:\\\/\\\/aaknives.eu\\\/sv\\\/product\\\/kniv-cobra-damaskusstal-handtag-av-avenbok-dekorativ-gravyr-inlaggningar-av-silver\\\/#primaryimage\"},\"image\":{\"@id\":\"https:\\\/\\\/aaknives.eu\\\/sv\\\/product\\\/kniv-cobra-damaskusstal-handtag-av-avenbok-dekorativ-gravyr-inlaggningar-av-silver\\\/#primaryimage\"},\"thumbnailUrl\":\"https:\\\/\\\/aaknives.eu\\\/wp-content\\\/uploads\\\/2024\\\/10\\\/aaknives-hand-forged-dabascus-steel-blade-knife-handmade-custom-made-knife-handcrafted-knives-autinetools-northmen-20.2-2.jpg\",\"datePublished\":\"2024-10-29T01:51:26+00:00\",\"dateModified\":\"2024-12-05T17:13:12+00:00\",\"description\":\"Kniv ''COBRA'' Damaskusst\u00e5l, handtag av avenbok, dekorativ gravyr, inl\u00e4ggningar av silver\",\"breadcrumb\":{\"@id\":\"https:\\\/\\\/aaknives.eu\\\/sv\\\/product\\\/kniv-cobra-damaskusstal-handtag-av-avenbok-dekorativ-gravyr-inlaggningar-av-silver\\\/#breadcrumb\"},\"inLanguage\":\"sv-SE\",\"potentialAction\":[{\"@type\":\"ReadAction\",\"target\":[\"https:\\\/\\\/aaknives.eu\\\/sv\\\/product\\\/kniv-cobra-damaskusstal-handtag-av-avenbok-dekorativ-gravyr-inlaggningar-av-silver\\\/\"]}]},{\"@type\":\"ImageObject\",\"inLanguage\":\"sv-SE\",\"@id\":\"https:\\\/\\\/aaknives.eu\\\/sv\\\/product\\\/kniv-cobra-damaskusstal-handtag-av-avenbok-dekorativ-gravyr-inlaggningar-av-silver\\\/#primaryimage\",\"url\":\"https:\\\/\\\/aaknives.eu\\\/wp-content\\\/uploads\\\/2024\\\/10\\\/aaknives-hand-forged-dabascus-steel-blade-knife-handmade-custom-made-knife-handcrafted-knives-autinetools-northmen-20.2-2.jpg\",\"contentUrl\":\"https:\\\/\\\/aaknives.eu\\\/wp-content\\\/uploads\\\/2024\\\/10\\\/aaknives-hand-forged-dabascus-steel-blade-knife-handmade-custom-made-knife-handcrafted-knives-autinetools-northmen-20.2-2.jpg\",\"width\":1020,\"height\":880},{\"@type\":\"BreadcrumbList\",\"@id\":\"https:\\\/\\\/aaknives.eu\\\/sv\\\/product\\\/kniv-cobra-damaskusstal-handtag-av-avenbok-dekorativ-gravyr-inlaggningar-av-silver\\\/#breadcrumb\",\"itemListElement\":[{\"@type\":\"ListItem\",\"position\":1,\"name\":\"Home\",\"item\":\"https:\\\/\\\/aaknives.eu\\\/sv\\\/\"},{\"@type\":\"ListItem\",\"position\":2,\"name\":\"Butik\",\"item\":\"https:\\\/\\\/aaknives.eu\\\/butik\\\/\"},{\"@type\":\"ListItem\",\"position\":3,\"name\":\"Private: Kniv &#8221;COBRA&#8221; Damaskusst\u00e5l, handtag av avenbok, dekorativ gravyr, inl\u00e4ggningar av silver\"}]},{\"@type\":\"WebSite\",\"@id\":\"https:\\\/\\\/aaknives.eu\\\/sv\\\/#website\",\"url\":\"https:\\\/\\\/aaknives.eu\\\/sv\\\/\",\"name\":\"AAKnives\",\"description\":\"Handmade knives\",\"publisher\":{\"@id\":\"https:\\\/\\\/aaknives.eu\\\/sv\\\/#organization\"},\"potentialAction\":[{\"@type\":\"SearchAction\",\"target\":{\"@type\":\"EntryPoint\",\"urlTemplate\":\"https:\\\/\\\/aaknives.eu\\\/sv\\\/?s={search_term_string}\"},\"query-input\":{\"@type\":\"PropertyValueSpecification\",\"valueRequired\":true,\"valueName\":\"search_term_string\"}}],\"inLanguage\":\"sv-SE\"},{\"@type\":\"Organization\",\"@id\":\"https:\\\/\\\/aaknives.eu\\\/sv\\\/#organization\",\"name\":\"AAKnives\",\"url\":\"https:\\\/\\\/aaknives.eu\\\/sv\\\/\",\"logo\":{\"@type\":\"ImageObject\",\"inLanguage\":\"sv-SE\",\"@id\":\"https:\\\/\\\/aaknives.eu\\\/sv\\\/#\\\/schema\\\/logo\\\/image\\\/\",\"url\":\"https:\\\/\\\/aaknives.eu\\\/wp-content\\\/uploads\\\/2021\\\/10\\\/AAknives_Logo_Green.png\",\"contentUrl\":\"https:\\\/\\\/aaknives.eu\\\/wp-content\\\/uploads\\\/2021\\\/10\\\/AAknives_Logo_Green.png\",\"width\":1768,\"height\":1768,\"caption\":\"AAKnives\"},\"image\":{\"@id\":\"https:\\\/\\\/aaknives.eu\\\/sv\\\/#\\\/schema\\\/logo\\\/image\\\/\"},\"sameAs\":[\"https:\\\/\\\/www.facebook.com\\\/aaknives.eu\\\/\",\"https:\\\/\\\/www.instagram.com\\\/aaknives\\\/\",\"https:\\\/\\\/www.pinterest.com\\\/aa_knives\\\/\",\"https:\\\/\\\/www.youtube.com\\\/channel\\\/UCHOQFjrOkgT6s4FIw9LDKyw\\\/featured\"]}]}<\/script>\n<!-- \/ Yoast SEO plugin. -->","yoast_head_json":{"title":"Kniv ''COBRA'' Damaskusst\u00e5l, handtag av avenbok, dekorativ gravyr, inl\u00e4ggningar av silver - AAKnives","description":"Kniv ''COBRA'' Damaskusst\u00e5l, handtag av avenbok, dekorativ gravyr, inl\u00e4ggningar av silver","robots":{"index":"index","follow":"follow","max-snippet":"max-snippet:-1","max-image-preview":"max-image-preview:large","max-video-preview":"max-video-preview:-1"},"canonical":"https:\/\/aaknives.eu\/sv\/product\/kniv-cobra-damaskusstal-handtag-av-avenbok-dekorativ-gravyr-inlaggningar-av-silver\/","og_locale":"sv_SE","og_type":"article","og_title":"Kniv ''COBRA'' Damaskusst\u00e5l, handtag av avenbok, dekorativ gravyr, inl\u00e4ggningar av silver - AAKnives","og_description":"Kniv ''COBRA'' Damaskusst\u00e5l, handtag av avenbok, dekorativ gravyr, inl\u00e4ggningar av silver","og_url":"https:\/\/aaknives.eu\/sv\/product\/kniv-cobra-damaskusstal-handtag-av-avenbok-dekorativ-gravyr-inlaggningar-av-silver\/","og_site_name":"AAKnives","article_publisher":"https:\/\/www.facebook.com\/aaknives.eu\/","article_modified_time":"2024-12-05T17:13:12+00:00","og_image":[{"width":1020,"height":880,"url":"https:\/\/aaknives.eu\/wp-content\/uploads\/2024\/10\/aaknives-hand-forged-dabascus-steel-blade-knife-handmade-custom-made-knife-handcrafted-knives-autinetools-northmen-20.2-2.jpg","type":"image\/jpeg"}],"twitter_card":"summary_large_image","schema":{"@context":"https:\/\/schema.org","@graph":[{"@type":"WebPage","@id":"https:\/\/aaknives.eu\/sv\/product\/kniv-cobra-damaskusstal-handtag-av-avenbok-dekorativ-gravyr-inlaggningar-av-silver\/","url":"https:\/\/aaknives.eu\/sv\/product\/kniv-cobra-damaskusstal-handtag-av-avenbok-dekorativ-gravyr-inlaggningar-av-silver\/","name":"Kniv ''COBRA'' Damaskusst\u00e5l, handtag av avenbok, dekorativ gravyr, inl\u00e4ggningar av silver - AAKnives","isPartOf":{"@id":"https:\/\/aaknives.eu\/sv\/#website"},"primaryImageOfPage":{"@id":"https:\/\/aaknives.eu\/sv\/product\/kniv-cobra-damaskusstal-handtag-av-avenbok-dekorativ-gravyr-inlaggningar-av-silver\/#primaryimage"},"image":{"@id":"https:\/\/aaknives.eu\/sv\/product\/kniv-cobra-damaskusstal-handtag-av-avenbok-dekorativ-gravyr-inlaggningar-av-silver\/#primaryimage"},"thumbnailUrl":"https:\/\/aaknives.eu\/wp-content\/uploads\/2024\/10\/aaknives-hand-forged-dabascus-steel-blade-knife-handmade-custom-made-knife-handcrafted-knives-autinetools-northmen-20.2-2.jpg","datePublished":"2024-10-29T01:51:26+00:00","dateModified":"2024-12-05T17:13:12+00:00","description":"Kniv ''COBRA'' Damaskusst\u00e5l, handtag av avenbok, dekorativ gravyr, inl\u00e4ggningar av silver","breadcrumb":{"@id":"https:\/\/aaknives.eu\/sv\/product\/kniv-cobra-damaskusstal-handtag-av-avenbok-dekorativ-gravyr-inlaggningar-av-silver\/#breadcrumb"},"inLanguage":"sv-SE","potentialAction":[{"@type":"ReadAction","target":["https:\/\/aaknives.eu\/sv\/product\/kniv-cobra-damaskusstal-handtag-av-avenbok-dekorativ-gravyr-inlaggningar-av-silver\/"]}]},{"@type":"ImageObject","inLanguage":"sv-SE","@id":"https:\/\/aaknives.eu\/sv\/product\/kniv-cobra-damaskusstal-handtag-av-avenbok-dekorativ-gravyr-inlaggningar-av-silver\/#primaryimage","url":"https:\/\/aaknives.eu\/wp-content\/uploads\/2024\/10\/aaknives-hand-forged-dabascus-steel-blade-knife-handmade-custom-made-knife-handcrafted-knives-autinetools-northmen-20.2-2.jpg","contentUrl":"https:\/\/aaknives.eu\/wp-content\/uploads\/2024\/10\/aaknives-hand-forged-dabascus-steel-blade-knife-handmade-custom-made-knife-handcrafted-knives-autinetools-northmen-20.2-2.jpg","width":1020,"height":880},{"@type":"BreadcrumbList","@id":"https:\/\/aaknives.eu\/sv\/product\/kniv-cobra-damaskusstal-handtag-av-avenbok-dekorativ-gravyr-inlaggningar-av-silver\/#breadcrumb","itemListElement":[{"@type":"ListItem","position":1,"name":"Home","item":"https:\/\/aaknives.eu\/sv\/"},{"@type":"ListItem","position":2,"name":"Butik","item":"https:\/\/aaknives.eu\/butik\/"},{"@type":"ListItem","position":3,"name":"Private: Kniv &#8221;COBRA&#8221; Damaskusst\u00e5l, handtag av avenbok, dekorativ gravyr, inl\u00e4ggningar av silver"}]},{"@type":"WebSite","@id":"https:\/\/aaknives.eu\/sv\/#website","url":"https:\/\/aaknives.eu\/sv\/","name":"AAKnives","description":"Handmade knives","publisher":{"@id":"https:\/\/aaknives.eu\/sv\/#organization"},"potentialAction":[{"@type":"SearchAction","target":{"@type":"EntryPoint","urlTemplate":"https:\/\/aaknives.eu\/sv\/?s={search_term_string}"},"query-input":{"@type":"PropertyValueSpecification","valueRequired":true,"valueName":"search_term_string"}}],"inLanguage":"sv-SE"},{"@type":"Organization","@id":"https:\/\/aaknives.eu\/sv\/#organization","name":"AAKnives","url":"https:\/\/aaknives.eu\/sv\/","logo":{"@type":"ImageObject","inLanguage":"sv-SE","@id":"https:\/\/aaknives.eu\/sv\/#\/schema\/logo\/image\/","url":"https:\/\/aaknives.eu\/wp-content\/uploads\/2021\/10\/AAknives_Logo_Green.png","contentUrl":"https:\/\/aaknives.eu\/wp-content\/uploads\/2021\/10\/AAknives_Logo_Green.png","width":1768,"height":1768,"caption":"AAKnives"},"image":{"@id":"https:\/\/aaknives.eu\/sv\/#\/schema\/logo\/image\/"},"sameAs":["https:\/\/www.facebook.com\/aaknives.eu\/","https:\/\/www.instagram.com\/aaknives\/","https:\/\/www.pinterest.com\/aa_knives\/","https:\/\/www.youtube.com\/channel\/UCHOQFjrOkgT6s4FIw9LDKyw\/featured"]}]}},"_links":{"self":[{"href":"https:\/\/aaknives.eu\/sv\/wp-json\/wp\/v2\/product\/90240","targetHints":{"allow":["GET"]}}],"collection":[{"href":"https:\/\/aaknives.eu\/sv\/wp-json\/wp\/v2\/product"}],"about":[{"href":"https:\/\/aaknives.eu\/sv\/wp-json\/wp\/v2\/types\/product"}],"wp:featuredmedia":[{"embeddable":true,"href":"https:\/\/aaknives.eu\/sv\/wp-json\/wp\/v2\/media\/93423"}],"wp:attachment":[{"href":"https:\/\/aaknives.eu\/sv\/wp-json\/wp\/v2\/media?parent=90240"}],"wp:term":[{"taxonomy":"product_brand","embeddable":true,"href":"https:\/\/aaknives.eu\/sv\/wp-json\/wp\/v2\/product_brand?post=90240"},{"taxonomy":"product_cat","embeddable":true,"href":"https:\/\/aaknives.eu\/sv\/wp-json\/wp\/v2\/product_cat?post=90240"},{"taxonomy":"product_tag","embeddable":true,"href":"https:\/\/aaknives.eu\/sv\/wp-json\/wp\/v2\/product_tag?post=90240"}],"curies":[{"name":"wp","href":"https:\/\/api.w.org\/{rel}","templated":true}]}}