{"id":91734,"date":"2024-11-04T17:03:58","date_gmt":"2024-11-04T17:03:58","guid":{"rendered":"https:\/\/aaknives.eu\/?post_type=product&#038;p=91734"},"modified":"2025-01-30T11:56:45","modified_gmt":"2025-01-30T11:56:45","slug":"blad-highlander-handsmidet-svenskt-stal-uddeholm-elmax-superclean","status":"publish","type":"product","link":"https:\/\/aaknives.eu\/sv\/product\/blad-highlander-handsmidet-svenskt-stal-uddeholm-elmax-superclean\/","title":{"rendered":"Blad &#8221;HIGHLANDER&#8221;, handsmidet svenskt st\u00e5l Uddeholm \u201dElmax\u201d SuperClean"},"content":{"rendered":"<p>Knivspecifikationer: HIGHLANDER<br \/>\nSt\u00e5l: Svenskt st\u00e5l Uddeholm \u201dElmax\u201d SuperClean<br \/>\nH\u00e5rdhet: 60 HRC<br \/>\nBladl\u00e4ngd (mm): 125 \/ 4,92 tum<br \/>\nBladtjocklek (mm): 3 \/ 0,11 tum<br \/>\nBladbredd (mm): 31 \/ 1,22 tum<br \/>\nTotal l\u00e4ngd (mm): 192 \/ 7,55 tum<br \/>\nElmax \u00e4r ett av de vanligaste pulverst\u00e5len. D\u00e4rf\u00f6r, f\u00f6r att f\u00f6rst\u00e5 vilka mirakel kniven fr\u00e5n &#8220;pulver&#8221; \u00e4r kapabel till, kommer det att vara n\u00f6dv\u00e4ndigt att studera st\u00e5legenskaperna hos Elmax. Den viktigaste faktorn som p\u00e5verkar egenskaperna hos n\u00e5got st\u00e5l, vilket ocks\u00e5 betyder ligaturen p\u00e5 kniven som \u00e4r gjord av den. Det \u00e4r dessa kemiska grund\u00e4mnen i st\u00e5lsammans\u00e4ttningen som ger dessa egenskaper, korrosionsbest\u00e4ndighet, st\u00f6tviskositet, vridmomentbest\u00e4ndighet och s\u00e5 vidare. Elmax k\u00e4nnetecknas av f\u00f6ljande sammans\u00e4ttning: 1,7% kol, vilket g\u00f6r att st\u00e5l kan ut\u00f6kas till v\u00e4xt-kol-klassen och ger det \u00f6kad h\u00e5rdhet och uth\u00e5llighet. 18 % krom, vilket ger exklusiv motst\u00e5ndskraft mot korrosion och \u00f6kar st\u00e5lets uth\u00e5llighet samt st\u00f6tviskositet med flexibilitet. 3% vanadin, vilket f\u00f6rst\u00e4rker st\u00e5lstrukturen, g\u00f6r den t\u00e4tare och ger den seghet och uth\u00e5llighet. 1% molybden, vilket inte bidrar n\u00e4mnv\u00e4rt till korrosionsbest\u00e4ndigheten, samt uth\u00e5llighetsegenskaper, inklusive flexibilitet. 0,3 % mangan, vilket \u00e4ven har en positiv effekt p\u00e5 st\u00e5lets h\u00e5llfasthet, dess slitage och h\u00e5rdhet utan att minska plasticiteten. Elmax knivar syftar inte till korrosion. Bladet av detta st\u00e5l \u00e4r mycket motst\u00e5ndskraftigt mot sidobelastningar och b\u00f6jar. Pulverst\u00e5l har en praktiskt taget perfekt inre struktur. Absolut rening av skadliga f\u00f6roreningar. Sl\u00e5ende sk\u00e4rpa uth\u00e5llighet och relativ l\u00e4tthet n\u00e4r r\u00e4tt stenar anv\u00e4nds. St\u00e5let \u00e4r v\u00e4lfr\u00e4st och till och med polerat utan dragning. En absolut spegelyta kan uppn\u00e5s. F\u00f6ljaktligen kan man dra slutsatsen att Elmax st\u00e5l \u00e4r ber\u00e4ttigat till ett av de b\u00e4sta knivst\u00e5len f\u00f6r idag. Om du l\u00e4nge har planerat att ta en kniv ur det h\u00e4r materialet, \u00e4r det dags att g\u00f6ra det. Det kommer att tj\u00e4na dig l\u00e4nge och r\u00e4tt.<\/p>\n","protected":false},"excerpt":{"rendered":"<p>Elmax \u00e4r ett av de vanligaste pulverst\u00e5len. Elmax-knivar \u00e4r inte avsedda f\u00f6r korrosion. Blad av detta st\u00e5l \u00e4r mycket motst\u00e5ndskraftiga mot sidobelastningar och b\u00f6jningar. Sl\u00e5ende sk\u00e4rpeuth\u00e5llighet och relativ l\u00e4tthet n\u00e4r r\u00e4tt stenar anv\u00e4nds. St\u00e5let \u00e4r v\u00e4lfr\u00e4st och \u00e4ven polerat utan dragning.<\/p>\n","protected":false},"featured_media":91742,"template":"","meta":{"_themeisle_gutenberg_block_has_review":false},"product_brand":[],"product_cat":[438],"product_tag":[],"class_list":{"0":"post-91734","1":"product","2":"type-product","3":"status-publish","4":"has-post-thumbnail","6":"product_cat-blad","8":"first","9":"instock","10":"shipping-taxable","11":"purchasable","12":"product-type-simple"},"yoast_head":"<!-- This site is optimized with the Yoast SEO plugin v27.3 - https:\/\/yoast.com\/product\/yoast-seo-wordpress\/ -->\n<title>Blad &#039;&#039;HIGHLANDER&#039;&#039;, handsmidet svenskt st\u00e5l Uddeholm \u201dElmax\u201d SuperClean - AAKnives<\/title>\n<meta name=\"description\" content=\"Svenskt St\u00e5l Uddeholm &#039;&#039;Elmax&#039;&#039; SuperClean, sandbl\u00e4strad. Elmax-knivar \u00e4r inte avsedda f\u00f6r korrosion. Motst\u00e5ndskraftig mot sidobelastningar och b\u00f6jningar\" \/>\n<meta name=\"robots\" content=\"index, follow, max-snippet:-1, max-image-preview:large, max-video-preview:-1\" \/>\n<link rel=\"canonical\" href=\"https:\/\/aaknives.eu\/sv\/product\/blad-highlander-handsmidet-svenskt-stal-uddeholm-elmax-superclean\/\" \/>\n<meta property=\"og:locale\" content=\"sv_SE\" \/>\n<meta property=\"og:type\" content=\"article\" \/>\n<meta property=\"og:title\" content=\"Blad &#039;&#039;HIGHLANDER&#039;&#039;, handsmidet svenskt st\u00e5l Uddeholm \u201dElmax\u201d SuperClean - AAKnives\" \/>\n<meta property=\"og:description\" content=\"Svenskt St\u00e5l Uddeholm &#039;&#039;Elmax&#039;&#039; SuperClean, sandbl\u00e4strad. Elmax-knivar \u00e4r inte avsedda f\u00f6r korrosion. Motst\u00e5ndskraftig mot sidobelastningar och b\u00f6jningar\" \/>\n<meta property=\"og:url\" content=\"https:\/\/aaknives.eu\/sv\/product\/blad-highlander-handsmidet-svenskt-stal-uddeholm-elmax-superclean\/\" \/>\n<meta property=\"og:site_name\" content=\"AAKnives\" \/>\n<meta property=\"article:publisher\" content=\"https:\/\/www.facebook.com\/aaknives.eu\/\" \/>\n<meta property=\"article:modified_time\" content=\"2025-01-30T11:56:45+00:00\" \/>\n<meta property=\"og:image\" content=\"https:\/\/aaknives.eu\/wp-content\/uploads\/2024\/11\/aaknives-hand-forged-dabascus-steel-blade-knife-handmade-custom-made-knife-handcrafted-knives-autinetools-northmen-38.jpg\" \/>\n\t<meta property=\"og:image:width\" content=\"1020\" \/>\n\t<meta property=\"og:image:height\" content=\"880\" \/>\n\t<meta property=\"og:image:type\" content=\"image\/jpeg\" \/>\n<meta name=\"twitter:card\" content=\"summary_large_image\" \/>\n<meta name=\"twitter:label1\" content=\"Ber\u00e4knad l\u00e4stid\" \/>\n\t<meta name=\"twitter:data1\" content=\"2 minuter\" \/>\n<script type=\"application\/ld+json\" class=\"yoast-schema-graph\">{\"@context\":\"https:\\\/\\\/schema.org\",\"@graph\":[{\"@type\":\"WebPage\",\"@id\":\"https:\\\/\\\/aaknives.eu\\\/sv\\\/product\\\/blad-highlander-handsmidet-svenskt-stal-uddeholm-elmax-superclean\\\/\",\"url\":\"https:\\\/\\\/aaknives.eu\\\/sv\\\/product\\\/blad-highlander-handsmidet-svenskt-stal-uddeholm-elmax-superclean\\\/\",\"name\":\"Blad ''HIGHLANDER'', handsmidet svenskt st\u00e5l Uddeholm \u201dElmax\u201d SuperClean - AAKnives\",\"isPartOf\":{\"@id\":\"https:\\\/\\\/aaknives.eu\\\/sv\\\/#website\"},\"primaryImageOfPage\":{\"@id\":\"https:\\\/\\\/aaknives.eu\\\/sv\\\/product\\\/blad-highlander-handsmidet-svenskt-stal-uddeholm-elmax-superclean\\\/#primaryimage\"},\"image\":{\"@id\":\"https:\\\/\\\/aaknives.eu\\\/sv\\\/product\\\/blad-highlander-handsmidet-svenskt-stal-uddeholm-elmax-superclean\\\/#primaryimage\"},\"thumbnailUrl\":\"https:\\\/\\\/aaknives.eu\\\/wp-content\\\/uploads\\\/2024\\\/11\\\/aaknives-hand-forged-dabascus-steel-blade-knife-handmade-custom-made-knife-handcrafted-knives-autinetools-northmen-38.jpg\",\"datePublished\":\"2024-11-04T17:03:58+00:00\",\"dateModified\":\"2025-01-30T11:56:45+00:00\",\"description\":\"Svenskt St\u00e5l Uddeholm ''Elmax'' SuperClean, sandbl\u00e4strad. Elmax-knivar \u00e4r inte avsedda f\u00f6r korrosion. Motst\u00e5ndskraftig mot sidobelastningar och b\u00f6jningar\",\"breadcrumb\":{\"@id\":\"https:\\\/\\\/aaknives.eu\\\/sv\\\/product\\\/blad-highlander-handsmidet-svenskt-stal-uddeholm-elmax-superclean\\\/#breadcrumb\"},\"inLanguage\":\"sv-SE\",\"potentialAction\":[{\"@type\":\"ReadAction\",\"target\":[\"https:\\\/\\\/aaknives.eu\\\/sv\\\/product\\\/blad-highlander-handsmidet-svenskt-stal-uddeholm-elmax-superclean\\\/\"]}]},{\"@type\":\"ImageObject\",\"inLanguage\":\"sv-SE\",\"@id\":\"https:\\\/\\\/aaknives.eu\\\/sv\\\/product\\\/blad-highlander-handsmidet-svenskt-stal-uddeholm-elmax-superclean\\\/#primaryimage\",\"url\":\"https:\\\/\\\/aaknives.eu\\\/wp-content\\\/uploads\\\/2024\\\/11\\\/aaknives-hand-forged-dabascus-steel-blade-knife-handmade-custom-made-knife-handcrafted-knives-autinetools-northmen-38.jpg\",\"contentUrl\":\"https:\\\/\\\/aaknives.eu\\\/wp-content\\\/uploads\\\/2024\\\/11\\\/aaknives-hand-forged-dabascus-steel-blade-knife-handmade-custom-made-knife-handcrafted-knives-autinetools-northmen-38.jpg\",\"width\":1020,\"height\":880},{\"@type\":\"BreadcrumbList\",\"@id\":\"https:\\\/\\\/aaknives.eu\\\/sv\\\/product\\\/blad-highlander-handsmidet-svenskt-stal-uddeholm-elmax-superclean\\\/#breadcrumb\",\"itemListElement\":[{\"@type\":\"ListItem\",\"position\":1,\"name\":\"Home\",\"item\":\"https:\\\/\\\/aaknives.eu\\\/sv\\\/\"},{\"@type\":\"ListItem\",\"position\":2,\"name\":\"Butik\",\"item\":\"https:\\\/\\\/aaknives.eu\\\/butik\\\/\"},{\"@type\":\"ListItem\",\"position\":3,\"name\":\"Blad &#8221;HIGHLANDER&#8221;, handsmidet svenskt st\u00e5l Uddeholm \u201dElmax\u201d SuperClean\"}]},{\"@type\":\"WebSite\",\"@id\":\"https:\\\/\\\/aaknives.eu\\\/sv\\\/#website\",\"url\":\"https:\\\/\\\/aaknives.eu\\\/sv\\\/\",\"name\":\"AAKnives\",\"description\":\"Handmade knives\",\"publisher\":{\"@id\":\"https:\\\/\\\/aaknives.eu\\\/sv\\\/#organization\"},\"potentialAction\":[{\"@type\":\"SearchAction\",\"target\":{\"@type\":\"EntryPoint\",\"urlTemplate\":\"https:\\\/\\\/aaknives.eu\\\/sv\\\/?s={search_term_string}\"},\"query-input\":{\"@type\":\"PropertyValueSpecification\",\"valueRequired\":true,\"valueName\":\"search_term_string\"}}],\"inLanguage\":\"sv-SE\"},{\"@type\":\"Organization\",\"@id\":\"https:\\\/\\\/aaknives.eu\\\/sv\\\/#organization\",\"name\":\"AAKnives\",\"url\":\"https:\\\/\\\/aaknives.eu\\\/sv\\\/\",\"logo\":{\"@type\":\"ImageObject\",\"inLanguage\":\"sv-SE\",\"@id\":\"https:\\\/\\\/aaknives.eu\\\/sv\\\/#\\\/schema\\\/logo\\\/image\\\/\",\"url\":\"https:\\\/\\\/aaknives.eu\\\/wp-content\\\/uploads\\\/2021\\\/10\\\/AAknives_Logo_Green.png\",\"contentUrl\":\"https:\\\/\\\/aaknives.eu\\\/wp-content\\\/uploads\\\/2021\\\/10\\\/AAknives_Logo_Green.png\",\"width\":1768,\"height\":1768,\"caption\":\"AAKnives\"},\"image\":{\"@id\":\"https:\\\/\\\/aaknives.eu\\\/sv\\\/#\\\/schema\\\/logo\\\/image\\\/\"},\"sameAs\":[\"https:\\\/\\\/www.facebook.com\\\/aaknives.eu\\\/\",\"https:\\\/\\\/www.instagram.com\\\/aaknives\\\/\",\"https:\\\/\\\/www.pinterest.com\\\/aa_knives\\\/\",\"https:\\\/\\\/www.youtube.com\\\/channel\\\/UCHOQFjrOkgT6s4FIw9LDKyw\\\/featured\"]}]}<\/script>\n<!-- \/ Yoast SEO plugin. -->","yoast_head_json":{"title":"Blad ''HIGHLANDER'', handsmidet svenskt st\u00e5l Uddeholm \u201dElmax\u201d SuperClean - AAKnives","description":"Svenskt St\u00e5l Uddeholm ''Elmax'' SuperClean, sandbl\u00e4strad. Elmax-knivar \u00e4r inte avsedda f\u00f6r korrosion. Motst\u00e5ndskraftig mot sidobelastningar och b\u00f6jningar","robots":{"index":"index","follow":"follow","max-snippet":"max-snippet:-1","max-image-preview":"max-image-preview:large","max-video-preview":"max-video-preview:-1"},"canonical":"https:\/\/aaknives.eu\/sv\/product\/blad-highlander-handsmidet-svenskt-stal-uddeholm-elmax-superclean\/","og_locale":"sv_SE","og_type":"article","og_title":"Blad ''HIGHLANDER'', handsmidet svenskt st\u00e5l Uddeholm \u201dElmax\u201d SuperClean - AAKnives","og_description":"Svenskt St\u00e5l Uddeholm ''Elmax'' SuperClean, sandbl\u00e4strad. Elmax-knivar \u00e4r inte avsedda f\u00f6r korrosion. Motst\u00e5ndskraftig mot sidobelastningar och b\u00f6jningar","og_url":"https:\/\/aaknives.eu\/sv\/product\/blad-highlander-handsmidet-svenskt-stal-uddeholm-elmax-superclean\/","og_site_name":"AAKnives","article_publisher":"https:\/\/www.facebook.com\/aaknives.eu\/","article_modified_time":"2025-01-30T11:56:45+00:00","og_image":[{"width":1020,"height":880,"url":"https:\/\/aaknives.eu\/wp-content\/uploads\/2024\/11\/aaknives-hand-forged-dabascus-steel-blade-knife-handmade-custom-made-knife-handcrafted-knives-autinetools-northmen-38.jpg","type":"image\/jpeg"}],"twitter_card":"summary_large_image","twitter_misc":{"Ber\u00e4knad l\u00e4stid":"2 minuter"},"schema":{"@context":"https:\/\/schema.org","@graph":[{"@type":"WebPage","@id":"https:\/\/aaknives.eu\/sv\/product\/blad-highlander-handsmidet-svenskt-stal-uddeholm-elmax-superclean\/","url":"https:\/\/aaknives.eu\/sv\/product\/blad-highlander-handsmidet-svenskt-stal-uddeholm-elmax-superclean\/","name":"Blad ''HIGHLANDER'', handsmidet svenskt st\u00e5l Uddeholm \u201dElmax\u201d SuperClean - AAKnives","isPartOf":{"@id":"https:\/\/aaknives.eu\/sv\/#website"},"primaryImageOfPage":{"@id":"https:\/\/aaknives.eu\/sv\/product\/blad-highlander-handsmidet-svenskt-stal-uddeholm-elmax-superclean\/#primaryimage"},"image":{"@id":"https:\/\/aaknives.eu\/sv\/product\/blad-highlander-handsmidet-svenskt-stal-uddeholm-elmax-superclean\/#primaryimage"},"thumbnailUrl":"https:\/\/aaknives.eu\/wp-content\/uploads\/2024\/11\/aaknives-hand-forged-dabascus-steel-blade-knife-handmade-custom-made-knife-handcrafted-knives-autinetools-northmen-38.jpg","datePublished":"2024-11-04T17:03:58+00:00","dateModified":"2025-01-30T11:56:45+00:00","description":"Svenskt St\u00e5l Uddeholm ''Elmax'' SuperClean, sandbl\u00e4strad. Elmax-knivar \u00e4r inte avsedda f\u00f6r korrosion. Motst\u00e5ndskraftig mot sidobelastningar och b\u00f6jningar","breadcrumb":{"@id":"https:\/\/aaknives.eu\/sv\/product\/blad-highlander-handsmidet-svenskt-stal-uddeholm-elmax-superclean\/#breadcrumb"},"inLanguage":"sv-SE","potentialAction":[{"@type":"ReadAction","target":["https:\/\/aaknives.eu\/sv\/product\/blad-highlander-handsmidet-svenskt-stal-uddeholm-elmax-superclean\/"]}]},{"@type":"ImageObject","inLanguage":"sv-SE","@id":"https:\/\/aaknives.eu\/sv\/product\/blad-highlander-handsmidet-svenskt-stal-uddeholm-elmax-superclean\/#primaryimage","url":"https:\/\/aaknives.eu\/wp-content\/uploads\/2024\/11\/aaknives-hand-forged-dabascus-steel-blade-knife-handmade-custom-made-knife-handcrafted-knives-autinetools-northmen-38.jpg","contentUrl":"https:\/\/aaknives.eu\/wp-content\/uploads\/2024\/11\/aaknives-hand-forged-dabascus-steel-blade-knife-handmade-custom-made-knife-handcrafted-knives-autinetools-northmen-38.jpg","width":1020,"height":880},{"@type":"BreadcrumbList","@id":"https:\/\/aaknives.eu\/sv\/product\/blad-highlander-handsmidet-svenskt-stal-uddeholm-elmax-superclean\/#breadcrumb","itemListElement":[{"@type":"ListItem","position":1,"name":"Home","item":"https:\/\/aaknives.eu\/sv\/"},{"@type":"ListItem","position":2,"name":"Butik","item":"https:\/\/aaknives.eu\/butik\/"},{"@type":"ListItem","position":3,"name":"Blad &#8221;HIGHLANDER&#8221;, handsmidet svenskt st\u00e5l Uddeholm \u201dElmax\u201d SuperClean"}]},{"@type":"WebSite","@id":"https:\/\/aaknives.eu\/sv\/#website","url":"https:\/\/aaknives.eu\/sv\/","name":"AAKnives","description":"Handmade knives","publisher":{"@id":"https:\/\/aaknives.eu\/sv\/#organization"},"potentialAction":[{"@type":"SearchAction","target":{"@type":"EntryPoint","urlTemplate":"https:\/\/aaknives.eu\/sv\/?s={search_term_string}"},"query-input":{"@type":"PropertyValueSpecification","valueRequired":true,"valueName":"search_term_string"}}],"inLanguage":"sv-SE"},{"@type":"Organization","@id":"https:\/\/aaknives.eu\/sv\/#organization","name":"AAKnives","url":"https:\/\/aaknives.eu\/sv\/","logo":{"@type":"ImageObject","inLanguage":"sv-SE","@id":"https:\/\/aaknives.eu\/sv\/#\/schema\/logo\/image\/","url":"https:\/\/aaknives.eu\/wp-content\/uploads\/2021\/10\/AAknives_Logo_Green.png","contentUrl":"https:\/\/aaknives.eu\/wp-content\/uploads\/2021\/10\/AAknives_Logo_Green.png","width":1768,"height":1768,"caption":"AAKnives"},"image":{"@id":"https:\/\/aaknives.eu\/sv\/#\/schema\/logo\/image\/"},"sameAs":["https:\/\/www.facebook.com\/aaknives.eu\/","https:\/\/www.instagram.com\/aaknives\/","https:\/\/www.pinterest.com\/aa_knives\/","https:\/\/www.youtube.com\/channel\/UCHOQFjrOkgT6s4FIw9LDKyw\/featured"]}]}},"_links":{"self":[{"href":"https:\/\/aaknives.eu\/sv\/wp-json\/wp\/v2\/product\/91734","targetHints":{"allow":["GET"]}}],"collection":[{"href":"https:\/\/aaknives.eu\/sv\/wp-json\/wp\/v2\/product"}],"about":[{"href":"https:\/\/aaknives.eu\/sv\/wp-json\/wp\/v2\/types\/product"}],"wp:featuredmedia":[{"embeddable":true,"href":"https:\/\/aaknives.eu\/sv\/wp-json\/wp\/v2\/media\/91742"}],"wp:attachment":[{"href":"https:\/\/aaknives.eu\/sv\/wp-json\/wp\/v2\/media?parent=91734"}],"wp:term":[{"taxonomy":"product_brand","embeddable":true,"href":"https:\/\/aaknives.eu\/sv\/wp-json\/wp\/v2\/product_brand?post=91734"},{"taxonomy":"product_cat","embeddable":true,"href":"https:\/\/aaknives.eu\/sv\/wp-json\/wp\/v2\/product_cat?post=91734"},{"taxonomy":"product_tag","embeddable":true,"href":"https:\/\/aaknives.eu\/sv\/wp-json\/wp\/v2\/product_tag?post=91734"}],"curies":[{"name":"wp","href":"https:\/\/api.w.org\/{rel}","templated":true}]}}