{"id":91763,"date":"2024-11-04T17:26:19","date_gmt":"2024-11-04T17:26:19","guid":{"rendered":"https:\/\/aaknives.eu\/?post_type=product&#038;p=91763"},"modified":"2025-01-30T12:07:01","modified_gmt":"2025-01-30T12:07:01","slug":"blad-werewolf-steel-bohler-m390-microclean","status":"publish","type":"product","link":"https:\/\/aaknives.eu\/sv\/product\/blad-werewolf-steel-bohler-m390-microclean\/","title":{"rendered":"Blad &#8221;WEREWOLF&#8221;, Steel B\u00d6HLER&#8221; M390&#8243; MicroClean"},"content":{"rendered":"<p>Bladspecifikationer: &#8221;WEREWOLF&#8221;<br \/>\nSt\u00e5l: St\u00e5l B\u00d6HLER\u201d M390\u201d MicroClean<br \/>\nH\u00e5rdhet: 62-63 HRC<br \/>\nBladl\u00e4ngd (mm): 120 \/ 4,72 tum<br \/>\nBladtjocklek (mm): 3 \/ 0,11\u00a0tum<br \/>\nBladbredd (mm): 35 \/ 1,37 Inc<br \/>\nTotal l\u00e4ngd (mm): 193 \/ 7,59 tum<br \/>\nKnivtyp: jakt, utomhus<\/p>\n<p>B\u00f6hler M390 \u00e4r en av de mest popul\u00e4ra st\u00e5ltyperna f\u00f6r tillf\u00e4llet. Den hyllas f\u00f6r sin utm\u00e4rkta sk\u00e4rpa<\/p>\n<p>Varf\u00f6r \u00e4r B\u00f6hler M390 s\u00e5 popul\u00e4r &#8211; sk\u00e4rpa bibeh\u00e5llande. M390 \u00e4r s\u00e5 slitstark att den ocks\u00e5 beh\u00e5ller formen p\u00e5 kanten. Som s\u00e5dan kommer en kniv gjord av M390 st\u00e5l att beh\u00e5lla sin sk\u00e4rpa under mycket l\u00e5ng tid. Det betyder att du inte beh\u00f6ver slipa kniven lika ofta. Inte bara bra eftersom det tar tid att slipa din kniv, utan ocks\u00e5 f\u00f6r att det betyder att din kniv h\u00e5ller l\u00e4ngre.<\/p>\n<p>F\u00f6rutom sk\u00e4rpan har M390 n\u00e5gra andra fina egenskaper. Den kan h\u00e4rdas till en relativt h\u00f6g h\u00e5rdhet utan att den g\u00e5r s\u00f6nder snabbt. Detta betyder dock inte att M390 \u00e4r v\u00e4ldigt tuff. Det betyder att M390, j\u00e4mf\u00f6rt med andra typer av st\u00e5l, kan slipas lite tunnare.<\/p>\n<p>M390 \u00e4r ocks\u00e5 relativt rostfri. P\u00e5 grund av den stora m\u00e4ngden krom rost har ingen chans. Speciellt j\u00e4mf\u00f6rt med andra h\u00e5rda st\u00e5ltyper som \u00e4r k\u00e4nda f\u00f6r att beh\u00e5lla sk\u00e4rpan men som fortfarande kan p\u00e5verkas av rost.<\/p>\n","protected":false},"excerpt":{"rendered":"<p>Bladspecifikationer: &#8221;WEREWOLF&#8221; St\u00e5l: St\u00e5l B\u00d6HLER\u201d M390\u201d MicroClean H\u00e5rdhet: 62-63 HRC Bladl\u00e4ngd (mm): 120 \/ 4,72 tum Bladtjocklek (mm): 3 \/ 0,11\u00a0tum Bladbredd (mm): 35 \/ 1,37 Inc Total l\u00e4ngd (mm): 193 \/ 7,59 tum Knivtyp: jakt, utomhus B\u00f6hler M390 \u00e4r en av de mest popul\u00e4ra st\u00e5ltyperna f\u00f6r tillf\u00e4llet. Den hyllas f\u00f6r sin utm\u00e4rkta sk\u00e4rpa Varf\u00f6r \u00e4r B\u00f6hler M390 s\u00e5 popul\u00e4r &#8211; sk\u00e4rpa bibeh\u00e5llande. M390 \u00e4r s\u00e5 slitstark att den ocks\u00e5 beh\u00e5ller formen p\u00e5 kanten. Som s\u00e5dan kommer en kniv gjord av M390 st\u00e5l att beh\u00e5lla sin sk\u00e4rpa under mycket l\u00e5ng tid. Det betyder att du inte beh\u00f6ver slipa kniven lika&hellip;<\/p>\n","protected":false},"featured_media":91792,"template":"","meta":{"_themeisle_gutenberg_block_has_review":false},"product_brand":[],"product_cat":[438],"product_tag":[],"class_list":{"0":"post-91763","1":"product","2":"type-product","3":"status-publish","4":"has-post-thumbnail","6":"product_cat-blad","8":"first","9":"instock","10":"shipping-taxable","11":"purchasable","12":"product-type-simple"},"yoast_head":"<!-- This site is optimized with the Yoast SEO plugin v27.3 - https:\/\/yoast.com\/product\/yoast-seo-wordpress\/ -->\n<title>Blad &#039;&#039;WEREWOLF&quot;, Steel B\u00d6HLER&quot; M390&quot; MicroClean - AAKnives<\/title>\n<meta name=\"description\" content=\"Blad &#039;&#039;WEREWOLF&quot;, Steel B\u00d6HLER&quot; M390&quot; MicroClean\" \/>\n<meta name=\"robots\" content=\"index, follow, max-snippet:-1, max-image-preview:large, max-video-preview:-1\" \/>\n<link rel=\"canonical\" href=\"https:\/\/aaknives.eu\/sv\/product\/blad-werewolf-steel-bohler-m390-microclean\/\" \/>\n<meta property=\"og:locale\" content=\"sv_SE\" \/>\n<meta property=\"og:type\" content=\"article\" \/>\n<meta property=\"og:title\" content=\"Blad &#039;&#039;WEREWOLF&quot;, Steel B\u00d6HLER&quot; M390&quot; MicroClean - AAKnives\" \/>\n<meta property=\"og:description\" content=\"Blad &#039;&#039;WEREWOLF&quot;, Steel B\u00d6HLER&quot; M390&quot; MicroClean\" \/>\n<meta property=\"og:url\" content=\"https:\/\/aaknives.eu\/sv\/product\/blad-werewolf-steel-bohler-m390-microclean\/\" \/>\n<meta property=\"og:site_name\" content=\"AAKnives\" \/>\n<meta property=\"article:publisher\" content=\"https:\/\/www.facebook.com\/aaknives.eu\/\" \/>\n<meta property=\"article:modified_time\" content=\"2025-01-30T12:07:01+00:00\" \/>\n<meta property=\"og:image\" content=\"https:\/\/aaknives.eu\/wp-content\/uploads\/2024\/11\/aaknives-hand-forged-dabascus-steel-blade-knife-handmade-custom-made-knife-handcrafted-knives-autinetools-northmen-43.jpg\" \/>\n\t<meta property=\"og:image:width\" content=\"1020\" \/>\n\t<meta property=\"og:image:height\" content=\"880\" \/>\n\t<meta property=\"og:image:type\" content=\"image\/jpeg\" \/>\n<meta name=\"twitter:card\" content=\"summary_large_image\" \/>\n<meta name=\"twitter:label1\" content=\"Ber\u00e4knad l\u00e4stid\" \/>\n\t<meta name=\"twitter:data1\" content=\"1 minut\" \/>\n<script type=\"application\/ld+json\" class=\"yoast-schema-graph\">{\"@context\":\"https:\\\/\\\/schema.org\",\"@graph\":[{\"@type\":\"WebPage\",\"@id\":\"https:\\\/\\\/aaknives.eu\\\/sv\\\/product\\\/blad-werewolf-steel-bohler-m390-microclean\\\/\",\"url\":\"https:\\\/\\\/aaknives.eu\\\/sv\\\/product\\\/blad-werewolf-steel-bohler-m390-microclean\\\/\",\"name\":\"Blad ''WEREWOLF\\\", Steel B\u00d6HLER\\\" M390\\\" MicroClean - AAKnives\",\"isPartOf\":{\"@id\":\"https:\\\/\\\/aaknives.eu\\\/sv\\\/#website\"},\"primaryImageOfPage\":{\"@id\":\"https:\\\/\\\/aaknives.eu\\\/sv\\\/product\\\/blad-werewolf-steel-bohler-m390-microclean\\\/#primaryimage\"},\"image\":{\"@id\":\"https:\\\/\\\/aaknives.eu\\\/sv\\\/product\\\/blad-werewolf-steel-bohler-m390-microclean\\\/#primaryimage\"},\"thumbnailUrl\":\"https:\\\/\\\/aaknives.eu\\\/wp-content\\\/uploads\\\/2024\\\/11\\\/aaknives-hand-forged-dabascus-steel-blade-knife-handmade-custom-made-knife-handcrafted-knives-autinetools-northmen-43.jpg\",\"datePublished\":\"2024-11-04T17:26:19+00:00\",\"dateModified\":\"2025-01-30T12:07:01+00:00\",\"description\":\"Blad ''WEREWOLF\\\", Steel B\u00d6HLER\\\" M390\\\" MicroClean\",\"breadcrumb\":{\"@id\":\"https:\\\/\\\/aaknives.eu\\\/sv\\\/product\\\/blad-werewolf-steel-bohler-m390-microclean\\\/#breadcrumb\"},\"inLanguage\":\"sv-SE\",\"potentialAction\":[{\"@type\":\"ReadAction\",\"target\":[\"https:\\\/\\\/aaknives.eu\\\/sv\\\/product\\\/blad-werewolf-steel-bohler-m390-microclean\\\/\"]}]},{\"@type\":\"ImageObject\",\"inLanguage\":\"sv-SE\",\"@id\":\"https:\\\/\\\/aaknives.eu\\\/sv\\\/product\\\/blad-werewolf-steel-bohler-m390-microclean\\\/#primaryimage\",\"url\":\"https:\\\/\\\/aaknives.eu\\\/wp-content\\\/uploads\\\/2024\\\/11\\\/aaknives-hand-forged-dabascus-steel-blade-knife-handmade-custom-made-knife-handcrafted-knives-autinetools-northmen-43.jpg\",\"contentUrl\":\"https:\\\/\\\/aaknives.eu\\\/wp-content\\\/uploads\\\/2024\\\/11\\\/aaknives-hand-forged-dabascus-steel-blade-knife-handmade-custom-made-knife-handcrafted-knives-autinetools-northmen-43.jpg\",\"width\":1020,\"height\":880},{\"@type\":\"BreadcrumbList\",\"@id\":\"https:\\\/\\\/aaknives.eu\\\/sv\\\/product\\\/blad-werewolf-steel-bohler-m390-microclean\\\/#breadcrumb\",\"itemListElement\":[{\"@type\":\"ListItem\",\"position\":1,\"name\":\"Home\",\"item\":\"https:\\\/\\\/aaknives.eu\\\/sv\\\/\"},{\"@type\":\"ListItem\",\"position\":2,\"name\":\"Butik\",\"item\":\"https:\\\/\\\/aaknives.eu\\\/butik\\\/\"},{\"@type\":\"ListItem\",\"position\":3,\"name\":\"Blad &#8221;WEREWOLF&#8221;, Steel B\u00d6HLER&#8221; M390&#8243; MicroClean\"}]},{\"@type\":\"WebSite\",\"@id\":\"https:\\\/\\\/aaknives.eu\\\/sv\\\/#website\",\"url\":\"https:\\\/\\\/aaknives.eu\\\/sv\\\/\",\"name\":\"AAKnives\",\"description\":\"Handmade knives\",\"publisher\":{\"@id\":\"https:\\\/\\\/aaknives.eu\\\/sv\\\/#organization\"},\"potentialAction\":[{\"@type\":\"SearchAction\",\"target\":{\"@type\":\"EntryPoint\",\"urlTemplate\":\"https:\\\/\\\/aaknives.eu\\\/sv\\\/?s={search_term_string}\"},\"query-input\":{\"@type\":\"PropertyValueSpecification\",\"valueRequired\":true,\"valueName\":\"search_term_string\"}}],\"inLanguage\":\"sv-SE\"},{\"@type\":\"Organization\",\"@id\":\"https:\\\/\\\/aaknives.eu\\\/sv\\\/#organization\",\"name\":\"AAKnives\",\"url\":\"https:\\\/\\\/aaknives.eu\\\/sv\\\/\",\"logo\":{\"@type\":\"ImageObject\",\"inLanguage\":\"sv-SE\",\"@id\":\"https:\\\/\\\/aaknives.eu\\\/sv\\\/#\\\/schema\\\/logo\\\/image\\\/\",\"url\":\"https:\\\/\\\/aaknives.eu\\\/wp-content\\\/uploads\\\/2021\\\/10\\\/AAknives_Logo_Green.png\",\"contentUrl\":\"https:\\\/\\\/aaknives.eu\\\/wp-content\\\/uploads\\\/2021\\\/10\\\/AAknives_Logo_Green.png\",\"width\":1768,\"height\":1768,\"caption\":\"AAKnives\"},\"image\":{\"@id\":\"https:\\\/\\\/aaknives.eu\\\/sv\\\/#\\\/schema\\\/logo\\\/image\\\/\"},\"sameAs\":[\"https:\\\/\\\/www.facebook.com\\\/aaknives.eu\\\/\",\"https:\\\/\\\/www.instagram.com\\\/aaknives\\\/\",\"https:\\\/\\\/www.pinterest.com\\\/aa_knives\\\/\",\"https:\\\/\\\/www.youtube.com\\\/channel\\\/UCHOQFjrOkgT6s4FIw9LDKyw\\\/featured\"]}]}<\/script>\n<!-- \/ Yoast SEO plugin. -->","yoast_head_json":{"title":"Blad ''WEREWOLF\", Steel B\u00d6HLER\" M390\" MicroClean - AAKnives","description":"Blad ''WEREWOLF\", Steel B\u00d6HLER\" M390\" MicroClean","robots":{"index":"index","follow":"follow","max-snippet":"max-snippet:-1","max-image-preview":"max-image-preview:large","max-video-preview":"max-video-preview:-1"},"canonical":"https:\/\/aaknives.eu\/sv\/product\/blad-werewolf-steel-bohler-m390-microclean\/","og_locale":"sv_SE","og_type":"article","og_title":"Blad ''WEREWOLF\", Steel B\u00d6HLER\" M390\" MicroClean - AAKnives","og_description":"Blad ''WEREWOLF\", Steel B\u00d6HLER\" M390\" MicroClean","og_url":"https:\/\/aaknives.eu\/sv\/product\/blad-werewolf-steel-bohler-m390-microclean\/","og_site_name":"AAKnives","article_publisher":"https:\/\/www.facebook.com\/aaknives.eu\/","article_modified_time":"2025-01-30T12:07:01+00:00","og_image":[{"width":1020,"height":880,"url":"https:\/\/aaknives.eu\/wp-content\/uploads\/2024\/11\/aaknives-hand-forged-dabascus-steel-blade-knife-handmade-custom-made-knife-handcrafted-knives-autinetools-northmen-43.jpg","type":"image\/jpeg"}],"twitter_card":"summary_large_image","twitter_misc":{"Ber\u00e4knad l\u00e4stid":"1 minut"},"schema":{"@context":"https:\/\/schema.org","@graph":[{"@type":"WebPage","@id":"https:\/\/aaknives.eu\/sv\/product\/blad-werewolf-steel-bohler-m390-microclean\/","url":"https:\/\/aaknives.eu\/sv\/product\/blad-werewolf-steel-bohler-m390-microclean\/","name":"Blad ''WEREWOLF\", Steel B\u00d6HLER\" M390\" MicroClean - AAKnives","isPartOf":{"@id":"https:\/\/aaknives.eu\/sv\/#website"},"primaryImageOfPage":{"@id":"https:\/\/aaknives.eu\/sv\/product\/blad-werewolf-steel-bohler-m390-microclean\/#primaryimage"},"image":{"@id":"https:\/\/aaknives.eu\/sv\/product\/blad-werewolf-steel-bohler-m390-microclean\/#primaryimage"},"thumbnailUrl":"https:\/\/aaknives.eu\/wp-content\/uploads\/2024\/11\/aaknives-hand-forged-dabascus-steel-blade-knife-handmade-custom-made-knife-handcrafted-knives-autinetools-northmen-43.jpg","datePublished":"2024-11-04T17:26:19+00:00","dateModified":"2025-01-30T12:07:01+00:00","description":"Blad ''WEREWOLF\", Steel B\u00d6HLER\" M390\" MicroClean","breadcrumb":{"@id":"https:\/\/aaknives.eu\/sv\/product\/blad-werewolf-steel-bohler-m390-microclean\/#breadcrumb"},"inLanguage":"sv-SE","potentialAction":[{"@type":"ReadAction","target":["https:\/\/aaknives.eu\/sv\/product\/blad-werewolf-steel-bohler-m390-microclean\/"]}]},{"@type":"ImageObject","inLanguage":"sv-SE","@id":"https:\/\/aaknives.eu\/sv\/product\/blad-werewolf-steel-bohler-m390-microclean\/#primaryimage","url":"https:\/\/aaknives.eu\/wp-content\/uploads\/2024\/11\/aaknives-hand-forged-dabascus-steel-blade-knife-handmade-custom-made-knife-handcrafted-knives-autinetools-northmen-43.jpg","contentUrl":"https:\/\/aaknives.eu\/wp-content\/uploads\/2024\/11\/aaknives-hand-forged-dabascus-steel-blade-knife-handmade-custom-made-knife-handcrafted-knives-autinetools-northmen-43.jpg","width":1020,"height":880},{"@type":"BreadcrumbList","@id":"https:\/\/aaknives.eu\/sv\/product\/blad-werewolf-steel-bohler-m390-microclean\/#breadcrumb","itemListElement":[{"@type":"ListItem","position":1,"name":"Home","item":"https:\/\/aaknives.eu\/sv\/"},{"@type":"ListItem","position":2,"name":"Butik","item":"https:\/\/aaknives.eu\/butik\/"},{"@type":"ListItem","position":3,"name":"Blad &#8221;WEREWOLF&#8221;, Steel B\u00d6HLER&#8221; M390&#8243; MicroClean"}]},{"@type":"WebSite","@id":"https:\/\/aaknives.eu\/sv\/#website","url":"https:\/\/aaknives.eu\/sv\/","name":"AAKnives","description":"Handmade knives","publisher":{"@id":"https:\/\/aaknives.eu\/sv\/#organization"},"potentialAction":[{"@type":"SearchAction","target":{"@type":"EntryPoint","urlTemplate":"https:\/\/aaknives.eu\/sv\/?s={search_term_string}"},"query-input":{"@type":"PropertyValueSpecification","valueRequired":true,"valueName":"search_term_string"}}],"inLanguage":"sv-SE"},{"@type":"Organization","@id":"https:\/\/aaknives.eu\/sv\/#organization","name":"AAKnives","url":"https:\/\/aaknives.eu\/sv\/","logo":{"@type":"ImageObject","inLanguage":"sv-SE","@id":"https:\/\/aaknives.eu\/sv\/#\/schema\/logo\/image\/","url":"https:\/\/aaknives.eu\/wp-content\/uploads\/2021\/10\/AAknives_Logo_Green.png","contentUrl":"https:\/\/aaknives.eu\/wp-content\/uploads\/2021\/10\/AAknives_Logo_Green.png","width":1768,"height":1768,"caption":"AAKnives"},"image":{"@id":"https:\/\/aaknives.eu\/sv\/#\/schema\/logo\/image\/"},"sameAs":["https:\/\/www.facebook.com\/aaknives.eu\/","https:\/\/www.instagram.com\/aaknives\/","https:\/\/www.pinterest.com\/aa_knives\/","https:\/\/www.youtube.com\/channel\/UCHOQFjrOkgT6s4FIw9LDKyw\/featured"]}]}},"_links":{"self":[{"href":"https:\/\/aaknives.eu\/sv\/wp-json\/wp\/v2\/product\/91763","targetHints":{"allow":["GET"]}}],"collection":[{"href":"https:\/\/aaknives.eu\/sv\/wp-json\/wp\/v2\/product"}],"about":[{"href":"https:\/\/aaknives.eu\/sv\/wp-json\/wp\/v2\/types\/product"}],"wp:featuredmedia":[{"embeddable":true,"href":"https:\/\/aaknives.eu\/sv\/wp-json\/wp\/v2\/media\/91792"}],"wp:attachment":[{"href":"https:\/\/aaknives.eu\/sv\/wp-json\/wp\/v2\/media?parent=91763"}],"wp:term":[{"taxonomy":"product_brand","embeddable":true,"href":"https:\/\/aaknives.eu\/sv\/wp-json\/wp\/v2\/product_brand?post=91763"},{"taxonomy":"product_cat","embeddable":true,"href":"https:\/\/aaknives.eu\/sv\/wp-json\/wp\/v2\/product_cat?post=91763"},{"taxonomy":"product_tag","embeddable":true,"href":"https:\/\/aaknives.eu\/sv\/wp-json\/wp\/v2\/product_tag?post=91763"}],"curies":[{"name":"wp","href":"https:\/\/api.w.org\/{rel}","templated":true}]}}