{"id":94726,"date":"2025-01-15T09:33:32","date_gmt":"2025-01-15T09:33:32","guid":{"rendered":"https:\/\/aaknives.eu\/?post_type=product&#038;p=94726"},"modified":"2025-01-15T09:44:41","modified_gmt":"2025-01-15T09:44:41","slug":"anordning-for-slipning-av-knivar-model-10-svart","status":"publish","type":"product","link":"https:\/\/aaknives.eu\/sv\/product\/anordning-for-slipning-av-knivar-model-10-svart\/","title":{"rendered":"Anordning f\u00f6r slipning av knivar &#8220;Model 10&#8221; svart"},"content":{"rendered":"<p>Denna enhet tog h\u00e4nsyn till \u00f6nskem\u00e5len fr\u00e5n hemanv\u00e4ndare och proffs av sk\u00e4rpningsenheter. F\u00f6r det f\u00f6rsta, dess storlek. Detta \u00e4r en kompakt enhet som har en vikt p\u00e5 3 230 gram. Dvs den \u00e4r stabil. Basen \u00e4r gjord av st\u00e5l och har gummif\u00f6tter. Enheten \u00e4r m\u00e5lad med h\u00f6gkvalitativ pulverf\u00e4rg. Detta \u00e4r v\u00e4rldens f\u00f6rsta enhet med magnetiskt nodl\u00e5s.<br \/>\nVridmekanismen \u00e4r byggd p\u00e5 ett dubbelradigt kullager. Den har en integrerad axel. Lagret kr\u00e4ver inget underh\u00e5ll.<br \/>\nDet \u00e4r sv\u00e5rt att beskriva driften av noden i enkla ord.<br \/>\nVi lyckades \u00e4ven implementera en 10-delad knivram i denna enhet. Genom att skruva loss de tv\u00e5 skruvarna p\u00e5 ramen kan operat\u00f6ren inspektera kniven och dess eggtillst\u00e5nd samtidigt som kniven slipas utan att ta bort den fr\u00e5n kl\u00e4mmorna.<\/p>\n<p>V\u00e5ra enheter har implementerat den f\u00f6rsta parkeringskroken som \u00e4r inbyggd i sk\u00e4rpan. Den f\u00f6rsta massproduktionen av helfr\u00e4sta knivkl\u00e4mmor.<\/p>\n<p>Bladkl\u00e4mmorna i den ursprungliga designen \u00e4r gjorda av legering 7075, v\u00e4rmebehandlad.<br \/>\nDen horisontella styrst\u00e5ngen med en diameter p\u00e5 8 mm \u00e4r gjord av legerat rostfritt st\u00e5l, har en h\u00e5rdhet p\u00e5 58-60 HRC, en ytr\u00e5het p\u00e5 0,4 Ra.<\/p>\n<p>Enheten \u00e4r designad f\u00f6r att slipa k\u00f6k, jakt, f\u00e4llknivar av olika former och storlekar. P\u00e5 grund av den exakta och stabila fixeringen av kniven i enhetens kl\u00e4mmor, samt m\u00f6jligheten att v\u00e4nda kniven utan att ta bort den fr\u00e5n kl\u00e4mmorna, \u00e4r slipningen snabb, enkel och kr\u00e4ver inga speciella operat\u00f6rsf\u00e4rdigheter. Slipningsvinkeln \u00e4ndras genom att lyfta eller s\u00e4nka g\u00e5ngj\u00e4rnsenheten l\u00e4ngs den vertikala st\u00e4llningen.<\/p>\n","protected":false},"excerpt":{"rendered":"<p>Knivslipningsanordning &#8221; Kazak PRO&#8221;<\/p>\n","protected":false},"featured_media":94734,"template":"","meta":{"_themeisle_gutenberg_block_has_review":false},"product_brand":[],"product_cat":[415],"product_tag":[],"class_list":{"0":"post-94726","1":"product","2":"type-product","3":"status-publish","4":"has-post-thumbnail","6":"product_cat-knivslipning-knivslipmaskiner","8":"first","9":"instock","10":"shipping-taxable","11":"purchasable","12":"product-type-simple"},"yoast_head":"<!-- This site is optimized with the Yoast SEO plugin v27.3 - https:\/\/yoast.com\/product\/yoast-seo-wordpress\/ -->\n<title>Anordning f\u00f6r slipning av knivar &quot;Model 10&quot; svart - AAKnives<\/title>\n<meta name=\"description\" content=\"Anordning f\u00f6r slipning av knivar &quot;Model 10&quot; svart\" \/>\n<meta name=\"robots\" content=\"index, follow, max-snippet:-1, max-image-preview:large, max-video-preview:-1\" \/>\n<link rel=\"canonical\" href=\"https:\/\/aaknives.eu\/sv\/product\/anordning-for-slipning-av-knivar-model-10-svart\/\" \/>\n<meta property=\"og:locale\" content=\"sv_SE\" \/>\n<meta property=\"og:type\" content=\"article\" \/>\n<meta property=\"og:title\" content=\"Anordning f\u00f6r slipning av knivar &quot;Model 10&quot; svart - AAKnives\" \/>\n<meta property=\"og:description\" content=\"Anordning f\u00f6r slipning av knivar &quot;Model 10&quot; svart\" \/>\n<meta property=\"og:url\" content=\"https:\/\/aaknives.eu\/sv\/product\/anordning-for-slipning-av-knivar-model-10-svart\/\" \/>\n<meta property=\"og:site_name\" content=\"AAKnives\" \/>\n<meta property=\"article:publisher\" content=\"https:\/\/www.facebook.com\/aaknives.eu\/\" \/>\n<meta property=\"article:modified_time\" content=\"2025-01-15T09:44:41+00:00\" \/>\n<meta property=\"og:image\" content=\"https:\/\/aaknives.eu\/wp-content\/uploads\/2025\/01\/aaknives-hand-forged-dabascus-steel-blade-knife-handmade-custom-made-knife-handcrafted-knives-autinetools-northmen-1-5.jpg\" \/>\n\t<meta property=\"og:image:width\" content=\"2560\" \/>\n\t<meta property=\"og:image:height\" content=\"1703\" \/>\n\t<meta property=\"og:image:type\" content=\"image\/jpeg\" \/>\n<meta name=\"twitter:card\" content=\"summary_large_image\" \/>\n<meta name=\"twitter:label1\" content=\"Ber\u00e4knad l\u00e4stid\" \/>\n\t<meta name=\"twitter:data1\" content=\"1 minut\" \/>\n<script type=\"application\/ld+json\" class=\"yoast-schema-graph\">{\"@context\":\"https:\\\/\\\/schema.org\",\"@graph\":[{\"@type\":\"WebPage\",\"@id\":\"https:\\\/\\\/aaknives.eu\\\/sv\\\/product\\\/anordning-for-slipning-av-knivar-model-10-svart\\\/\",\"url\":\"https:\\\/\\\/aaknives.eu\\\/sv\\\/product\\\/anordning-for-slipning-av-knivar-model-10-svart\\\/\",\"name\":\"Anordning f\u00f6r slipning av knivar \\\"Model 10\\\" svart - AAKnives\",\"isPartOf\":{\"@id\":\"https:\\\/\\\/aaknives.eu\\\/sv\\\/#website\"},\"primaryImageOfPage\":{\"@id\":\"https:\\\/\\\/aaknives.eu\\\/sv\\\/product\\\/anordning-for-slipning-av-knivar-model-10-svart\\\/#primaryimage\"},\"image\":{\"@id\":\"https:\\\/\\\/aaknives.eu\\\/sv\\\/product\\\/anordning-for-slipning-av-knivar-model-10-svart\\\/#primaryimage\"},\"thumbnailUrl\":\"https:\\\/\\\/aaknives.eu\\\/wp-content\\\/uploads\\\/2025\\\/01\\\/aaknives-hand-forged-dabascus-steel-blade-knife-handmade-custom-made-knife-handcrafted-knives-autinetools-northmen-1-5.jpg\",\"datePublished\":\"2025-01-15T09:33:32+00:00\",\"dateModified\":\"2025-01-15T09:44:41+00:00\",\"description\":\"Anordning f\u00f6r slipning av knivar \\\"Model 10\\\" svart\",\"breadcrumb\":{\"@id\":\"https:\\\/\\\/aaknives.eu\\\/sv\\\/product\\\/anordning-for-slipning-av-knivar-model-10-svart\\\/#breadcrumb\"},\"inLanguage\":\"sv-SE\",\"potentialAction\":[{\"@type\":\"ReadAction\",\"target\":[\"https:\\\/\\\/aaknives.eu\\\/sv\\\/product\\\/anordning-for-slipning-av-knivar-model-10-svart\\\/\"]}]},{\"@type\":\"ImageObject\",\"inLanguage\":\"sv-SE\",\"@id\":\"https:\\\/\\\/aaknives.eu\\\/sv\\\/product\\\/anordning-for-slipning-av-knivar-model-10-svart\\\/#primaryimage\",\"url\":\"https:\\\/\\\/aaknives.eu\\\/wp-content\\\/uploads\\\/2025\\\/01\\\/aaknives-hand-forged-dabascus-steel-blade-knife-handmade-custom-made-knife-handcrafted-knives-autinetools-northmen-1-5.jpg\",\"contentUrl\":\"https:\\\/\\\/aaknives.eu\\\/wp-content\\\/uploads\\\/2025\\\/01\\\/aaknives-hand-forged-dabascus-steel-blade-knife-handmade-custom-made-knife-handcrafted-knives-autinetools-northmen-1-5.jpg\",\"width\":2560,\"height\":1703,\"caption\":\"SONY DSC\"},{\"@type\":\"BreadcrumbList\",\"@id\":\"https:\\\/\\\/aaknives.eu\\\/sv\\\/product\\\/anordning-for-slipning-av-knivar-model-10-svart\\\/#breadcrumb\",\"itemListElement\":[{\"@type\":\"ListItem\",\"position\":1,\"name\":\"Home\",\"item\":\"https:\\\/\\\/aaknives.eu\\\/sv\\\/\"},{\"@type\":\"ListItem\",\"position\":2,\"name\":\"Butik\",\"item\":\"https:\\\/\\\/aaknives.eu\\\/butik\\\/\"},{\"@type\":\"ListItem\",\"position\":3,\"name\":\"Anordning f\u00f6r slipning av knivar &#8220;Model 10&#8221; svart\"}]},{\"@type\":\"WebSite\",\"@id\":\"https:\\\/\\\/aaknives.eu\\\/sv\\\/#website\",\"url\":\"https:\\\/\\\/aaknives.eu\\\/sv\\\/\",\"name\":\"AAKnives\",\"description\":\"Handmade knives\",\"publisher\":{\"@id\":\"https:\\\/\\\/aaknives.eu\\\/sv\\\/#organization\"},\"potentialAction\":[{\"@type\":\"SearchAction\",\"target\":{\"@type\":\"EntryPoint\",\"urlTemplate\":\"https:\\\/\\\/aaknives.eu\\\/sv\\\/?s={search_term_string}\"},\"query-input\":{\"@type\":\"PropertyValueSpecification\",\"valueRequired\":true,\"valueName\":\"search_term_string\"}}],\"inLanguage\":\"sv-SE\"},{\"@type\":\"Organization\",\"@id\":\"https:\\\/\\\/aaknives.eu\\\/sv\\\/#organization\",\"name\":\"AAKnives\",\"url\":\"https:\\\/\\\/aaknives.eu\\\/sv\\\/\",\"logo\":{\"@type\":\"ImageObject\",\"inLanguage\":\"sv-SE\",\"@id\":\"https:\\\/\\\/aaknives.eu\\\/sv\\\/#\\\/schema\\\/logo\\\/image\\\/\",\"url\":\"https:\\\/\\\/aaknives.eu\\\/wp-content\\\/uploads\\\/2021\\\/10\\\/AAknives_Logo_Green.png\",\"contentUrl\":\"https:\\\/\\\/aaknives.eu\\\/wp-content\\\/uploads\\\/2021\\\/10\\\/AAknives_Logo_Green.png\",\"width\":1768,\"height\":1768,\"caption\":\"AAKnives\"},\"image\":{\"@id\":\"https:\\\/\\\/aaknives.eu\\\/sv\\\/#\\\/schema\\\/logo\\\/image\\\/\"},\"sameAs\":[\"https:\\\/\\\/www.facebook.com\\\/aaknives.eu\\\/\",\"https:\\\/\\\/www.instagram.com\\\/aaknives\\\/\",\"https:\\\/\\\/www.pinterest.com\\\/aa_knives\\\/\",\"https:\\\/\\\/www.youtube.com\\\/channel\\\/UCHOQFjrOkgT6s4FIw9LDKyw\\\/featured\"]}]}<\/script>\n<!-- \/ Yoast SEO plugin. -->","yoast_head_json":{"title":"Anordning f\u00f6r slipning av knivar \"Model 10\" svart - AAKnives","description":"Anordning f\u00f6r slipning av knivar \"Model 10\" svart","robots":{"index":"index","follow":"follow","max-snippet":"max-snippet:-1","max-image-preview":"max-image-preview:large","max-video-preview":"max-video-preview:-1"},"canonical":"https:\/\/aaknives.eu\/sv\/product\/anordning-for-slipning-av-knivar-model-10-svart\/","og_locale":"sv_SE","og_type":"article","og_title":"Anordning f\u00f6r slipning av knivar \"Model 10\" svart - AAKnives","og_description":"Anordning f\u00f6r slipning av knivar \"Model 10\" svart","og_url":"https:\/\/aaknives.eu\/sv\/product\/anordning-for-slipning-av-knivar-model-10-svart\/","og_site_name":"AAKnives","article_publisher":"https:\/\/www.facebook.com\/aaknives.eu\/","article_modified_time":"2025-01-15T09:44:41+00:00","og_image":[{"width":2560,"height":1703,"url":"https:\/\/aaknives.eu\/wp-content\/uploads\/2025\/01\/aaknives-hand-forged-dabascus-steel-blade-knife-handmade-custom-made-knife-handcrafted-knives-autinetools-northmen-1-5.jpg","type":"image\/jpeg"}],"twitter_card":"summary_large_image","twitter_misc":{"Ber\u00e4knad l\u00e4stid":"1 minut"},"schema":{"@context":"https:\/\/schema.org","@graph":[{"@type":"WebPage","@id":"https:\/\/aaknives.eu\/sv\/product\/anordning-for-slipning-av-knivar-model-10-svart\/","url":"https:\/\/aaknives.eu\/sv\/product\/anordning-for-slipning-av-knivar-model-10-svart\/","name":"Anordning f\u00f6r slipning av knivar \"Model 10\" svart - AAKnives","isPartOf":{"@id":"https:\/\/aaknives.eu\/sv\/#website"},"primaryImageOfPage":{"@id":"https:\/\/aaknives.eu\/sv\/product\/anordning-for-slipning-av-knivar-model-10-svart\/#primaryimage"},"image":{"@id":"https:\/\/aaknives.eu\/sv\/product\/anordning-for-slipning-av-knivar-model-10-svart\/#primaryimage"},"thumbnailUrl":"https:\/\/aaknives.eu\/wp-content\/uploads\/2025\/01\/aaknives-hand-forged-dabascus-steel-blade-knife-handmade-custom-made-knife-handcrafted-knives-autinetools-northmen-1-5.jpg","datePublished":"2025-01-15T09:33:32+00:00","dateModified":"2025-01-15T09:44:41+00:00","description":"Anordning f\u00f6r slipning av knivar \"Model 10\" svart","breadcrumb":{"@id":"https:\/\/aaknives.eu\/sv\/product\/anordning-for-slipning-av-knivar-model-10-svart\/#breadcrumb"},"inLanguage":"sv-SE","potentialAction":[{"@type":"ReadAction","target":["https:\/\/aaknives.eu\/sv\/product\/anordning-for-slipning-av-knivar-model-10-svart\/"]}]},{"@type":"ImageObject","inLanguage":"sv-SE","@id":"https:\/\/aaknives.eu\/sv\/product\/anordning-for-slipning-av-knivar-model-10-svart\/#primaryimage","url":"https:\/\/aaknives.eu\/wp-content\/uploads\/2025\/01\/aaknives-hand-forged-dabascus-steel-blade-knife-handmade-custom-made-knife-handcrafted-knives-autinetools-northmen-1-5.jpg","contentUrl":"https:\/\/aaknives.eu\/wp-content\/uploads\/2025\/01\/aaknives-hand-forged-dabascus-steel-blade-knife-handmade-custom-made-knife-handcrafted-knives-autinetools-northmen-1-5.jpg","width":2560,"height":1703,"caption":"SONY DSC"},{"@type":"BreadcrumbList","@id":"https:\/\/aaknives.eu\/sv\/product\/anordning-for-slipning-av-knivar-model-10-svart\/#breadcrumb","itemListElement":[{"@type":"ListItem","position":1,"name":"Home","item":"https:\/\/aaknives.eu\/sv\/"},{"@type":"ListItem","position":2,"name":"Butik","item":"https:\/\/aaknives.eu\/butik\/"},{"@type":"ListItem","position":3,"name":"Anordning f\u00f6r slipning av knivar &#8220;Model 10&#8221; svart"}]},{"@type":"WebSite","@id":"https:\/\/aaknives.eu\/sv\/#website","url":"https:\/\/aaknives.eu\/sv\/","name":"AAKnives","description":"Handmade knives","publisher":{"@id":"https:\/\/aaknives.eu\/sv\/#organization"},"potentialAction":[{"@type":"SearchAction","target":{"@type":"EntryPoint","urlTemplate":"https:\/\/aaknives.eu\/sv\/?s={search_term_string}"},"query-input":{"@type":"PropertyValueSpecification","valueRequired":true,"valueName":"search_term_string"}}],"inLanguage":"sv-SE"},{"@type":"Organization","@id":"https:\/\/aaknives.eu\/sv\/#organization","name":"AAKnives","url":"https:\/\/aaknives.eu\/sv\/","logo":{"@type":"ImageObject","inLanguage":"sv-SE","@id":"https:\/\/aaknives.eu\/sv\/#\/schema\/logo\/image\/","url":"https:\/\/aaknives.eu\/wp-content\/uploads\/2021\/10\/AAknives_Logo_Green.png","contentUrl":"https:\/\/aaknives.eu\/wp-content\/uploads\/2021\/10\/AAknives_Logo_Green.png","width":1768,"height":1768,"caption":"AAKnives"},"image":{"@id":"https:\/\/aaknives.eu\/sv\/#\/schema\/logo\/image\/"},"sameAs":["https:\/\/www.facebook.com\/aaknives.eu\/","https:\/\/www.instagram.com\/aaknives\/","https:\/\/www.pinterest.com\/aa_knives\/","https:\/\/www.youtube.com\/channel\/UCHOQFjrOkgT6s4FIw9LDKyw\/featured"]}]}},"_links":{"self":[{"href":"https:\/\/aaknives.eu\/sv\/wp-json\/wp\/v2\/product\/94726","targetHints":{"allow":["GET"]}}],"collection":[{"href":"https:\/\/aaknives.eu\/sv\/wp-json\/wp\/v2\/product"}],"about":[{"href":"https:\/\/aaknives.eu\/sv\/wp-json\/wp\/v2\/types\/product"}],"wp:featuredmedia":[{"embeddable":true,"href":"https:\/\/aaknives.eu\/sv\/wp-json\/wp\/v2\/media\/94734"}],"wp:attachment":[{"href":"https:\/\/aaknives.eu\/sv\/wp-json\/wp\/v2\/media?parent=94726"}],"wp:term":[{"taxonomy":"product_brand","embeddable":true,"href":"https:\/\/aaknives.eu\/sv\/wp-json\/wp\/v2\/product_brand?post=94726"},{"taxonomy":"product_cat","embeddable":true,"href":"https:\/\/aaknives.eu\/sv\/wp-json\/wp\/v2\/product_cat?post=94726"},{"taxonomy":"product_tag","embeddable":true,"href":"https:\/\/aaknives.eu\/sv\/wp-json\/wp\/v2\/product_tag?post=94726"}],"curies":[{"name":"wp","href":"https:\/\/api.w.org\/{rel}","templated":true}]}}