{"id":97805,"date":"2025-02-26T10:47:06","date_gmt":"2025-02-26T10:47:06","guid":{"rendered":"https:\/\/aaknives.eu\/?post_type=product&#038;p=97805"},"modified":"2025-02-26T10:54:45","modified_gmt":"2025-02-26T10:54:45","slug":"50-40-325-grit-kdtu-hybrid-cbn-diamantslipstenar","status":"publish","type":"product","link":"https:\/\/aaknives.eu\/sv\/product\/50-40-325-grit-kdtu-hybrid-cbn-diamantslipstenar\/","title":{"rendered":"50\/40 325 Grit KDTU Hybrid CBN Diamantslipstenar"},"content":{"rendered":"<p>Universalstenar f\u00f6r bearbetning av h\u00e5rda och mjuka st\u00e5l. Kan anv\u00e4ndas b\u00e5de torrt och med olja f\u00f6r att f\u00f6rb\u00e4ttra finishen, speciellt i slutskedet.<\/p>\n<p>Specifikationer:<br \/>\n50\/40 325 Grit<br \/>\nStorlek: 6&#215;1&#8243;150x25x1 mm<br \/>\nBlank: aluminium, 160x25x4 mm<br \/>\nBindning: hybrid (metall-organisk)<br \/>\nSlipmedel: CBN (kubisk bornitrid)<br \/>\nM\u00e4rke: KDTU (Made in Ukraine)<br \/>\nF\u00f6rdelar:<\/p>\n<p>H\u00f6g produktivitet och bearbetningseffektivitet.<br \/>\nReng\u00f6r bearbetningsytan \u00e4ven vid grovbearbetning.<br \/>\nEnkel reng\u00f6ring med olja eller v\u00e5tservetter.<br \/>\nH\u00f6g slitstyrka<br \/>\nL\u00e4mplig f\u00f6r bearbetning av h\u00e5rd- och pulverst\u00e5l med h\u00e5rdhet \u00f6ver 67 HRC.<br \/>\nL\u00e4tt lapping och \u00e5terst\u00e4llande av aggressivitet.<\/p>\n","protected":false},"excerpt":{"rendered":"<p>Universalstenar f\u00f6r bearbetning av h\u00e5rda och mjuka st\u00e5l. Kan anv\u00e4ndas b\u00e5de torrt och med olja f\u00f6r att f\u00f6rb\u00e4ttra finishen, speciellt i slutskedet. Specifikationer: 50\/40 325 Grit Storlek: 6&#215;1&#8243;150x25x1 mm Blank: aluminium, 160x25x4 mm Bindning: hybrid (metall-organisk) Slipmedel: CBN (kubisk bornitrid) M\u00e4rke: KDTU (Made in Ukraine) F\u00f6rdelar: H\u00f6g produktivitet och bearbetningseffektivitet. Reng\u00f6r bearbetningsytan \u00e4ven vid grovbearbetning. Enkel reng\u00f6ring med olja eller v\u00e5tservetter. H\u00f6g slitstyrka L\u00e4mplig f\u00f6r bearbetning av h\u00e5rd- och pulverst\u00e5l med h\u00e5rdhet \u00f6ver 67 HRC. L\u00e4tt lapping och \u00e5terst\u00e4llande av aggressivitet.<\/p>\n","protected":false},"featured_media":97797,"template":"","meta":{"_themeisle_gutenberg_block_has_review":false},"product_brand":[],"product_cat":[415],"product_tag":[],"class_list":{"0":"post-97805","1":"product","2":"type-product","3":"status-publish","4":"has-post-thumbnail","6":"product_cat-knivslipning-knivslipmaskiner","8":"first","9":"instock","10":"shipping-taxable","11":"purchasable","12":"product-type-simple"},"yoast_head":"<!-- This site is optimized with the Yoast SEO plugin v27.3 - https:\/\/yoast.com\/product\/yoast-seo-wordpress\/ -->\n<title>50\/40 325 Grit KDTU Hybrid CBN Diamantslipstenar - AAKnives<\/title>\n<meta name=\"description\" content=\"Universalstenar f\u00f6r bearbetning av h\u00e5rda och mjuka st\u00e5l. Kan anv\u00e4ndas b\u00e5de torrt och med olja f\u00f6r att f\u00f6rb\u00e4ttra finishen, speciellt i slutskedet.\" \/>\n<meta name=\"robots\" content=\"index, follow, max-snippet:-1, max-image-preview:large, max-video-preview:-1\" \/>\n<link rel=\"canonical\" href=\"https:\/\/aaknives.eu\/sv\/product\/50-40-325-grit-kdtu-hybrid-cbn-diamantslipstenar\/\" \/>\n<meta property=\"og:locale\" content=\"sv_SE\" \/>\n<meta property=\"og:type\" content=\"article\" \/>\n<meta property=\"og:title\" content=\"50\/40 325 Grit KDTU Hybrid CBN Diamantslipstenar - AAKnives\" \/>\n<meta property=\"og:description\" content=\"Universalstenar f\u00f6r bearbetning av h\u00e5rda och mjuka st\u00e5l. Kan anv\u00e4ndas b\u00e5de torrt och med olja f\u00f6r att f\u00f6rb\u00e4ttra finishen, speciellt i slutskedet.\" \/>\n<meta property=\"og:url\" content=\"https:\/\/aaknives.eu\/sv\/product\/50-40-325-grit-kdtu-hybrid-cbn-diamantslipstenar\/\" \/>\n<meta property=\"og:site_name\" content=\"AAKnives\" \/>\n<meta property=\"article:publisher\" content=\"https:\/\/www.facebook.com\/aaknives.eu\/\" \/>\n<meta property=\"article:modified_time\" content=\"2025-02-26T10:54:45+00:00\" \/>\n<meta property=\"og:image\" content=\"https:\/\/aaknives.eu\/wp-content\/uploads\/2025\/02\/aaknives-hand-forged-damascus-steel-blade-knife-handmade-custom-made-knife-handcrafted-knives-autinetools-northmen-1.1.jpeg\" \/>\n\t<meta property=\"og:image:width\" content=\"960\" \/>\n\t<meta property=\"og:image:height\" content=\"1280\" \/>\n\t<meta property=\"og:image:type\" content=\"image\/jpeg\" \/>\n<meta name=\"twitter:card\" content=\"summary_large_image\" \/>\n<meta name=\"twitter:label1\" content=\"Ber\u00e4knad l\u00e4stid\" \/>\n\t<meta name=\"twitter:data1\" content=\"1 minut\" \/>\n<script type=\"application\/ld+json\" class=\"yoast-schema-graph\">{\"@context\":\"https:\\\/\\\/schema.org\",\"@graph\":[{\"@type\":\"WebPage\",\"@id\":\"https:\\\/\\\/aaknives.eu\\\/sv\\\/product\\\/50-40-325-grit-kdtu-hybrid-cbn-diamantslipstenar\\\/\",\"url\":\"https:\\\/\\\/aaknives.eu\\\/sv\\\/product\\\/50-40-325-grit-kdtu-hybrid-cbn-diamantslipstenar\\\/\",\"name\":\"50\\\/40 325 Grit KDTU Hybrid CBN Diamantslipstenar - AAKnives\",\"isPartOf\":{\"@id\":\"https:\\\/\\\/aaknives.eu\\\/sv\\\/#website\"},\"primaryImageOfPage\":{\"@id\":\"https:\\\/\\\/aaknives.eu\\\/sv\\\/product\\\/50-40-325-grit-kdtu-hybrid-cbn-diamantslipstenar\\\/#primaryimage\"},\"image\":{\"@id\":\"https:\\\/\\\/aaknives.eu\\\/sv\\\/product\\\/50-40-325-grit-kdtu-hybrid-cbn-diamantslipstenar\\\/#primaryimage\"},\"thumbnailUrl\":\"https:\\\/\\\/aaknives.eu\\\/wp-content\\\/uploads\\\/2025\\\/02\\\/aaknives-hand-forged-damascus-steel-blade-knife-handmade-custom-made-knife-handcrafted-knives-autinetools-northmen-1.1.jpeg\",\"datePublished\":\"2025-02-26T10:47:06+00:00\",\"dateModified\":\"2025-02-26T10:54:45+00:00\",\"description\":\"Universalstenar f\u00f6r bearbetning av h\u00e5rda och mjuka st\u00e5l. Kan anv\u00e4ndas b\u00e5de torrt och med olja f\u00f6r att f\u00f6rb\u00e4ttra finishen, speciellt i slutskedet.\",\"breadcrumb\":{\"@id\":\"https:\\\/\\\/aaknives.eu\\\/sv\\\/product\\\/50-40-325-grit-kdtu-hybrid-cbn-diamantslipstenar\\\/#breadcrumb\"},\"inLanguage\":\"sv-SE\",\"potentialAction\":[{\"@type\":\"ReadAction\",\"target\":[\"https:\\\/\\\/aaknives.eu\\\/sv\\\/product\\\/50-40-325-grit-kdtu-hybrid-cbn-diamantslipstenar\\\/\"]}]},{\"@type\":\"ImageObject\",\"inLanguage\":\"sv-SE\",\"@id\":\"https:\\\/\\\/aaknives.eu\\\/sv\\\/product\\\/50-40-325-grit-kdtu-hybrid-cbn-diamantslipstenar\\\/#primaryimage\",\"url\":\"https:\\\/\\\/aaknives.eu\\\/wp-content\\\/uploads\\\/2025\\\/02\\\/aaknives-hand-forged-damascus-steel-blade-knife-handmade-custom-made-knife-handcrafted-knives-autinetools-northmen-1.1.jpeg\",\"contentUrl\":\"https:\\\/\\\/aaknives.eu\\\/wp-content\\\/uploads\\\/2025\\\/02\\\/aaknives-hand-forged-damascus-steel-blade-knife-handmade-custom-made-knife-handcrafted-knives-autinetools-northmen-1.1.jpeg\",\"width\":960,\"height\":1280},{\"@type\":\"BreadcrumbList\",\"@id\":\"https:\\\/\\\/aaknives.eu\\\/sv\\\/product\\\/50-40-325-grit-kdtu-hybrid-cbn-diamantslipstenar\\\/#breadcrumb\",\"itemListElement\":[{\"@type\":\"ListItem\",\"position\":1,\"name\":\"Home\",\"item\":\"https:\\\/\\\/aaknives.eu\\\/sv\\\/\"},{\"@type\":\"ListItem\",\"position\":2,\"name\":\"Butik\",\"item\":\"https:\\\/\\\/aaknives.eu\\\/butik\\\/\"},{\"@type\":\"ListItem\",\"position\":3,\"name\":\"50\\\/40 325 Grit KDTU Hybrid CBN Diamantslipstenar\"}]},{\"@type\":\"WebSite\",\"@id\":\"https:\\\/\\\/aaknives.eu\\\/sv\\\/#website\",\"url\":\"https:\\\/\\\/aaknives.eu\\\/sv\\\/\",\"name\":\"AAKnives\",\"description\":\"Handmade knives\",\"publisher\":{\"@id\":\"https:\\\/\\\/aaknives.eu\\\/sv\\\/#organization\"},\"potentialAction\":[{\"@type\":\"SearchAction\",\"target\":{\"@type\":\"EntryPoint\",\"urlTemplate\":\"https:\\\/\\\/aaknives.eu\\\/sv\\\/?s={search_term_string}\"},\"query-input\":{\"@type\":\"PropertyValueSpecification\",\"valueRequired\":true,\"valueName\":\"search_term_string\"}}],\"inLanguage\":\"sv-SE\"},{\"@type\":\"Organization\",\"@id\":\"https:\\\/\\\/aaknives.eu\\\/sv\\\/#organization\",\"name\":\"AAKnives\",\"url\":\"https:\\\/\\\/aaknives.eu\\\/sv\\\/\",\"logo\":{\"@type\":\"ImageObject\",\"inLanguage\":\"sv-SE\",\"@id\":\"https:\\\/\\\/aaknives.eu\\\/sv\\\/#\\\/schema\\\/logo\\\/image\\\/\",\"url\":\"https:\\\/\\\/aaknives.eu\\\/wp-content\\\/uploads\\\/2021\\\/10\\\/AAknives_Logo_Green.png\",\"contentUrl\":\"https:\\\/\\\/aaknives.eu\\\/wp-content\\\/uploads\\\/2021\\\/10\\\/AAknives_Logo_Green.png\",\"width\":1768,\"height\":1768,\"caption\":\"AAKnives\"},\"image\":{\"@id\":\"https:\\\/\\\/aaknives.eu\\\/sv\\\/#\\\/schema\\\/logo\\\/image\\\/\"},\"sameAs\":[\"https:\\\/\\\/www.facebook.com\\\/aaknives.eu\\\/\",\"https:\\\/\\\/www.instagram.com\\\/aaknives\\\/\",\"https:\\\/\\\/www.pinterest.com\\\/aa_knives\\\/\",\"https:\\\/\\\/www.youtube.com\\\/channel\\\/UCHOQFjrOkgT6s4FIw9LDKyw\\\/featured\"]}]}<\/script>\n<!-- \/ Yoast SEO plugin. -->","yoast_head_json":{"title":"50\/40 325 Grit KDTU Hybrid CBN Diamantslipstenar - AAKnives","description":"Universalstenar f\u00f6r bearbetning av h\u00e5rda och mjuka st\u00e5l. Kan anv\u00e4ndas b\u00e5de torrt och med olja f\u00f6r att f\u00f6rb\u00e4ttra finishen, speciellt i slutskedet.","robots":{"index":"index","follow":"follow","max-snippet":"max-snippet:-1","max-image-preview":"max-image-preview:large","max-video-preview":"max-video-preview:-1"},"canonical":"https:\/\/aaknives.eu\/sv\/product\/50-40-325-grit-kdtu-hybrid-cbn-diamantslipstenar\/","og_locale":"sv_SE","og_type":"article","og_title":"50\/40 325 Grit KDTU Hybrid CBN Diamantslipstenar - AAKnives","og_description":"Universalstenar f\u00f6r bearbetning av h\u00e5rda och mjuka st\u00e5l. Kan anv\u00e4ndas b\u00e5de torrt och med olja f\u00f6r att f\u00f6rb\u00e4ttra finishen, speciellt i slutskedet.","og_url":"https:\/\/aaknives.eu\/sv\/product\/50-40-325-grit-kdtu-hybrid-cbn-diamantslipstenar\/","og_site_name":"AAKnives","article_publisher":"https:\/\/www.facebook.com\/aaknives.eu\/","article_modified_time":"2025-02-26T10:54:45+00:00","og_image":[{"width":960,"height":1280,"url":"https:\/\/aaknives.eu\/wp-content\/uploads\/2025\/02\/aaknives-hand-forged-damascus-steel-blade-knife-handmade-custom-made-knife-handcrafted-knives-autinetools-northmen-1.1.jpeg","type":"image\/jpeg"}],"twitter_card":"summary_large_image","twitter_misc":{"Ber\u00e4knad l\u00e4stid":"1 minut"},"schema":{"@context":"https:\/\/schema.org","@graph":[{"@type":"WebPage","@id":"https:\/\/aaknives.eu\/sv\/product\/50-40-325-grit-kdtu-hybrid-cbn-diamantslipstenar\/","url":"https:\/\/aaknives.eu\/sv\/product\/50-40-325-grit-kdtu-hybrid-cbn-diamantslipstenar\/","name":"50\/40 325 Grit KDTU Hybrid CBN Diamantslipstenar - AAKnives","isPartOf":{"@id":"https:\/\/aaknives.eu\/sv\/#website"},"primaryImageOfPage":{"@id":"https:\/\/aaknives.eu\/sv\/product\/50-40-325-grit-kdtu-hybrid-cbn-diamantslipstenar\/#primaryimage"},"image":{"@id":"https:\/\/aaknives.eu\/sv\/product\/50-40-325-grit-kdtu-hybrid-cbn-diamantslipstenar\/#primaryimage"},"thumbnailUrl":"https:\/\/aaknives.eu\/wp-content\/uploads\/2025\/02\/aaknives-hand-forged-damascus-steel-blade-knife-handmade-custom-made-knife-handcrafted-knives-autinetools-northmen-1.1.jpeg","datePublished":"2025-02-26T10:47:06+00:00","dateModified":"2025-02-26T10:54:45+00:00","description":"Universalstenar f\u00f6r bearbetning av h\u00e5rda och mjuka st\u00e5l. Kan anv\u00e4ndas b\u00e5de torrt och med olja f\u00f6r att f\u00f6rb\u00e4ttra finishen, speciellt i slutskedet.","breadcrumb":{"@id":"https:\/\/aaknives.eu\/sv\/product\/50-40-325-grit-kdtu-hybrid-cbn-diamantslipstenar\/#breadcrumb"},"inLanguage":"sv-SE","potentialAction":[{"@type":"ReadAction","target":["https:\/\/aaknives.eu\/sv\/product\/50-40-325-grit-kdtu-hybrid-cbn-diamantslipstenar\/"]}]},{"@type":"ImageObject","inLanguage":"sv-SE","@id":"https:\/\/aaknives.eu\/sv\/product\/50-40-325-grit-kdtu-hybrid-cbn-diamantslipstenar\/#primaryimage","url":"https:\/\/aaknives.eu\/wp-content\/uploads\/2025\/02\/aaknives-hand-forged-damascus-steel-blade-knife-handmade-custom-made-knife-handcrafted-knives-autinetools-northmen-1.1.jpeg","contentUrl":"https:\/\/aaknives.eu\/wp-content\/uploads\/2025\/02\/aaknives-hand-forged-damascus-steel-blade-knife-handmade-custom-made-knife-handcrafted-knives-autinetools-northmen-1.1.jpeg","width":960,"height":1280},{"@type":"BreadcrumbList","@id":"https:\/\/aaknives.eu\/sv\/product\/50-40-325-grit-kdtu-hybrid-cbn-diamantslipstenar\/#breadcrumb","itemListElement":[{"@type":"ListItem","position":1,"name":"Home","item":"https:\/\/aaknives.eu\/sv\/"},{"@type":"ListItem","position":2,"name":"Butik","item":"https:\/\/aaknives.eu\/butik\/"},{"@type":"ListItem","position":3,"name":"50\/40 325 Grit KDTU Hybrid CBN Diamantslipstenar"}]},{"@type":"WebSite","@id":"https:\/\/aaknives.eu\/sv\/#website","url":"https:\/\/aaknives.eu\/sv\/","name":"AAKnives","description":"Handmade knives","publisher":{"@id":"https:\/\/aaknives.eu\/sv\/#organization"},"potentialAction":[{"@type":"SearchAction","target":{"@type":"EntryPoint","urlTemplate":"https:\/\/aaknives.eu\/sv\/?s={search_term_string}"},"query-input":{"@type":"PropertyValueSpecification","valueRequired":true,"valueName":"search_term_string"}}],"inLanguage":"sv-SE"},{"@type":"Organization","@id":"https:\/\/aaknives.eu\/sv\/#organization","name":"AAKnives","url":"https:\/\/aaknives.eu\/sv\/","logo":{"@type":"ImageObject","inLanguage":"sv-SE","@id":"https:\/\/aaknives.eu\/sv\/#\/schema\/logo\/image\/","url":"https:\/\/aaknives.eu\/wp-content\/uploads\/2021\/10\/AAknives_Logo_Green.png","contentUrl":"https:\/\/aaknives.eu\/wp-content\/uploads\/2021\/10\/AAknives_Logo_Green.png","width":1768,"height":1768,"caption":"AAKnives"},"image":{"@id":"https:\/\/aaknives.eu\/sv\/#\/schema\/logo\/image\/"},"sameAs":["https:\/\/www.facebook.com\/aaknives.eu\/","https:\/\/www.instagram.com\/aaknives\/","https:\/\/www.pinterest.com\/aa_knives\/","https:\/\/www.youtube.com\/channel\/UCHOQFjrOkgT6s4FIw9LDKyw\/featured"]}]}},"_links":{"self":[{"href":"https:\/\/aaknives.eu\/sv\/wp-json\/wp\/v2\/product\/97805","targetHints":{"allow":["GET"]}}],"collection":[{"href":"https:\/\/aaknives.eu\/sv\/wp-json\/wp\/v2\/product"}],"about":[{"href":"https:\/\/aaknives.eu\/sv\/wp-json\/wp\/v2\/types\/product"}],"wp:featuredmedia":[{"embeddable":true,"href":"https:\/\/aaknives.eu\/sv\/wp-json\/wp\/v2\/media\/97797"}],"wp:attachment":[{"href":"https:\/\/aaknives.eu\/sv\/wp-json\/wp\/v2\/media?parent=97805"}],"wp:term":[{"taxonomy":"product_brand","embeddable":true,"href":"https:\/\/aaknives.eu\/sv\/wp-json\/wp\/v2\/product_brand?post=97805"},{"taxonomy":"product_cat","embeddable":true,"href":"https:\/\/aaknives.eu\/sv\/wp-json\/wp\/v2\/product_cat?post=97805"},{"taxonomy":"product_tag","embeddable":true,"href":"https:\/\/aaknives.eu\/sv\/wp-json\/wp\/v2\/product_tag?post=97805"}],"curies":[{"name":"wp","href":"https:\/\/api.w.org\/{rel}","templated":true}]}}